{"id":10,"date":"2025-06-04T13:30:07","date_gmt":"2025-06-04T13:30:07","guid":{"rendered":"https:\/\/form.applyeta.uk\/?page_id=10"},"modified":"2025-06-04T20:17:47","modified_gmt":"2025-06-04T20:17:47","slug":"home","status":"publish","type":"page","link":"https:\/\/applyesta.us\/si\/","title":{"rendered":"Domov"},"content":{"rendered":"<div data-elementor-type=\"wp-page\" data-elementor-id=\"10\" class=\"elementor elementor-10\" data-elementor-post-type=\"page\">\n\t\t\t\t<div class=\"elementor-element elementor-element-b305927 e-flex e-con-boxed e-con e-parent\" data-id=\"b305927\" data-element_type=\"container\">\n\t\t\t\t\t<div class=\"e-con-inner\">\n\t\t<div class=\"elementor-element elementor-element-9154e97 e-con-full e-flex e-con e-child\" data-id=\"9154e97\" data-element_type=\"container\">\n\t\t\t\t<div class=\"elementor-element elementor-element-5d52b4f elementor-widget elementor-widget-image\" data-id=\"5d52b4f\" data-element_type=\"widget\" data-widget_type=\"image.default\">\n\t\t\t\t<div class=\"elementor-widget-container\">\n\t\t\t\t\t\t\t\t\t\t\t\t\t\t\t<img fetchpriority=\"high\" decoding=\"async\" width=\"640\" height=\"408\" src=\"https:\/\/applyesta.us\/wp-content\/uploads\/2025\/06\/tower-bridge-980961_640-1.jpg\" class=\"attachment-large size-large wp-image-13\" alt=\"\" srcset=\"https:\/\/applyesta.us\/wp-content\/uploads\/2025\/06\/tower-bridge-980961_640-1.jpg 640w, https:\/\/applyesta.us\/wp-content\/uploads\/2025\/06\/tower-bridge-980961_640-1-300x191.jpg 300w\" sizes=\"(max-width: 640px) 100vw, 640px\" \/>\t\t\t\t\t\t\t\t\t\t\t\t\t\t\t<\/div>\n\t\t\t\t<\/div>\n\t\t\t\t<\/div>\n\t\t<div class=\"elementor-element elementor-element-35b765f e-con-full e-flex e-con e-child\" data-id=\"35b765f\" data-element_type=\"container\">\n\t\t\t\t<div class=\"elementor-element elementor-element-9eed95e elementor-widget elementor-widget-heading\" data-id=\"9eed95e\" data-element_type=\"widget\" data-widget_type=\"heading.default\">\n\t\t\t\t<div class=\"elementor-widget-container\">\n\t\t\t\t\t<h2 class=\"elementor-heading-title elementor-size-default\">POTOVALNA DOVOLJENJA ETA VIZUM ZA ZDRU\u017dENO KRALJESTVO OD APRILA 2025<\/h2>\t\t\t\t<\/div>\n\t\t\t\t<\/div>\n\t\t\t\t<div class=\"elementor-element elementor-element-f7ef9cb elementor-widget elementor-widget-text-editor\" data-id=\"f7ef9cb\" data-element_type=\"widget\" data-widget_type=\"text-editor.default\">\n\t\t\t\t<div class=\"elementor-widget-container\">\n\t\t\t\t\t\t\t\t\t<p style=\"text-align: left;\">Od <strong>2. april 2025<\/strong>, bo Zdru\u017eeno kraljestvo uvedlo novo <strong>Elektronsko potovalno dovoljenje (ETA)<\/strong> sistem. To bo vplivalo na dr\u017eavljane iz <strong>Evropska unija<\/strong> in ve\u010d drugih dr\u017eav, ki so do sedaj potovale v Zdru\u017eeno kraljestvo brez vizuma. V skladu z novimi pravili bodo morali potniki iz dr\u017eav, ki so opro\u0161\u010dene vizumov, vklju\u010dno z dr\u017eavljani EU, pred obiskom Zdru\u017eenega kraljestva za kratkoro\u010dno bivanje zaprositi za ETA.<\/p>\t\t\t\t\t\t\t\t<\/div>\n\t\t\t\t<\/div>\n\t\t\t\t<\/div>\n\t\t\t\t\t<\/div>\n\t\t\t\t<\/div>\n\t\t<div class=\"elementor-element elementor-element-5f3a042 e-con-full e-flex e-con e-parent\" data-id=\"5f3a042\" data-element_type=\"container\">\n\t\t\t\t<div class=\"elementor-element elementor-element-b179dea elementor-widget elementor-widget-html\" data-id=\"b179dea\" data-element_type=\"widget\" data-widget_type=\"html.default\">\n\t\t\t\t<div class=\"elementor-widget-container\">\n\t\t\t\t\t<div style=\"border: 2px solid #f57c00; background-color: #fff3e0; padding: 25px; margin: 20px auto; border-left: 8px solid #e65100; font-family: Arial, sans-serif; border-radius: 8px; max-width: 800px; text-align: center;\">\r\n  <strong style=\"font-size: 18px; color: #d84315; display: block; margin-bottom: 10px;\">\u26a0\ufe0f Pomembno obvestilo<\/strong>\r\n  <p style=\"font-size: 15px; color: #000; font-weight: bold; line-height: 1.7; margin: 0;\">\r\n    To spletno mesto je zgolj informativne narave in ni povezano z vlado Zdru\u017eenega kraljestva. <br>\r\n    <u>Za ETA (elektronsko potovalno dovoljenje) ne morete zaprositi prek te spletne strani.<\/u>\r\n    <br><br>\r\n    \u010ce \u017eelite zaprositi za uradno britansko ETA, obi\u0161\u010dite uradno spletno stran britanske vlade: <br>\r\n    <a href=\"https:\/\/www.gov.uk\/eta\" target=\"_blank\" style=\"color: #c62828; text-decoration: underline; font-weight: bold;\">www.gov.uk\/eta<\/a>\r\n  <\/p>\r\n<\/div>\r\n\t\t\t\t<\/div>\n\t\t\t\t<\/div>\n\t\t\t\t<\/div>\n\t\t<div class=\"elementor-element elementor-element-0c146e9 e-flex e-con-boxed e-con e-parent\" data-id=\"0c146e9\" data-element_type=\"container\">\n\t\t\t\t\t<div class=\"e-con-inner\">\n\t\t<div class=\"elementor-element elementor-element-d9ae5a4 e-con-full e-flex e-con e-child\" data-id=\"d9ae5a4\" data-element_type=\"container\">\n\t\t\t\t<div class=\"elementor-element elementor-element-053781a elementor-widget elementor-widget-heading\" data-id=\"053781a\" data-element_type=\"widget\" data-widget_type=\"heading.default\">\n\t\t\t\t<div class=\"elementor-widget-container\">\n\t\t\t\t\t<h2 class=\"elementor-heading-title elementor-size-default\">Kaj to pomeni za popotnike?<\/h2>\t\t\t\t<\/div>\n\t\t\t\t<\/div>\n\t\t\t\t<div class=\"elementor-element elementor-element-559d591 elementor-widget elementor-widget-text-editor\" data-id=\"559d591\" data-element_type=\"widget\" data-widget_type=\"text-editor.default\">\n\t\t\t\t<div class=\"elementor-widget-container\">\n\t\t\t\t\t\t\t\t\t<p>Do sedaj so lahko dr\u017eavljani EU potovali v Zdru\u017eeno kraljestvo brez vizumov in brez potrebe po posebnem dovoljenju, s \u010dimer so u\u017eivali prosto gibanje ljudi znotraj Evropske unije. Vendar pa je Zdru\u017eeno kraljestvo po brexitu izgubilo \u010dlanstvo v EU in postopoma uvaja nova migracijska pravila. To pomeni, da bodo morali dr\u017eavljani EU od aprila 2025 pred vstopom na britansko ozemlje pridobiti dovoljenje, podobno kot je trenutno potrebno za potnike iz drugih delov sveta.<\/p><p>To dovoljenje bo del sistema elektronskega potovalnega dovoljenja (ETA), ki ga britanska vlada postopoma uvaja za tuje dr\u017eavljane iz razli\u010dnih dr\u017eav. Potniki bodo morali zaprositi za dovoljenje pred potovanjem, kar bo vklju\u010devalo izpolnitev spletne vloge, pla\u010dilo pristojbine in morebitno opravljanje varnostnega pregleda.<\/p>\t\t\t\t\t\t\t\t<\/div>\n\t\t\t\t<\/div>\n\t\t\t\t<\/div>\n\t\t<div class=\"elementor-element elementor-element-492b943 e-con-full e-flex e-con e-child\" data-id=\"492b943\" data-element_type=\"container\">\n\t\t\t\t<div class=\"elementor-element elementor-element-d2ef239 elementor-widget elementor-widget-heading\" data-id=\"d2ef239\" data-element_type=\"widget\" data-widget_type=\"heading.default\">\n\t\t\t\t<div class=\"elementor-widget-container\">\n\t\t\t\t\t<h2 class=\"elementor-heading-title elementor-size-default\">POTOVANJE V ZDRU\u017dENO KRALJESTVO \u2013 KAJ SE SPREMENI V LETU 2025?<\/h2>\t\t\t\t<\/div>\n\t\t\t\t<\/div>\n\t\t\t\t<div class=\"elementor-element elementor-element-aa05846 elementor-widget elementor-widget-text-editor\" data-id=\"aa05846\" data-element_type=\"widget\" data-widget_type=\"text-editor.default\">\n\t\t\t\t<div class=\"elementor-widget-container\">\n\t\t\t\t\t\t\t\t\t<div class=\"elementor-element elementor-element-e8a87ae elementor-widget elementor-widget-text-editor\" data-id=\"e8a87ae\" data-element_type=\"widget\" data-widget_type=\"text-editor.default\"><div class=\"elementor-widget-container\"><p>Do sedaj so lahko dr\u017eavljani EU obiskali Zdru\u017eeno kraljestvo brez predhodnega potovalnega dovoljenja. Vendar pa so kot del <strong>Priseljenska politika Zdru\u017eenega kraljestva po brexitu<\/strong>Od aprila 2025 bodo morali zaprositi za ETA, podobno kot sistem, ki velja za potnike iz mnogih drugih dr\u017eav. To dovoljenje bo obvezno za tiste, ki obi\u0161\u010dejo dr\u017eavo zaradi turizma, poslovanja, kratkotrajnega \u0161tudija ali tranzita.<\/p><p><strong>Kako deluje ETA?<\/strong><\/p><ul><li><strong>Spletna prijava<\/strong>Potniki bodo morali pred potovanjem oddati spletno prijavo. Postopek bo vklju\u010deval izpolnjevanje obrazca, odgovore na varnostna vpra\u0161anja in pla\u010dilo majhne pristojbine.<\/li><li><strong>\u010cas obdelave<\/strong>Ve\u010dina zahtev za predvideni \u010das prihoda bo obdelanih v 48 do 72 urah.<\/li><li><strong>Varnostni pregled<\/strong>: Lahko se izvede varnostno preverjanje, v nekaterih primerih pa lahko obdelava vlog traja dlje.<\/li><\/ul><\/div><\/div>\t\t\t\t\t\t\t\t<\/div>\n\t\t\t\t<\/div>\n\t\t\t\t<\/div>\n\t\t\t\t\t<\/div>\n\t\t\t\t<\/div>\n\t\t<div class=\"elementor-element elementor-element-45e0ced e-flex e-con-boxed e-con e-parent\" data-id=\"45e0ced\" data-element_type=\"container\">\n\t\t\t\t\t<div class=\"e-con-inner\">\n\t\t<div class=\"elementor-element elementor-element-df605a3 e-con-full e-flex e-con e-child\" data-id=\"df605a3\" data-element_type=\"container\">\n\t\t\t\t<div class=\"elementor-element elementor-element-94021c1 elementor-widget elementor-widget-heading\" data-id=\"94021c1\" data-element_type=\"widget\" data-widget_type=\"heading.default\">\n\t\t\t\t<div class=\"elementor-widget-container\">\n\t\t\t\t\t<h3 class=\"elementor-heading-title elementor-size-default\">KDO POTREBUJE ETA?<\/h3>\t\t\t\t<\/div>\n\t\t\t\t<\/div>\n\t\t\t\t<div class=\"elementor-element elementor-element-ef2aa14 elementor-widget elementor-widget-text-editor\" data-id=\"ef2aa14\" data-element_type=\"widget\" data-widget_type=\"text-editor.default\">\n\t\t\t\t<div class=\"elementor-widget-container\">\n\t\t\t\t\t\t\t\t\t<p>Predviden \u010das prihoda bo potreben za <strong>dr\u017eavljani dr\u017eav, ki nimajo vizumov<\/strong>, vklju\u010dno z:<\/p><ul><li><strong>Dr\u017eavljani EU<\/strong><\/li><li>Popotniki iz <strong>Zdru\u017eeni arabski emirati<\/strong>, <strong>Savdska Arabija<\/strong>, <strong>Bahrajn<\/strong>, <strong>Kuvajt<\/strong>, <strong>Jordanija<\/strong>, <strong>Oman<\/strong> (od februarja 2024)<\/li><li><strong>dr\u017eavljani Katarja<\/strong> (od novembra 2023)<\/li><\/ul><p>To dovoljenje bo veljalo za turiste, poslovne obiskovalce, \u0161tudente za kraj\u0161i \u010das in osebe v tranzitu.<\/p>\t\t\t\t\t\t\t\t<\/div>\n\t\t\t\t<\/div>\n\t\t\t\t<\/div>\n\t\t<div class=\"elementor-element elementor-element-ed346d2 e-con-full e-flex e-con e-child\" data-id=\"ed346d2\" data-element_type=\"container\">\n\t\t\t\t<div class=\"elementor-element elementor-element-ff8e7bf elementor-widget elementor-widget-heading\" data-id=\"ff8e7bf\" data-element_type=\"widget\" data-widget_type=\"heading.default\">\n\t\t\t\t<div class=\"elementor-widget-container\">\n\t\t\t\t\t<h3 class=\"elementor-heading-title elementor-size-default\">IZJEME:<\/h3>\t\t\t\t<\/div>\n\t\t\t\t<\/div>\n\t\t\t\t<div class=\"elementor-element elementor-element-77aee6c elementor-widget elementor-widget-text-editor\" data-id=\"77aee6c\" data-element_type=\"widget\" data-widget_type=\"text-editor.default\">\n\t\t\t\t<div class=\"elementor-widget-container\">\n\t\t\t\t\t\t\t\t\t<ul><li><strong>Britanski in irski dr\u017eavljani<\/strong> so izvzeti iz zahteve ETA.<\/li><li>Imetniki dolgoro\u010dnih vizumov ali posamezniki s stalnim statusom v Zdru\u017eenem kraljestvu ne potrebujejo ETA.<\/li><\/ul>\t\t\t\t\t\t\t\t<\/div>\n\t\t\t\t<\/div>\n\t\t\t\t<\/div>\n\t\t\t\t\t<\/div>\n\t\t\t\t<\/div>\n\t\t<div class=\"elementor-element elementor-element-f447f70 e-flex e-con-boxed e-con e-parent\" data-id=\"f447f70\" data-element_type=\"container\">\n\t\t\t\t\t<div class=\"e-con-inner\">\n\t\t\t\t<div class=\"elementor-element elementor-element-ef5e263 elementor-widget-divider--view-line elementor-widget elementor-widget-divider\" data-id=\"ef5e263\" data-element_type=\"widget\" data-widget_type=\"divider.default\">\n\t\t\t\t<div class=\"elementor-widget-container\">\n\t\t\t\t\t\t\t<div class=\"elementor-divider\">\n\t\t\t<span class=\"elementor-divider-separator\">\n\t\t\t\t\t\t<\/span>\n\t\t<\/div>\n\t\t\t\t\t\t<\/div>\n\t\t\t\t<\/div>\n\t\t\t\t<div class=\"elementor-element elementor-element-7bd378c elementor-widget elementor-widget-heading\" data-id=\"7bd378c\" data-element_type=\"widget\" data-widget_type=\"heading.default\">\n\t\t\t\t<div class=\"elementor-widget-container\">\n\t\t\t\t\t<h3 class=\"elementor-heading-title elementor-size-default\">Vrste delovnih vizumov:<\/h3>\t\t\t\t<\/div>\n\t\t\t\t<\/div>\n\t\t\t\t\t<\/div>\n\t\t\t\t<\/div>\n\t\t<div class=\"elementor-element elementor-element-bf9a089 e-flex e-con-boxed e-con e-parent\" data-id=\"bf9a089\" data-element_type=\"container\">\n\t\t\t\t\t<div class=\"e-con-inner\">\n\t\t<div class=\"elementor-element elementor-element-9142cb4 e-con-full e-flex e-con e-child\" data-id=\"9142cb4\" data-element_type=\"container\">\n\t\t\t\t<div class=\"elementor-element elementor-element-a576fb1 elementor-widget elementor-widget-text-editor\" data-id=\"a576fb1\" data-element_type=\"widget\" data-widget_type=\"text-editor.default\">\n\t\t\t\t<div class=\"elementor-widget-container\">\n\t\t\t\t\t\t\t\t\t<ol><li><strong>Viza za usposobljene delavce<\/strong>Za delavce s ponudbo za delo v Zdru\u017eenem kraljestvu, ki izpolnjujejo zahteve glede znanj in spretnosti ter minimalne pla\u010de.<\/li><li><strong>Viza za za\u010dasne delavce<\/strong>Za sezonske delavce, prostovoljce ali tiste, ki sodelujejo v programih kulturne in verske izmenjave.<\/li><li><strong>Globalna viza za talente<\/strong>Za visoko usposobljene posameznike na podro\u010djih, kot so znanost, tehnologija, umetnost ali kultura.<\/li><\/ol><p>Vsak delovni vizum ima posebne zahteve glede dokumentacije, kot so dokazilo o ponudbi za delo, zadostna finan\u010dna sredstva ali izpolnjevanje standardov znanja jezika.<\/p>\t\t\t\t\t\t\t\t<\/div>\n\t\t\t\t<\/div>\n\t\t\t\t<\/div>\n\t\t<div class=\"elementor-element elementor-element-477602e e-con-full e-flex e-con e-child\" data-id=\"477602e\" data-element_type=\"container\">\n\t\t\t\t<div class=\"elementor-element elementor-element-36b237a elementor-widget elementor-widget-text-editor\" data-id=\"36b237a\" data-element_type=\"widget\" data-widget_type=\"text-editor.default\">\n\t\t\t\t<div class=\"elementor-widget-container\">\n\t\t\t\t\t\t\t\t\t<p>\u010ce nameravate v Zdru\u017eenem kraljestvu delati dolgoro\u010dno, boste potrebovali ustrezno delovno vizo. ETA krije le kratkoro\u010dne obiske, kot so turizem ali poslovna potovanja, ne dovoljuje pa dolgoro\u010dne zaposlitve. Za delo v Zdru\u017eenem kraljestvu morate izpolnjevati posebne pogoje za razli\u010dne vrste delovnih viz, kot so <strong>Viza za usposobljene delavce<\/strong> ali <strong>Viza za za\u010dasne delavce<\/strong>.<\/p>\t\t\t\t\t\t\t\t<\/div>\n\t\t\t\t<\/div>\n\t\t\t\t<\/div>\n\t\t\t\t\t<\/div>\n\t\t\t\t<\/div>\n\t\t<div class=\"elementor-element elementor-element-7babe2f e-flex e-con-boxed e-con e-parent\" data-id=\"7babe2f\" data-element_type=\"container\">\n\t\t\t\t\t<div class=\"e-con-inner\">\n\t\t\t\t<div class=\"elementor-element elementor-element-f34bd57 elementor-widget-divider--view-line elementor-widget elementor-widget-divider\" data-id=\"f34bd57\" data-element_type=\"widget\" data-widget_type=\"divider.default\">\n\t\t\t\t<div class=\"elementor-widget-container\">\n\t\t\t\t\t\t\t<div class=\"elementor-divider\">\n\t\t\t<span class=\"elementor-divider-separator\">\n\t\t\t\t\t\t<\/span>\n\t\t<\/div>\n\t\t\t\t\t\t<\/div>\n\t\t\t\t<\/div>\n\t\t\t\t<div class=\"elementor-element elementor-element-fd547ce elementor-widget elementor-widget-heading\" data-id=\"fd547ce\" data-element_type=\"widget\" data-widget_type=\"heading.default\">\n\t\t\t\t<div class=\"elementor-widget-container\">\n\t\t\t\t\t<h3 class=\"elementor-heading-title elementor-size-default\">Pogosta vpra\u0161anja - Pogosto zastavljena vpra\u0161anja<\/h3>\t\t\t\t<\/div>\n\t\t\t\t<\/div>\n\t\t\t\t<div class=\"elementor-element elementor-element-2773225 elementor-widget elementor-widget-text-editor\" data-id=\"2773225\" data-element_type=\"widget\" data-widget_type=\"text-editor.default\">\n\t\t\t\t<div class=\"elementor-widget-container\">\n\t\t\t\t\t\t\t\t\t<div data-id=\"019a625\" data-element_type=\"container\" data-settings=\"{&quot;content_width&quot;:&quot;boxed&quot;}\" data-core-v316-plus=\"true\"><div data-id=\"4776dd1\" data-element_type=\"widget\" data-widget_type=\"text-editor.default\"><h4><strong>1. Kaj je britanski ETA in kdo ga potrebuje?<\/strong><\/h4><p><strong>Elektronsko potovalno dovoljenje (ETA) <\/strong><span style=\"font-size: 16px;\">je sistem, ki ga uvaja Zdru\u017eeno kraljestvo <\/span><strong style=\"font-size: 16px;\">April 2025<\/strong><span style=\"font-size: 16px;\">Velja za dr\u017eavljane dr\u017eav, ki prej niso potrebovale vizuma, kot so dr\u017eave EU, in bo zajemal kratkoro\u010dna potovanja (turizem, poslovna potovanja, tranzit itd.).<\/span><\/p><h4><strong>2. Kdaj bodo vloge za ETA odprte in koliko bodo stale?<\/strong><\/h4><p>Prijave za ETA bodo odprte \u010dez <strong>2024<\/strong>, z uvedbo aprila 2025. Pristojbina za storitev je <strong>\u00a316<\/strong>\u00a0na aplikacijo.<\/p><h4><strong>3. Kako dobim ETA in koliko \u010dasa traja?<\/strong><\/h4><p>Vloge bodo oddane prek spleta prek spletne strani ali mobilne aplikacije britanske vlade. Postopek vklju\u010duje izpolnjevanje osnovnih osebnih podatkov, odgovore na varnostna vpra\u0161anja in pla\u010dilo pristojbine. Ve\u010dina vlog bo obdelanih v <strong>48\u201372 ur<\/strong>.<\/p><h4><strong>4. Kako dolgo velja predvideni \u010das prihoda in kolikokrat lahko potujem z njim?<\/strong><\/h4><p>ETA velja za <strong>2 leti<\/strong> ali do poteka veljavnosti potnega lista, kar nastopi prej. Omogo\u010da <strong>ve\u010d vnosov<\/strong> v Zdru\u017eeno kraljestvo, pri \u010demer vsak obisk traja najve\u010d <strong>6 mesecev<\/strong>.<\/p><h4><strong>5. Ali moram natisniti svoj predvideni \u010das prihoda?<\/strong><\/h4><p>Ne, predviden \u010das prihoda je elektronski in povezan z va\u0161im potnim listom. Preprosto predlo\u017eite potni list na meji in va\u0161 predviden \u010das prihoda bo samodejno preverjen.<\/p><h4><strong>6. Kaj se zgodi, \u010de je moja vloga za ETA zavrnjena?<\/strong><\/h4><p>\u010ce je va\u0161a vloga za ETA zavrnjena, lahko ponovno zaprosite ali zaprosite za drugo vrsto vizuma, kot je na primer <strong>Standardni turisti\u010dni vizum<\/strong>, kar lahko vklju\u010duje podrobnej\u0161i postopek prijave.<\/p><h4><strong>7. Ali bo ETA krila potovanje na Irsko ali v dr\u017eave schengenskega obmo\u010dja?<\/strong><\/h4><p>Ne, ETA velja samo za potovanja v Zdru\u017eeno kraljestvo, vklju\u010dno z <strong>Anglija, \u0160kotska, Wales in Severna Irska<\/strong>Veljajo lo\u010deni pogoji za vstop. <strong>Irska<\/strong> in <strong>Schengen<\/strong> dr\u017eave.<\/p><h4><strong>8. Ali bodo otroci potrebovali svoj ETA?<\/strong><\/h4><p>Da, vsak potnik, vklju\u010dno z otroki, bo potreboval svoj predvideni \u010das prihoda, povezan s potnim listom.<\/p><h4><strong>9. Ali obstajajo kak\u0161ne izjeme od zahtev ETA?<\/strong><\/h4><p>Da, <strong>Irski dr\u017eavljani<\/strong> in posamezniki z dolgoro\u010dnimi vizumi za delo, \u0161tudij ali prebivanje v Zdru\u017eenem kraljestvu so opro\u0161\u010deni zahtev glede ETA.<\/p><h4><strong>10. Kaj naj storim, \u010de imam \u0161e ve\u010d vpra\u0161anj<\/strong><\/h4><p>Obi\u0161\u010dite uradno stran <strong>Spletna stran vlade Zdru\u017eenega kraljestva<\/strong> ali pa si oglejte na\u0161 namenski razdelek s pogostimi vpra\u0161anji za ve\u010d podrobnosti in posodobitev o sistemu ETA.<\/p><\/div><\/div>\t\t\t\t\t\t\t\t<\/div>\n\t\t\t\t<\/div>\n\t\t\t\t\t<\/div>\n\t\t\t\t<\/div>\n\t\t<div class=\"elementor-element elementor-element-bf91d7f e-flex e-con-boxed e-con e-parent\" data-id=\"bf91d7f\" data-element_type=\"container\">\n\t\t\t\t\t<div class=\"e-con-inner\">\n\t\t<div class=\"elementor-element elementor-element-9825c1d e-con-full e-flex e-con e-child\" data-id=\"9825c1d\" data-element_type=\"container\">\n\t\t\t\t<div class=\"elementor-element elementor-element-45210bd elementor-align-center elementor-list-item-link-full_width elementor-widget elementor-widget-icon-list\" data-id=\"45210bd\" data-element_type=\"widget\" data-widget_type=\"icon-list.default\">\n\t\t\t\t<div class=\"elementor-widget-container\">\n\t\t\t\t\t\t\t<ul class=\"elementor-icon-list-items\">\n\t\t\t\t\t\t\t<li class=\"elementor-icon-list-item\">\n\t\t\t\t\t\t\t\t\t\t<span class=\"elementor-icon-list-text\">Identifikacijska \u0161tevilka podjetja: 08392226<\/span>\n\t\t\t\t\t\t\t\t\t<\/li>\n\t\t\t\t\t\t\t\t<li class=\"elementor-icon-list-item\">\n\t\t\t\t\t\t\t\t\t\t<span class=\"elementor-icon-list-text\">VISA USA s.r.o.<\/span>\n\t\t\t\t\t\t\t\t\t<\/li>\n\t\t\t\t\t\t\t\t<li class=\"elementor-icon-list-item\">\n\t\t\t\t\t\t\t\t\t\t<span class=\"elementor-icon-list-text\">Sv. Cecha 750\/4, Bilovec 743 01, \u010ce\u0161ka<\/span>\n\t\t\t\t\t\t\t\t\t<\/li>\n\t\t\t\t\t\t<\/ul>\n\t\t\t\t\t\t<\/div>\n\t\t\t\t<\/div>\n\t\t\t\t<\/div>\n\t\t<div class=\"elementor-element elementor-element-c6703c3 e-con-full e-flex e-con e-child\" data-id=\"c6703c3\" data-element_type=\"container\">\n\t\t\t\t<div class=\"elementor-element elementor-element-79d431f elementor-widget elementor-widget-text-editor\" data-id=\"79d431f\" data-element_type=\"widget\" data-widget_type=\"text-editor.default\">\n\t\t\t\t<div class=\"elementor-widget-container\">\n\t\t\t\t\t\t\t\t\t<p style=\"text-align: center;\">To spletno mesto in na\u0161e podjetje nista na noben na\u010din povezana z organi in vlado Zdru\u017eenega kraljestva. Uradno spletno mesto najdete na www.gov.uk.<\/p>\t\t\t\t\t\t\t\t<\/div>\n\t\t\t\t<\/div>\n\t\t\t\t<\/div>\n\t\t\t\t\t<\/div>\n\t\t\t\t<\/div>\n\t\t\t\t<\/div>","protected":false},"excerpt":{"rendered":"<p>TRAVEL AUTHORIZATION ETA VISA TO UK FROM APRIL 2025 From April 2, 2025, the UK will introduce a new Electronic [&hellip;]<\/p>","protected":false},"author":1,"featured_media":0,"parent":0,"menu_order":0,"comment_status":"closed","ping_status":"closed","template":"","meta":{"site-sidebar-layout":"no-sidebar","site-content-layout":"","ast-site-content-layout":"full-width-container","site-content-style":"default","site-sidebar-style":"default","ast-global-header-display":"","ast-banner-title-visibility":"","ast-main-header-display":"","ast-hfb-above-header-display":"","ast-hfb-below-header-display":"","ast-hfb-mobile-header-display":"","site-post-title":"disabled","ast-breadcrumbs-content":"","ast-featured-img":"disabled","footer-sml-layout":"","theme-transparent-header-meta":"","adv-header-id-meta":"","stick-header-meta":"","header-above-stick-meta":"","header-main-stick-meta":"","header-below-stick-meta":"","astra-migrate-meta-layouts":"default","ast-page-background-enabled":"default","ast-page-background-meta":{"desktop":{"background-color":"var(--ast-global-color-5)","background-image":"","background-repeat":"repeat","background-position":"center center","background-size":"auto","background-attachment":"scroll","background-type":"","background-media":"","overlay-type":"","overlay-color":"","overlay-opacity":"","overlay-gradient":""},"tablet":{"background-color":"","background-image":"","background-repeat":"repeat","background-position":"center center","background-size":"auto","background-attachment":"scroll","background-type":"","background-media":"","overlay-type":"","overlay-color":"","overlay-opacity":"","overlay-gradient":""},"mobile":{"background-color":"","background-image":"","background-repeat":"repeat","background-position":"center center","background-size":"auto","background-attachment":"scroll","background-type":"","background-media":"","overlay-type":"","overlay-color":"","overlay-opacity":"","overlay-gradient":""}},"ast-content-background-meta":{"desktop":{"background-color":"var(--ast-global-color-4)","background-image":"","background-repeat":"repeat","background-position":"center center","background-size":"auto","background-attachment":"scroll","background-type":"","background-media":"","overlay-type":"","overlay-color":"","overlay-opacity":"","overlay-gradient":""},"tablet":{"background-color":"var(--ast-global-color-4)","background-image":"","background-repeat":"repeat","background-position":"center center","background-size":"auto","background-attachment":"scroll","background-type":"","background-media":"","overlay-type":"","overlay-color":"","overlay-opacity":"","overlay-gradient":""},"mobile":{"background-color":"var(--ast-global-color-4)","background-image":"","background-repeat":"repeat","background-position":"center center","background-size":"auto","background-attachment":"scroll","background-type":"","background-media":"","overlay-type":"","overlay-color":"","overlay-opacity":"","overlay-gradient":""}},"footnotes":""},"class_list":["post-10","page","type-page","status-publish","hentry"],"_links":{"self":[{"href":"https:\/\/applyesta.us\/si\/wp-json\/wp\/v2\/pages\/10","targetHints":{"allow":["GET"]}}],"collection":[{"href":"https:\/\/applyesta.us\/si\/wp-json\/wp\/v2\/pages"}],"about":[{"href":"https:\/\/applyesta.us\/si\/wp-json\/wp\/v2\/types\/page"}],"author":[{"embeddable":true,"href":"https:\/\/applyesta.us\/si\/wp-json\/wp\/v2\/users\/1"}],"replies":[{"embeddable":true,"href":"https:\/\/applyesta.us\/si\/wp-json\/wp\/v2\/comments?post=10"}],"version-history":[{"count":0,"href":"https:\/\/applyesta.us\/si\/wp-json\/wp\/v2\/pages\/10\/revisions"}],"wp:attachment":[{"href":"https:\/\/applyesta.us\/si\/wp-json\/wp\/v2\/media?parent=10"}],"curies":[{"name":"wp","href":"https:\/\/api.w.org\/{rel}","templated":true}]}}