{"id":10,"date":"2025-06-04T13:30:07","date_gmt":"2025-06-04T13:30:07","guid":{"rendered":"https:\/\/form.applyeta.uk\/?page_id=10"},"modified":"2025-06-04T20:17:47","modified_gmt":"2025-06-04T20:17:47","slug":"home","status":"publish","type":"page","link":"https:\/\/applyesta.us\/se\/","title":{"rendered":"Hem"},"content":{"rendered":"<div data-elementor-type=\"wp-page\" data-elementor-id=\"10\" class=\"elementor elementor-10\" data-elementor-post-type=\"page\">\n\t\t\t\t<div class=\"elementor-element elementor-element-b305927 e-flex e-con-boxed e-con e-parent\" data-id=\"b305927\" data-element_type=\"container\">\n\t\t\t\t\t<div class=\"e-con-inner\">\n\t\t<div class=\"elementor-element elementor-element-9154e97 e-con-full e-flex e-con e-child\" data-id=\"9154e97\" data-element_type=\"container\">\n\t\t\t\t<div class=\"elementor-element elementor-element-5d52b4f elementor-widget elementor-widget-image\" data-id=\"5d52b4f\" data-element_type=\"widget\" data-widget_type=\"image.default\">\n\t\t\t\t<div class=\"elementor-widget-container\">\n\t\t\t\t\t\t\t\t\t\t\t\t\t\t\t<img fetchpriority=\"high\" decoding=\"async\" width=\"640\" height=\"408\" src=\"https:\/\/applyesta.us\/wp-content\/uploads\/2025\/06\/tower-bridge-980961_640-1.jpg\" class=\"attachment-large size-large wp-image-13\" alt=\"\" srcset=\"https:\/\/applyesta.us\/wp-content\/uploads\/2025\/06\/tower-bridge-980961_640-1.jpg 640w, https:\/\/applyesta.us\/wp-content\/uploads\/2025\/06\/tower-bridge-980961_640-1-300x191.jpg 300w\" sizes=\"(max-width: 640px) 100vw, 640px\" \/>\t\t\t\t\t\t\t\t\t\t\t\t\t\t\t<\/div>\n\t\t\t\t<\/div>\n\t\t\t\t<\/div>\n\t\t<div class=\"elementor-element elementor-element-35b765f e-con-full e-flex e-con e-child\" data-id=\"35b765f\" data-element_type=\"container\">\n\t\t\t\t<div class=\"elementor-element elementor-element-9eed95e elementor-widget elementor-widget-heading\" data-id=\"9eed95e\" data-element_type=\"widget\" data-widget_type=\"heading.default\">\n\t\t\t\t<div class=\"elementor-widget-container\">\n\t\t\t\t\t<h2 class=\"elementor-heading-title elementor-size-default\">RESETILLANTANDE ETA-VISUM TILL STORBRITANNIEN FR\u00c5N APRIL 2025<\/h2>\t\t\t\t<\/div>\n\t\t\t\t<\/div>\n\t\t\t\t<div class=\"elementor-element elementor-element-f7ef9cb elementor-widget elementor-widget-text-editor\" data-id=\"f7ef9cb\" data-element_type=\"widget\" data-widget_type=\"text-editor.default\">\n\t\t\t\t<div class=\"elementor-widget-container\">\n\t\t\t\t\t\t\t\t\t<p style=\"text-align: left;\">Fr\u00e5n <strong>2 april 2025<\/strong>kommer Storbritannien att inf\u00f6ra en ny <strong>Elektroniskt resetillst\u00e5nd (ETA)<\/strong> systemet. Detta kommer att p\u00e5verka medborgare fr\u00e5n <strong>Europeiska unionen<\/strong> och flera andra l\u00e4nder som hittills har rest till Storbritannien utan att beh\u00f6va visum. Enligt de nya reglerna m\u00e5ste resen\u00e4rer fr\u00e5n viseringsbefriade l\u00e4nder, inklusive EU-medborgare, ans\u00f6ka om ett ETA-tillst\u00e5nd innan de bes\u00f6ker Storbritannien f\u00f6r kortare vistelser.<\/p>\t\t\t\t\t\t\t\t<\/div>\n\t\t\t\t<\/div>\n\t\t\t\t<\/div>\n\t\t\t\t\t<\/div>\n\t\t\t\t<\/div>\n\t\t<div class=\"elementor-element elementor-element-5f3a042 e-con-full e-flex e-con e-parent\" data-id=\"5f3a042\" data-element_type=\"container\">\n\t\t\t\t<div class=\"elementor-element elementor-element-b179dea elementor-widget elementor-widget-html\" data-id=\"b179dea\" data-element_type=\"widget\" data-widget_type=\"html.default\">\n\t\t\t\t<div class=\"elementor-widget-container\">\n\t\t\t\t\t<div style=\"border: 2px solid #f57c00; background-color: #fff3e0; padding: 25px; margin: 20px auto; border-left: 8px solid #e65100; font-family: Arial, sans-serif; border-radius: 8px; max-width: 800px; text-align: center;\">\r\n  <strong style=\"font-size: 18px; color: #d84315; display: block; margin-bottom: 10px;\">\u26a0\ufe0f Viktigt meddelande<\/strong>\r\n  <p style=\"font-size: 15px; color: #000; font-weight: bold; line-height: 1.7; margin: 0;\">\r\n    Denna webbplats \u00e4r endast avsedd f\u00f6r informations\u00e4ndam\u00e5l och \u00e4r inte ansluten till den brittiska regeringen. <br>\r\n    <u>Du kan inte ans\u00f6ka om ett elektroniskt resetillst\u00e5nd (ETA) via den h\u00e4r webbplatsen.<\/u>\r\n    <br><br>\r\n    F\u00f6r att ans\u00f6ka om ett officiellt brittiskt ETA, bes\u00f6k den officiella webbplatsen f\u00f6r den brittiska regeringen: <br>\r\n    <a href=\"https:\/\/www.gov.uk\/eta\" target=\"_blank\" style=\"color: #c62828; text-decoration: underline; font-weight: bold;\">www.gov.uk\/eta<\/a>\r\n  <\/p>\r\n<\/div>\r\n\t\t\t\t<\/div>\n\t\t\t\t<\/div>\n\t\t\t\t<\/div>\n\t\t<div class=\"elementor-element elementor-element-0c146e9 e-flex e-con-boxed e-con e-parent\" data-id=\"0c146e9\" data-element_type=\"container\">\n\t\t\t\t\t<div class=\"e-con-inner\">\n\t\t<div class=\"elementor-element elementor-element-d9ae5a4 e-con-full e-flex e-con e-child\" data-id=\"d9ae5a4\" data-element_type=\"container\">\n\t\t\t\t<div class=\"elementor-element elementor-element-053781a elementor-widget elementor-widget-heading\" data-id=\"053781a\" data-element_type=\"widget\" data-widget_type=\"heading.default\">\n\t\t\t\t<div class=\"elementor-widget-container\">\n\t\t\t\t\t<h2 class=\"elementor-heading-title elementor-size-default\">Vad inneb\u00e4r detta f\u00f6r resen\u00e4rer?<\/h2>\t\t\t\t<\/div>\n\t\t\t\t<\/div>\n\t\t\t\t<div class=\"elementor-element elementor-element-559d591 elementor-widget elementor-widget-text-editor\" data-id=\"559d591\" data-element_type=\"widget\" data-widget_type=\"text-editor.default\">\n\t\t\t\t<div class=\"elementor-widget-container\">\n\t\t\t\t\t\t\t\t\t<p>Fram tills nu kunde EU-medborgare resa till Storbritannien utan visum och utan behov av s\u00e4rskilt tillst\u00e5nd, vilket gynnas av den fria r\u00f6rligheten f\u00f6r personer inom Europeiska unionen. Efter Brexit f\u00f6rlorade dock Storbritannien sitt EU-medlemskap och inf\u00f6r gradvis nya migrationsregler. Det inneb\u00e4r att EU-medborgare fr\u00e5n och med april 2025 m\u00e5ste f\u00e5 tillst\u00e5nd innan de kan resa in p\u00e5 brittiskt territorium, liknande den process som f\u00f6r n\u00e4rvarande kr\u00e4vs f\u00f6r resen\u00e4rer fr\u00e5n andra delar av v\u00e4rlden.<\/p><p>Detta tillst\u00e5nd kommer att ing\u00e5 i systemet f\u00f6r elektroniska resetillst\u00e5nd (ETA), som den brittiska regeringen gradvis implementerar f\u00f6r utl\u00e4ndska medborgare fr\u00e5n olika l\u00e4nder. Resen\u00e4rer kommer att beh\u00f6va ans\u00f6ka om tillst\u00e5ndet f\u00f6re sin resa, vilket inneb\u00e4r att de fyller i en onlineans\u00f6kan, betalar en avgift och eventuellt genomg\u00e5r en s\u00e4kerhetskontroll.<\/p>\t\t\t\t\t\t\t\t<\/div>\n\t\t\t\t<\/div>\n\t\t\t\t<\/div>\n\t\t<div class=\"elementor-element elementor-element-492b943 e-con-full e-flex e-con e-child\" data-id=\"492b943\" data-element_type=\"container\">\n\t\t\t\t<div class=\"elementor-element elementor-element-d2ef239 elementor-widget elementor-widget-heading\" data-id=\"d2ef239\" data-element_type=\"widget\" data-widget_type=\"heading.default\">\n\t\t\t\t<div class=\"elementor-widget-container\">\n\t\t\t\t\t<h2 class=\"elementor-heading-title elementor-size-default\">RESOR TILL STORBRITANNIEN \u2013 VAD \u00c4NDRAS 2025?<\/h2>\t\t\t\t<\/div>\n\t\t\t\t<\/div>\n\t\t\t\t<div class=\"elementor-element elementor-element-aa05846 elementor-widget elementor-widget-text-editor\" data-id=\"aa05846\" data-element_type=\"widget\" data-widget_type=\"text-editor.default\">\n\t\t\t\t<div class=\"elementor-widget-container\">\n\t\t\t\t\t\t\t\t\t<div class=\"elementor-element elementor-element-e8a87ae elementor-widget elementor-widget-text-editor\" data-id=\"e8a87ae\" data-element_type=\"widget\" data-widget_type=\"text-editor.default\"><div class=\"elementor-widget-container\"><p>Fram tills nu kunde EU-medborgare bes\u00f6ka Storbritannien utan f\u00f6reg\u00e5ende resetillst\u00e5nd. Men som en del av <strong>Storbritanniens invandringspolitik efter Brexit<\/strong>Fr\u00e5n och med april 2025 m\u00e5ste de ans\u00f6ka om ett ETA-tillst\u00e5nd, liknande det system som anv\u00e4nds f\u00f6r resen\u00e4rer fr\u00e5n m\u00e5nga andra l\u00e4nder. Detta tillst\u00e5nd kommer att vara obligatoriskt f\u00f6r de som bes\u00f6ker landet f\u00f6r turism, aff\u00e4rer, korttidsstudier eller transit\u00e4ndam\u00e5l.<\/p><p><strong>Hur fungerar ber\u00e4knad ankomsttid?<\/strong><\/p><ul><li><strong>Online-ans\u00f6kan<\/strong>Resen\u00e4rer m\u00e5ste skicka in en ans\u00f6kan online innan de reser. Processen inkluderar att fylla i ett formul\u00e4r, besvara s\u00e4kerhetsfr\u00e5gor och betala en liten avgift.<\/li><li><strong>Bearbetningstid<\/strong>De flesta beg\u00e4randen om ber\u00e4knad ankomsttid behandlas inom 48 till 72 timmar.<\/li><li><strong>S\u00e4kerhetskontroll<\/strong>En s\u00e4kerhetskontroll kan utf\u00f6ras, och i vissa fall kan ans\u00f6kningar ta l\u00e4ngre tid att behandla.<\/li><\/ul><\/div><\/div>\t\t\t\t\t\t\t\t<\/div>\n\t\t\t\t<\/div>\n\t\t\t\t<\/div>\n\t\t\t\t\t<\/div>\n\t\t\t\t<\/div>\n\t\t<div class=\"elementor-element elementor-element-45e0ced e-flex e-con-boxed e-con e-parent\" data-id=\"45e0ced\" data-element_type=\"container\">\n\t\t\t\t\t<div class=\"e-con-inner\">\n\t\t<div class=\"elementor-element elementor-element-df605a3 e-con-full e-flex e-con e-child\" data-id=\"df605a3\" data-element_type=\"container\">\n\t\t\t\t<div class=\"elementor-element elementor-element-94021c1 elementor-widget elementor-widget-heading\" data-id=\"94021c1\" data-element_type=\"widget\" data-widget_type=\"heading.default\">\n\t\t\t\t<div class=\"elementor-widget-container\">\n\t\t\t\t\t<h3 class=\"elementor-heading-title elementor-size-default\">VEM BEH\u00d6VER EN ETA?<\/h3>\t\t\t\t<\/div>\n\t\t\t\t<\/div>\n\t\t\t\t<div class=\"elementor-element elementor-element-ef2aa14 elementor-widget elementor-widget-text-editor\" data-id=\"ef2aa14\" data-element_type=\"widget\" data-widget_type=\"text-editor.default\">\n\t\t\t\t<div class=\"elementor-widget-container\">\n\t\t\t\t\t\t\t\t\t<p>ETA kommer att kr\u00e4vas f\u00f6r <strong>medborgare fr\u00e5n viseringsbefriade l\u00e4nder<\/strong>, inklusive:<\/p><ul><li><strong>EU-medborgare<\/strong><\/li><li>Resen\u00e4rer fr\u00e5n <strong>F\u00f6renade Arabemiraten<\/strong>, <strong>saudi-arabien<\/strong>, <strong>Bahrain<\/strong>, <strong>Kuwait<\/strong>, <strong>Jordanien<\/strong>, <strong>oman<\/strong> (fr\u00e5n februari 2024)<\/li><li><strong>Qatariska medborgare<\/strong> (fr\u00e5n november 2023)<\/li><\/ul><p>Detta tillst\u00e5nd g\u00e4ller turister, aff\u00e4rsbes\u00f6kare, korttidsstudenter och personer i transit.<\/p>\t\t\t\t\t\t\t\t<\/div>\n\t\t\t\t<\/div>\n\t\t\t\t<\/div>\n\t\t<div class=\"elementor-element elementor-element-ed346d2 e-con-full e-flex e-con e-child\" data-id=\"ed346d2\" data-element_type=\"container\">\n\t\t\t\t<div class=\"elementor-element elementor-element-ff8e7bf elementor-widget elementor-widget-heading\" data-id=\"ff8e7bf\" data-element_type=\"widget\" data-widget_type=\"heading.default\">\n\t\t\t\t<div class=\"elementor-widget-container\">\n\t\t\t\t\t<h3 class=\"elementor-heading-title elementor-size-default\">UNDANTAG:<\/h3>\t\t\t\t<\/div>\n\t\t\t\t<\/div>\n\t\t\t\t<div class=\"elementor-element elementor-element-77aee6c elementor-widget elementor-widget-text-editor\" data-id=\"77aee6c\" data-element_type=\"widget\" data-widget_type=\"text-editor.default\">\n\t\t\t\t<div class=\"elementor-widget-container\">\n\t\t\t\t\t\t\t\t\t<ul><li><strong>Brittiska och irl\u00e4ndska medborgare<\/strong> \u00e4r undantagna fr\u00e5n ETA-kravet.<\/li><li>Innehavare av l\u00e5ngtidsvisum eller personer med bos\u00e4ttningsstatus i Storbritannien beh\u00f6ver inte ett ETA.<\/li><\/ul>\t\t\t\t\t\t\t\t<\/div>\n\t\t\t\t<\/div>\n\t\t\t\t<\/div>\n\t\t\t\t\t<\/div>\n\t\t\t\t<\/div>\n\t\t<div class=\"elementor-element elementor-element-f447f70 e-flex e-con-boxed e-con e-parent\" data-id=\"f447f70\" data-element_type=\"container\">\n\t\t\t\t\t<div class=\"e-con-inner\">\n\t\t\t\t<div class=\"elementor-element elementor-element-ef5e263 elementor-widget-divider--view-line elementor-widget elementor-widget-divider\" data-id=\"ef5e263\" data-element_type=\"widget\" data-widget_type=\"divider.default\">\n\t\t\t\t<div class=\"elementor-widget-container\">\n\t\t\t\t\t\t\t<div class=\"elementor-divider\">\n\t\t\t<span class=\"elementor-divider-separator\">\n\t\t\t\t\t\t<\/span>\n\t\t<\/div>\n\t\t\t\t\t\t<\/div>\n\t\t\t\t<\/div>\n\t\t\t\t<div class=\"elementor-element elementor-element-7bd378c elementor-widget elementor-widget-heading\" data-id=\"7bd378c\" data-element_type=\"widget\" data-widget_type=\"heading.default\">\n\t\t\t\t<div class=\"elementor-widget-container\">\n\t\t\t\t\t<h3 class=\"elementor-heading-title elementor-size-default\">Typer av arbetsvisum:<\/h3>\t\t\t\t<\/div>\n\t\t\t\t<\/div>\n\t\t\t\t\t<\/div>\n\t\t\t\t<\/div>\n\t\t<div class=\"elementor-element elementor-element-bf9a089 e-flex e-con-boxed e-con e-parent\" data-id=\"bf9a089\" data-element_type=\"container\">\n\t\t\t\t\t<div class=\"e-con-inner\">\n\t\t<div class=\"elementor-element elementor-element-9142cb4 e-con-full e-flex e-con e-child\" data-id=\"9142cb4\" data-element_type=\"container\">\n\t\t\t\t<div class=\"elementor-element elementor-element-a576fb1 elementor-widget elementor-widget-text-editor\" data-id=\"a576fb1\" data-element_type=\"widget\" data-widget_type=\"text-editor.default\">\n\t\t\t\t<div class=\"elementor-widget-container\">\n\t\t\t\t\t\t\t\t\t<ol><li><strong>Visum f\u00f6r yrkesverksamma<\/strong>F\u00f6r arbetstagare med ett jobberbjudande i Storbritannien som uppfyller kraven p\u00e5 kompetens och minimil\u00f6n.<\/li><li><strong>Visum f\u00f6r tillf\u00e4llig arbetstagare<\/strong>F\u00f6r s\u00e4songsarbetare, volont\u00e4rer eller de som deltar i kulturella och religi\u00f6sa utbytesprogram.<\/li><li><strong>Globalt talangvisum<\/strong>F\u00f6r h\u00f6gkvalificerade individer inom omr\u00e5den som vetenskap, teknologi, konst eller kultur.<\/li><\/ol><p>Varje arbetsvisum har specifika dokumentationskrav, s\u00e5som bevis p\u00e5 ett jobberbjudande, tillr\u00e4ckliga ekonomiska medel eller att man uppfyller spr\u00e5kkunskapsstandarder.<\/p>\t\t\t\t\t\t\t\t<\/div>\n\t\t\t\t<\/div>\n\t\t\t\t<\/div>\n\t\t<div class=\"elementor-element elementor-element-477602e e-con-full e-flex e-con e-child\" data-id=\"477602e\" data-element_type=\"container\">\n\t\t\t\t<div class=\"elementor-element elementor-element-36b237a elementor-widget elementor-widget-text-editor\" data-id=\"36b237a\" data-element_type=\"widget\" data-widget_type=\"text-editor.default\">\n\t\t\t\t<div class=\"elementor-widget-container\">\n\t\t\t\t\t\t\t\t\t<p>Om du planerar att arbeta i Storbritannien p\u00e5 l\u00e5ng sikt beh\u00f6ver du ett l\u00e4mpligt arbetsvisum. ETA-visumet t\u00e4cker endast korttidsbes\u00f6k, s\u00e5som turist- eller aff\u00e4rsresor, men till\u00e5ter inte l\u00e5ngtidsanst\u00e4llning. F\u00f6r att arbeta i Storbritannien m\u00e5ste du uppfylla de specifika villkoren f\u00f6r olika typer av arbetsvisum, s\u00e5som <strong>Visum f\u00f6r yrkesverksamma<\/strong> eller den <strong>Visum f\u00f6r tillf\u00e4llig arbetstagare<\/strong>.<\/p>\t\t\t\t\t\t\t\t<\/div>\n\t\t\t\t<\/div>\n\t\t\t\t<\/div>\n\t\t\t\t\t<\/div>\n\t\t\t\t<\/div>\n\t\t<div class=\"elementor-element elementor-element-7babe2f e-flex e-con-boxed e-con e-parent\" data-id=\"7babe2f\" data-element_type=\"container\">\n\t\t\t\t\t<div class=\"e-con-inner\">\n\t\t\t\t<div class=\"elementor-element elementor-element-f34bd57 elementor-widget-divider--view-line elementor-widget elementor-widget-divider\" data-id=\"f34bd57\" data-element_type=\"widget\" data-widget_type=\"divider.default\">\n\t\t\t\t<div class=\"elementor-widget-container\">\n\t\t\t\t\t\t\t<div class=\"elementor-divider\">\n\t\t\t<span class=\"elementor-divider-separator\">\n\t\t\t\t\t\t<\/span>\n\t\t<\/div>\n\t\t\t\t\t\t<\/div>\n\t\t\t\t<\/div>\n\t\t\t\t<div class=\"elementor-element elementor-element-fd547ce elementor-widget elementor-widget-heading\" data-id=\"fd547ce\" data-element_type=\"widget\" data-widget_type=\"heading.default\">\n\t\t\t\t<div class=\"elementor-widget-container\">\n\t\t\t\t\t<h3 class=\"elementor-heading-title elementor-size-default\">Vanliga fr\u00e5gor - Vanliga fr\u00e5gor<\/h3>\t\t\t\t<\/div>\n\t\t\t\t<\/div>\n\t\t\t\t<div class=\"elementor-element elementor-element-2773225 elementor-widget elementor-widget-text-editor\" data-id=\"2773225\" data-element_type=\"widget\" data-widget_type=\"text-editor.default\">\n\t\t\t\t<div class=\"elementor-widget-container\">\n\t\t\t\t\t\t\t\t\t<div data-id=\"019a625\" data-element_type=\"container\" data-settings=\"{&quot;content_width&quot;:&quot;boxed&quot;}\" data-core-v316-plus=\"true\"><div data-id=\"4776dd1\" data-element_type=\"widget\" data-widget_type=\"text-editor.default\"><h4><strong>1. Vad \u00e4r ett brittiskt ETA, och vem beh\u00f6ver det?<\/strong><\/h4><p><strong>Det elektroniska resetillst\u00e5ndet (ETA) <\/strong><span style=\"font-size: 16px;\">\u00e4r ett system som inf\u00f6rs av Storbritannien i <\/span><strong style=\"font-size: 16px;\">april 2025<\/strong><span style=\"font-size: 16px;\">Det g\u00e4ller medborgare i l\u00e4nder som tidigare inte beh\u00f6vde visum, s\u00e5som EU-l\u00e4nder, och kommer att t\u00e4cka korttidsresor (turism, aff\u00e4rsresor, transit etc.).<\/span><\/p><h4><strong>2. N\u00e4r \u00f6ppnar man f\u00f6r ans\u00f6kningar om ETA, och hur mycket kommer det att kosta?<\/strong><\/h4><p>Ans\u00f6kningar om ETA \u00f6ppnar om <strong>2024<\/strong>, med implementering i april 2025. Serviceavgiften \u00e4r <strong>\u00a316<\/strong>\u00a0per ans\u00f6kan.<\/p><h4><strong>3. Hur f\u00e5r jag ber\u00e4knad ankomsttid, och hur l\u00e5ng tid tar det?<\/strong><\/h4><p>Ans\u00f6kningar g\u00f6rs online via den brittiska regeringens webbplats eller mobilapp. Processen inneb\u00e4r att man fyller i grundl\u00e4ggande personlig information, svarar p\u00e5 s\u00e4kerhetsfr\u00e5gor och betalar avgiften. De flesta ans\u00f6kningar behandlas inom <strong>48\u201372 timmar<\/strong>.<\/p><h4><strong>4. Hur l\u00e4nge \u00e4r den ber\u00e4knade ankomsttiden giltig, och hur m\u00e5nga g\u00e5nger kan jag resa med den?<\/strong><\/h4><p>ETA-best\u00e4llningen \u00e4r giltig f\u00f6r <strong>2 \u00e5r<\/strong> eller tills passet g\u00e5r ut, beroende p\u00e5 vilket som intr\u00e4ffar f\u00f6rst. Det till\u00e5ter <strong>flera poster<\/strong> till Storbritannien, d\u00e4r varje bes\u00f6k varar h\u00f6gst <strong>6 m\u00e5nader<\/strong>.<\/p><h4><strong>5. Beh\u00f6ver jag skriva ut min ber\u00e4knade ankomsttid?<\/strong><\/h4><p>Nej, det ber\u00e4knade ankomstdatumet \u00e4r elektroniskt och kopplat till ditt pass. Visa bara upp passet vid gr\u00e4nsen s\u00e5 verifieras ditt ber\u00e4knade ankomstdatum automatiskt.<\/p><h4><strong>6. Vad h\u00e4nder om min ETA-ans\u00f6kan avsl\u00e5s?<\/strong><\/h4><p>Om din ETA-ans\u00f6kan avsl\u00e5s kan du ans\u00f6ka om nytt eller ans\u00f6ka om en annan visumtyp, till exempel ett <strong>Standardvisum f\u00f6r bes\u00f6kare<\/strong>, vilket kan inneb\u00e4ra en mer detaljerad ans\u00f6kningsprocess.<\/p><h4><strong>7. T\u00e4cker ETA-tillst\u00e5ndet resor till Irland eller Schengenl\u00e4nder?<\/strong><\/h4><p>Nej, ETA-beviset g\u00e4ller endast f\u00f6r resor till Storbritannien, inklusive <strong>England, Skottland, Wales och Nordirland<\/strong>Separata intr\u00e4desvillkor g\u00e4ller f\u00f6r <strong>Irland<\/strong> och <strong>Schengen<\/strong> l\u00e4nder.<\/p><h4><strong>8. Beh\u00f6ver barn en egen ber\u00e4knad ankomsttid?<\/strong><\/h4><p>Ja, varje resen\u00e4r, inklusive barn, beh\u00f6ver sin egen ber\u00e4knade ankomsttid kopplad till sitt pass.<\/p><h4><strong>9. Finns det n\u00e5gra undantag fr\u00e5n ETA-kraven?<\/strong><\/h4><p>Ja, <strong>Irl\u00e4ndska medborgare<\/strong> och individer med l\u00e5ngtidsvisum f\u00f6r arbete, studier eller bos\u00e4ttning i Storbritannien \u00e4r undantagna fr\u00e5n ETA-kraven.<\/p><h4><strong>10. Vad ska jag g\u00f6ra om jag har fler fr\u00e5gor?<\/strong><\/h4><p>Bes\u00f6k den officiella <strong>Storbritanniens regerings webbplats<\/strong> eller v\u00e5r dedikerade FAQ-sektion f\u00f6r mer information och uppdateringar om ETA-systemet.<\/p><\/div><\/div>\t\t\t\t\t\t\t\t<\/div>\n\t\t\t\t<\/div>\n\t\t\t\t\t<\/div>\n\t\t\t\t<\/div>\n\t\t<div class=\"elementor-element elementor-element-bf91d7f e-flex e-con-boxed e-con e-parent\" data-id=\"bf91d7f\" data-element_type=\"container\">\n\t\t\t\t\t<div class=\"e-con-inner\">\n\t\t<div class=\"elementor-element elementor-element-9825c1d e-con-full e-flex e-con e-child\" data-id=\"9825c1d\" data-element_type=\"container\">\n\t\t\t\t<div class=\"elementor-element elementor-element-45210bd elementor-align-center elementor-list-item-link-full_width elementor-widget elementor-widget-icon-list\" data-id=\"45210bd\" data-element_type=\"widget\" data-widget_type=\"icon-list.default\">\n\t\t\t\t<div class=\"elementor-widget-container\">\n\t\t\t\t\t\t\t<ul class=\"elementor-icon-list-items\">\n\t\t\t\t\t\t\t<li class=\"elementor-icon-list-item\">\n\t\t\t\t\t\t\t\t\t\t<span class=\"elementor-icon-list-text\">F\u00f6retagsidentifieringsnummer: 08392226<\/span>\n\t\t\t\t\t\t\t\t\t<\/li>\n\t\t\t\t\t\t\t\t<li class=\"elementor-icon-list-item\">\n\t\t\t\t\t\t\t\t\t\t<span class=\"elementor-icon-list-text\">VISA USA sro<\/span>\n\t\t\t\t\t\t\t\t\t<\/li>\n\t\t\t\t\t\t\t\t<li class=\"elementor-icon-list-item\">\n\t\t\t\t\t\t\t\t\t\t<span class=\"elementor-icon-list-text\">Sv. Cecha 750\/4, Bilovec 743 01, Tjeckien<\/span>\n\t\t\t\t\t\t\t\t\t<\/li>\n\t\t\t\t\t\t<\/ul>\n\t\t\t\t\t\t<\/div>\n\t\t\t\t<\/div>\n\t\t\t\t<\/div>\n\t\t<div class=\"elementor-element elementor-element-c6703c3 e-con-full e-flex e-con e-child\" data-id=\"c6703c3\" data-element_type=\"container\">\n\t\t\t\t<div class=\"elementor-element elementor-element-79d431f elementor-widget elementor-widget-text-editor\" data-id=\"79d431f\" data-element_type=\"widget\" data-widget_type=\"text-editor.default\">\n\t\t\t\t<div class=\"elementor-widget-container\">\n\t\t\t\t\t\t\t\t\t<p style=\"text-align: center;\">Denna webbplats och v\u00e5rt f\u00f6retag \u00e4r inte p\u00e5 n\u00e5got s\u00e4tt anslutna till de brittiska myndigheterna och regeringen. Den officiella webbplatsen finns p\u00e5 www.gov.uk.<\/p>\t\t\t\t\t\t\t\t<\/div>\n\t\t\t\t<\/div>\n\t\t\t\t<\/div>\n\t\t\t\t\t<\/div>\n\t\t\t\t<\/div>\n\t\t\t\t<\/div>","protected":false},"excerpt":{"rendered":"<p>TRAVEL AUTHORIZATION ETA VISA TO UK FROM APRIL 2025 From April 2, 2025, the UK will introduce a new Electronic [&hellip;]<\/p>","protected":false},"author":1,"featured_media":0,"parent":0,"menu_order":0,"comment_status":"closed","ping_status":"closed","template":"","meta":{"site-sidebar-layout":"no-sidebar","site-content-layout":"","ast-site-content-layout":"full-width-container","site-content-style":"default","site-sidebar-style":"default","ast-global-header-display":"","ast-banner-title-visibility":"","ast-main-header-display":"","ast-hfb-above-header-display":"","ast-hfb-below-header-display":"","ast-hfb-mobile-header-display":"","site-post-title":"disabled","ast-breadcrumbs-content":"","ast-featured-img":"disabled","footer-sml-layout":"","theme-transparent-header-meta":"","adv-header-id-meta":"","stick-header-meta":"","header-above-stick-meta":"","header-main-stick-meta":"","header-below-stick-meta":"","astra-migrate-meta-layouts":"default","ast-page-background-enabled":"default","ast-page-background-meta":{"desktop":{"background-color":"var(--ast-global-color-5)","background-image":"","background-repeat":"repeat","background-position":"center center","background-size":"auto","background-attachment":"scroll","background-type":"","background-media":"","overlay-type":"","overlay-color":"","overlay-opacity":"","overlay-gradient":""},"tablet":{"background-color":"","background-image":"","background-repeat":"repeat","background-position":"center center","background-size":"auto","background-attachment":"scroll","background-type":"","background-media":"","overlay-type":"","overlay-color":"","overlay-opacity":"","overlay-gradient":""},"mobile":{"background-color":"","background-image":"","background-repeat":"repeat","background-position":"center center","background-size":"auto","background-attachment":"scroll","background-type":"","background-media":"","overlay-type":"","overlay-color":"","overlay-opacity":"","overlay-gradient":""}},"ast-content-background-meta":{"desktop":{"background-color":"var(--ast-global-color-4)","background-image":"","background-repeat":"repeat","background-position":"center center","background-size":"auto","background-attachment":"scroll","background-type":"","background-media":"","overlay-type":"","overlay-color":"","overlay-opacity":"","overlay-gradient":""},"tablet":{"background-color":"var(--ast-global-color-4)","background-image":"","background-repeat":"repeat","background-position":"center center","background-size":"auto","background-attachment":"scroll","background-type":"","background-media":"","overlay-type":"","overlay-color":"","overlay-opacity":"","overlay-gradient":""},"mobile":{"background-color":"var(--ast-global-color-4)","background-image":"","background-repeat":"repeat","background-position":"center center","background-size":"auto","background-attachment":"scroll","background-type":"","background-media":"","overlay-type":"","overlay-color":"","overlay-opacity":"","overlay-gradient":""}},"footnotes":""},"class_list":["post-10","page","type-page","status-publish","hentry"],"_links":{"self":[{"href":"https:\/\/applyesta.us\/se\/wp-json\/wp\/v2\/pages\/10","targetHints":{"allow":["GET"]}}],"collection":[{"href":"https:\/\/applyesta.us\/se\/wp-json\/wp\/v2\/pages"}],"about":[{"href":"https:\/\/applyesta.us\/se\/wp-json\/wp\/v2\/types\/page"}],"author":[{"embeddable":true,"href":"https:\/\/applyesta.us\/se\/wp-json\/wp\/v2\/users\/1"}],"replies":[{"embeddable":true,"href":"https:\/\/applyesta.us\/se\/wp-json\/wp\/v2\/comments?post=10"}],"version-history":[{"count":0,"href":"https:\/\/applyesta.us\/se\/wp-json\/wp\/v2\/pages\/10\/revisions"}],"wp:attachment":[{"href":"https:\/\/applyesta.us\/se\/wp-json\/wp\/v2\/media?parent=10"}],"curies":[{"name":"wp","href":"https:\/\/api.w.org\/{rel}","templated":true}]}}