{"id":10,"date":"2025-06-04T13:30:07","date_gmt":"2025-06-04T13:30:07","guid":{"rendered":"https:\/\/form.applyeta.uk\/?page_id=10"},"modified":"2025-06-04T20:17:47","modified_gmt":"2025-06-04T20:17:47","slug":"home","status":"publish","type":"page","link":"https:\/\/applyesta.us\/ro\/","title":{"rendered":"Acas\u0103"},"content":{"rendered":"<div data-elementor-type=\"wp-page\" data-elementor-id=\"10\" class=\"elementor elementor-10\" data-elementor-post-type=\"page\">\n\t\t\t\t<div class=\"elementor-element elementor-element-b305927 e-flex e-con-boxed e-con e-parent\" data-id=\"b305927\" data-element_type=\"container\">\n\t\t\t\t\t<div class=\"e-con-inner\">\n\t\t<div class=\"elementor-element elementor-element-9154e97 e-con-full e-flex e-con e-child\" data-id=\"9154e97\" data-element_type=\"container\">\n\t\t\t\t<div class=\"elementor-element elementor-element-5d52b4f elementor-widget elementor-widget-image\" data-id=\"5d52b4f\" data-element_type=\"widget\" data-widget_type=\"image.default\">\n\t\t\t\t<div class=\"elementor-widget-container\">\n\t\t\t\t\t\t\t\t\t\t\t\t\t\t\t<img fetchpriority=\"high\" decoding=\"async\" width=\"640\" height=\"408\" src=\"https:\/\/applyesta.us\/wp-content\/uploads\/2025\/06\/tower-bridge-980961_640-1.jpg\" class=\"attachment-large size-large wp-image-13\" alt=\"\" srcset=\"https:\/\/applyesta.us\/wp-content\/uploads\/2025\/06\/tower-bridge-980961_640-1.jpg 640w, https:\/\/applyesta.us\/wp-content\/uploads\/2025\/06\/tower-bridge-980961_640-1-300x191.jpg 300w\" sizes=\"(max-width: 640px) 100vw, 640px\" \/>\t\t\t\t\t\t\t\t\t\t\t\t\t\t\t<\/div>\n\t\t\t\t<\/div>\n\t\t\t\t<\/div>\n\t\t<div class=\"elementor-element elementor-element-35b765f e-con-full e-flex e-con e-child\" data-id=\"35b765f\" data-element_type=\"container\">\n\t\t\t\t<div class=\"elementor-element elementor-element-9eed95e elementor-widget elementor-widget-heading\" data-id=\"9eed95e\" data-element_type=\"widget\" data-widget_type=\"heading.default\">\n\t\t\t\t<div class=\"elementor-widget-container\">\n\t\t\t\t\t<h2 class=\"elementor-heading-title elementor-size-default\">AUTORIZA\u021aIE DE C\u0102L\u0102TORIE ETA PENTRU VIZ\u0102 \u00ceN REGATUL UNIT DIN APRILIE 2025<\/h2>\t\t\t\t<\/div>\n\t\t\t\t<\/div>\n\t\t\t\t<div class=\"elementor-element elementor-element-f7ef9cb elementor-widget elementor-widget-text-editor\" data-id=\"f7ef9cb\" data-element_type=\"widget\" data-widget_type=\"text-editor.default\">\n\t\t\t\t<div class=\"elementor-widget-container\">\n\t\t\t\t\t\t\t\t\t<p style=\"text-align: left;\">Din <strong>2 aprilie 2025<\/strong>, Regatul Unit va introduce o nou\u0103 <strong>Autoriza\u021bie electronic\u0103 de c\u0103l\u0103torie (ETA)<\/strong> sistem. Acest lucru \u00eei va afecta pe cet\u0103\u021benii din <strong>Uniunea European\u0103<\/strong> \u0219i alte c\u00e2teva \u021b\u0103ri care, p\u00e2n\u0103 acum, au c\u0103l\u0103torit \u00een Regatul Unit f\u0103r\u0103 a avea nevoie de viz\u0103. Conform noilor reguli, c\u0103l\u0103torii din \u021b\u0103ri exonerate de viz\u0103, inclusiv cet\u0103\u021benii UE, vor trebui s\u0103 solicite o autoriza\u021bie de c\u0103l\u0103torie anticipat\u0103 (ETA) \u00eenainte de a vizita Regatul Unit pentru \u0219ederi scurte.<\/p>\t\t\t\t\t\t\t\t<\/div>\n\t\t\t\t<\/div>\n\t\t\t\t<\/div>\n\t\t\t\t\t<\/div>\n\t\t\t\t<\/div>\n\t\t<div class=\"elementor-element elementor-element-5f3a042 e-con-full e-flex e-con e-parent\" data-id=\"5f3a042\" data-element_type=\"container\">\n\t\t\t\t<div class=\"elementor-element elementor-element-b179dea elementor-widget elementor-widget-html\" data-id=\"b179dea\" data-element_type=\"widget\" data-widget_type=\"html.default\">\n\t\t\t\t<div class=\"elementor-widget-container\">\n\t\t\t\t\t<div style=\"border: 2px solid #f57c00; background-color: #fff3e0; padding: 25px; margin: 20px auto; border-left: 8px solid #e65100; font-family: Arial, sans-serif; border-radius: 8px; max-width: 800px; text-align: center;\">\r\n  <strong style=\"font-size: 18px; color: #d84315; display: block; margin-bottom: 10px;\">\u26a0\ufe0f Notificare important\u0103<\/strong>\r\n  <p style=\"font-size: 15px; color: #000; font-weight: bold; line-height: 1.7; margin: 0;\">\r\n    Acest site web este doar \u00een scop informativ \u0219i nu este afiliat cu guvernul Regatului Unit. <br>\r\n    <u>Nu pute\u021bi solicita o ETA (Autoriza\u021bie Electronic\u0103 de C\u0103l\u0103torie) prin intermediul acestui site.<\/u>\r\n    <br><br>\r\n    Pentru a solicita o viz\u0103 estimat\u0103 oficial\u0103 pentru Marea Britanie, v\u0103 rug\u0103m s\u0103 vizita\u021bi site-ul oficial al guvernului britanic: <br>\r\n    <a href=\"https:\/\/www.gov.uk\/eta\" target=\"_blank\" style=\"color: #c62828; text-decoration: underline; font-weight: bold;\">www.gov.uk\/eta<\/a>\r\n  <\/p>\r\n<\/div>\r\n\t\t\t\t<\/div>\n\t\t\t\t<\/div>\n\t\t\t\t<\/div>\n\t\t<div class=\"elementor-element elementor-element-0c146e9 e-flex e-con-boxed e-con e-parent\" data-id=\"0c146e9\" data-element_type=\"container\">\n\t\t\t\t\t<div class=\"e-con-inner\">\n\t\t<div class=\"elementor-element elementor-element-d9ae5a4 e-con-full e-flex e-con e-child\" data-id=\"d9ae5a4\" data-element_type=\"container\">\n\t\t\t\t<div class=\"elementor-element elementor-element-053781a elementor-widget elementor-widget-heading\" data-id=\"053781a\" data-element_type=\"widget\" data-widget_type=\"heading.default\">\n\t\t\t\t<div class=\"elementor-widget-container\">\n\t\t\t\t\t<h2 class=\"elementor-heading-title elementor-size-default\">Ce \u00eenseamn\u0103 asta pentru c\u0103l\u0103tori?<\/h2>\t\t\t\t<\/div>\n\t\t\t\t<\/div>\n\t\t\t\t<div class=\"elementor-element elementor-element-559d591 elementor-widget elementor-widget-text-editor\" data-id=\"559d591\" data-element_type=\"widget\" data-widget_type=\"text-editor.default\">\n\t\t\t\t<div class=\"elementor-widget-container\">\n\t\t\t\t\t\t\t\t\t<p>P\u00e2n\u0103 acum, cet\u0103\u021benii UE puteau c\u0103l\u0103tori \u00een Regatul Unit f\u0103r\u0103 vize \u0219i f\u0103r\u0103 a fi nevoie de nicio permisiune special\u0103, beneficiind de libera circula\u021bie a persoanelor \u00een cadrul Uniunii Europene. Cu toate acestea, dup\u0103 Brexit, Regatul Unit \u0219i-a pierdut statutul de membru al UE \u0219i introduce treptat noi reguli privind migra\u021bia. Aceasta \u00eenseamn\u0103 c\u0103, \u00eencep\u00e2nd cu aprilie 2025, cet\u0103\u021benii UE vor trebui s\u0103 ob\u021bin\u0103 permisiunea \u00eenainte de a intra pe teritoriul britanic, similar cu procesul necesar \u00een prezent pentru c\u0103l\u0103torii din alte p\u0103r\u021bi ale lumii.<\/p><p>Aceast\u0103 permisiune va face parte din sistemul de Autoriza\u021bie Electronic\u0103 de C\u0103l\u0103torie (ETA), pe care guvernul britanic \u00eel implementeaz\u0103 treptat pentru cet\u0103\u021benii str\u0103ini din diverse \u021b\u0103ri. C\u0103l\u0103torii vor trebui s\u0103 solicite autoriza\u021bia \u00eenainte de c\u0103l\u0103torie, ceea ce va implica completarea unei cereri online, plata unei taxe \u0219i, eventual, trecerea unui control de securitate.<\/p>\t\t\t\t\t\t\t\t<\/div>\n\t\t\t\t<\/div>\n\t\t\t\t<\/div>\n\t\t<div class=\"elementor-element elementor-element-492b943 e-con-full e-flex e-con e-child\" data-id=\"492b943\" data-element_type=\"container\">\n\t\t\t\t<div class=\"elementor-element elementor-element-d2ef239 elementor-widget elementor-widget-heading\" data-id=\"d2ef239\" data-element_type=\"widget\" data-widget_type=\"heading.default\">\n\t\t\t\t<div class=\"elementor-widget-container\">\n\t\t\t\t\t<h2 class=\"elementor-heading-title elementor-size-default\">C\u0102L\u0102TORII \u00ceN REGATUL UNIT \u2013 CE SE SCHIMB\u0102 \u00ceN 2025?<\/h2>\t\t\t\t<\/div>\n\t\t\t\t<\/div>\n\t\t\t\t<div class=\"elementor-element elementor-element-aa05846 elementor-widget elementor-widget-text-editor\" data-id=\"aa05846\" data-element_type=\"widget\" data-widget_type=\"text-editor.default\">\n\t\t\t\t<div class=\"elementor-widget-container\">\n\t\t\t\t\t\t\t\t\t<div class=\"elementor-element elementor-element-e8a87ae elementor-widget elementor-widget-text-editor\" data-id=\"e8a87ae\" data-element_type=\"widget\" data-widget_type=\"text-editor.default\"><div class=\"elementor-widget-container\"><p>P\u00e2n\u0103 acum, cet\u0103\u021benii UE puteau vizita Regatul Unit f\u0103r\u0103 nicio autoriza\u021bie prealabil\u0103 de c\u0103l\u0103torie. Cu toate acestea, ca parte a <strong>Politica de imigra\u021bie a Regatului Unit post-Brexit<\/strong>\u00cencep\u00e2nd cu aprilie 2025, ace\u0219tia vor trebui s\u0103 solicite o viz\u0103 estimat\u0103 de intrare \u00een \u021bar\u0103 (ETA), similar\u0103 sistemului existent pentru c\u0103l\u0103torii din multe alte \u021b\u0103ri. Aceast\u0103 autoriza\u021bie va fi obligatorie pentru cei care viziteaz\u0103 \u00een scop turistic, de afaceri, de studii pe termen scurt sau de tranzit.<\/p><p><strong>Cum func\u021bioneaz\u0103 ETA?<\/strong><\/p><ul><li><strong>Aplica\u021bie online<\/strong>C\u0103l\u0103torii vor trebui s\u0103 trimit\u0103 o cerere online \u00eenainte de a c\u0103l\u0103tori. Procesul va include completarea unui formular, r\u0103spunsul la \u00eentreb\u0103ri de securitate \u0219i plata unei mici taxe.<\/li><li><strong>Timp de procesare<\/strong>Majoritatea solicit\u0103rilor de sosire estimat\u0103 (ETA) vor fi procesate \u00een termen de 48 p\u00e2n\u0103 la 72 de ore.<\/li><li><strong>Verificare de securitate<\/strong>Este posibil s\u0103 se efectueze o verificare de securitate, iar \u00een unele cazuri, procesarea cererilor poate dura mai mult.<\/li><\/ul><\/div><\/div>\t\t\t\t\t\t\t\t<\/div>\n\t\t\t\t<\/div>\n\t\t\t\t<\/div>\n\t\t\t\t\t<\/div>\n\t\t\t\t<\/div>\n\t\t<div class=\"elementor-element elementor-element-45e0ced e-flex e-con-boxed e-con e-parent\" data-id=\"45e0ced\" data-element_type=\"container\">\n\t\t\t\t\t<div class=\"e-con-inner\">\n\t\t<div class=\"elementor-element elementor-element-df605a3 e-con-full e-flex e-con e-child\" data-id=\"df605a3\" data-element_type=\"container\">\n\t\t\t\t<div class=\"elementor-element elementor-element-94021c1 elementor-widget elementor-widget-heading\" data-id=\"94021c1\" data-element_type=\"widget\" data-widget_type=\"heading.default\">\n\t\t\t\t<div class=\"elementor-widget-container\">\n\t\t\t\t\t<h3 class=\"elementor-heading-title elementor-size-default\">CINE ARE NEVOIE DE O OR\u0102 DE SOSIRE EST?<\/h3>\t\t\t\t<\/div>\n\t\t\t\t<\/div>\n\t\t\t\t<div class=\"elementor-element elementor-element-ef2aa14 elementor-widget elementor-widget-text-editor\" data-id=\"ef2aa14\" data-element_type=\"widget\" data-widget_type=\"text-editor.default\">\n\t\t\t\t<div class=\"elementor-widget-container\">\n\t\t\t\t\t\t\t\t\t<p>Va fi necesar\u0103 o sosire estimat\u0103 pentru <strong>cet\u0103\u021beni din \u021b\u0103ri scutite de vize<\/strong>, inclusiv:<\/p><ul><li><strong>cet\u0103\u021beni ai UE<\/strong><\/li><li>C\u0103l\u0103torii din <strong>Emiratele Arabe Unite<\/strong>, <strong>Arabia Saudit\u0103<\/strong>, <strong>Bahrain<\/strong>, <strong>Kuweit<\/strong>, <strong>Iordania<\/strong>, <strong>Oman<\/strong> (din februarie 2024)<\/li><li><strong>cet\u0103\u021beni qatarezi<\/strong> (din noiembrie 2023)<\/li><\/ul><p>Aceast\u0103 autoriza\u021bie se va aplica turi\u0219tilor, vizitatorilor de afaceri, studen\u021bilor pe termen scurt \u0219i persoanelor aflate \u00een tranzit.<\/p>\t\t\t\t\t\t\t\t<\/div>\n\t\t\t\t<\/div>\n\t\t\t\t<\/div>\n\t\t<div class=\"elementor-element elementor-element-ed346d2 e-con-full e-flex e-con e-child\" data-id=\"ed346d2\" data-element_type=\"container\">\n\t\t\t\t<div class=\"elementor-element elementor-element-ff8e7bf elementor-widget elementor-widget-heading\" data-id=\"ff8e7bf\" data-element_type=\"widget\" data-widget_type=\"heading.default\">\n\t\t\t\t<div class=\"elementor-widget-container\">\n\t\t\t\t\t<h3 class=\"elementor-heading-title elementor-size-default\">EXCEP\u021aII:<\/h3>\t\t\t\t<\/div>\n\t\t\t\t<\/div>\n\t\t\t\t<div class=\"elementor-element elementor-element-77aee6c elementor-widget elementor-widget-text-editor\" data-id=\"77aee6c\" data-element_type=\"widget\" data-widget_type=\"text-editor.default\">\n\t\t\t\t<div class=\"elementor-widget-container\">\n\t\t\t\t\t\t\t\t\t<ul><li><strong>cet\u0103\u021beni britanici \u0219i irlandezi<\/strong> sunt exceptate de la obliga\u021bia ETA.<\/li><li>De\u021bin\u0103torii de vize de lung\u0103 durat\u0103 sau persoanele cu statut de \u0219edere stabilit\u0103 \u00een Regatul Unit nu au nevoie de o ETA.<\/li><\/ul>\t\t\t\t\t\t\t\t<\/div>\n\t\t\t\t<\/div>\n\t\t\t\t<\/div>\n\t\t\t\t\t<\/div>\n\t\t\t\t<\/div>\n\t\t<div class=\"elementor-element elementor-element-f447f70 e-flex e-con-boxed e-con e-parent\" data-id=\"f447f70\" data-element_type=\"container\">\n\t\t\t\t\t<div class=\"e-con-inner\">\n\t\t\t\t<div class=\"elementor-element elementor-element-ef5e263 elementor-widget-divider--view-line elementor-widget elementor-widget-divider\" data-id=\"ef5e263\" data-element_type=\"widget\" data-widget_type=\"divider.default\">\n\t\t\t\t<div class=\"elementor-widget-container\">\n\t\t\t\t\t\t\t<div class=\"elementor-divider\">\n\t\t\t<span class=\"elementor-divider-separator\">\n\t\t\t\t\t\t<\/span>\n\t\t<\/div>\n\t\t\t\t\t\t<\/div>\n\t\t\t\t<\/div>\n\t\t\t\t<div class=\"elementor-element elementor-element-7bd378c elementor-widget elementor-widget-heading\" data-id=\"7bd378c\" data-element_type=\"widget\" data-widget_type=\"heading.default\">\n\t\t\t\t<div class=\"elementor-widget-container\">\n\t\t\t\t\t<h3 class=\"elementor-heading-title elementor-size-default\">Tipuri de vize de munc\u0103:<\/h3>\t\t\t\t<\/div>\n\t\t\t\t<\/div>\n\t\t\t\t\t<\/div>\n\t\t\t\t<\/div>\n\t\t<div class=\"elementor-element elementor-element-bf9a089 e-flex e-con-boxed e-con e-parent\" data-id=\"bf9a089\" data-element_type=\"container\">\n\t\t\t\t\t<div class=\"e-con-inner\">\n\t\t<div class=\"elementor-element elementor-element-9142cb4 e-con-full e-flex e-con e-child\" data-id=\"9142cb4\" data-element_type=\"container\">\n\t\t\t\t<div class=\"elementor-element elementor-element-a576fb1 elementor-widget elementor-widget-text-editor\" data-id=\"a576fb1\" data-element_type=\"widget\" data-widget_type=\"text-editor.default\">\n\t\t\t\t<div class=\"elementor-widget-container\">\n\t\t\t\t\t\t\t\t\t<ol><li><strong>Viz\u0103 de lucr\u0103tor calificat<\/strong>Pentru lucr\u0103torii cu o ofert\u0103 de munc\u0103 \u00een Regatul Unit care \u00eendeplinesc cerin\u021bele de competen\u021b\u0103 \u0219i salariul minim.<\/li><li><strong>Viz\u0103 de munc\u0103 temporar\u0103<\/strong>Pentru lucr\u0103torii sezonieri, voluntari sau cei care particip\u0103 la programe de schimb cultural \u0219i religios.<\/li><li><strong>Viz\u0103 Global\u0103 pentru Talent<\/strong>Pentru persoane cu \u00eenalt\u0103 calificare \u00een domenii precum \u0219tiin\u021ba, tehnologia, artele sau cultura.<\/li><\/ol><p>Fiecare viz\u0103 de munc\u0103 are cerin\u021be specifice privind documentele, cum ar fi dovada unei oferte de munc\u0103, mijloace financiare suficiente sau \u00eendeplinirea standardelor de competen\u021b\u0103 lingvistic\u0103.<\/p>\t\t\t\t\t\t\t\t<\/div>\n\t\t\t\t<\/div>\n\t\t\t\t<\/div>\n\t\t<div class=\"elementor-element elementor-element-477602e e-con-full e-flex e-con e-child\" data-id=\"477602e\" data-element_type=\"container\">\n\t\t\t\t<div class=\"elementor-element elementor-element-36b237a elementor-widget elementor-widget-text-editor\" data-id=\"36b237a\" data-element_type=\"widget\" data-widget_type=\"text-editor.default\">\n\t\t\t\t<div class=\"elementor-widget-container\">\n\t\t\t\t\t\t\t\t\t<p>Dac\u0103 inten\u021biona\u021bi s\u0103 lucra\u021bi \u00een Regatul Unit pe termen lung, ve\u021bi avea nevoie de viza de munc\u0103 corespunz\u0103toare. ETA acoper\u0103 doar vizitele pe termen scurt, cum ar fi turismul sau c\u0103l\u0103toriile de afaceri, dar nu permite angajarea pe termen lung. Pentru a lucra \u00een Regatul Unit, trebuie s\u0103 \u00eendeplini\u021bi condi\u021biile specifice pentru diferite tipuri de vize de munc\u0103, cum ar fi <strong>Viz\u0103 de lucr\u0103tor calificat<\/strong> sau <strong>Viz\u0103 de munc\u0103 temporar\u0103<\/strong>.<\/p>\t\t\t\t\t\t\t\t<\/div>\n\t\t\t\t<\/div>\n\t\t\t\t<\/div>\n\t\t\t\t\t<\/div>\n\t\t\t\t<\/div>\n\t\t<div class=\"elementor-element elementor-element-7babe2f e-flex e-con-boxed e-con e-parent\" data-id=\"7babe2f\" data-element_type=\"container\">\n\t\t\t\t\t<div class=\"e-con-inner\">\n\t\t\t\t<div class=\"elementor-element elementor-element-f34bd57 elementor-widget-divider--view-line elementor-widget elementor-widget-divider\" data-id=\"f34bd57\" data-element_type=\"widget\" data-widget_type=\"divider.default\">\n\t\t\t\t<div class=\"elementor-widget-container\">\n\t\t\t\t\t\t\t<div class=\"elementor-divider\">\n\t\t\t<span class=\"elementor-divider-separator\">\n\t\t\t\t\t\t<\/span>\n\t\t<\/div>\n\t\t\t\t\t\t<\/div>\n\t\t\t\t<\/div>\n\t\t\t\t<div class=\"elementor-element elementor-element-fd547ce elementor-widget elementor-widget-heading\" data-id=\"fd547ce\" data-element_type=\"widget\" data-widget_type=\"heading.default\">\n\t\t\t\t<div class=\"elementor-widget-container\">\n\t\t\t\t\t<h3 class=\"elementor-heading-title elementor-size-default\">\u00centreb\u0103ri frecvente - \u00centreb\u0103ri frecvente<\/h3>\t\t\t\t<\/div>\n\t\t\t\t<\/div>\n\t\t\t\t<div class=\"elementor-element elementor-element-2773225 elementor-widget elementor-widget-text-editor\" data-id=\"2773225\" data-element_type=\"widget\" data-widget_type=\"text-editor.default\">\n\t\t\t\t<div class=\"elementor-widget-container\">\n\t\t\t\t\t\t\t\t\t<div data-id=\"019a625\" data-element_type=\"container\" data-settings=\"{&quot;content_width&quot;:&quot;boxed&quot;}\" data-core-v316-plus=\"true\"><div data-id=\"4776dd1\" data-element_type=\"widget\" data-widget_type=\"text-editor.default\"><h4><strong>1. Ce este ETA pentru Regatul Unit \u0219i cine are nevoie de ea?<\/strong><\/h4><p><strong>Autoriza\u021bia electronic\u0103 de c\u0103l\u0103torie (ETA) <\/strong><span style=\"font-size: 16px;\">este un sistem introdus de Regatul Unit \u00een <\/span><strong style=\"font-size: 16px;\">Aprilie 2025<\/strong><span style=\"font-size: 16px;\">Se aplic\u0103 cet\u0103\u021benilor \u021b\u0103rilor care anterior nu aveau nevoie de viz\u0103, cum ar fi \u021b\u0103rile UE, \u0219i va acoperi c\u0103l\u0103toriile pe termen scurt (turism, afaceri, tranzit etc.).<\/span><\/p><h4><strong>2. C\u00e2nd vor fi deschise cererile ETA \u0219i c\u00e2t va costa?<\/strong><\/h4><p>Cererile pentru ETA se vor deschide \u00een <strong>2024<\/strong>, cu implementare \u00een aprilie 2025. Taxa de serviciu este <strong>\u00a316<\/strong>\u00a0per aplica\u021bie.<\/p><h4><strong>3. Cum ob\u021bin ETA \u0219i c\u00e2t dureaz\u0103?<\/strong><\/h4><p>Cererile vor fi depuse online prin intermediul site-ului web al guvernului britanic sau al aplica\u021biei mobile. Procesul implic\u0103 completarea informa\u021biilor personale de baz\u0103, r\u0103spunsul la \u00eentreb\u0103rile de securitate \u0219i plata taxei. Majoritatea cererilor vor fi procesate \u00een termen de <strong>48-72 de ore<\/strong>.<\/p><h4><strong>4. C\u00e2t timp este valabil\u0103 ETA \u0219i de c\u00e2te ori pot c\u0103l\u0103tori cu ea?<\/strong><\/h4><p>ETA este valabil\u0103 pentru <strong>2 ani<\/strong> sau p\u00e2n\u0103 la expirarea pa\u0219aportului, oricare survine prima. Acesta permite <strong>intr\u0103ri multiple<\/strong> \u00een Regatul Unit, fiecare vizit\u0103 dur\u00e2nd maximum <strong>6 luni<\/strong>.<\/p><h4><strong>5. Trebuie s\u0103 imprim ora estimat\u0103 de sosire?<\/strong><\/h4><p>Nu, ETA este electronic\u0103 \u0219i legat\u0103 de pa\u0219aportul dumneavoastr\u0103. Pur \u0219i simplu prezenta\u021bi pa\u0219aportul la frontier\u0103, iar ETA va fi verificat\u0103 automat.<\/p><h4><strong>6. Ce se \u00eent\u00e2mpl\u0103 dac\u0103 cererea mea ETA este respins\u0103?<\/strong><\/h4><p>Dac\u0103 cererea dumneavoastr\u0103 ETA este respins\u0103, pute\u021bi aplica din nou sau pute\u021bi solicita un alt tip de viz\u0103, cum ar fi o <strong>Viz\u0103 standard de vizitator<\/strong>, ceea ce poate implica un proces de aplicare mai detaliat.<\/p><h4><strong>7. Permisul de c\u0103l\u0103torie estimat (ETA) va acoperi c\u0103l\u0103toriile c\u0103tre Irlanda sau \u021b\u0103rile Schengen?<\/strong><\/h4><p>Nu, ETA este valabil\u0103 doar pentru c\u0103l\u0103toriile \u00een Regatul Unit, inclusiv <strong>Anglia, Sco\u021bia, \u021aara Galilor \u0219i Irlanda de Nord<\/strong>Se aplic\u0103 condi\u021bii de intrare separate pentru <strong>Irlanda<\/strong> \u015fi <strong>Schengen<\/strong> \u021b\u0103ri.<\/p><h4><strong>8. Vor avea nevoie copiii de propria lor or\u0103 estimat\u0103 de sosire (ETA)?<\/strong><\/h4><p>Da, fiecare c\u0103l\u0103tor, inclusiv copiii, va avea nevoie de propria ETA asociat\u0103 cu pa\u0219aportul s\u0103u.<\/p><h4><strong>9. Exist\u0103 excep\u021bii de la cerin\u021bele ETA?<\/strong><\/h4><p>Da, <strong>cet\u0103\u021beni irlandezi<\/strong> iar persoanele cu vize de lung\u0103 durat\u0103 pentru munc\u0103, studii sau reziden\u021b\u0103 \u00een Regatul Unit sunt scutite de cerin\u021bele ETA.<\/p><h4><strong>10. Ce ar trebui s\u0103 fac dac\u0103 am mai multe \u00eentreb\u0103ri<\/strong><\/h4><p>Vizita\u021bi oficialul <strong>Site-ul web al guvernului britanic<\/strong> sau sec\u021biunea noastr\u0103 dedicat\u0103 \u00centreb\u0103rilor Frecvente pentru mai multe detalii \u0219i actualiz\u0103ri despre sistemul ETA.<\/p><\/div><\/div>\t\t\t\t\t\t\t\t<\/div>\n\t\t\t\t<\/div>\n\t\t\t\t\t<\/div>\n\t\t\t\t<\/div>\n\t\t<div class=\"elementor-element elementor-element-bf91d7f e-flex e-con-boxed e-con e-parent\" data-id=\"bf91d7f\" data-element_type=\"container\">\n\t\t\t\t\t<div class=\"e-con-inner\">\n\t\t<div class=\"elementor-element elementor-element-9825c1d e-con-full e-flex e-con e-child\" data-id=\"9825c1d\" data-element_type=\"container\">\n\t\t\t\t<div class=\"elementor-element elementor-element-45210bd elementor-align-center elementor-list-item-link-full_width elementor-widget elementor-widget-icon-list\" data-id=\"45210bd\" data-element_type=\"widget\" data-widget_type=\"icon-list.default\">\n\t\t\t\t<div class=\"elementor-widget-container\">\n\t\t\t\t\t\t\t<ul class=\"elementor-icon-list-items\">\n\t\t\t\t\t\t\t<li class=\"elementor-icon-list-item\">\n\t\t\t\t\t\t\t\t\t\t<span class=\"elementor-icon-list-text\">Num\u0103r de identificare al companiei: 08392226<\/span>\n\t\t\t\t\t\t\t\t\t<\/li>\n\t\t\t\t\t\t\t\t<li class=\"elementor-icon-list-item\">\n\t\t\t\t\t\t\t\t\t\t<span class=\"elementor-icon-list-text\">VISA USA sro<\/span>\n\t\t\t\t\t\t\t\t\t<\/li>\n\t\t\t\t\t\t\t\t<li class=\"elementor-icon-list-item\">\n\t\t\t\t\t\t\t\t\t\t<span class=\"elementor-icon-list-text\">Sv. Cecha 750\/4, Bilovec 743 01, Cehia<\/span>\n\t\t\t\t\t\t\t\t\t<\/li>\n\t\t\t\t\t\t<\/ul>\n\t\t\t\t\t\t<\/div>\n\t\t\t\t<\/div>\n\t\t\t\t<\/div>\n\t\t<div class=\"elementor-element elementor-element-c6703c3 e-con-full e-flex e-con e-child\" data-id=\"c6703c3\" data-element_type=\"container\">\n\t\t\t\t<div class=\"elementor-element elementor-element-79d431f elementor-widget elementor-widget-text-editor\" data-id=\"79d431f\" data-element_type=\"widget\" data-widget_type=\"text-editor.default\">\n\t\t\t\t<div class=\"elementor-widget-container\">\n\t\t\t\t\t\t\t\t\t<p style=\"text-align: center;\">Acest site web \u0219i compania noastr\u0103 nu sunt afiliate \u00een niciun fel cu autorit\u0103\u021bile \u0219i guvernul Regatului Unit. Site-ul oficial poate fi g\u0103sit la www.gov.uk.<\/p>\t\t\t\t\t\t\t\t<\/div>\n\t\t\t\t<\/div>\n\t\t\t\t<\/div>\n\t\t\t\t\t<\/div>\n\t\t\t\t<\/div>\n\t\t\t\t<\/div>","protected":false},"excerpt":{"rendered":"<p>AUTORIZA\u021aIE DE C\u0102L\u0102TORIE ETA PENTRU VIZ\u0102 \u00ceN REGATUL UNIT DIN APRILIE 2025 \u00cencep\u00e2nd cu 2 aprilie 2025, Regatul Unit va introduce un nou sistem electronic [\u2026]<\/p>","protected":false},"author":1,"featured_media":0,"parent":0,"menu_order":0,"comment_status":"closed","ping_status":"closed","template":"","meta":{"site-sidebar-layout":"no-sidebar","site-content-layout":"","ast-site-content-layout":"full-width-container","site-content-style":"default","site-sidebar-style":"default","ast-global-header-display":"","ast-banner-title-visibility":"","ast-main-header-display":"","ast-hfb-above-header-display":"","ast-hfb-below-header-display":"","ast-hfb-mobile-header-display":"","site-post-title":"disabled","ast-breadcrumbs-content":"","ast-featured-img":"disabled","footer-sml-layout":"","theme-transparent-header-meta":"","adv-header-id-meta":"","stick-header-meta":"","header-above-stick-meta":"","header-main-stick-meta":"","header-below-stick-meta":"","astra-migrate-meta-layouts":"default","ast-page-background-enabled":"default","ast-page-background-meta":{"desktop":{"background-color":"var(--ast-global-color-5)","background-image":"","background-repeat":"repeat","background-position":"center center","background-size":"auto","background-attachment":"scroll","background-type":"","background-media":"","overlay-type":"","overlay-color":"","overlay-opacity":"","overlay-gradient":""},"tablet":{"background-color":"","background-image":"","background-repeat":"repeat","background-position":"center center","background-size":"auto","background-attachment":"scroll","background-type":"","background-media":"","overlay-type":"","overlay-color":"","overlay-opacity":"","overlay-gradient":""},"mobile":{"background-color":"","background-image":"","background-repeat":"repeat","background-position":"center center","background-size":"auto","background-attachment":"scroll","background-type":"","background-media":"","overlay-type":"","overlay-color":"","overlay-opacity":"","overlay-gradient":""}},"ast-content-background-meta":{"desktop":{"background-color":"var(--ast-global-color-4)","background-image":"","background-repeat":"repeat","background-position":"center center","background-size":"auto","background-attachment":"scroll","background-type":"","background-media":"","overlay-type":"","overlay-color":"","overlay-opacity":"","overlay-gradient":""},"tablet":{"background-color":"var(--ast-global-color-4)","background-image":"","background-repeat":"repeat","background-position":"center center","background-size":"auto","background-attachment":"scroll","background-type":"","background-media":"","overlay-type":"","overlay-color":"","overlay-opacity":"","overlay-gradient":""},"mobile":{"background-color":"var(--ast-global-color-4)","background-image":"","background-repeat":"repeat","background-position":"center center","background-size":"auto","background-attachment":"scroll","background-type":"","background-media":"","overlay-type":"","overlay-color":"","overlay-opacity":"","overlay-gradient":""}},"footnotes":""},"class_list":["post-10","page","type-page","status-publish","hentry"],"_links":{"self":[{"href":"https:\/\/applyesta.us\/ro\/wp-json\/wp\/v2\/pages\/10","targetHints":{"allow":["GET"]}}],"collection":[{"href":"https:\/\/applyesta.us\/ro\/wp-json\/wp\/v2\/pages"}],"about":[{"href":"https:\/\/applyesta.us\/ro\/wp-json\/wp\/v2\/types\/page"}],"author":[{"embeddable":true,"href":"https:\/\/applyesta.us\/ro\/wp-json\/wp\/v2\/users\/1"}],"replies":[{"embeddable":true,"href":"https:\/\/applyesta.us\/ro\/wp-json\/wp\/v2\/comments?post=10"}],"version-history":[{"count":0,"href":"https:\/\/applyesta.us\/ro\/wp-json\/wp\/v2\/pages\/10\/revisions"}],"wp:attachment":[{"href":"https:\/\/applyesta.us\/ro\/wp-json\/wp\/v2\/media?parent=10"}],"curies":[{"name":"wp","href":"https:\/\/api.w.org\/{rel}","templated":true}]}}