{"id":10,"date":"2025-06-04T13:30:07","date_gmt":"2025-06-04T13:30:07","guid":{"rendered":"https:\/\/form.applyeta.uk\/?page_id=10"},"modified":"2025-06-04T20:17:47","modified_gmt":"2025-06-04T20:17:47","slug":"home","status":"publish","type":"page","link":"https:\/\/applyesta.us\/pt\/","title":{"rendered":"Lar"},"content":{"rendered":"<div data-elementor-type=\"wp-page\" data-elementor-id=\"10\" class=\"elementor elementor-10\" data-elementor-post-type=\"page\">\n\t\t\t\t<div class=\"elementor-element elementor-element-b305927 e-flex e-con-boxed e-con e-parent\" data-id=\"b305927\" data-element_type=\"container\">\n\t\t\t\t\t<div class=\"e-con-inner\">\n\t\t<div class=\"elementor-element elementor-element-9154e97 e-con-full e-flex e-con e-child\" data-id=\"9154e97\" data-element_type=\"container\">\n\t\t\t\t<div class=\"elementor-element elementor-element-5d52b4f elementor-widget elementor-widget-image\" data-id=\"5d52b4f\" data-element_type=\"widget\" data-widget_type=\"image.default\">\n\t\t\t\t<div class=\"elementor-widget-container\">\n\t\t\t\t\t\t\t\t\t\t\t\t\t\t\t<img fetchpriority=\"high\" decoding=\"async\" width=\"640\" height=\"408\" src=\"https:\/\/applyesta.us\/wp-content\/uploads\/2025\/06\/tower-bridge-980961_640-1.jpg\" class=\"attachment-large size-large wp-image-13\" alt=\"\" srcset=\"https:\/\/applyesta.us\/wp-content\/uploads\/2025\/06\/tower-bridge-980961_640-1.jpg 640w, https:\/\/applyesta.us\/wp-content\/uploads\/2025\/06\/tower-bridge-980961_640-1-300x191.jpg 300w\" sizes=\"(max-width: 640px) 100vw, 640px\" \/>\t\t\t\t\t\t\t\t\t\t\t\t\t\t\t<\/div>\n\t\t\t\t<\/div>\n\t\t\t\t<\/div>\n\t\t<div class=\"elementor-element elementor-element-35b765f e-con-full e-flex e-con e-child\" data-id=\"35b765f\" data-element_type=\"container\">\n\t\t\t\t<div class=\"elementor-element elementor-element-9eed95e elementor-widget elementor-widget-heading\" data-id=\"9eed95e\" data-element_type=\"widget\" data-widget_type=\"heading.default\">\n\t\t\t\t<div class=\"elementor-widget-container\">\n\t\t\t\t\t<h2 class=\"elementor-heading-title elementor-size-default\">AUTORIZA\u00c7\u00c3O DE VIAGEM VISTO ETA PARA O REINO UNIDO A PARTIR DE ABRIL DE 2025<\/h2>\t\t\t\t<\/div>\n\t\t\t\t<\/div>\n\t\t\t\t<div class=\"elementor-element elementor-element-f7ef9cb elementor-widget elementor-widget-text-editor\" data-id=\"f7ef9cb\" data-element_type=\"widget\" data-widget_type=\"text-editor.default\">\n\t\t\t\t<div class=\"elementor-widget-container\">\n\t\t\t\t\t\t\t\t\t<p style=\"text-align: left;\">De <strong>2 de abril de 2025<\/strong>, o Reino Unido ir\u00e1 introduzir um novo <strong>Autoriza\u00e7\u00e3o Eletr\u00f4nica de Viagem (ETA)<\/strong> sistema. Isso afetar\u00e1 os cidad\u00e3os desde <strong>Uni\u00e3o Europeia<\/strong> e v\u00e1rios outros pa\u00edses que, at\u00e9 agora, viajaram para o Reino Unido sem necessidade de visto. De acordo com as novas regras, viajantes de pa\u00edses isentos de visto, incluindo cidad\u00e3os da UE, precisar\u00e3o solicitar uma ETA antes de visitar o Reino Unido para estadias curtas.<\/p>\t\t\t\t\t\t\t\t<\/div>\n\t\t\t\t<\/div>\n\t\t\t\t<\/div>\n\t\t\t\t\t<\/div>\n\t\t\t\t<\/div>\n\t\t<div class=\"elementor-element elementor-element-5f3a042 e-con-full e-flex e-con e-parent\" data-id=\"5f3a042\" data-element_type=\"container\">\n\t\t\t\t<div class=\"elementor-element elementor-element-b179dea elementor-widget elementor-widget-html\" data-id=\"b179dea\" data-element_type=\"widget\" data-widget_type=\"html.default\">\n\t\t\t\t<div class=\"elementor-widget-container\">\n\t\t\t\t\t<div style=\"border: 2px solid #f57c00; background-color: #fff3e0; padding: 25px; margin: 20px auto; border-left: 8px solid #e65100; font-family: Arial, sans-serif; border-radius: 8px; max-width: 800px; text-align: center;\">\r\n  <strong style=\"font-size: 18px; color: #d84315; display: block; margin-bottom: 10px;\">\u26a0\ufe0f Aviso importante<\/strong>\r\n  <p style=\"font-size: 15px; color: #000; font-weight: bold; line-height: 1.7; margin: 0;\">\r\n    Este site \u00e9 apenas para fins informativos e n\u00e3o \u00e9 afiliado ao governo do Reino Unido. <br>\r\n    <u>Voc\u00ea n\u00e3o pode solicitar uma ETA (Autoriza\u00e7\u00e3o Eletr\u00f4nica de Viagem) por meio deste site.<\/u>\r\n    <br><br>\r\n    Para solicitar um ETA oficial do Reino Unido, visite o site oficial do governo do Reino Unido: <br>\r\n    <a href=\"https:\/\/www.gov.uk\/eta\" target=\"_blank\" style=\"color: #c62828; text-decoration: underline; font-weight: bold;\">www.gov.uk\/eta<\/a>\r\n  <\/p>\r\n<\/div>\r\n\t\t\t\t<\/div>\n\t\t\t\t<\/div>\n\t\t\t\t<\/div>\n\t\t<div class=\"elementor-element elementor-element-0c146e9 e-flex e-con-boxed e-con e-parent\" data-id=\"0c146e9\" data-element_type=\"container\">\n\t\t\t\t\t<div class=\"e-con-inner\">\n\t\t<div class=\"elementor-element elementor-element-d9ae5a4 e-con-full e-flex e-con e-child\" data-id=\"d9ae5a4\" data-element_type=\"container\">\n\t\t\t\t<div class=\"elementor-element elementor-element-053781a elementor-widget elementor-widget-heading\" data-id=\"053781a\" data-element_type=\"widget\" data-widget_type=\"heading.default\">\n\t\t\t\t<div class=\"elementor-widget-container\">\n\t\t\t\t\t<h2 class=\"elementor-heading-title elementor-size-default\">O que isso significa para os viajantes?<\/h2>\t\t\t\t<\/div>\n\t\t\t\t<\/div>\n\t\t\t\t<div class=\"elementor-element elementor-element-559d591 elementor-widget elementor-widget-text-editor\" data-id=\"559d591\" data-element_type=\"widget\" data-widget_type=\"text-editor.default\">\n\t\t\t\t<div class=\"elementor-widget-container\">\n\t\t\t\t\t\t\t\t\t<p>At\u00e9 agora, cidad\u00e3os da UE podiam viajar para o Reino Unido sem visto e sem a necessidade de qualquer autoriza\u00e7\u00e3o especial, beneficiando-se da livre circula\u00e7\u00e3o de pessoas dentro da Uni\u00e3o Europeia. No entanto, ap\u00f3s o Brexit, o Reino Unido perdeu sua filia\u00e7\u00e3o \u00e0 UE e est\u00e1 gradualmente introduzindo novas regras de migra\u00e7\u00e3o. Isso significa que, a partir de abril de 2025, cidad\u00e3os da UE ter\u00e3o que obter autoriza\u00e7\u00e3o antes de entrar em territ\u00f3rio brit\u00e2nico, semelhante ao processo atualmente exigido para viajantes de outras partes do mundo.<\/p><p>Esta permiss\u00e3o far\u00e1 parte do sistema de Autoriza\u00e7\u00e3o Eletr\u00f4nica de Viagem (ETA), que o governo do Reino Unido est\u00e1 implementando gradualmente para estrangeiros de diversos pa\u00edses. Os viajantes precisar\u00e3o solicitar a autoriza\u00e7\u00e3o antes da viagem, o que envolver\u00e1 o preenchimento de um formul\u00e1rio online, o pagamento de uma taxa e, possivelmente, a verifica\u00e7\u00e3o de seguran\u00e7a.<\/p>\t\t\t\t\t\t\t\t<\/div>\n\t\t\t\t<\/div>\n\t\t\t\t<\/div>\n\t\t<div class=\"elementor-element elementor-element-492b943 e-con-full e-flex e-con e-child\" data-id=\"492b943\" data-element_type=\"container\">\n\t\t\t\t<div class=\"elementor-element elementor-element-d2ef239 elementor-widget elementor-widget-heading\" data-id=\"d2ef239\" data-element_type=\"widget\" data-widget_type=\"heading.default\">\n\t\t\t\t<div class=\"elementor-widget-container\">\n\t\t\t\t\t<h2 class=\"elementor-heading-title elementor-size-default\">VIAGENS PARA O REINO UNIDO \u2013 O QUE MUDA EM 2025?<\/h2>\t\t\t\t<\/div>\n\t\t\t\t<\/div>\n\t\t\t\t<div class=\"elementor-element elementor-element-aa05846 elementor-widget elementor-widget-text-editor\" data-id=\"aa05846\" data-element_type=\"widget\" data-widget_type=\"text-editor.default\">\n\t\t\t\t<div class=\"elementor-widget-container\">\n\t\t\t\t\t\t\t\t\t<div class=\"elementor-element elementor-element-e8a87ae elementor-widget elementor-widget-text-editor\" data-id=\"e8a87ae\" data-element_type=\"widget\" data-widget_type=\"text-editor.default\"><div class=\"elementor-widget-container\"><p>At\u00e9 agora, os cidad\u00e3os da UE podiam visitar o Reino Unido sem qualquer autoriza\u00e7\u00e3o pr\u00e9via de viagem. No entanto, como parte da <strong>Pol\u00edtica de imigra\u00e7\u00e3o do Reino Unido p\u00f3s-Brexit<\/strong>A partir de abril de 2025, eles precisar\u00e3o solicitar uma ETA, semelhante ao sistema em vigor para viajantes de muitos outros pa\u00edses. Essa autoriza\u00e7\u00e3o ser\u00e1 obrigat\u00f3ria para quem viaja a turismo, neg\u00f3cios, estudos de curta dura\u00e7\u00e3o ou em tr\u00e2nsito.<\/p><p><strong>Como funciona o ETA?<\/strong><\/p><ul><li><strong>Aplica\u00e7\u00e3o Online<\/strong>: Os viajantes precisar\u00e3o enviar uma solicita\u00e7\u00e3o online antes de viajar. O processo incluir\u00e1 o preenchimento de um formul\u00e1rio, a resposta a perguntas de seguran\u00e7a e o pagamento de uma pequena taxa.<\/li><li><strong>Tempo de processamento<\/strong>:A maioria das solicita\u00e7\u00f5es de ETA ser\u00e3o processadas dentro de 48 a 72 horas.<\/li><li><strong>Verifica\u00e7\u00e3o de seguran\u00e7a<\/strong>:Uma verifica\u00e7\u00e3o de seguran\u00e7a pode ser realizada e, em alguns casos, os pedidos podem demorar mais para serem processados.<\/li><\/ul><\/div><\/div>\t\t\t\t\t\t\t\t<\/div>\n\t\t\t\t<\/div>\n\t\t\t\t<\/div>\n\t\t\t\t\t<\/div>\n\t\t\t\t<\/div>\n\t\t<div class=\"elementor-element elementor-element-45e0ced e-flex e-con-boxed e-con e-parent\" data-id=\"45e0ced\" data-element_type=\"container\">\n\t\t\t\t\t<div class=\"e-con-inner\">\n\t\t<div class=\"elementor-element elementor-element-df605a3 e-con-full e-flex e-con e-child\" data-id=\"df605a3\" data-element_type=\"container\">\n\t\t\t\t<div class=\"elementor-element elementor-element-94021c1 elementor-widget elementor-widget-heading\" data-id=\"94021c1\" data-element_type=\"widget\" data-widget_type=\"heading.default\">\n\t\t\t\t<div class=\"elementor-widget-container\">\n\t\t\t\t\t<h3 class=\"elementor-heading-title elementor-size-default\">QUEM PRECISA DE UMA ETA?<\/h3>\t\t\t\t<\/div>\n\t\t\t\t<\/div>\n\t\t\t\t<div class=\"elementor-element elementor-element-ef2aa14 elementor-widget elementor-widget-text-editor\" data-id=\"ef2aa14\" data-element_type=\"widget\" data-widget_type=\"text-editor.default\">\n\t\t\t\t<div class=\"elementor-widget-container\">\n\t\t\t\t\t\t\t\t\t<p>Ser\u00e1 necess\u00e1rio ETA para <strong>cidad\u00e3os de pa\u00edses isentos de visto<\/strong>, incluindo:<\/p><ul><li><strong>cidad\u00e3os da UE<\/strong><\/li><li>Viajantes do <strong>Emirados \u00c1rabes Unidos<\/strong>, <strong>Ar\u00e1bia Saudita<\/strong>, <strong>Bahrein<\/strong>, <strong>Kuwait<\/strong>, <strong>Jord\u00e2nia<\/strong>, <strong>Om\u00e3<\/strong> (a partir de fevereiro de 2024)<\/li><li><strong>cidad\u00e3os do Catar<\/strong> (a partir de novembro de 2023)<\/li><\/ul><p>Esta autoriza\u00e7\u00e3o se aplicar\u00e1 a turistas, visitantes de neg\u00f3cios, estudantes de curta dura\u00e7\u00e3o e pessoas em tr\u00e2nsito.<\/p>\t\t\t\t\t\t\t\t<\/div>\n\t\t\t\t<\/div>\n\t\t\t\t<\/div>\n\t\t<div class=\"elementor-element elementor-element-ed346d2 e-con-full e-flex e-con e-child\" data-id=\"ed346d2\" data-element_type=\"container\">\n\t\t\t\t<div class=\"elementor-element elementor-element-ff8e7bf elementor-widget elementor-widget-heading\" data-id=\"ff8e7bf\" data-element_type=\"widget\" data-widget_type=\"heading.default\">\n\t\t\t\t<div class=\"elementor-widget-container\">\n\t\t\t\t\t<h3 class=\"elementor-heading-title elementor-size-default\">ISEN\u00c7\u00d5ES:<\/h3>\t\t\t\t<\/div>\n\t\t\t\t<\/div>\n\t\t\t\t<div class=\"elementor-element elementor-element-77aee6c elementor-widget elementor-widget-text-editor\" data-id=\"77aee6c\" data-element_type=\"widget\" data-widget_type=\"text-editor.default\">\n\t\t\t\t<div class=\"elementor-widget-container\">\n\t\t\t\t\t\t\t\t\t<ul><li><strong>cidad\u00e3os brit\u00e2nicos e irlandeses<\/strong> est\u00e3o isentos do requisito de ETA.<\/li><li>Titulares de visto de longo prazo ou indiv\u00edduos com status est\u00e1vel no Reino Unido n\u00e3o precisam de uma ETA.<\/li><\/ul>\t\t\t\t\t\t\t\t<\/div>\n\t\t\t\t<\/div>\n\t\t\t\t<\/div>\n\t\t\t\t\t<\/div>\n\t\t\t\t<\/div>\n\t\t<div class=\"elementor-element elementor-element-f447f70 e-flex e-con-boxed e-con e-parent\" data-id=\"f447f70\" data-element_type=\"container\">\n\t\t\t\t\t<div class=\"e-con-inner\">\n\t\t\t\t<div class=\"elementor-element elementor-element-ef5e263 elementor-widget-divider--view-line elementor-widget elementor-widget-divider\" data-id=\"ef5e263\" data-element_type=\"widget\" data-widget_type=\"divider.default\">\n\t\t\t\t<div class=\"elementor-widget-container\">\n\t\t\t\t\t\t\t<div class=\"elementor-divider\">\n\t\t\t<span class=\"elementor-divider-separator\">\n\t\t\t\t\t\t<\/span>\n\t\t<\/div>\n\t\t\t\t\t\t<\/div>\n\t\t\t\t<\/div>\n\t\t\t\t<div class=\"elementor-element elementor-element-7bd378c elementor-widget elementor-widget-heading\" data-id=\"7bd378c\" data-element_type=\"widget\" data-widget_type=\"heading.default\">\n\t\t\t\t<div class=\"elementor-widget-container\">\n\t\t\t\t\t<h3 class=\"elementor-heading-title elementor-size-default\">Tipos de vistos de trabalho:<\/h3>\t\t\t\t<\/div>\n\t\t\t\t<\/div>\n\t\t\t\t\t<\/div>\n\t\t\t\t<\/div>\n\t\t<div class=\"elementor-element elementor-element-bf9a089 e-flex e-con-boxed e-con e-parent\" data-id=\"bf9a089\" data-element_type=\"container\">\n\t\t\t\t\t<div class=\"e-con-inner\">\n\t\t<div class=\"elementor-element elementor-element-9142cb4 e-con-full e-flex e-con e-child\" data-id=\"9142cb4\" data-element_type=\"container\">\n\t\t\t\t<div class=\"elementor-element elementor-element-a576fb1 elementor-widget elementor-widget-text-editor\" data-id=\"a576fb1\" data-element_type=\"widget\" data-widget_type=\"text-editor.default\">\n\t\t\t\t<div class=\"elementor-widget-container\">\n\t\t\t\t\t\t\t\t\t<ol><li><strong>Visto de Trabalhador Qualificado<\/strong>: Para trabalhadores com uma oferta de emprego no Reino Unido que atendem aos requisitos de qualifica\u00e7\u00e3o e sal\u00e1rio m\u00ednimo.<\/li><li><strong>Visto de Trabalhador Tempor\u00e1rio<\/strong>: Para trabalhadores sazonais, volunt\u00e1rios ou aqueles em programas de interc\u00e2mbio cultural e religioso.<\/li><li><strong>Visto de Talento Global<\/strong>:Para indiv\u00edduos altamente qualificados em \u00e1reas como ci\u00eancia, tecnologia, artes ou cultura.<\/li><\/ol><p>Cada visto de trabalho tem requisitos de documenta\u00e7\u00e3o espec\u00edficos, como comprovante de oferta de emprego, meios financeiros suficientes ou cumprimento de padr\u00f5es de profici\u00eancia no idioma.<\/p>\t\t\t\t\t\t\t\t<\/div>\n\t\t\t\t<\/div>\n\t\t\t\t<\/div>\n\t\t<div class=\"elementor-element elementor-element-477602e e-con-full e-flex e-con e-child\" data-id=\"477602e\" data-element_type=\"container\">\n\t\t\t\t<div class=\"elementor-element elementor-element-36b237a elementor-widget elementor-widget-text-editor\" data-id=\"36b237a\" data-element_type=\"widget\" data-widget_type=\"text-editor.default\">\n\t\t\t\t<div class=\"elementor-widget-container\">\n\t\t\t\t\t\t\t\t\t<p>Se voc\u00ea planeja trabalhar no Reino Unido por um longo prazo, precisar\u00e1 do visto de trabalho apropriado. O ETA cobre apenas visitas de curta dura\u00e7\u00e3o, como turismo ou viagens de neg\u00f3cios, mas n\u00e3o permite empregos de longo prazo. Para trabalhar no Reino Unido, voc\u00ea deve atender \u00e0s condi\u00e7\u00f5es espec\u00edficas para v\u00e1rios tipos de visto de trabalho, como o visto de trabalho. <strong>Visto de Trabalhador Qualificado<\/strong> ou o <strong>Visto de Trabalhador Tempor\u00e1rio<\/strong>.<\/p>\t\t\t\t\t\t\t\t<\/div>\n\t\t\t\t<\/div>\n\t\t\t\t<\/div>\n\t\t\t\t\t<\/div>\n\t\t\t\t<\/div>\n\t\t<div class=\"elementor-element elementor-element-7babe2f e-flex e-con-boxed e-con e-parent\" data-id=\"7babe2f\" data-element_type=\"container\">\n\t\t\t\t\t<div class=\"e-con-inner\">\n\t\t\t\t<div class=\"elementor-element elementor-element-f34bd57 elementor-widget-divider--view-line elementor-widget elementor-widget-divider\" data-id=\"f34bd57\" data-element_type=\"widget\" data-widget_type=\"divider.default\">\n\t\t\t\t<div class=\"elementor-widget-container\">\n\t\t\t\t\t\t\t<div class=\"elementor-divider\">\n\t\t\t<span class=\"elementor-divider-separator\">\n\t\t\t\t\t\t<\/span>\n\t\t<\/div>\n\t\t\t\t\t\t<\/div>\n\t\t\t\t<\/div>\n\t\t\t\t<div class=\"elementor-element elementor-element-fd547ce elementor-widget elementor-widget-heading\" data-id=\"fd547ce\" data-element_type=\"widget\" data-widget_type=\"heading.default\">\n\t\t\t\t<div class=\"elementor-widget-container\">\n\t\t\t\t\t<h3 class=\"elementor-heading-title elementor-size-default\">FAQ - Perguntas Frequentes<\/h3>\t\t\t\t<\/div>\n\t\t\t\t<\/div>\n\t\t\t\t<div class=\"elementor-element elementor-element-2773225 elementor-widget elementor-widget-text-editor\" data-id=\"2773225\" data-element_type=\"widget\" data-widget_type=\"text-editor.default\">\n\t\t\t\t<div class=\"elementor-widget-container\">\n\t\t\t\t\t\t\t\t\t<div data-id=\"019a625\" data-element_type=\"container\" data-settings=\"{&quot;content_width&quot;:&quot;boxed&quot;}\" data-core-v316-plus=\"true\"><div data-id=\"4776dd1\" data-element_type=\"widget\" data-widget_type=\"text-editor.default\"><h4><strong>1. O que \u00e9 o ETA do Reino Unido e quem precisa dele?<\/strong><\/h4><p><strong>A Autoriza\u00e7\u00e3o Eletr\u00f4nica de Viagem (ETA) <\/strong><span style=\"font-size: 16px;\">\u00e9 um sistema que est\u00e1 sendo introduzido pelo Reino Unido em <\/span><strong style=\"font-size: 16px;\">Abril de 2025<\/strong><span style=\"font-size: 16px;\">. Aplica-se a cidad\u00e3os de pa\u00edses que antes n\u00e3o precisavam de visto, como pa\u00edses da UE, e cobrir\u00e1 viagens de curta dura\u00e7\u00e3o (turismo, neg\u00f3cios, tr\u00e2nsito, etc.).<\/span><\/p><h4><strong>2. Quando as inscri\u00e7\u00f5es para o ETA ser\u00e3o abertas e quanto custar\u00e3o?<\/strong><\/h4><p>As inscri\u00e7\u00f5es para o ETA ser\u00e3o abertas em <strong>2024<\/strong>, com implementa\u00e7\u00e3o em abril de 2025. A taxa de servi\u00e7o \u00e9 <strong>\u00a316<\/strong>\u00a0por aplica\u00e7\u00e3o.<\/p><h4><strong>3. Como obtenho o ETA e quanto tempo demora?<\/strong><\/h4><p>As inscri\u00e7\u00f5es ser\u00e3o feitas online atrav\u00e9s do site do governo do Reino Unido ou do aplicativo m\u00f3vel. O processo envolve o preenchimento de informa\u00e7\u00f5es pessoais b\u00e1sicas, a resposta a perguntas de seguran\u00e7a e o pagamento da taxa. A maioria das inscri\u00e7\u00f5es ser\u00e1 processada em at\u00e9 <strong>48-72 horas<\/strong>.<\/p><h4><strong>4. Por quanto tempo o ETA \u00e9 v\u00e1lido e quantas vezes posso viajar com ele?<\/strong><\/h4><p>O ETA \u00e9 v\u00e1lido para <strong>2 anos<\/strong> ou at\u00e9 que o passaporte expire, o que ocorrer primeiro. Permite <strong>entradas m\u00faltiplas<\/strong> para o Reino Unido, com cada visita com dura\u00e7\u00e3o m\u00e1xima de <strong>6 meses<\/strong>.<\/p><h4><strong>5. Preciso imprimir minha ETA?<\/strong><\/h4><p>N\u00e3o, a ETA \u00e9 eletr\u00f4nica e est\u00e1 vinculada ao seu passaporte. Basta apresentar o passaporte na fronteira e sua ETA ser\u00e1 verificada automaticamente.<\/p><h4><strong>6. O que acontece se meu pedido de ETA for rejeitado?<\/strong><\/h4><p>Se o seu pedido de ETA for rejeitado, voc\u00ea poder\u00e1 reaplicar ou solicitar um tipo de visto diferente, como um <strong>Visto de visitante padr\u00e3o<\/strong>, o que pode envolver um processo de inscri\u00e7\u00e3o mais detalhado.<\/p><h4><strong>7. O ETA cobrir\u00e1 viagens para a Irlanda ou pa\u00edses Schengen?<\/strong><\/h4><p>N\u00e3o, o ETA \u00e9 v\u00e1lido apenas para viagens ao Reino Unido, incluindo <strong>Inglaterra, Esc\u00f3cia, Pa\u00eds de Gales e Irlanda do Norte<\/strong>. Aplicam-se condi\u00e7\u00f5es de entrada separadas para <strong>Irlanda<\/strong> e <strong>Schengen<\/strong> pa\u00edses.<\/p><h4><strong>8. As crian\u00e7as precisar\u00e3o de sua pr\u00f3pria ETA?<\/strong><\/h4><p>Sim, cada viajante, incluindo crian\u00e7as, precisar\u00e1 de seu pr\u00f3prio ETA vinculado ao seu passaporte.<\/p><h4><strong>9. H\u00e1 alguma exce\u00e7\u00e3o aos requisitos do ETA?<\/strong><\/h4><p>Sim, <strong>cidad\u00e3os irlandeses<\/strong> e indiv\u00edduos com vistos de longo prazo para trabalho, estudo ou resid\u00eancia no Reino Unido est\u00e3o isentos dos requisitos de ETA.<\/p><h4><strong>10. O que devo fazer se tiver mais perguntas<\/strong><\/h4><p>Visite o site oficial <strong>Site do governo do Reino Unido<\/strong> ou nossa se\u00e7\u00e3o de perguntas frequentes para mais detalhes e atualiza\u00e7\u00f5es sobre o sistema ETA.<\/p><\/div><\/div>\t\t\t\t\t\t\t\t<\/div>\n\t\t\t\t<\/div>\n\t\t\t\t\t<\/div>\n\t\t\t\t<\/div>\n\t\t<div class=\"elementor-element elementor-element-bf91d7f e-flex e-con-boxed e-con e-parent\" data-id=\"bf91d7f\" data-element_type=\"container\">\n\t\t\t\t\t<div class=\"e-con-inner\">\n\t\t<div class=\"elementor-element elementor-element-9825c1d e-con-full e-flex e-con e-child\" data-id=\"9825c1d\" data-element_type=\"container\">\n\t\t\t\t<div class=\"elementor-element elementor-element-45210bd elementor-align-center elementor-list-item-link-full_width elementor-widget elementor-widget-icon-list\" data-id=\"45210bd\" data-element_type=\"widget\" data-widget_type=\"icon-list.default\">\n\t\t\t\t<div class=\"elementor-widget-container\">\n\t\t\t\t\t\t\t<ul class=\"elementor-icon-list-items\">\n\t\t\t\t\t\t\t<li class=\"elementor-icon-list-item\">\n\t\t\t\t\t\t\t\t\t\t<span class=\"elementor-icon-list-text\">N\u00famero de identifica\u00e7\u00e3o da empresa: 08392226<\/span>\n\t\t\t\t\t\t\t\t\t<\/li>\n\t\t\t\t\t\t\t\t<li class=\"elementor-icon-list-item\">\n\t\t\t\t\t\t\t\t\t\t<span class=\"elementor-icon-list-text\">VISA USA sro<\/span>\n\t\t\t\t\t\t\t\t\t<\/li>\n\t\t\t\t\t\t\t\t<li class=\"elementor-icon-list-item\">\n\t\t\t\t\t\t\t\t\t\t<span class=\"elementor-icon-list-text\">S\u00e3o. Cecha 750\/4, Bilovec 743 01, Tch\u00e9quia<\/span>\n\t\t\t\t\t\t\t\t\t<\/li>\n\t\t\t\t\t\t<\/ul>\n\t\t\t\t\t\t<\/div>\n\t\t\t\t<\/div>\n\t\t\t\t<\/div>\n\t\t<div class=\"elementor-element elementor-element-c6703c3 e-con-full e-flex e-con e-child\" data-id=\"c6703c3\" data-element_type=\"container\">\n\t\t\t\t<div class=\"elementor-element elementor-element-79d431f elementor-widget elementor-widget-text-editor\" data-id=\"79d431f\" data-element_type=\"widget\" data-widget_type=\"text-editor.default\">\n\t\t\t\t<div class=\"elementor-widget-container\">\n\t\t\t\t\t\t\t\t\t<p style=\"text-align: center;\">Este site e nossa empresa n\u00e3o t\u00eam qualquer v\u00ednculo com as autoridades ou o governo do Reino Unido. O site oficial pode ser encontrado em www.gov.uk.<\/p>\t\t\t\t\t\t\t\t<\/div>\n\t\t\t\t<\/div>\n\t\t\t\t<\/div>\n\t\t\t\t\t<\/div>\n\t\t\t\t<\/div>\n\t\t\t\t<\/div>","protected":false},"excerpt":{"rendered":"<p>AUTORIZA\u00c7\u00c3O DE VIAGEM VISTO ETA PARA O REINO UNIDO A PARTIR DE ABRIL DE 2025 A partir de 2 de abril de 2025, o Reino Unido introduzir\u00e1 um novo visto eletr\u00f4nico [\u2026]<\/p>","protected":false},"author":1,"featured_media":0,"parent":0,"menu_order":0,"comment_status":"closed","ping_status":"closed","template":"","meta":{"site-sidebar-layout":"no-sidebar","site-content-layout":"","ast-site-content-layout":"full-width-container","site-content-style":"default","site-sidebar-style":"default","ast-global-header-display":"","ast-banner-title-visibility":"","ast-main-header-display":"","ast-hfb-above-header-display":"","ast-hfb-below-header-display":"","ast-hfb-mobile-header-display":"","site-post-title":"disabled","ast-breadcrumbs-content":"","ast-featured-img":"disabled","footer-sml-layout":"","theme-transparent-header-meta":"","adv-header-id-meta":"","stick-header-meta":"","header-above-stick-meta":"","header-main-stick-meta":"","header-below-stick-meta":"","astra-migrate-meta-layouts":"default","ast-page-background-enabled":"default","ast-page-background-meta":{"desktop":{"background-color":"var(--ast-global-color-5)","background-image":"","background-repeat":"repeat","background-position":"center center","background-size":"auto","background-attachment":"scroll","background-type":"","background-media":"","overlay-type":"","overlay-color":"","overlay-opacity":"","overlay-gradient":""},"tablet":{"background-color":"","background-image":"","background-repeat":"repeat","background-position":"center center","background-size":"auto","background-attachment":"scroll","background-type":"","background-media":"","overlay-type":"","overlay-color":"","overlay-opacity":"","overlay-gradient":""},"mobile":{"background-color":"","background-image":"","background-repeat":"repeat","background-position":"center center","background-size":"auto","background-attachment":"scroll","background-type":"","background-media":"","overlay-type":"","overlay-color":"","overlay-opacity":"","overlay-gradient":""}},"ast-content-background-meta":{"desktop":{"background-color":"var(--ast-global-color-4)","background-image":"","background-repeat":"repeat","background-position":"center center","background-size":"auto","background-attachment":"scroll","background-type":"","background-media":"","overlay-type":"","overlay-color":"","overlay-opacity":"","overlay-gradient":""},"tablet":{"background-color":"var(--ast-global-color-4)","background-image":"","background-repeat":"repeat","background-position":"center center","background-size":"auto","background-attachment":"scroll","background-type":"","background-media":"","overlay-type":"","overlay-color":"","overlay-opacity":"","overlay-gradient":""},"mobile":{"background-color":"var(--ast-global-color-4)","background-image":"","background-repeat":"repeat","background-position":"center center","background-size":"auto","background-attachment":"scroll","background-type":"","background-media":"","overlay-type":"","overlay-color":"","overlay-opacity":"","overlay-gradient":""}},"footnotes":""},"class_list":["post-10","page","type-page","status-publish","hentry"],"_links":{"self":[{"href":"https:\/\/applyesta.us\/pt\/wp-json\/wp\/v2\/pages\/10","targetHints":{"allow":["GET"]}}],"collection":[{"href":"https:\/\/applyesta.us\/pt\/wp-json\/wp\/v2\/pages"}],"about":[{"href":"https:\/\/applyesta.us\/pt\/wp-json\/wp\/v2\/types\/page"}],"author":[{"embeddable":true,"href":"https:\/\/applyesta.us\/pt\/wp-json\/wp\/v2\/users\/1"}],"replies":[{"embeddable":true,"href":"https:\/\/applyesta.us\/pt\/wp-json\/wp\/v2\/comments?post=10"}],"version-history":[{"count":0,"href":"https:\/\/applyesta.us\/pt\/wp-json\/wp\/v2\/pages\/10\/revisions"}],"wp:attachment":[{"href":"https:\/\/applyesta.us\/pt\/wp-json\/wp\/v2\/media?parent=10"}],"curies":[{"name":"wp","href":"https:\/\/api.w.org\/{rel}","templated":true}]}}