{"id":10,"date":"2025-06-04T13:30:07","date_gmt":"2025-06-04T13:30:07","guid":{"rendered":"https:\/\/form.applyeta.uk\/?page_id=10"},"modified":"2025-06-04T20:17:47","modified_gmt":"2025-06-04T20:17:47","slug":"home","status":"publish","type":"page","link":"https:\/\/applyesta.us\/pl\/","title":{"rendered":"Dom"},"content":{"rendered":"<div data-elementor-type=\"wp-page\" data-elementor-id=\"10\" class=\"elementor elementor-10\" data-elementor-post-type=\"page\">\n\t\t\t\t<div class=\"elementor-element elementor-element-b305927 e-flex e-con-boxed e-con e-parent\" data-id=\"b305927\" data-element_type=\"container\">\n\t\t\t\t\t<div class=\"e-con-inner\">\n\t\t<div class=\"elementor-element elementor-element-9154e97 e-con-full e-flex e-con e-child\" data-id=\"9154e97\" data-element_type=\"container\">\n\t\t\t\t<div class=\"elementor-element elementor-element-5d52b4f elementor-widget elementor-widget-image\" data-id=\"5d52b4f\" data-element_type=\"widget\" data-widget_type=\"image.default\">\n\t\t\t\t<div class=\"elementor-widget-container\">\n\t\t\t\t\t\t\t\t\t\t\t\t\t\t\t<img fetchpriority=\"high\" decoding=\"async\" width=\"640\" height=\"408\" src=\"https:\/\/applyesta.us\/wp-content\/uploads\/2025\/06\/tower-bridge-980961_640-1.jpg\" class=\"attachment-large size-large wp-image-13\" alt=\"\" srcset=\"https:\/\/applyesta.us\/wp-content\/uploads\/2025\/06\/tower-bridge-980961_640-1.jpg 640w, https:\/\/applyesta.us\/wp-content\/uploads\/2025\/06\/tower-bridge-980961_640-1-300x191.jpg 300w\" sizes=\"(max-width: 640px) 100vw, 640px\" \/>\t\t\t\t\t\t\t\t\t\t\t\t\t\t\t<\/div>\n\t\t\t\t<\/div>\n\t\t\t\t<\/div>\n\t\t<div class=\"elementor-element elementor-element-35b765f e-con-full e-flex e-con e-child\" data-id=\"35b765f\" data-element_type=\"container\">\n\t\t\t\t<div class=\"elementor-element elementor-element-9eed95e elementor-widget elementor-widget-heading\" data-id=\"9eed95e\" data-element_type=\"widget\" data-widget_type=\"heading.default\">\n\t\t\t\t<div class=\"elementor-widget-container\">\n\t\t\t\t\t<h2 class=\"elementor-heading-title elementor-size-default\">WIZA ETA DO WIELKIEJ BRYTANII OD KWIETNIA 2025<\/h2>\t\t\t\t<\/div>\n\t\t\t\t<\/div>\n\t\t\t\t<div class=\"elementor-element elementor-element-f7ef9cb elementor-widget elementor-widget-text-editor\" data-id=\"f7ef9cb\" data-element_type=\"widget\" data-widget_type=\"text-editor.default\">\n\t\t\t\t<div class=\"elementor-widget-container\">\n\t\t\t\t\t\t\t\t\t<p style=\"text-align: left;\">Z <strong>2 kwietnia 2025 r.<\/strong>, Wielka Brytania wprowadzi nowy <strong>Elektroniczna Autoryzacja Podr\u00f3\u017cy (ETA)<\/strong> systemu. B\u0119dzie to mia\u0142o wp\u0142yw na obywateli z <strong>Unia Europejska<\/strong> i kilka innych kraj\u00f3w, kt\u00f3re do tej pory podr\u00f3\u017cowa\u0142y do Wielkiej Brytanii bez konieczno\u015bci posiadania wizy. Zgodnie z nowymi przepisami podr\u00f3\u017cni z kraj\u00f3w zwolnionych z obowi\u0105zku wizowego, w tym obywatele UE, b\u0119d\u0105 musieli ubiega\u0107 si\u0119 o ETA przed wizyt\u0105 w Wielkiej Brytanii na kr\u00f3tkie pobyty.<\/p>\t\t\t\t\t\t\t\t<\/div>\n\t\t\t\t<\/div>\n\t\t\t\t<\/div>\n\t\t\t\t\t<\/div>\n\t\t\t\t<\/div>\n\t\t<div class=\"elementor-element elementor-element-5f3a042 e-con-full e-flex e-con e-parent\" data-id=\"5f3a042\" data-element_type=\"container\">\n\t\t\t\t<div class=\"elementor-element elementor-element-b179dea elementor-widget elementor-widget-html\" data-id=\"b179dea\" data-element_type=\"widget\" data-widget_type=\"html.default\">\n\t\t\t\t<div class=\"elementor-widget-container\">\n\t\t\t\t\t<div style=\"border: 2px solid #f57c00; background-color: #fff3e0; padding: 25px; margin: 20px auto; border-left: 8px solid #e65100; font-family: Arial, sans-serif; border-radius: 8px; max-width: 800px; text-align: center;\">\r\n  <strong style=\"font-size: 18px; color: #d84315; display: block; margin-bottom: 10px;\">\u26a0\ufe0f Wa\u017cna informacja<\/strong>\r\n  <p style=\"font-size: 15px; color: #000; font-weight: bold; line-height: 1.7; margin: 0;\">\r\n    Niniejsza strona internetowa ma charakter wy\u0142\u0105cznie informacyjny i nie jest powi\u0105zana z rz\u0105dem Wielkiej Brytanii. <br>\r\n    <u>Na tej stronie nie mo\u017cna ubiega\u0107 si\u0119 o ETA (Elektroniczne Zezwolenie na Podr\u00f3\u017c).<\/u>\r\n    <br><br>\r\n    Aby z\u0142o\u017cy\u0107 wniosek o oficjaln\u0105 brytyjsk\u0105 ETA, odwied\u017a oficjaln\u0105 stron\u0119 internetow\u0105 rz\u0105du Wielkiej Brytanii: <br>\r\n    <a href=\"https:\/\/www.gov.uk\/eta\" target=\"_blank\" style=\"color: #c62828; text-decoration: underline; font-weight: bold;\">www.gov.uk\/eta<\/a>\r\n  <\/p>\r\n<\/div>\r\n\t\t\t\t<\/div>\n\t\t\t\t<\/div>\n\t\t\t\t<\/div>\n\t\t<div class=\"elementor-element elementor-element-0c146e9 e-flex e-con-boxed e-con e-parent\" data-id=\"0c146e9\" data-element_type=\"container\">\n\t\t\t\t\t<div class=\"e-con-inner\">\n\t\t<div class=\"elementor-element elementor-element-d9ae5a4 e-con-full e-flex e-con e-child\" data-id=\"d9ae5a4\" data-element_type=\"container\">\n\t\t\t\t<div class=\"elementor-element elementor-element-053781a elementor-widget elementor-widget-heading\" data-id=\"053781a\" data-element_type=\"widget\" data-widget_type=\"heading.default\">\n\t\t\t\t<div class=\"elementor-widget-container\">\n\t\t\t\t\t<h2 class=\"elementor-heading-title elementor-size-default\">Co to oznacza dla podr\u00f3\u017cnych?<\/h2>\t\t\t\t<\/div>\n\t\t\t\t<\/div>\n\t\t\t\t<div class=\"elementor-element elementor-element-559d591 elementor-widget elementor-widget-text-editor\" data-id=\"559d591\" data-element_type=\"widget\" data-widget_type=\"text-editor.default\">\n\t\t\t\t<div class=\"elementor-widget-container\">\n\t\t\t\t\t\t\t\t\t<p>Do tej pory obywatele UE mogli podr\u00f3\u017cowa\u0107 do Zjednoczonego Kr\u00f3lestwa bez wiz i bez potrzeby specjalnego zezwolenia, korzystaj\u0105c ze swobodnego przep\u0142ywu os\u00f3b w Unii Europejskiej. Jednak po Brexicie Zjednoczone Kr\u00f3lestwo utraci\u0142o cz\u0142onkostwo w UE i stopniowo wprowadza nowe przepisy migracyjne. Oznacza to, \u017ce od kwietnia 2025 r. obywatele UE b\u0119d\u0105 musieli uzyska\u0107 zezwolenie przed wjazdem na terytorium Wielkiej Brytanii, podobnie jak obecnie wymaga si\u0119 od podr\u00f3\u017cnych z innych cz\u0119\u015bci \u015bwiata.<\/p><p>To pozwolenie b\u0119dzie cz\u0119\u015bci\u0105 systemu Electronic Travel Authorisation (ETA), kt\u00f3ry rz\u0105d Wielkiej Brytanii stopniowo wdra\u017ca dla obywateli zagranicznych z r\u00f3\u017cnych kraj\u00f3w. Podr\u00f3\u017cni b\u0119d\u0105 musieli ubiega\u0107 si\u0119 o zezwolenie przed podr\u00f3\u017c\u0105, co b\u0119dzie wi\u0105za\u0142o si\u0119 z wype\u0142nieniem wniosku online, uiszczeniem op\u0142aty i ewentualnym poddaniem si\u0119 kontroli bezpiecze\u0144stwa.<\/p>\t\t\t\t\t\t\t\t<\/div>\n\t\t\t\t<\/div>\n\t\t\t\t<\/div>\n\t\t<div class=\"elementor-element elementor-element-492b943 e-con-full e-flex e-con e-child\" data-id=\"492b943\" data-element_type=\"container\">\n\t\t\t\t<div class=\"elementor-element elementor-element-d2ef239 elementor-widget elementor-widget-heading\" data-id=\"d2ef239\" data-element_type=\"widget\" data-widget_type=\"heading.default\">\n\t\t\t\t<div class=\"elementor-widget-container\">\n\t\t\t\t\t<h2 class=\"elementor-heading-title elementor-size-default\">PODR\u00d3\u017b DO WIELKIEJ BRYTANII \u2013 CO ZMIENI SI\u0118 W 2025 ROKU?<\/h2>\t\t\t\t<\/div>\n\t\t\t\t<\/div>\n\t\t\t\t<div class=\"elementor-element elementor-element-aa05846 elementor-widget elementor-widget-text-editor\" data-id=\"aa05846\" data-element_type=\"widget\" data-widget_type=\"text-editor.default\">\n\t\t\t\t<div class=\"elementor-widget-container\">\n\t\t\t\t\t\t\t\t\t<div class=\"elementor-element elementor-element-e8a87ae elementor-widget elementor-widget-text-editor\" data-id=\"e8a87ae\" data-element_type=\"widget\" data-widget_type=\"text-editor.default\"><div class=\"elementor-widget-container\"><p>Do tej pory obywatele UE mogli odwiedza\u0107 Wielk\u0105 Brytani\u0119 bez wcze\u015bniejszego zezwolenia na podr\u00f3\u017c. Jednak w ramach <strong>Polityka imigracyjna Wielkiej Brytanii po Brexicie<\/strong>, od kwietnia 2025 r. b\u0119d\u0105 musieli ubiega\u0107 si\u0119 o ETA, podobnie jak w przypadku systemu obowi\u0105zuj\u0105cego dla podr\u00f3\u017cnych z wielu innych kraj\u00f3w. Ta autoryzacja b\u0119dzie obowi\u0105zkowa dla os\u00f3b odwiedzaj\u0105cych w celach turystycznych, biznesowych, kr\u00f3tkoterminowych studi\u00f3w lub w celach tranzytowych.<\/p><p><strong>Jak dzia\u0142a ETA?<\/strong><\/p><ul><li><strong>Aplikacja online<\/strong>: Podr\u00f3\u017cni b\u0119d\u0105 musieli z\u0142o\u017cy\u0107 wniosek online przed podr\u00f3\u017c\u0105. Proces b\u0119dzie obejmowa\u0142 wype\u0142nienie formularza, udzielenie odpowiedzi na pytania bezpiecze\u0144stwa i uiszczenie niewielkiej op\u0142aty.<\/li><li><strong>Czas przetwarzania<\/strong>:Wi\u0119kszo\u015b\u0107 wniosk\u00f3w o ETA zostanie rozpatrzona w ci\u0105gu 48\u201372 godzin.<\/li><li><strong>Kontrola bezpiecze\u0144stwa<\/strong>:Mo\u017ce zosta\u0107 przeprowadzona kontrola bezpiecze\u0144stwa, a w niekt\u00f3rych przypadkach rozpatrzenie wniosk\u00f3w mo\u017ce potrwa\u0107 d\u0142u\u017cej.<\/li><\/ul><\/div><\/div>\t\t\t\t\t\t\t\t<\/div>\n\t\t\t\t<\/div>\n\t\t\t\t<\/div>\n\t\t\t\t\t<\/div>\n\t\t\t\t<\/div>\n\t\t<div class=\"elementor-element elementor-element-45e0ced e-flex e-con-boxed e-con e-parent\" data-id=\"45e0ced\" data-element_type=\"container\">\n\t\t\t\t\t<div class=\"e-con-inner\">\n\t\t<div class=\"elementor-element elementor-element-df605a3 e-con-full e-flex e-con e-child\" data-id=\"df605a3\" data-element_type=\"container\">\n\t\t\t\t<div class=\"elementor-element elementor-element-94021c1 elementor-widget elementor-widget-heading\" data-id=\"94021c1\" data-element_type=\"widget\" data-widget_type=\"heading.default\">\n\t\t\t\t<div class=\"elementor-widget-container\">\n\t\t\t\t\t<h3 class=\"elementor-heading-title elementor-size-default\">KTO POTRZEBUJE ETA?<\/h3>\t\t\t\t<\/div>\n\t\t\t\t<\/div>\n\t\t\t\t<div class=\"elementor-element elementor-element-ef2aa14 elementor-widget elementor-widget-text-editor\" data-id=\"ef2aa14\" data-element_type=\"widget\" data-widget_type=\"text-editor.default\">\n\t\t\t\t<div class=\"elementor-widget-container\">\n\t\t\t\t\t\t\t\t\t<p>ETA b\u0119dzie wymagane dla <strong>obywatele kraj\u00f3w zwolnionych z obowi\u0105zku wizowego<\/strong>, w tym:<\/p><ul><li><strong>Obywatele UE<\/strong><\/li><li>Podr\u00f3\u017cni z <strong>Emiraty Arabskie<\/strong>, <strong>Arabia Saudyjska<\/strong>, <strong>Bahrajn<\/strong>, <strong>Kuwejt<\/strong>, <strong>Jordania<\/strong>, <strong>Oman<\/strong> (od lutego 2024)<\/li><li><strong>Obywatele Kataru<\/strong> (od listopada 2023)<\/li><\/ul><p>Zezwolenie to b\u0119dzie dotyczy\u0142o turyst\u00f3w, os\u00f3b podr\u00f3\u017cuj\u0105cych s\u0142u\u017cbowo, student\u00f3w odbywaj\u0105cych kr\u00f3tkoterminowe podr\u00f3\u017ce oraz os\u00f3b podr\u00f3\u017cuj\u0105cych tranzytem.<\/p>\t\t\t\t\t\t\t\t<\/div>\n\t\t\t\t<\/div>\n\t\t\t\t<\/div>\n\t\t<div class=\"elementor-element elementor-element-ed346d2 e-con-full e-flex e-con e-child\" data-id=\"ed346d2\" data-element_type=\"container\">\n\t\t\t\t<div class=\"elementor-element elementor-element-ff8e7bf elementor-widget elementor-widget-heading\" data-id=\"ff8e7bf\" data-element_type=\"widget\" data-widget_type=\"heading.default\">\n\t\t\t\t<div class=\"elementor-widget-container\">\n\t\t\t\t\t<h3 class=\"elementor-heading-title elementor-size-default\">WYJ\u0104TKI:<\/h3>\t\t\t\t<\/div>\n\t\t\t\t<\/div>\n\t\t\t\t<div class=\"elementor-element elementor-element-77aee6c elementor-widget elementor-widget-text-editor\" data-id=\"77aee6c\" data-element_type=\"widget\" data-widget_type=\"text-editor.default\">\n\t\t\t\t<div class=\"elementor-widget-container\">\n\t\t\t\t\t\t\t\t\t<ul><li><strong>Obywatele brytyjscy i irlandzcy<\/strong> s\u0105 zwolnione z wymogu ETA.<\/li><li>Osoby posiadaj\u0105ce d\u0142ugoterminow\u0105 wiz\u0119 lub status osoby osiedlonej w Wielkiej Brytanii nie potrzebuj\u0105 ETA.<\/li><\/ul>\t\t\t\t\t\t\t\t<\/div>\n\t\t\t\t<\/div>\n\t\t\t\t<\/div>\n\t\t\t\t\t<\/div>\n\t\t\t\t<\/div>\n\t\t<div class=\"elementor-element elementor-element-f447f70 e-flex e-con-boxed e-con e-parent\" data-id=\"f447f70\" data-element_type=\"container\">\n\t\t\t\t\t<div class=\"e-con-inner\">\n\t\t\t\t<div class=\"elementor-element elementor-element-ef5e263 elementor-widget-divider--view-line elementor-widget elementor-widget-divider\" data-id=\"ef5e263\" data-element_type=\"widget\" data-widget_type=\"divider.default\">\n\t\t\t\t<div class=\"elementor-widget-container\">\n\t\t\t\t\t\t\t<div class=\"elementor-divider\">\n\t\t\t<span class=\"elementor-divider-separator\">\n\t\t\t\t\t\t<\/span>\n\t\t<\/div>\n\t\t\t\t\t\t<\/div>\n\t\t\t\t<\/div>\n\t\t\t\t<div class=\"elementor-element elementor-element-7bd378c elementor-widget elementor-widget-heading\" data-id=\"7bd378c\" data-element_type=\"widget\" data-widget_type=\"heading.default\">\n\t\t\t\t<div class=\"elementor-widget-container\">\n\t\t\t\t\t<h3 class=\"elementor-heading-title elementor-size-default\">Rodzaje wiz pracowniczych:<\/h3>\t\t\t\t<\/div>\n\t\t\t\t<\/div>\n\t\t\t\t\t<\/div>\n\t\t\t\t<\/div>\n\t\t<div class=\"elementor-element elementor-element-bf9a089 e-flex e-con-boxed e-con e-parent\" data-id=\"bf9a089\" data-element_type=\"container\">\n\t\t\t\t\t<div class=\"e-con-inner\">\n\t\t<div class=\"elementor-element elementor-element-9142cb4 e-con-full e-flex e-con e-child\" data-id=\"9142cb4\" data-element_type=\"container\">\n\t\t\t\t<div class=\"elementor-element elementor-element-a576fb1 elementor-widget elementor-widget-text-editor\" data-id=\"a576fb1\" data-element_type=\"widget\" data-widget_type=\"text-editor.default\">\n\t\t\t\t<div class=\"elementor-widget-container\">\n\t\t\t\t\t\t\t\t\t<ol><li><strong>Wiza dla wykwalifikowanego pracownika<\/strong>: Dla pracownik\u00f3w, kt\u00f3rzy maj\u0105 ofert\u0119 pracy w Wielkiej Brytanii, spe\u0142niaj\u0105 wymagania dotycz\u0105ce umiej\u0119tno\u015bci i minimalnego wynagrodzenia.<\/li><li><strong>Wiza dla pracownika tymczasowego<\/strong>: Dla pracownik\u00f3w sezonowych, wolontariuszy lub uczestnik\u00f3w program\u00f3w wymiany kulturalnej i religijnej.<\/li><li><strong>Globalna wiza talent\u00f3w<\/strong>:Dla os\u00f3b o wysokich kwalifikacjach w dziedzinach takich jak nauka, technologia, sztuka lub kultura.<\/li><\/ol><p>Ka\u017cda wiza pracownicza wi\u0105\u017ce si\u0119 z okre\u015blonymi wymaganiami dotycz\u0105cymi dokumentacji, takimi jak dow\u00f3d oferty pracy, wystarczaj\u0105ce \u015brodki finansowe lub spe\u0142nienie standard\u00f3w znajomo\u015bci j\u0119zyka.<\/p>\t\t\t\t\t\t\t\t<\/div>\n\t\t\t\t<\/div>\n\t\t\t\t<\/div>\n\t\t<div class=\"elementor-element elementor-element-477602e e-con-full e-flex e-con e-child\" data-id=\"477602e\" data-element_type=\"container\">\n\t\t\t\t<div class=\"elementor-element elementor-element-36b237a elementor-widget elementor-widget-text-editor\" data-id=\"36b237a\" data-element_type=\"widget\" data-widget_type=\"text-editor.default\">\n\t\t\t\t<div class=\"elementor-widget-container\">\n\t\t\t\t\t\t\t\t\t<p>Je\u015bli planujesz d\u0142ugoterminow\u0105 prac\u0119 w Wielkiej Brytanii, b\u0119dziesz potrzebowa\u0107 odpowiedniej wizy pracowniczej. ETA obejmuje tylko kr\u00f3tkoterminowe wizyty, takie jak turystyka lub podr\u00f3\u017ce s\u0142u\u017cbowe, ale nie zezwala na d\u0142ugoterminowe zatrudnienie. Aby pracowa\u0107 w Wielkiej Brytanii, musisz spe\u0142ni\u0107 okre\u015blone warunki dotycz\u0105ce r\u00f3\u017cnych rodzaj\u00f3w wiz pracowniczych, takich jak <strong>Wiza dla wykwalifikowanego pracownika<\/strong> lub <strong>Wiza dla pracownika tymczasowego<\/strong>.<\/p>\t\t\t\t\t\t\t\t<\/div>\n\t\t\t\t<\/div>\n\t\t\t\t<\/div>\n\t\t\t\t\t<\/div>\n\t\t\t\t<\/div>\n\t\t<div class=\"elementor-element elementor-element-7babe2f e-flex e-con-boxed e-con e-parent\" data-id=\"7babe2f\" data-element_type=\"container\">\n\t\t\t\t\t<div class=\"e-con-inner\">\n\t\t\t\t<div class=\"elementor-element elementor-element-f34bd57 elementor-widget-divider--view-line elementor-widget elementor-widget-divider\" data-id=\"f34bd57\" data-element_type=\"widget\" data-widget_type=\"divider.default\">\n\t\t\t\t<div class=\"elementor-widget-container\">\n\t\t\t\t\t\t\t<div class=\"elementor-divider\">\n\t\t\t<span class=\"elementor-divider-separator\">\n\t\t\t\t\t\t<\/span>\n\t\t<\/div>\n\t\t\t\t\t\t<\/div>\n\t\t\t\t<\/div>\n\t\t\t\t<div class=\"elementor-element elementor-element-fd547ce elementor-widget elementor-widget-heading\" data-id=\"fd547ce\" data-element_type=\"widget\" data-widget_type=\"heading.default\">\n\t\t\t\t<div class=\"elementor-widget-container\">\n\t\t\t\t\t<h3 class=\"elementor-heading-title elementor-size-default\">FAQ - Najcz\u0119\u015bciej zadawane pytania<\/h3>\t\t\t\t<\/div>\n\t\t\t\t<\/div>\n\t\t\t\t<div class=\"elementor-element elementor-element-2773225 elementor-widget elementor-widget-text-editor\" data-id=\"2773225\" data-element_type=\"widget\" data-widget_type=\"text-editor.default\">\n\t\t\t\t<div class=\"elementor-widget-container\">\n\t\t\t\t\t\t\t\t\t<div data-id=\"019a625\" data-element_type=\"container\" data-settings=\"{&quot;content_width&quot;:&quot;boxed&quot;}\" data-core-v316-plus=\"true\"><div data-id=\"4776dd1\" data-element_type=\"widget\" data-widget_type=\"text-editor.default\"><h4><strong>1. Czym jest brytyjska ETA i kto jej potrzebuje?<\/strong><\/h4><p><strong>Elektroniczna Autoryzacja Podr\u00f3\u017cy (ETA) <\/strong><span style=\"font-size: 16px;\">jest systemem wprowadzanym przez Wielk\u0105 Brytani\u0119 w <\/span><strong style=\"font-size: 16px;\">Kwiecie\u0144 2025<\/strong><span style=\"font-size: 16px;\">Dotyczy ona obywateli kraj\u00f3w, kt\u00f3re wcze\u015bniej nie potrzebowa\u0142y wizy, takich jak pa\u0144stwa UE, i obejmuje kr\u00f3tkoterminowe podr\u00f3\u017ce (turystyka, biznes, tranzyt itp.).<\/span><\/p><h4><strong>2. Kiedy b\u0119dzie mo\u017cna sk\u0142ada\u0107 wnioski o ETA i ile to b\u0119dzie kosztowa\u0107?<\/strong><\/h4><p>Wnioski o ETA zostan\u0105 otwarte za <strong>2024<\/strong>, z wdro\u017ceniem w kwietniu 2025 r. Op\u0142ata za us\u0142ug\u0119 wynosi <strong>\u00a316<\/strong>\u00a0na aplikacj\u0119.<\/p><h4><strong>3. Jak mog\u0119 uzyska\u0107 szacunkowy czas przybycia (ETA) i ile to potrwa?<\/strong><\/h4><p>Wnioski b\u0119d\u0105 sk\u0142adane online za po\u015brednictwem strony internetowej rz\u0105du Wielkiej Brytanii lub aplikacji mobilnej. Proces obejmuje wype\u0142nienie podstawowych danych osobowych, udzielenie odpowiedzi na pytania bezpiecze\u0144stwa i uiszczenie op\u0142aty. Wi\u0119kszo\u015b\u0107 wniosk\u00f3w zostanie rozpatrzona w ci\u0105gu <strong>48-72 godzin<\/strong>.<\/p><h4><strong>4. Jak d\u0142ugo wa\u017cny jest ETA i ile razy mog\u0119 podr\u00f3\u017cowa\u0107 na jego podstawie?<\/strong><\/h4><p>ETA jest wa\u017cna dla <strong>2 lata<\/strong> lub do momentu wyga\u015bni\u0119cia paszportu, w zale\u017cno\u015bci od tego, co nast\u0105pi pierwsze. Umo\u017cliwia to <strong>wiele wpis\u00f3w<\/strong> do Wielkiej Brytanii, przy czym ka\u017cda wizyta trwa maksymalnie <strong>6 miesi\u0119cy<\/strong>.<\/p><h4><strong>5. Czy musz\u0119 wydrukowa\u0107 ETA?<\/strong><\/h4><p>Nie, ETA jest elektroniczna i powi\u0105zana z paszportem. Wystarczy okaza\u0107 paszport na granicy, a ETA zostanie automatycznie zweryfikowana.<\/p><h4><strong>6. Co si\u0119 stanie, je\u015bli m\u00f3j wniosek o ETA zostanie odrzucony?<\/strong><\/h4><p>Je\u017celi Tw\u00f3j wniosek o ETA zostanie odrzucony, mo\u017cesz z\u0142o\u017cy\u0107 wniosek ponownie lub ubiega\u0107 si\u0119 o inny rodzaj wizy, np. <strong>Standardowa wiza turystyczna<\/strong>co mo\u017ce wi\u0105za\u0107 si\u0119 z bardziej szczeg\u00f3\u0142owym procesem sk\u0142adania wniosk\u00f3w.<\/p><h4><strong>7. Czy ETA obejmuje podr\u00f3\u017ce do Irlandii lub kraj\u00f3w strefy Schengen?<\/strong><\/h4><p>Nie, ETA jest wa\u017cna tylko na podr\u00f3\u017ce do Wielkiej Brytanii, w tym: <strong>Anglia, Szkocja, Walia i Irlandia P\u00f3\u0142nocna<\/strong>Obowi\u0105zuj\u0105 odr\u0119bne warunki wjazdu dla <strong>Irlandia<\/strong> I <strong>Szenthenn<\/strong> kraje.<\/p><h4><strong>8. Czy dzieci b\u0119d\u0105 potrzebowa\u0142y w\u0142asnego ETA?<\/strong><\/h4><p>Tak, ka\u017cdy podr\u00f3\u017cny, w tym dzieci, b\u0119dzie potrzebowa\u0142 w\u0142asnego ETA do\u0142\u0105czonego do paszportu.<\/p><h4><strong>9. Czy istniej\u0105 jakie\u015b wyj\u0105tki od wymog\u00f3w ETA?<\/strong><\/h4><p>Tak, <strong>Obywatele Irlandii<\/strong> osoby posiadaj\u0105ce d\u0142ugoterminowe wizy w celu wykonywania pracy, nauki lub pobytu w Wielkiej Brytanii s\u0105 zwolnione z wymogu uzyskania ETA.<\/p><h4><strong>10. Co powinienem zrobi\u0107, je\u015bli mam wi\u0119cej pyta\u0144?<\/strong><\/h4><p>Odwied\u017a oficjaln\u0105 stron\u0119 <strong>Strona internetowa rz\u0105du Wielkiej Brytanii<\/strong> lub odwied\u017a nasz\u0105 specjaln\u0105 sekcj\u0119 FAQ, aby uzyska\u0107 wi\u0119cej szczeg\u00f3\u0142\u00f3w i aktualizacji dotycz\u0105cych systemu ETA.<\/p><\/div><\/div>\t\t\t\t\t\t\t\t<\/div>\n\t\t\t\t<\/div>\n\t\t\t\t\t<\/div>\n\t\t\t\t<\/div>\n\t\t<div class=\"elementor-element elementor-element-bf91d7f e-flex e-con-boxed e-con e-parent\" data-id=\"bf91d7f\" data-element_type=\"container\">\n\t\t\t\t\t<div class=\"e-con-inner\">\n\t\t<div class=\"elementor-element elementor-element-9825c1d e-con-full e-flex e-con e-child\" data-id=\"9825c1d\" data-element_type=\"container\">\n\t\t\t\t<div class=\"elementor-element elementor-element-45210bd elementor-align-center elementor-list-item-link-full_width elementor-widget elementor-widget-icon-list\" data-id=\"45210bd\" data-element_type=\"widget\" data-widget_type=\"icon-list.default\">\n\t\t\t\t<div class=\"elementor-widget-container\">\n\t\t\t\t\t\t\t<ul class=\"elementor-icon-list-items\">\n\t\t\t\t\t\t\t<li class=\"elementor-icon-list-item\">\n\t\t\t\t\t\t\t\t\t\t<span class=\"elementor-icon-list-text\">Numer identyfikacyjny firmy: 08392226<\/span>\n\t\t\t\t\t\t\t\t\t<\/li>\n\t\t\t\t\t\t\t\t<li class=\"elementor-icon-list-item\">\n\t\t\t\t\t\t\t\t\t\t<span class=\"elementor-icon-list-text\">VISA USA sro<\/span>\n\t\t\t\t\t\t\t\t\t<\/li>\n\t\t\t\t\t\t\t\t<li class=\"elementor-icon-list-item\">\n\t\t\t\t\t\t\t\t\t\t<span class=\"elementor-icon-list-text\">\u015aw. Cecha 750\/4, Bilovec 743 01, Czechy<\/span>\n\t\t\t\t\t\t\t\t\t<\/li>\n\t\t\t\t\t\t<\/ul>\n\t\t\t\t\t\t<\/div>\n\t\t\t\t<\/div>\n\t\t\t\t<\/div>\n\t\t<div class=\"elementor-element elementor-element-c6703c3 e-con-full e-flex e-con e-child\" data-id=\"c6703c3\" data-element_type=\"container\">\n\t\t\t\t<div class=\"elementor-element elementor-element-79d431f elementor-widget elementor-widget-text-editor\" data-id=\"79d431f\" data-element_type=\"widget\" data-widget_type=\"text-editor.default\">\n\t\t\t\t<div class=\"elementor-widget-container\">\n\t\t\t\t\t\t\t\t\t<p style=\"text-align: center;\">Ta strona internetowa i nasza firma nie s\u0105 w \u017caden spos\u00f3b powi\u0105zane z w\u0142adzami i rz\u0105dem Wielkiej Brytanii. Oficjaln\u0105 stron\u0119 internetow\u0105 mo\u017cna znale\u017a\u0107 pod adresem www.gov.uk.<\/p>\t\t\t\t\t\t\t\t<\/div>\n\t\t\t\t<\/div>\n\t\t\t\t<\/div>\n\t\t\t\t\t<\/div>\n\t\t\t\t<\/div>\n\t\t\t\t<\/div>","protected":false},"excerpt":{"rendered":"<p>WIZA ETA AUTORYZACJI PODR\u00d3\u017bY DO WIELKIEJ BRYTANII OD KWIETNIA 2025 R. Od 2 kwietnia 2025 r. w Wielkiej Brytanii zostanie wprowadzona nowa elektroniczna [\u2026]<\/p>","protected":false},"author":1,"featured_media":0,"parent":0,"menu_order":0,"comment_status":"closed","ping_status":"closed","template":"","meta":{"site-sidebar-layout":"no-sidebar","site-content-layout":"","ast-site-content-layout":"full-width-container","site-content-style":"default","site-sidebar-style":"default","ast-global-header-display":"","ast-banner-title-visibility":"","ast-main-header-display":"","ast-hfb-above-header-display":"","ast-hfb-below-header-display":"","ast-hfb-mobile-header-display":"","site-post-title":"disabled","ast-breadcrumbs-content":"","ast-featured-img":"disabled","footer-sml-layout":"","theme-transparent-header-meta":"","adv-header-id-meta":"","stick-header-meta":"","header-above-stick-meta":"","header-main-stick-meta":"","header-below-stick-meta":"","astra-migrate-meta-layouts":"default","ast-page-background-enabled":"default","ast-page-background-meta":{"desktop":{"background-color":"var(--ast-global-color-5)","background-image":"","background-repeat":"repeat","background-position":"center center","background-size":"auto","background-attachment":"scroll","background-type":"","background-media":"","overlay-type":"","overlay-color":"","overlay-opacity":"","overlay-gradient":""},"tablet":{"background-color":"","background-image":"","background-repeat":"repeat","background-position":"center center","background-size":"auto","background-attachment":"scroll","background-type":"","background-media":"","overlay-type":"","overlay-color":"","overlay-opacity":"","overlay-gradient":""},"mobile":{"background-color":"","background-image":"","background-repeat":"repeat","background-position":"center center","background-size":"auto","background-attachment":"scroll","background-type":"","background-media":"","overlay-type":"","overlay-color":"","overlay-opacity":"","overlay-gradient":""}},"ast-content-background-meta":{"desktop":{"background-color":"var(--ast-global-color-4)","background-image":"","background-repeat":"repeat","background-position":"center center","background-size":"auto","background-attachment":"scroll","background-type":"","background-media":"","overlay-type":"","overlay-color":"","overlay-opacity":"","overlay-gradient":""},"tablet":{"background-color":"var(--ast-global-color-4)","background-image":"","background-repeat":"repeat","background-position":"center center","background-size":"auto","background-attachment":"scroll","background-type":"","background-media":"","overlay-type":"","overlay-color":"","overlay-opacity":"","overlay-gradient":""},"mobile":{"background-color":"var(--ast-global-color-4)","background-image":"","background-repeat":"repeat","background-position":"center center","background-size":"auto","background-attachment":"scroll","background-type":"","background-media":"","overlay-type":"","overlay-color":"","overlay-opacity":"","overlay-gradient":""}},"footnotes":""},"class_list":["post-10","page","type-page","status-publish","hentry"],"_links":{"self":[{"href":"https:\/\/applyesta.us\/pl\/wp-json\/wp\/v2\/pages\/10","targetHints":{"allow":["GET"]}}],"collection":[{"href":"https:\/\/applyesta.us\/pl\/wp-json\/wp\/v2\/pages"}],"about":[{"href":"https:\/\/applyesta.us\/pl\/wp-json\/wp\/v2\/types\/page"}],"author":[{"embeddable":true,"href":"https:\/\/applyesta.us\/pl\/wp-json\/wp\/v2\/users\/1"}],"replies":[{"embeddable":true,"href":"https:\/\/applyesta.us\/pl\/wp-json\/wp\/v2\/comments?post=10"}],"version-history":[{"count":0,"href":"https:\/\/applyesta.us\/pl\/wp-json\/wp\/v2\/pages\/10\/revisions"}],"wp:attachment":[{"href":"https:\/\/applyesta.us\/pl\/wp-json\/wp\/v2\/media?parent=10"}],"curies":[{"name":"wp","href":"https:\/\/api.w.org\/{rel}","templated":true}]}}