{"id":10,"date":"2025-06-04T13:30:07","date_gmt":"2025-06-04T13:30:07","guid":{"rendered":"https:\/\/form.applyeta.uk\/?page_id=10"},"modified":"2025-06-04T20:17:47","modified_gmt":"2025-06-04T20:17:47","slug":"home","status":"publish","type":"page","link":"https:\/\/applyesta.us\/it\/","title":{"rendered":"Casa"},"content":{"rendered":"<div data-elementor-type=\"wp-page\" data-elementor-id=\"10\" class=\"elementor elementor-10\" data-elementor-post-type=\"page\">\n\t\t\t\t<div class=\"elementor-element elementor-element-b305927 e-flex e-con-boxed e-con e-parent\" data-id=\"b305927\" data-element_type=\"container\">\n\t\t\t\t\t<div class=\"e-con-inner\">\n\t\t<div class=\"elementor-element elementor-element-9154e97 e-con-full e-flex e-con e-child\" data-id=\"9154e97\" data-element_type=\"container\">\n\t\t\t\t<div class=\"elementor-element elementor-element-5d52b4f elementor-widget elementor-widget-image\" data-id=\"5d52b4f\" data-element_type=\"widget\" data-widget_type=\"image.default\">\n\t\t\t\t<div class=\"elementor-widget-container\">\n\t\t\t\t\t\t\t\t\t\t\t\t\t\t\t<img fetchpriority=\"high\" decoding=\"async\" width=\"640\" height=\"408\" src=\"https:\/\/applyesta.us\/wp-content\/uploads\/2025\/06\/tower-bridge-980961_640-1.jpg\" class=\"attachment-large size-large wp-image-13\" alt=\"\" srcset=\"https:\/\/applyesta.us\/wp-content\/uploads\/2025\/06\/tower-bridge-980961_640-1.jpg 640w, https:\/\/applyesta.us\/wp-content\/uploads\/2025\/06\/tower-bridge-980961_640-1-300x191.jpg 300w\" sizes=\"(max-width: 640px) 100vw, 640px\" \/>\t\t\t\t\t\t\t\t\t\t\t\t\t\t\t<\/div>\n\t\t\t\t<\/div>\n\t\t\t\t<\/div>\n\t\t<div class=\"elementor-element elementor-element-35b765f e-con-full e-flex e-con e-child\" data-id=\"35b765f\" data-element_type=\"container\">\n\t\t\t\t<div class=\"elementor-element elementor-element-9eed95e elementor-widget elementor-widget-heading\" data-id=\"9eed95e\" data-element_type=\"widget\" data-widget_type=\"heading.default\">\n\t\t\t\t<div class=\"elementor-widget-container\">\n\t\t\t\t\t<h2 class=\"elementor-heading-title elementor-size-default\">AUTORIZZAZIONE DI VIAGGIO ETA PER IL REGNO UNITO DA APRILE 2025<\/h2>\t\t\t\t<\/div>\n\t\t\t\t<\/div>\n\t\t\t\t<div class=\"elementor-element elementor-element-f7ef9cb elementor-widget elementor-widget-text-editor\" data-id=\"f7ef9cb\" data-element_type=\"widget\" data-widget_type=\"text-editor.default\">\n\t\t\t\t<div class=\"elementor-widget-container\">\n\t\t\t\t\t\t\t\t\t<p style=\"text-align: left;\">Da <strong>2 aprile 2025<\/strong>, il Regno Unito introdurr\u00e0 un nuovo <strong>Autorizzazione elettronica di viaggio (ETA)<\/strong> sistema. Ci\u00f2 avr\u00e0 ripercussioni sui cittadini a partire dal <strong>Unione Europea<\/strong> e diversi altri paesi che, fino ad ora, si sono recati nel Regno Unito senza bisogno di visto. In base alle nuove norme, i viaggiatori provenienti da paesi esenti da visto, compresi i cittadini dell&#039;UE, dovranno richiedere un visto d&#039;ingresso (ETA) prima di recarsi nel Regno Unito per soggiorni di breve durata.<\/p>\t\t\t\t\t\t\t\t<\/div>\n\t\t\t\t<\/div>\n\t\t\t\t<\/div>\n\t\t\t\t\t<\/div>\n\t\t\t\t<\/div>\n\t\t<div class=\"elementor-element elementor-element-5f3a042 e-con-full e-flex e-con e-parent\" data-id=\"5f3a042\" data-element_type=\"container\">\n\t\t\t\t<div class=\"elementor-element elementor-element-b179dea elementor-widget elementor-widget-html\" data-id=\"b179dea\" data-element_type=\"widget\" data-widget_type=\"html.default\">\n\t\t\t\t<div class=\"elementor-widget-container\">\n\t\t\t\t\t<div style=\"border: 2px solid #f57c00; background-color: #fff3e0; padding: 25px; margin: 20px auto; border-left: 8px solid #e65100; font-family: Arial, sans-serif; border-radius: 8px; max-width: 800px; text-align: center;\">\r\n  <strong style=\"font-size: 18px; color: #d84315; display: block; margin-bottom: 10px;\">\u26a0\ufe0f Avviso importante<\/strong>\r\n  <p style=\"font-size: 15px; color: #000; font-weight: bold; line-height: 1.7; margin: 0;\">\r\n    Questo sito web ha solo scopo informativo e non \u00e8 affiliato al governo del Regno Unito. <br>\r\n    <u>Non \u00e8 possibile richiedere un&#039;ETA (autorizzazione elettronica di viaggio) tramite questo sito.<\/u>\r\n    <br><br>\r\n    Per richiedere un ETA ufficiale nel Regno Unito, visita il sito web ufficiale del governo del Regno Unito: <br>\r\n    <a href=\"https:\/\/www.gov.uk\/eta\" target=\"_blank\" style=\"color: #c62828; text-decoration: underline; font-weight: bold;\">www.gov.uk\/eta<\/a>\r\n  <\/p>\r\n<\/div>\r\n\t\t\t\t<\/div>\n\t\t\t\t<\/div>\n\t\t\t\t<\/div>\n\t\t<div class=\"elementor-element elementor-element-0c146e9 e-flex e-con-boxed e-con e-parent\" data-id=\"0c146e9\" data-element_type=\"container\">\n\t\t\t\t\t<div class=\"e-con-inner\">\n\t\t<div class=\"elementor-element elementor-element-d9ae5a4 e-con-full e-flex e-con e-child\" data-id=\"d9ae5a4\" data-element_type=\"container\">\n\t\t\t\t<div class=\"elementor-element elementor-element-053781a elementor-widget elementor-widget-heading\" data-id=\"053781a\" data-element_type=\"widget\" data-widget_type=\"heading.default\">\n\t\t\t\t<div class=\"elementor-widget-container\">\n\t\t\t\t\t<h2 class=\"elementor-heading-title elementor-size-default\">Cosa significa questo per i viaggiatori?<\/h2>\t\t\t\t<\/div>\n\t\t\t\t<\/div>\n\t\t\t\t<div class=\"elementor-element elementor-element-559d591 elementor-widget elementor-widget-text-editor\" data-id=\"559d591\" data-element_type=\"widget\" data-widget_type=\"text-editor.default\">\n\t\t\t\t<div class=\"elementor-widget-container\">\n\t\t\t\t\t\t\t\t\t<p>Finora, i cittadini dell&#039;UE potevano viaggiare nel Regno Unito senza visto e senza bisogno di alcun permesso speciale, beneficiando della libera circolazione delle persone all&#039;interno dell&#039;Unione Europea. Tuttavia, dopo la Brexit, il Regno Unito ha perso la sua appartenenza all&#039;UE e sta gradualmente introducendo nuove norme sull&#039;immigrazione. Ci\u00f2 significa che, a partire da aprile 2025, i cittadini dell&#039;UE dovranno ottenere un permesso prima di entrare nel territorio britannico, analogamente a quanto avviene attualmente per i viaggiatori provenienti da altre parti del mondo.<\/p><p>Questo permesso far\u00e0 parte del sistema di autorizzazione elettronica al viaggio (ETA), che il governo del Regno Unito sta gradualmente implementando per i cittadini stranieri provenienti da diversi paesi. I viaggiatori dovranno richiedere l&#039;autorizzazione prima del viaggio, compilando una domanda online, pagando una tariffa ed eventualmente sottoponendosi a un controllo di sicurezza.<\/p>\t\t\t\t\t\t\t\t<\/div>\n\t\t\t\t<\/div>\n\t\t\t\t<\/div>\n\t\t<div class=\"elementor-element elementor-element-492b943 e-con-full e-flex e-con e-child\" data-id=\"492b943\" data-element_type=\"container\">\n\t\t\t\t<div class=\"elementor-element elementor-element-d2ef239 elementor-widget elementor-widget-heading\" data-id=\"d2ef239\" data-element_type=\"widget\" data-widget_type=\"heading.default\">\n\t\t\t\t<div class=\"elementor-widget-container\">\n\t\t\t\t\t<h2 class=\"elementor-heading-title elementor-size-default\">VIAGGIARE NEL REGNO UNITO: COSA CAMBIA NEL 2025?<\/h2>\t\t\t\t<\/div>\n\t\t\t\t<\/div>\n\t\t\t\t<div class=\"elementor-element elementor-element-aa05846 elementor-widget elementor-widget-text-editor\" data-id=\"aa05846\" data-element_type=\"widget\" data-widget_type=\"text-editor.default\">\n\t\t\t\t<div class=\"elementor-widget-container\">\n\t\t\t\t\t\t\t\t\t<div class=\"elementor-element elementor-element-e8a87ae elementor-widget elementor-widget-text-editor\" data-id=\"e8a87ae\" data-element_type=\"widget\" data-widget_type=\"text-editor.default\"><div class=\"elementor-widget-container\"><p>Fino ad ora, i cittadini dell&#039;UE potevano visitare il Regno Unito senza alcuna autorizzazione di viaggio preventiva. Tuttavia, come parte del <strong>La politica migratoria del Regno Unito dopo la Brexit<\/strong>Da aprile 2025, dovranno richiedere un&#039;autorizzazione ETA, simile al sistema in vigore per i viaggiatori provenienti da molti altri Paesi. Questa autorizzazione sar\u00e0 obbligatoria per chi viaggia per turismo, affari, studio a breve termine o per motivi di transito.<\/p><p><strong>Come funziona l&#039;ETA?<\/strong><\/p><ul><li><strong>Domanda online<\/strong>: I viaggiatori dovranno presentare una domanda online prima di partire. La procedura prevede la compilazione di un modulo, la risposta a domande di sicurezza e il pagamento di una piccola quota.<\/li><li><strong>Tempo di elaborazione<\/strong>: La maggior parte delle richieste ETA verr\u00e0 elaborata entro 48-72 ore.<\/li><li><strong>Controllo di sicurezza<\/strong>: Potrebbe essere effettuato un controllo di sicurezza e, in alcuni casi, l&#039;elaborazione delle domande potrebbe richiedere pi\u00f9 tempo.<\/li><\/ul><\/div><\/div>\t\t\t\t\t\t\t\t<\/div>\n\t\t\t\t<\/div>\n\t\t\t\t<\/div>\n\t\t\t\t\t<\/div>\n\t\t\t\t<\/div>\n\t\t<div class=\"elementor-element elementor-element-45e0ced e-flex e-con-boxed e-con e-parent\" data-id=\"45e0ced\" data-element_type=\"container\">\n\t\t\t\t\t<div class=\"e-con-inner\">\n\t\t<div class=\"elementor-element elementor-element-df605a3 e-con-full e-flex e-con e-child\" data-id=\"df605a3\" data-element_type=\"container\">\n\t\t\t\t<div class=\"elementor-element elementor-element-94021c1 elementor-widget elementor-widget-heading\" data-id=\"94021c1\" data-element_type=\"widget\" data-widget_type=\"heading.default\">\n\t\t\t\t<div class=\"elementor-widget-container\">\n\t\t\t\t\t<h3 class=\"elementor-heading-title elementor-size-default\">CHI HA BISOGNO DI UN ETA?<\/h3>\t\t\t\t<\/div>\n\t\t\t\t<\/div>\n\t\t\t\t<div class=\"elementor-element elementor-element-ef2aa14 elementor-widget elementor-widget-text-editor\" data-id=\"ef2aa14\" data-element_type=\"widget\" data-widget_type=\"text-editor.default\">\n\t\t\t\t<div class=\"elementor-widget-container\">\n\t\t\t\t\t\t\t\t\t<p>Sar\u00e0 richiesto l&#039;ETA per <strong>cittadini provenienti da paesi esenti da visto<\/strong>, tra cui:<\/p><ul><li><strong>cittadini dell&#039;UE<\/strong><\/li><li>I viaggiatori provenienti dal <strong>Emirati Arabi Uniti<\/strong>, <strong>Arabia Saudita<\/strong>, <strong>Bahrein<\/strong>, <strong>Kuwait<\/strong>, <strong>Giordania<\/strong>, <strong>Oman<\/strong> (da febbraio 2024)<\/li><li><strong>cittadini del Qatar<\/strong> (da novembre 2023)<\/li><\/ul><p>Questa autorizzazione si applicher\u00e0 ai turisti, ai visitatori per affari, agli studenti in soggiorno breve e alle persone in transito.<\/p>\t\t\t\t\t\t\t\t<\/div>\n\t\t\t\t<\/div>\n\t\t\t\t<\/div>\n\t\t<div class=\"elementor-element elementor-element-ed346d2 e-con-full e-flex e-con e-child\" data-id=\"ed346d2\" data-element_type=\"container\">\n\t\t\t\t<div class=\"elementor-element elementor-element-ff8e7bf elementor-widget elementor-widget-heading\" data-id=\"ff8e7bf\" data-element_type=\"widget\" data-widget_type=\"heading.default\">\n\t\t\t\t<div class=\"elementor-widget-container\">\n\t\t\t\t\t<h3 class=\"elementor-heading-title elementor-size-default\">ESENZIONI:<\/h3>\t\t\t\t<\/div>\n\t\t\t\t<\/div>\n\t\t\t\t<div class=\"elementor-element elementor-element-77aee6c elementor-widget elementor-widget-text-editor\" data-id=\"77aee6c\" data-element_type=\"widget\" data-widget_type=\"text-editor.default\">\n\t\t\t\t<div class=\"elementor-widget-container\">\n\t\t\t\t\t\t\t\t\t<ul><li><strong>cittadini britannici e irlandesi<\/strong> sono esenti dal requisito ETA.<\/li><li>I titolari di visto a lungo termine o le persone con status di residenza permanente nel Regno Unito non hanno bisogno di un ETA.<\/li><\/ul>\t\t\t\t\t\t\t\t<\/div>\n\t\t\t\t<\/div>\n\t\t\t\t<\/div>\n\t\t\t\t\t<\/div>\n\t\t\t\t<\/div>\n\t\t<div class=\"elementor-element elementor-element-f447f70 e-flex e-con-boxed e-con e-parent\" data-id=\"f447f70\" data-element_type=\"container\">\n\t\t\t\t\t<div class=\"e-con-inner\">\n\t\t\t\t<div class=\"elementor-element elementor-element-ef5e263 elementor-widget-divider--view-line elementor-widget elementor-widget-divider\" data-id=\"ef5e263\" data-element_type=\"widget\" data-widget_type=\"divider.default\">\n\t\t\t\t<div class=\"elementor-widget-container\">\n\t\t\t\t\t\t\t<div class=\"elementor-divider\">\n\t\t\t<span class=\"elementor-divider-separator\">\n\t\t\t\t\t\t<\/span>\n\t\t<\/div>\n\t\t\t\t\t\t<\/div>\n\t\t\t\t<\/div>\n\t\t\t\t<div class=\"elementor-element elementor-element-7bd378c elementor-widget elementor-widget-heading\" data-id=\"7bd378c\" data-element_type=\"widget\" data-widget_type=\"heading.default\">\n\t\t\t\t<div class=\"elementor-widget-container\">\n\t\t\t\t\t<h3 class=\"elementor-heading-title elementor-size-default\">Tipi di visti di lavoro:<\/h3>\t\t\t\t<\/div>\n\t\t\t\t<\/div>\n\t\t\t\t\t<\/div>\n\t\t\t\t<\/div>\n\t\t<div class=\"elementor-element elementor-element-bf9a089 e-flex e-con-boxed e-con e-parent\" data-id=\"bf9a089\" data-element_type=\"container\">\n\t\t\t\t\t<div class=\"e-con-inner\">\n\t\t<div class=\"elementor-element elementor-element-9142cb4 e-con-full e-flex e-con e-child\" data-id=\"9142cb4\" data-element_type=\"container\">\n\t\t\t\t<div class=\"elementor-element elementor-element-a576fb1 elementor-widget elementor-widget-text-editor\" data-id=\"a576fb1\" data-element_type=\"widget\" data-widget_type=\"text-editor.default\">\n\t\t\t\t<div class=\"elementor-widget-container\">\n\t\t\t\t\t\t\t\t\t<ol><li><strong>Visto per lavoratori qualificati<\/strong>: Per i lavoratori con un&#039;offerta di lavoro nel Regno Unito che soddisfano i requisiti di competenza e di stipendio minimo.<\/li><li><strong>Visto per lavoratori temporanei<\/strong>: Per lavoratori stagionali, volontari o partecipanti a programmi di scambio culturale e religioso.<\/li><li><strong>Visto per talenti globali<\/strong>: Per individui altamente qualificati in settori quali scienza, tecnologia, arte o cultura.<\/li><\/ol><p>Ogni visto di lavoro prevede requisiti di documentazione specifici, come la prova di un&#039;offerta di lavoro, mezzi finanziari sufficienti o il rispetto di standard di competenza linguistica.<\/p>\t\t\t\t\t\t\t\t<\/div>\n\t\t\t\t<\/div>\n\t\t\t\t<\/div>\n\t\t<div class=\"elementor-element elementor-element-477602e e-con-full e-flex e-con e-child\" data-id=\"477602e\" data-element_type=\"container\">\n\t\t\t\t<div class=\"elementor-element elementor-element-36b237a elementor-widget elementor-widget-text-editor\" data-id=\"36b237a\" data-element_type=\"widget\" data-widget_type=\"text-editor.default\">\n\t\t\t\t<div class=\"elementor-widget-container\">\n\t\t\t\t\t\t\t\t\t<p>Se intendi lavorare nel Regno Unito a lungo termine, avrai bisogno del visto di lavoro appropriato. L&#039;ETA copre solo visite di breve durata, come viaggi turistici o d&#039;affari, ma non consente l&#039;impiego a lungo termine. Per lavorare nel Regno Unito, \u00e8 necessario soddisfare i requisiti specifici per vari tipi di visto di lavoro, come ad esempio <strong>Visto per lavoratori qualificati<\/strong> o il <strong>Visto per lavoratori temporanei<\/strong>.<\/p>\t\t\t\t\t\t\t\t<\/div>\n\t\t\t\t<\/div>\n\t\t\t\t<\/div>\n\t\t\t\t\t<\/div>\n\t\t\t\t<\/div>\n\t\t<div class=\"elementor-element elementor-element-7babe2f e-flex e-con-boxed e-con e-parent\" data-id=\"7babe2f\" data-element_type=\"container\">\n\t\t\t\t\t<div class=\"e-con-inner\">\n\t\t\t\t<div class=\"elementor-element elementor-element-f34bd57 elementor-widget-divider--view-line elementor-widget elementor-widget-divider\" data-id=\"f34bd57\" data-element_type=\"widget\" data-widget_type=\"divider.default\">\n\t\t\t\t<div class=\"elementor-widget-container\">\n\t\t\t\t\t\t\t<div class=\"elementor-divider\">\n\t\t\t<span class=\"elementor-divider-separator\">\n\t\t\t\t\t\t<\/span>\n\t\t<\/div>\n\t\t\t\t\t\t<\/div>\n\t\t\t\t<\/div>\n\t\t\t\t<div class=\"elementor-element elementor-element-fd547ce elementor-widget elementor-widget-heading\" data-id=\"fd547ce\" data-element_type=\"widget\" data-widget_type=\"heading.default\">\n\t\t\t\t<div class=\"elementor-widget-container\">\n\t\t\t\t\t<h3 class=\"elementor-heading-title elementor-size-default\">FAQ - Domande frequenti<\/h3>\t\t\t\t<\/div>\n\t\t\t\t<\/div>\n\t\t\t\t<div class=\"elementor-element elementor-element-2773225 elementor-widget elementor-widget-text-editor\" data-id=\"2773225\" data-element_type=\"widget\" data-widget_type=\"text-editor.default\">\n\t\t\t\t<div class=\"elementor-widget-container\">\n\t\t\t\t\t\t\t\t\t<div data-id=\"019a625\" data-element_type=\"container\" data-settings=\"{&quot;content_width&quot;:&quot;boxed&quot;}\" data-core-v316-plus=\"true\"><div data-id=\"4776dd1\" data-element_type=\"widget\" data-widget_type=\"text-editor.default\"><h4><strong>1. Cos&#039;\u00e8 l&#039;ETA per il Regno Unito e chi ne ha bisogno?<\/strong><\/h4><p><strong>L&#039;autorizzazione elettronica di viaggio (ETA) <\/strong><span style=\"font-size: 16px;\">\u00e8 un sistema introdotto dal Regno Unito nel <\/span><strong style=\"font-size: 16px;\">Aprile 2025<\/strong><span style=\"font-size: 16px;\">Si applica ai cittadini di Paesi che in precedenza non necessitavano di visto, come i paesi dell&#039;UE, e coprir\u00e0 i viaggi di breve durata (turismo, affari, transito, ecc.).<\/span><\/p><h4><strong>2. Quando saranno aperte le domande per l&#039;ETA e quanto costeranno?<\/strong><\/h4><p>Le domande per l&#039;ETA saranno aperte tra <strong>2024<\/strong>, con implementazione nell&#039;aprile 2025. La tariffa del servizio \u00e8 <strong>\u00a316<\/strong>\u00a0per applicazione.<\/p><h4><strong>3. Come posso ottenere l&#039;orario di arrivo previsto (ETA) e quanto tempo ci vuole?<\/strong><\/h4><p>Le domande saranno presentate online tramite il sito web del governo del Regno Unito o tramite l&#039;app mobile. La procedura prevede la compilazione di informazioni personali di base, la risposta a domande di sicurezza e il pagamento della quota. La maggior parte delle domande verr\u00e0 elaborata entro <strong>48-72 ore<\/strong>.<\/p><h4><strong>4. Per quanto tempo \u00e8 valido l&#039;ETA e quante volte posso utilizzarlo?<\/strong><\/h4><p>L&#039;ETA \u00e8 valido per <strong>2 anni<\/strong> o fino alla scadenza del passaporto, a seconda di quale evento si verifichi per primo. Consente <strong>voci multiple<\/strong> nel Regno Unito, con ogni visita della durata massima di <strong>6 mesi<\/strong>.<\/p><h4><strong>5. Devo stampare il mio ETA?<\/strong><\/h4><p>No, l&#039;ETA \u00e8 elettronico e collegato al tuo passaporto. Ti baster\u00e0 presentare il passaporto alla frontiera e l&#039;ETA verr\u00e0 verificato automaticamente.<\/p><h4><strong>6. Cosa succede se la mia richiesta ETA viene respinta?<\/strong><\/h4><p>Se la tua domanda ETA viene respinta, puoi presentare una nuova domanda o richiedere un tipo di visto diverso, come ad esempio un <strong>Visto standard per visitatori<\/strong>, che potrebbe comportare una procedura di candidatura pi\u00f9 dettagliata.<\/p><h4><strong>7. L&#039;ETA coprir\u00e0 i viaggi in Irlanda o nei paesi Schengen?<\/strong><\/h4><p>No, l&#039;ETA \u00e8 valido solo per i viaggi nel Regno Unito, compresi <strong>Inghilterra, Scozia, Galles e Irlanda del Nord<\/strong>Si applicano condizioni di ingresso separate per <strong>Irlanda<\/strong> E <strong>Schengen<\/strong> Paesi.<\/p><h4><strong>8. I bambini dovranno avere il proprio ETA?<\/strong><\/h4><p>S\u00ec, ogni viaggiatore, compresi i bambini, dovr\u00e0 avere il proprio ETA collegato al passaporto.<\/p><h4><strong>9. Esistono eccezioni ai requisiti ETA?<\/strong><\/h4><p>S\u00cc, <strong>cittadini irlandesi<\/strong> e le persone con visti a lungo termine per lavoro, studio o residenza nel Regno Unito sono esenti dai requisiti ETA.<\/p><h4><strong>10. Cosa dovrei fare se ho altre domande?<\/strong><\/h4><p>Visita il sito ufficiale <strong>Sito web del governo del Regno Unito<\/strong> o la nostra sezione FAQ dedicata per maggiori dettagli e aggiornamenti sul sistema ETA.<\/p><\/div><\/div>\t\t\t\t\t\t\t\t<\/div>\n\t\t\t\t<\/div>\n\t\t\t\t\t<\/div>\n\t\t\t\t<\/div>\n\t\t<div class=\"elementor-element elementor-element-bf91d7f e-flex e-con-boxed e-con e-parent\" data-id=\"bf91d7f\" data-element_type=\"container\">\n\t\t\t\t\t<div class=\"e-con-inner\">\n\t\t<div class=\"elementor-element elementor-element-9825c1d e-con-full e-flex e-con e-child\" data-id=\"9825c1d\" data-element_type=\"container\">\n\t\t\t\t<div class=\"elementor-element elementor-element-45210bd elementor-align-center elementor-list-item-link-full_width elementor-widget elementor-widget-icon-list\" data-id=\"45210bd\" data-element_type=\"widget\" data-widget_type=\"icon-list.default\">\n\t\t\t\t<div class=\"elementor-widget-container\">\n\t\t\t\t\t\t\t<ul class=\"elementor-icon-list-items\">\n\t\t\t\t\t\t\t<li class=\"elementor-icon-list-item\">\n\t\t\t\t\t\t\t\t\t\t<span class=\"elementor-icon-list-text\">Numero di identificazione della societ\u00e0: 08392226<\/span>\n\t\t\t\t\t\t\t\t\t<\/li>\n\t\t\t\t\t\t\t\t<li class=\"elementor-icon-list-item\">\n\t\t\t\t\t\t\t\t\t\t<span class=\"elementor-icon-list-text\">VISA USA sro<\/span>\n\t\t\t\t\t\t\t\t\t<\/li>\n\t\t\t\t\t\t\t\t<li class=\"elementor-icon-list-item\">\n\t\t\t\t\t\t\t\t\t\t<span class=\"elementor-icon-list-text\">Sv. Cecha 750\/4, Bilovec 743 01, Repubblica Ceca<\/span>\n\t\t\t\t\t\t\t\t\t<\/li>\n\t\t\t\t\t\t<\/ul>\n\t\t\t\t\t\t<\/div>\n\t\t\t\t<\/div>\n\t\t\t\t<\/div>\n\t\t<div class=\"elementor-element elementor-element-c6703c3 e-con-full e-flex e-con e-child\" data-id=\"c6703c3\" data-element_type=\"container\">\n\t\t\t\t<div class=\"elementor-element elementor-element-79d431f elementor-widget elementor-widget-text-editor\" data-id=\"79d431f\" data-element_type=\"widget\" data-widget_type=\"text-editor.default\">\n\t\t\t\t<div class=\"elementor-widget-container\">\n\t\t\t\t\t\t\t\t\t<p style=\"text-align: center;\">Questo sito web e la nostra azienda non sono in alcun modo affiliati alle autorit\u00e0 e al governo del Regno Unito. Il sito web ufficiale \u00e8 disponibile all&#039;indirizzo www.gov.uk.<\/p>\t\t\t\t\t\t\t\t<\/div>\n\t\t\t\t<\/div>\n\t\t\t\t<\/div>\n\t\t\t\t\t<\/div>\n\t\t\t\t<\/div>\n\t\t\t\t<\/div>","protected":false},"excerpt":{"rendered":"<p>AUTORIZZAZIONE DI VIAGGIO ETA VISTO PER IL REGNO UNITO DA APRILE 2025 Dal 2 aprile 2025, il Regno Unito introdurr\u00e0 un nuovo visto elettronico [\u2026]<\/p>","protected":false},"author":1,"featured_media":0,"parent":0,"menu_order":0,"comment_status":"closed","ping_status":"closed","template":"","meta":{"site-sidebar-layout":"no-sidebar","site-content-layout":"","ast-site-content-layout":"full-width-container","site-content-style":"default","site-sidebar-style":"default","ast-global-header-display":"","ast-banner-title-visibility":"","ast-main-header-display":"","ast-hfb-above-header-display":"","ast-hfb-below-header-display":"","ast-hfb-mobile-header-display":"","site-post-title":"disabled","ast-breadcrumbs-content":"","ast-featured-img":"disabled","footer-sml-layout":"","theme-transparent-header-meta":"","adv-header-id-meta":"","stick-header-meta":"","header-above-stick-meta":"","header-main-stick-meta":"","header-below-stick-meta":"","astra-migrate-meta-layouts":"default","ast-page-background-enabled":"default","ast-page-background-meta":{"desktop":{"background-color":"var(--ast-global-color-5)","background-image":"","background-repeat":"repeat","background-position":"center center","background-size":"auto","background-attachment":"scroll","background-type":"","background-media":"","overlay-type":"","overlay-color":"","overlay-opacity":"","overlay-gradient":""},"tablet":{"background-color":"","background-image":"","background-repeat":"repeat","background-position":"center center","background-size":"auto","background-attachment":"scroll","background-type":"","background-media":"","overlay-type":"","overlay-color":"","overlay-opacity":"","overlay-gradient":""},"mobile":{"background-color":"","background-image":"","background-repeat":"repeat","background-position":"center center","background-size":"auto","background-attachment":"scroll","background-type":"","background-media":"","overlay-type":"","overlay-color":"","overlay-opacity":"","overlay-gradient":""}},"ast-content-background-meta":{"desktop":{"background-color":"var(--ast-global-color-4)","background-image":"","background-repeat":"repeat","background-position":"center center","background-size":"auto","background-attachment":"scroll","background-type":"","background-media":"","overlay-type":"","overlay-color":"","overlay-opacity":"","overlay-gradient":""},"tablet":{"background-color":"var(--ast-global-color-4)","background-image":"","background-repeat":"repeat","background-position":"center center","background-size":"auto","background-attachment":"scroll","background-type":"","background-media":"","overlay-type":"","overlay-color":"","overlay-opacity":"","overlay-gradient":""},"mobile":{"background-color":"var(--ast-global-color-4)","background-image":"","background-repeat":"repeat","background-position":"center center","background-size":"auto","background-attachment":"scroll","background-type":"","background-media":"","overlay-type":"","overlay-color":"","overlay-opacity":"","overlay-gradient":""}},"footnotes":""},"class_list":["post-10","page","type-page","status-publish","hentry"],"_links":{"self":[{"href":"https:\/\/applyesta.us\/it\/wp-json\/wp\/v2\/pages\/10","targetHints":{"allow":["GET"]}}],"collection":[{"href":"https:\/\/applyesta.us\/it\/wp-json\/wp\/v2\/pages"}],"about":[{"href":"https:\/\/applyesta.us\/it\/wp-json\/wp\/v2\/types\/page"}],"author":[{"embeddable":true,"href":"https:\/\/applyesta.us\/it\/wp-json\/wp\/v2\/users\/1"}],"replies":[{"embeddable":true,"href":"https:\/\/applyesta.us\/it\/wp-json\/wp\/v2\/comments?post=10"}],"version-history":[{"count":0,"href":"https:\/\/applyesta.us\/it\/wp-json\/wp\/v2\/pages\/10\/revisions"}],"wp:attachment":[{"href":"https:\/\/applyesta.us\/it\/wp-json\/wp\/v2\/media?parent=10"}],"curies":[{"name":"wp","href":"https:\/\/api.w.org\/{rel}","templated":true}]}}