{"id":10,"date":"2025-06-04T13:30:07","date_gmt":"2025-06-04T13:30:07","guid":{"rendered":"https:\/\/form.applyeta.uk\/?page_id=10"},"modified":"2025-06-04T20:17:47","modified_gmt":"2025-06-04T20:17:47","slug":"home","status":"publish","type":"page","link":"https:\/\/applyesta.us\/fi\/","title":{"rendered":"Kotiin"},"content":{"rendered":"<div data-elementor-type=\"wp-page\" data-elementor-id=\"10\" class=\"elementor elementor-10\" data-elementor-post-type=\"page\">\n\t\t\t\t<div class=\"elementor-element elementor-element-b305927 e-flex e-con-boxed e-con e-parent\" data-id=\"b305927\" data-element_type=\"container\">\n\t\t\t\t\t<div class=\"e-con-inner\">\n\t\t<div class=\"elementor-element elementor-element-9154e97 e-con-full e-flex e-con e-child\" data-id=\"9154e97\" data-element_type=\"container\">\n\t\t\t\t<div class=\"elementor-element elementor-element-5d52b4f elementor-widget elementor-widget-image\" data-id=\"5d52b4f\" data-element_type=\"widget\" data-widget_type=\"image.default\">\n\t\t\t\t<div class=\"elementor-widget-container\">\n\t\t\t\t\t\t\t\t\t\t\t\t\t\t\t<img fetchpriority=\"high\" decoding=\"async\" width=\"640\" height=\"408\" src=\"https:\/\/applyesta.us\/wp-content\/uploads\/2025\/06\/tower-bridge-980961_640-1.jpg\" class=\"attachment-large size-large wp-image-13\" alt=\"\" srcset=\"https:\/\/applyesta.us\/wp-content\/uploads\/2025\/06\/tower-bridge-980961_640-1.jpg 640w, https:\/\/applyesta.us\/wp-content\/uploads\/2025\/06\/tower-bridge-980961_640-1-300x191.jpg 300w\" sizes=\"(max-width: 640px) 100vw, 640px\" \/>\t\t\t\t\t\t\t\t\t\t\t\t\t\t\t<\/div>\n\t\t\t\t<\/div>\n\t\t\t\t<\/div>\n\t\t<div class=\"elementor-element elementor-element-35b765f e-con-full e-flex e-con e-child\" data-id=\"35b765f\" data-element_type=\"container\">\n\t\t\t\t<div class=\"elementor-element elementor-element-9eed95e elementor-widget elementor-widget-heading\" data-id=\"9eed95e\" data-element_type=\"widget\" data-widget_type=\"heading.default\">\n\t\t\t\t<div class=\"elementor-widget-container\">\n\t\t\t\t\t<h2 class=\"elementor-heading-title elementor-size-default\">MATKUSTAMISLUPA JA ETA-VIISUMI ISO-BRITANNIASSA HUHTIKUUSTA 2025 ALKAEN<\/h2>\t\t\t\t<\/div>\n\t\t\t\t<\/div>\n\t\t\t\t<div class=\"elementor-element elementor-element-f7ef9cb elementor-widget elementor-widget-text-editor\" data-id=\"f7ef9cb\" data-element_type=\"widget\" data-widget_type=\"text-editor.default\">\n\t\t\t\t<div class=\"elementor-widget-container\">\n\t\t\t\t\t\t\t\t\t<p style=\"text-align: left;\">Alkaen <strong>2. huhtikuuta 2025<\/strong>, Yhdistynyt kuningaskunta ottaa k\u00e4ytt\u00f6\u00f6n uuden <strong>S\u00e4hk\u00f6inen matkustuslupa (ETA)<\/strong> j\u00e4rjestelm\u00e4\u00e4n. T\u00e4m\u00e4 vaikuttaa kansalaisiin <strong>Euroopan unioni<\/strong> ja useita muita maita, jotka ovat t\u00e4h\u00e4n asti matkustaneet Isoon-Britanniaan ilman viisumia. Uusien s\u00e4\u00e4nt\u00f6jen mukaan viisumivapaiden maiden, mukaan lukien EU-kansalaisten, matkustajien on haettava ETA-viisumia ennen lyhytaikaista oleskelua Isossa-Britanniassa.<\/p>\t\t\t\t\t\t\t\t<\/div>\n\t\t\t\t<\/div>\n\t\t\t\t<\/div>\n\t\t\t\t\t<\/div>\n\t\t\t\t<\/div>\n\t\t<div class=\"elementor-element elementor-element-5f3a042 e-con-full e-flex e-con e-parent\" data-id=\"5f3a042\" data-element_type=\"container\">\n\t\t\t\t<div class=\"elementor-element elementor-element-b179dea elementor-widget elementor-widget-html\" data-id=\"b179dea\" data-element_type=\"widget\" data-widget_type=\"html.default\">\n\t\t\t\t<div class=\"elementor-widget-container\">\n\t\t\t\t\t<div style=\"border: 2px solid #f57c00; background-color: #fff3e0; padding: 25px; margin: 20px auto; border-left: 8px solid #e65100; font-family: Arial, sans-serif; border-radius: 8px; max-width: 800px; text-align: center;\">\r\n  <strong style=\"font-size: 18px; color: #d84315; display: block; margin-bottom: 10px;\">\u26a0\ufe0f T\u00e4rke\u00e4 ilmoitus<\/strong>\r\n  <p style=\"font-size: 15px; color: #000; font-weight: bold; line-height: 1.7; margin: 0;\">\r\n    T\u00e4m\u00e4 verkkosivusto on tarkoitettu vain tiedoksi eik\u00e4 sill\u00e4 ole yhteyksi\u00e4 Yhdistyneen kuningaskunnan hallitukseen. <br>\r\n    <u>Et voi hakea s\u00e4hk\u00f6ist\u00e4 matkustuslupaa (ETA) t\u00e4m\u00e4n sivuston kautta.<\/u>\r\n    <br><br>\r\n    Jos haluat hakea virallista Yhdistyneen kuningaskunnan ETA-viisumia, k\u00e4y Yhdistyneen kuningaskunnan hallituksen virallisella verkkosivustolla: <br>\r\n    <a href=\"https:\/\/www.gov.uk\/eta\" target=\"_blank\" style=\"color: #c62828; text-decoration: underline; font-weight: bold;\">www.gov.uk\/eta<\/a>\r\n  <\/p>\r\n<\/div>\r\n\t\t\t\t<\/div>\n\t\t\t\t<\/div>\n\t\t\t\t<\/div>\n\t\t<div class=\"elementor-element elementor-element-0c146e9 e-flex e-con-boxed e-con e-parent\" data-id=\"0c146e9\" data-element_type=\"container\">\n\t\t\t\t\t<div class=\"e-con-inner\">\n\t\t<div class=\"elementor-element elementor-element-d9ae5a4 e-con-full e-flex e-con e-child\" data-id=\"d9ae5a4\" data-element_type=\"container\">\n\t\t\t\t<div class=\"elementor-element elementor-element-053781a elementor-widget elementor-widget-heading\" data-id=\"053781a\" data-element_type=\"widget\" data-widget_type=\"heading.default\">\n\t\t\t\t<div class=\"elementor-widget-container\">\n\t\t\t\t\t<h2 class=\"elementor-heading-title elementor-size-default\">Mit\u00e4 t\u00e4m\u00e4 tarkoittaa matkailijoille?<\/h2>\t\t\t\t<\/div>\n\t\t\t\t<\/div>\n\t\t\t\t<div class=\"elementor-element elementor-element-559d591 elementor-widget elementor-widget-text-editor\" data-id=\"559d591\" data-element_type=\"widget\" data-widget_type=\"text-editor.default\">\n\t\t\t\t<div class=\"elementor-widget-container\">\n\t\t\t\t\t\t\t\t\t<p>T\u00e4h\u00e4n asti EU-kansalaiset ovat voineet matkustaa Yhdistyneeseen kuningaskuntaan ilman viisumia ja ilman erityislupaa ja hy\u00f6ty\u00e4 ihmisten vapaasta liikkuvuudesta Euroopan unionissa. Brexitin j\u00e4lkeen Yhdistynyt kuningaskunta menetti kuitenkin EU-j\u00e4senyytens\u00e4 ja ottaa v\u00e4hitellen k\u00e4ytt\u00f6\u00f6n uusia maahanmuuttos\u00e4\u00e4nt\u00f6j\u00e4. T\u00e4m\u00e4 tarkoittaa, ett\u00e4 huhtikuusta 2025 alkaen EU-kansalaisten on hankittava lupa ennen Britannian alueelle saapumista, samalla tavalla kuin nyky\u00e4\u00e4n vaaditaan muualta maailmasta tulevilta matkustajilta.<\/p><p>T\u00e4m\u00e4 lupa on osa s\u00e4hk\u00f6ist\u00e4 matkustuslupaj\u00e4rjestelm\u00e4\u00e4 (ETA), jonka Ison-Britannian hallitus ottaa v\u00e4hitellen k\u00e4ytt\u00f6\u00f6n eri maiden kansalaisille. Matkustajien on haettava lupaa ennen matkaa, mik\u00e4 edellytt\u00e4\u00e4 verkkohakemuksen t\u00e4ytt\u00e4mist\u00e4, maksun maksamista ja mahdollisesti turvatarkastuksen l\u00e4p\u00e4isemist\u00e4.<\/p>\t\t\t\t\t\t\t\t<\/div>\n\t\t\t\t<\/div>\n\t\t\t\t<\/div>\n\t\t<div class=\"elementor-element elementor-element-492b943 e-con-full e-flex e-con e-child\" data-id=\"492b943\" data-element_type=\"container\">\n\t\t\t\t<div class=\"elementor-element elementor-element-d2ef239 elementor-widget elementor-widget-heading\" data-id=\"d2ef239\" data-element_type=\"widget\" data-widget_type=\"heading.default\">\n\t\t\t\t<div class=\"elementor-widget-container\">\n\t\t\t\t\t<h2 class=\"elementor-heading-title elementor-size-default\">MATKUSTA ISO-BRITANNIASSA \u2013 MIT\u00c4 MUUTTUU VUONNA 2025?<\/h2>\t\t\t\t<\/div>\n\t\t\t\t<\/div>\n\t\t\t\t<div class=\"elementor-element elementor-element-aa05846 elementor-widget elementor-widget-text-editor\" data-id=\"aa05846\" data-element_type=\"widget\" data-widget_type=\"text-editor.default\">\n\t\t\t\t<div class=\"elementor-widget-container\">\n\t\t\t\t\t\t\t\t\t<div class=\"elementor-element elementor-element-e8a87ae elementor-widget elementor-widget-text-editor\" data-id=\"e8a87ae\" data-element_type=\"widget\" data-widget_type=\"text-editor.default\"><div class=\"elementor-widget-container\"><p>T\u00e4h\u00e4n asti EU-kansalaiset ovat voineet vierailla Isossa-Britanniassa ilman ennakkoon haettua matkustuslupaa. Osana kuitenkin <strong>Britannian maahanmuuttopolitiikka Brexitin j\u00e4lkeen<\/strong>huhtikuusta 2025 alkaen heid\u00e4n on haettava ETA-viisumia, joka on samanlainen j\u00e4rjestelm\u00e4 kuin monien muiden maiden matkustajille. T\u00e4m\u00e4 lupa on pakollinen matkailu-, liike-, lyhytaikaisen opiskelun tai kauttakulun vuoksi maahan tuleville.<\/p><p><strong>Miten ETA toimii?<\/strong><\/p><ul><li><strong>Verkkohakemus<\/strong>Matkustajien on j\u00e4tett\u00e4v\u00e4 hakemus verkossa ennen matkaa. Prosessiin kuuluu lomakkeen t\u00e4ytt\u00e4minen, turvakysymyksiin vastaaminen ja pienen maksun maksaminen.<\/li><li><strong>K\u00e4sittelyaika<\/strong>Useimmat ETA-pyynn\u00f6t k\u00e4sitell\u00e4\u00e4n 48\u201372 tunnin kuluessa.<\/li><li><strong>Turvatarkastus<\/strong>Turvatarkastus voidaan suorittaa, ja joissakin tapauksissa hakemusten k\u00e4sittely voi kest\u00e4\u00e4 kauemmin.<\/li><\/ul><\/div><\/div>\t\t\t\t\t\t\t\t<\/div>\n\t\t\t\t<\/div>\n\t\t\t\t<\/div>\n\t\t\t\t\t<\/div>\n\t\t\t\t<\/div>\n\t\t<div class=\"elementor-element elementor-element-45e0ced e-flex e-con-boxed e-con e-parent\" data-id=\"45e0ced\" data-element_type=\"container\">\n\t\t\t\t\t<div class=\"e-con-inner\">\n\t\t<div class=\"elementor-element elementor-element-df605a3 e-con-full e-flex e-con e-child\" data-id=\"df605a3\" data-element_type=\"container\">\n\t\t\t\t<div class=\"elementor-element elementor-element-94021c1 elementor-widget elementor-widget-heading\" data-id=\"94021c1\" data-element_type=\"widget\" data-widget_type=\"heading.default\">\n\t\t\t\t<div class=\"elementor-widget-container\">\n\t\t\t\t\t<h3 class=\"elementor-heading-title elementor-size-default\">KUKA TARVITSEE ETA-LUVAN?<\/h3>\t\t\t\t<\/div>\n\t\t\t\t<\/div>\n\t\t\t\t<div class=\"elementor-element elementor-element-ef2aa14 elementor-widget elementor-widget-text-editor\" data-id=\"ef2aa14\" data-element_type=\"widget\" data-widget_type=\"text-editor.default\">\n\t\t\t\t<div class=\"elementor-widget-container\">\n\t\t\t\t\t\t\t\t\t<p>Arvioitu saapumisaika vaaditaan seuraavalle: <strong>viisumivapaiden maiden kansalaiset<\/strong>, mukaan lukien:<\/p><ul><li><strong>EU-kansalaiset<\/strong><\/li><li>Matkustajat kotoisin <strong>Yhdistyneet arabiemiirikunnat<\/strong>, <strong>Saudi-Arabia<\/strong>, <strong>Bahrain<\/strong>, <strong>Kuwait<\/strong>, <strong>Jordania<\/strong>, <strong>Oman<\/strong> (helmikuusta 2024 alkaen)<\/li><li><strong>Qatarin kansalaiset<\/strong> (marraskuusta 2023 alkaen)<\/li><\/ul><p>T\u00e4m\u00e4 lupa koskee turisteja, liikematkailijoita, lyhytaikaisia opiskelijoita ja kauttakulkumatkalla olevia henkil\u00f6it\u00e4.<\/p>\t\t\t\t\t\t\t\t<\/div>\n\t\t\t\t<\/div>\n\t\t\t\t<\/div>\n\t\t<div class=\"elementor-element elementor-element-ed346d2 e-con-full e-flex e-con e-child\" data-id=\"ed346d2\" data-element_type=\"container\">\n\t\t\t\t<div class=\"elementor-element elementor-element-ff8e7bf elementor-widget elementor-widget-heading\" data-id=\"ff8e7bf\" data-element_type=\"widget\" data-widget_type=\"heading.default\">\n\t\t\t\t<div class=\"elementor-widget-container\">\n\t\t\t\t\t<h3 class=\"elementor-heading-title elementor-size-default\">POIKKEUKSET:<\/h3>\t\t\t\t<\/div>\n\t\t\t\t<\/div>\n\t\t\t\t<div class=\"elementor-element elementor-element-77aee6c elementor-widget elementor-widget-text-editor\" data-id=\"77aee6c\" data-element_type=\"widget\" data-widget_type=\"text-editor.default\">\n\t\t\t\t<div class=\"elementor-widget-container\">\n\t\t\t\t\t\t\t\t\t<ul><li><strong>Britannian ja Irlannin kansalaiset<\/strong> ovat vapautettuja ETA-vaatimuksesta.<\/li><li>Pitk\u00e4aikaisen viisumin haltijat tai henkil\u00f6t, joilla on pysyv\u00e4 oleskelulupa Isossa-Britanniassa, eiv\u00e4t tarvitse ETA-viisumia.<\/li><\/ul>\t\t\t\t\t\t\t\t<\/div>\n\t\t\t\t<\/div>\n\t\t\t\t<\/div>\n\t\t\t\t\t<\/div>\n\t\t\t\t<\/div>\n\t\t<div class=\"elementor-element elementor-element-f447f70 e-flex e-con-boxed e-con e-parent\" data-id=\"f447f70\" data-element_type=\"container\">\n\t\t\t\t\t<div class=\"e-con-inner\">\n\t\t\t\t<div class=\"elementor-element elementor-element-ef5e263 elementor-widget-divider--view-line elementor-widget elementor-widget-divider\" data-id=\"ef5e263\" data-element_type=\"widget\" data-widget_type=\"divider.default\">\n\t\t\t\t<div class=\"elementor-widget-container\">\n\t\t\t\t\t\t\t<div class=\"elementor-divider\">\n\t\t\t<span class=\"elementor-divider-separator\">\n\t\t\t\t\t\t<\/span>\n\t\t<\/div>\n\t\t\t\t\t\t<\/div>\n\t\t\t\t<\/div>\n\t\t\t\t<div class=\"elementor-element elementor-element-7bd378c elementor-widget elementor-widget-heading\" data-id=\"7bd378c\" data-element_type=\"widget\" data-widget_type=\"heading.default\">\n\t\t\t\t<div class=\"elementor-widget-container\">\n\t\t\t\t\t<h3 class=\"elementor-heading-title elementor-size-default\">Ty\u00f6viisumien tyypit:<\/h3>\t\t\t\t<\/div>\n\t\t\t\t<\/div>\n\t\t\t\t\t<\/div>\n\t\t\t\t<\/div>\n\t\t<div class=\"elementor-element elementor-element-bf9a089 e-flex e-con-boxed e-con e-parent\" data-id=\"bf9a089\" data-element_type=\"container\">\n\t\t\t\t\t<div class=\"e-con-inner\">\n\t\t<div class=\"elementor-element elementor-element-9142cb4 e-con-full e-flex e-con e-child\" data-id=\"9142cb4\" data-element_type=\"container\">\n\t\t\t\t<div class=\"elementor-element elementor-element-a576fb1 elementor-widget elementor-widget-text-editor\" data-id=\"a576fb1\" data-element_type=\"widget\" data-widget_type=\"text-editor.default\">\n\t\t\t\t<div class=\"elementor-widget-container\">\n\t\t\t\t\t\t\t\t\t<ol><li><strong>ammattitaitoisen ty\u00f6ntekij\u00e4n viisumi<\/strong>Ty\u00f6ntekij\u00f6ille, joille on tarjottu ty\u00f6paikka Isossa-Britanniassa ja jotka t\u00e4ytt\u00e4v\u00e4t osaamis- ja v\u00e4himm\u00e4ispalkkavaatimukset.<\/li><li><strong>Tilap\u00e4isen ty\u00f6ntekij\u00e4n viisumi<\/strong>Kausity\u00f6ntekij\u00f6ille, vapaaehtoisille tai kulttuuri- ja uskonnollisiin vaihto-ohjelmiin osallistuville.<\/li><li><strong>Globaalin lahjakkuusviisumin<\/strong>Korkeasti koulutetuille henkil\u00f6ille esimerkiksi tieteen, teknologian, taiteen tai kulttuurin aloilla.<\/li><\/ol><p>Jokaisella ty\u00f6viisumilla on omat dokumentointivaatimuksensa, kuten ty\u00f6tarjouksen todistaminen, riitt\u00e4v\u00e4t taloudelliset resurssit tai kielitaitovaatimusten t\u00e4ytt\u00e4minen.<\/p>\t\t\t\t\t\t\t\t<\/div>\n\t\t\t\t<\/div>\n\t\t\t\t<\/div>\n\t\t<div class=\"elementor-element elementor-element-477602e e-con-full e-flex e-con e-child\" data-id=\"477602e\" data-element_type=\"container\">\n\t\t\t\t<div class=\"elementor-element elementor-element-36b237a elementor-widget elementor-widget-text-editor\" data-id=\"36b237a\" data-element_type=\"widget\" data-widget_type=\"text-editor.default\">\n\t\t\t\t<div class=\"elementor-widget-container\">\n\t\t\t\t\t\t\t\t\t<p>Jos aiot ty\u00f6skennell\u00e4 Yhdistyneess\u00e4 kuningaskunnassa pitk\u00e4aikaisesti, tarvitset asianmukaisen ty\u00f6viisumin. ETA-viisumi kattaa vain lyhytaikaiset vierailut, kuten turismin tai ty\u00f6matkat, mutta ei salli pitk\u00e4aikaista ty\u00f6skentely\u00e4. Ty\u00f6skennell\u00e4ksesi Yhdistyneess\u00e4 kuningaskunnassa sinun on t\u00e4ytett\u00e4v\u00e4 erityyppisten ty\u00f6viisumien erityisehdot, kuten <strong>ammattitaitoisen ty\u00f6ntekij\u00e4n viisumi<\/strong> tai <strong>Tilap\u00e4isen ty\u00f6ntekij\u00e4n viisumi<\/strong>.<\/p>\t\t\t\t\t\t\t\t<\/div>\n\t\t\t\t<\/div>\n\t\t\t\t<\/div>\n\t\t\t\t\t<\/div>\n\t\t\t\t<\/div>\n\t\t<div class=\"elementor-element elementor-element-7babe2f e-flex e-con-boxed e-con e-parent\" data-id=\"7babe2f\" data-element_type=\"container\">\n\t\t\t\t\t<div class=\"e-con-inner\">\n\t\t\t\t<div class=\"elementor-element elementor-element-f34bd57 elementor-widget-divider--view-line elementor-widget elementor-widget-divider\" data-id=\"f34bd57\" data-element_type=\"widget\" data-widget_type=\"divider.default\">\n\t\t\t\t<div class=\"elementor-widget-container\">\n\t\t\t\t\t\t\t<div class=\"elementor-divider\">\n\t\t\t<span class=\"elementor-divider-separator\">\n\t\t\t\t\t\t<\/span>\n\t\t<\/div>\n\t\t\t\t\t\t<\/div>\n\t\t\t\t<\/div>\n\t\t\t\t<div class=\"elementor-element elementor-element-fd547ce elementor-widget elementor-widget-heading\" data-id=\"fd547ce\" data-element_type=\"widget\" data-widget_type=\"heading.default\">\n\t\t\t\t<div class=\"elementor-widget-container\">\n\t\t\t\t\t<h3 class=\"elementor-heading-title elementor-size-default\">Usein kysytyt kysymykset<\/h3>\t\t\t\t<\/div>\n\t\t\t\t<\/div>\n\t\t\t\t<div class=\"elementor-element elementor-element-2773225 elementor-widget elementor-widget-text-editor\" data-id=\"2773225\" data-element_type=\"widget\" data-widget_type=\"text-editor.default\">\n\t\t\t\t<div class=\"elementor-widget-container\">\n\t\t\t\t\t\t\t\t\t<div data-id=\"019a625\" data-element_type=\"container\" data-settings=\"{&quot;content_width&quot;:&quot;boxed&quot;}\" data-core-v316-plus=\"true\"><div data-id=\"4776dd1\" data-element_type=\"widget\" data-widget_type=\"text-editor.default\"><h4><strong>1. Mik\u00e4 on Yhdistyneen kuningaskunnan ETA-viisumi ja kuka sit\u00e4 tarvitsee?<\/strong><\/h4><p><strong>S\u00e4hk\u00f6inen matkustuslupa (ETA) <\/strong><span style=\"font-size: 16px;\">on j\u00e4rjestelm\u00e4, jota Iso-Britannia ottaa k\u00e4ytt\u00f6\u00f6n vuonna <\/span><strong style=\"font-size: 16px;\">Huhtikuu 2025<\/strong><span style=\"font-size: 16px;\">Se koskee sellaisten maiden kansalaisia, jotka aiemmin eiv\u00e4t tarvinneet viisumia, kuten EU-maiden, ja kattaa lyhytaikaiset matkat (turismi, ty\u00f6matkat, kauttakulku jne.).<\/span><\/p><h4><strong>2. Milloin ETA-hakemukset avataan ja paljonko ne maksavat?<\/strong><\/h4><p>ETA-hakemukset avautuvat <strong>2024<\/strong>, k\u00e4ytt\u00f6\u00f6notto huhtikuussa 2025. Palvelumaksu on <strong>\u00a316<\/strong>\u00a0hakemusta kohden.<\/p><h4><strong>3. Miten saan arvioidun saapumisajan ja kuinka kauan sen saaminen kest\u00e4\u00e4?<\/strong><\/h4><p>Hakemukset tehd\u00e4\u00e4n verkossa Yhdistyneen kuningaskunnan hallituksen verkkosivuston tai mobiilisovelluksen kautta. Prosessiin kuuluu perushenkil\u00f6tietojen t\u00e4ytt\u00e4minen, turvakysymyksiin vastaaminen ja maksun maksaminen. Useimmat hakemukset k\u00e4sitell\u00e4\u00e4n kuluessa <strong>48\u201372 tuntia<\/strong>.<\/p><h4><strong>4. Kuinka kauan ETA-matkustuslupa on voimassa ja kuinka monta kertaa sill\u00e4 voi matkustaa?<\/strong><\/h4><p>ETA on voimassa <strong>2 vuotta<\/strong> tai passin voimassaoloajan p\u00e4\u00e4ttymiseen asti, sen mukaan kumpi tulee ensin. Se mahdollistaa <strong>useita merkint\u00f6j\u00e4<\/strong> Isoon-Britanniaan, ja jokainen vierailu kest\u00e4\u00e4 enint\u00e4\u00e4n <strong>6 kuukautta<\/strong>.<\/p><h4><strong>5. Pit\u00e4\u00e4k\u00f6 minun tulostaa arvioitu saapumisaikani?<\/strong><\/h4><p>Ei, ETA-lupa on s\u00e4hk\u00f6inen ja linkitetty passisi. Esit\u00e4 vain passi rajalla, niin ETA-lupasi tarkistetaan automaattisesti.<\/p><h4><strong>6. Mit\u00e4 tapahtuu, jos ETA-hakemukseni hyl\u00e4t\u00e4\u00e4n?<\/strong><\/h4><p>Jos ETA-hakemuksesi hyl\u00e4t\u00e4\u00e4n, voit hakea uutta viisumia tai erityyppist\u00e4 viisumia, kuten <strong>Tavallinen vierailijaviisumi<\/strong>, mik\u00e4 voi edellytt\u00e4\u00e4 yksityiskohtaisempaa hakuprosessia.<\/p><h4><strong>7. Kattaako ETA-viisumi matkustamisen Irlantiin tai Schengen-maihin?<\/strong><\/h4><p>Ei, ETA-viisumi on voimassa vain Isoon-Britanniaan matkustamiseen, mukaan lukien <strong>Englanti, Skotlanti, Wales ja Pohjois-Irlanti<\/strong>Erillisi\u00e4 maahantuloehtoja sovelletaan <strong>Irlanti<\/strong> ja <strong>Schengenin<\/strong> maissa.<\/p><h4><strong>8. Tarvitsevatko lapset oman ETA-luvan?<\/strong><\/h4><p>Kyll\u00e4, jokainen matkustaja, my\u00f6s lapset, tarvitsee oman ETA-luvan, joka on liitetty passiinsa.<\/p><h4><strong>9. Onko ETA-vaatimuksiin poikkeuksia?<\/strong><\/h4><p>Kyll\u00e4, <strong>Irlannin kansalaiset<\/strong> ja henkil\u00f6t, joilla on pitk\u00e4aikainen viisumi ty\u00f6skentely\u00e4, opiskelua tai oleskelua varten Isossa-Britanniassa, ovat vapautettuja ETA-vaatimuksista.<\/p><h4><strong>10. Mit\u00e4 minun pit\u00e4isi tehd\u00e4, jos minulla on lis\u00e4\u00e4 kysymyksi\u00e4<\/strong><\/h4><p>K\u00e4y virallisella <strong>Yhdistyneen kuningaskunnan hallituksen verkkosivusto<\/strong> tai katso lis\u00e4tietoja ja p\u00e4ivityksi\u00e4 ETA-j\u00e4rjestelm\u00e4st\u00e4 erillisest\u00e4 usein kysytyist\u00e4 kysymyksist\u00e4mme.<\/p><\/div><\/div>\t\t\t\t\t\t\t\t<\/div>\n\t\t\t\t<\/div>\n\t\t\t\t\t<\/div>\n\t\t\t\t<\/div>\n\t\t<div class=\"elementor-element elementor-element-bf91d7f e-flex e-con-boxed e-con e-parent\" data-id=\"bf91d7f\" data-element_type=\"container\">\n\t\t\t\t\t<div class=\"e-con-inner\">\n\t\t<div class=\"elementor-element elementor-element-9825c1d e-con-full e-flex e-con e-child\" data-id=\"9825c1d\" data-element_type=\"container\">\n\t\t\t\t<div class=\"elementor-element elementor-element-45210bd elementor-align-center elementor-list-item-link-full_width elementor-widget elementor-widget-icon-list\" data-id=\"45210bd\" data-element_type=\"widget\" data-widget_type=\"icon-list.default\">\n\t\t\t\t<div class=\"elementor-widget-container\">\n\t\t\t\t\t\t\t<ul class=\"elementor-icon-list-items\">\n\t\t\t\t\t\t\t<li class=\"elementor-icon-list-item\">\n\t\t\t\t\t\t\t\t\t\t<span class=\"elementor-icon-list-text\">Yrityksen tunnistenumero: 08392226<\/span>\n\t\t\t\t\t\t\t\t\t<\/li>\n\t\t\t\t\t\t\t\t<li class=\"elementor-icon-list-item\">\n\t\t\t\t\t\t\t\t\t\t<span class=\"elementor-icon-list-text\">VISA USA sro<\/span>\n\t\t\t\t\t\t\t\t\t<\/li>\n\t\t\t\t\t\t\t\t<li class=\"elementor-icon-list-item\">\n\t\t\t\t\t\t\t\t\t\t<span class=\"elementor-icon-list-text\">Sv. Cecha 750\/4, Bilovec 743 01, T\u0161ekki<\/span>\n\t\t\t\t\t\t\t\t\t<\/li>\n\t\t\t\t\t\t<\/ul>\n\t\t\t\t\t\t<\/div>\n\t\t\t\t<\/div>\n\t\t\t\t<\/div>\n\t\t<div class=\"elementor-element elementor-element-c6703c3 e-con-full e-flex e-con e-child\" data-id=\"c6703c3\" data-element_type=\"container\">\n\t\t\t\t<div class=\"elementor-element elementor-element-79d431f elementor-widget elementor-widget-text-editor\" data-id=\"79d431f\" data-element_type=\"widget\" data-widget_type=\"text-editor.default\">\n\t\t\t\t<div class=\"elementor-widget-container\">\n\t\t\t\t\t\t\t\t\t<p style=\"text-align: center;\">T\u00e4m\u00e4 verkkosivusto ja yrityksemme eiv\u00e4t ole mill\u00e4\u00e4n tavalla sidoksissa Yhdistyneen kuningaskunnan viranomaisiin tai hallitukseen. Virallinen verkkosivusto l\u00f6ytyy osoitteesta www.gov.uk.<\/p>\t\t\t\t\t\t\t\t<\/div>\n\t\t\t\t<\/div>\n\t\t\t\t<\/div>\n\t\t\t\t\t<\/div>\n\t\t\t\t<\/div>\n\t\t\t\t<\/div>","protected":false},"excerpt":{"rendered":"<p>TRAVEL AUTHORIZATION ETA VISA TO UK FROM APRIL 2025 From April 2, 2025, the UK will introduce a new Electronic [&hellip;]<\/p>","protected":false},"author":1,"featured_media":0,"parent":0,"menu_order":0,"comment_status":"closed","ping_status":"closed","template":"","meta":{"site-sidebar-layout":"no-sidebar","site-content-layout":"","ast-site-content-layout":"full-width-container","site-content-style":"default","site-sidebar-style":"default","ast-global-header-display":"","ast-banner-title-visibility":"","ast-main-header-display":"","ast-hfb-above-header-display":"","ast-hfb-below-header-display":"","ast-hfb-mobile-header-display":"","site-post-title":"disabled","ast-breadcrumbs-content":"","ast-featured-img":"disabled","footer-sml-layout":"","theme-transparent-header-meta":"","adv-header-id-meta":"","stick-header-meta":"","header-above-stick-meta":"","header-main-stick-meta":"","header-below-stick-meta":"","astra-migrate-meta-layouts":"default","ast-page-background-enabled":"default","ast-page-background-meta":{"desktop":{"background-color":"var(--ast-global-color-5)","background-image":"","background-repeat":"repeat","background-position":"center center","background-size":"auto","background-attachment":"scroll","background-type":"","background-media":"","overlay-type":"","overlay-color":"","overlay-opacity":"","overlay-gradient":""},"tablet":{"background-color":"","background-image":"","background-repeat":"repeat","background-position":"center center","background-size":"auto","background-attachment":"scroll","background-type":"","background-media":"","overlay-type":"","overlay-color":"","overlay-opacity":"","overlay-gradient":""},"mobile":{"background-color":"","background-image":"","background-repeat":"repeat","background-position":"center center","background-size":"auto","background-attachment":"scroll","background-type":"","background-media":"","overlay-type":"","overlay-color":"","overlay-opacity":"","overlay-gradient":""}},"ast-content-background-meta":{"desktop":{"background-color":"var(--ast-global-color-4)","background-image":"","background-repeat":"repeat","background-position":"center center","background-size":"auto","background-attachment":"scroll","background-type":"","background-media":"","overlay-type":"","overlay-color":"","overlay-opacity":"","overlay-gradient":""},"tablet":{"background-color":"var(--ast-global-color-4)","background-image":"","background-repeat":"repeat","background-position":"center center","background-size":"auto","background-attachment":"scroll","background-type":"","background-media":"","overlay-type":"","overlay-color":"","overlay-opacity":"","overlay-gradient":""},"mobile":{"background-color":"var(--ast-global-color-4)","background-image":"","background-repeat":"repeat","background-position":"center center","background-size":"auto","background-attachment":"scroll","background-type":"","background-media":"","overlay-type":"","overlay-color":"","overlay-opacity":"","overlay-gradient":""}},"footnotes":""},"class_list":["post-10","page","type-page","status-publish","hentry"],"_links":{"self":[{"href":"https:\/\/applyesta.us\/fi\/wp-json\/wp\/v2\/pages\/10","targetHints":{"allow":["GET"]}}],"collection":[{"href":"https:\/\/applyesta.us\/fi\/wp-json\/wp\/v2\/pages"}],"about":[{"href":"https:\/\/applyesta.us\/fi\/wp-json\/wp\/v2\/types\/page"}],"author":[{"embeddable":true,"href":"https:\/\/applyesta.us\/fi\/wp-json\/wp\/v2\/users\/1"}],"replies":[{"embeddable":true,"href":"https:\/\/applyesta.us\/fi\/wp-json\/wp\/v2\/comments?post=10"}],"version-history":[{"count":0,"href":"https:\/\/applyesta.us\/fi\/wp-json\/wp\/v2\/pages\/10\/revisions"}],"wp:attachment":[{"href":"https:\/\/applyesta.us\/fi\/wp-json\/wp\/v2\/media?parent=10"}],"curies":[{"name":"wp","href":"https:\/\/api.w.org\/{rel}","templated":true}]}}