{"id":41,"date":"2025-06-06T21:27:55","date_gmt":"2025-06-06T21:27:55","guid":{"rendered":"https:\/\/form.applyeta.uk\/?page_id=41"},"modified":"2025-06-06T21:28:40","modified_gmt":"2025-06-06T21:28:40","slug":"us","status":"publish","type":"page","link":"https:\/\/applyesta.us\/dk\/us\/","title":{"rendered":"OS"},"content":{"rendered":"<div data-elementor-type=\"wp-page\" data-elementor-id=\"41\" class=\"elementor elementor-41\" data-elementor-post-type=\"page\">\n\t\t\t\t<div class=\"elementor-element elementor-element-b305927 e-flex e-con-boxed e-con e-parent\" data-id=\"b305927\" data-element_type=\"container\">\n\t\t\t\t\t<div class=\"e-con-inner\">\n\t\t<div class=\"elementor-element elementor-element-9154e97 e-con-full e-flex e-con e-child\" data-id=\"9154e97\" data-element_type=\"container\">\n\t\t\t\t<div class=\"elementor-element elementor-element-5d52b4f elementor-widget elementor-widget-image\" data-id=\"5d52b4f\" data-element_type=\"widget\" data-widget_type=\"image.default\">\n\t\t\t\t<div class=\"elementor-widget-container\">\n\t\t\t\t\t\t\t\t\t\t\t\t\t\t\t<img fetchpriority=\"high\" decoding=\"async\" width=\"640\" height=\"408\" src=\"https:\/\/applyesta.us\/wp-content\/uploads\/2025\/06\/tower-bridge-980961_640-1.jpg\" class=\"attachment-large size-large wp-image-13\" alt=\"\" srcset=\"https:\/\/applyesta.us\/wp-content\/uploads\/2025\/06\/tower-bridge-980961_640-1.jpg 640w, https:\/\/applyesta.us\/wp-content\/uploads\/2025\/06\/tower-bridge-980961_640-1-300x191.jpg 300w\" sizes=\"(max-width: 640px) 100vw, 640px\" \/>\t\t\t\t\t\t\t\t\t\t\t\t\t\t\t<\/div>\n\t\t\t\t<\/div>\n\t\t\t\t<\/div>\n\t\t<div class=\"elementor-element elementor-element-35b765f e-con-full e-flex e-con e-child\" data-id=\"35b765f\" data-element_type=\"container\">\n\t\t\t\t<div class=\"elementor-element elementor-element-9eed95e elementor-widget elementor-widget-heading\" data-id=\"9eed95e\" data-element_type=\"widget\" data-widget_type=\"heading.default\">\n\t\t\t\t<div class=\"elementor-widget-container\">\n\t\t\t\t\t<h2 class=\"elementor-heading-title elementor-size-default\">REJSEAUTORISATION ETA-VISA TIL STORBRITANNIEN FRA APRIL 2025<\/h2>\t\t\t\t<\/div>\n\t\t\t\t<\/div>\n\t\t\t\t<div class=\"elementor-element elementor-element-f7ef9cb elementor-widget elementor-widget-text-editor\" data-id=\"f7ef9cb\" data-element_type=\"widget\" data-widget_type=\"text-editor.default\">\n\t\t\t\t<div class=\"elementor-widget-container\">\n\t\t\t\t\t\t\t\t\t<p style=\"text-align: left;\">Fra <strong>2. april 2025<\/strong>, vil Storbritannien indf\u00f8re en ny <strong>Elektronisk rejsetilladelse (ETA)<\/strong> systemet. Dette vil p\u00e5virke borgere fra <strong>Den Europ\u00e6iske Union<\/strong> og adskillige andre lande, der indtil nu har rejst til Storbritannien uden at have brug for visum. I henhold til de nye regler skal rejsende fra visumfritagne lande, herunder EU-borgere, ans\u00f8ge om et ETA-visum, f\u00f8r de bes\u00f8ger Storbritannien for korte ophold.<\/p>\t\t\t\t\t\t\t\t<\/div>\n\t\t\t\t<\/div>\n\t\t\t\t<\/div>\n\t\t\t\t\t<\/div>\n\t\t\t\t<\/div>\n\t\t<div class=\"elementor-element elementor-element-5f3a042 e-con-full e-flex e-con e-parent\" data-id=\"5f3a042\" data-element_type=\"container\">\n\t\t\t\t<div class=\"elementor-element elementor-element-b179dea elementor-widget elementor-widget-html\" data-id=\"b179dea\" data-element_type=\"widget\" data-widget_type=\"html.default\">\n\t\t\t\t<div class=\"elementor-widget-container\">\n\t\t\t\t\t<div style=\"border: 2px solid #f57c00; background-color: #fff3e0; padding: 25px; margin: 20px auto; border-left: 8px solid #e65100; font-family: Arial, sans-serif; border-radius: 8px; max-width: 800px; text-align: center;\">\r\n  <strong style=\"font-size: 18px; color: #d84315; display: block; margin-bottom: 10px;\">\u26a0\ufe0f Vigtig meddelelse<\/strong>\r\n  <p style=\"font-size: 15px; color: #000; font-weight: bold; line-height: 1.7; margin: 0;\">\r\n    Denne hjemmeside er kun til orientering og er ikke tilknyttet den britiske regering. <br>\r\n    <u>Du kan ikke ans\u00f8ge om en elektronisk rejsetilladelse (ETA) via denne hjemmeside.<\/u>\r\n    <br><br>\r\n    For at ans\u00f8ge om et officielt britisk ETA, bes\u00f8g venligst den officielle britiske regerings hjemmeside: <br>\r\n    <a href=\"https:\/\/www.gov.uk\/eta\" target=\"_blank\" style=\"color: #c62828; text-decoration: underline; font-weight: bold;\">www.gov.uk\/eta<\/a>\r\n  <\/p>\r\n<\/div>\r\n\t\t\t\t<\/div>\n\t\t\t\t<\/div>\n\t\t\t\t<\/div>\n\t\t<div class=\"elementor-element elementor-element-0c146e9 e-flex e-con-boxed e-con e-parent\" data-id=\"0c146e9\" data-element_type=\"container\">\n\t\t\t\t\t<div class=\"e-con-inner\">\n\t\t<div class=\"elementor-element elementor-element-d9ae5a4 e-con-full e-flex e-con e-child\" data-id=\"d9ae5a4\" data-element_type=\"container\">\n\t\t\t\t<div class=\"elementor-element elementor-element-053781a elementor-widget elementor-widget-heading\" data-id=\"053781a\" data-element_type=\"widget\" data-widget_type=\"heading.default\">\n\t\t\t\t<div class=\"elementor-widget-container\">\n\t\t\t\t\t<h2 class=\"elementor-heading-title elementor-size-default\">Hvad betyder dette for rejsende?<\/h2>\t\t\t\t<\/div>\n\t\t\t\t<\/div>\n\t\t\t\t<div class=\"elementor-element elementor-element-559d591 elementor-widget elementor-widget-text-editor\" data-id=\"559d591\" data-element_type=\"widget\" data-widget_type=\"text-editor.default\">\n\t\t\t\t<div class=\"elementor-widget-container\">\n\t\t\t\t\t\t\t\t\t<p>Indtil nu kunne EU-borgere rejse til Storbritannien uden visum og uden behov for s\u00e6rlig tilladelse og dermed drage fordel af den frie bev\u00e6gelighed for personer inden for Den Europ\u00e6iske Union. Efter Brexit mistede Storbritannien dog sit EU-medlemskab og indf\u00f8rer gradvist nye migrationsregler. Det betyder, at EU-borgere fra april 2025 skal have tilladelse, f\u00f8r de kan indrejse p\u00e5 britisk territorium, svarende til den proces, der i \u00f8jeblikket kr\u00e6ves for rejsende fra andre dele af verden.<\/p><p>Denne tilladelse vil v\u00e6re en del af det elektroniske rejsetilladelsessystem (ETA), som den britiske regering gradvist implementerer for udenlandske statsborgere fra forskellige lande. Rejsende skal ans\u00f8ge om tilladelsen inden deres rejse, hvilket vil indeb\u00e6re at udfylde en onlineans\u00f8gning, betale et gebyr og muligvis gennemg\u00e5 en sikkerhedskontrol.<\/p>\t\t\t\t\t\t\t\t<\/div>\n\t\t\t\t<\/div>\n\t\t\t\t<\/div>\n\t\t<div class=\"elementor-element elementor-element-492b943 e-con-full e-flex e-con e-child\" data-id=\"492b943\" data-element_type=\"container\">\n\t\t\t\t<div class=\"elementor-element elementor-element-d2ef239 elementor-widget elementor-widget-heading\" data-id=\"d2ef239\" data-element_type=\"widget\" data-widget_type=\"heading.default\">\n\t\t\t\t<div class=\"elementor-widget-container\">\n\t\t\t\t\t<h2 class=\"elementor-heading-title elementor-size-default\">REJSER TIL STORBRITANNIEN \u2013 HVAD \u00c6NDRER SIG I 2025?<\/h2>\t\t\t\t<\/div>\n\t\t\t\t<\/div>\n\t\t\t\t<div class=\"elementor-element elementor-element-aa05846 elementor-widget elementor-widget-text-editor\" data-id=\"aa05846\" data-element_type=\"widget\" data-widget_type=\"text-editor.default\">\n\t\t\t\t<div class=\"elementor-widget-container\">\n\t\t\t\t\t\t\t\t\t<div class=\"elementor-element elementor-element-e8a87ae elementor-widget elementor-widget-text-editor\" data-id=\"e8a87ae\" data-element_type=\"widget\" data-widget_type=\"text-editor.default\"><div class=\"elementor-widget-container\"><p>Indtil nu kunne EU-borgere bes\u00f8ge Storbritannien uden forudg\u00e5ende rejsetilladelse. Men som en del af <strong>Storbritanniens immigrationspolitik efter Brexit<\/strong>Fra april 2025 skal de ans\u00f8ge om et ETA-visum, svarende til det system, der g\u00e6lder for rejsende fra mange andre lande. Denne tilladelse vil v\u00e6re obligatorisk for dem, der bes\u00f8ger landet i forbindelse med turisme, forretning, korttidsstudier eller offentlig transport.<\/p><p><strong>Hvordan fungerer ETA?<\/strong><\/p><ul><li><strong>Onlineans\u00f8gning<\/strong>Rejsende skal indsende en ans\u00f8gning online inden rejsen. Processen omfatter udfyldning af en formular, besvarelse af sikkerhedssp\u00f8rgsm\u00e5l og betaling af et mindre gebyr.<\/li><li><strong>Behandlingstid<\/strong>De fleste anmodninger om forventet ankomsttid vil blive behandlet inden for 48 til 72 timer.<\/li><li><strong>Sikkerhedstjek<\/strong>Der kan blive udf\u00f8rt en sikkerhedskontrol, og i nogle tilf\u00e6lde kan det tage l\u00e6ngere tid at behandle ans\u00f8gninger.<\/li><\/ul><\/div><\/div>\t\t\t\t\t\t\t\t<\/div>\n\t\t\t\t<\/div>\n\t\t\t\t<\/div>\n\t\t\t\t\t<\/div>\n\t\t\t\t<\/div>\n\t\t<div class=\"elementor-element elementor-element-45e0ced e-flex e-con-boxed e-con e-parent\" data-id=\"45e0ced\" data-element_type=\"container\">\n\t\t\t\t\t<div class=\"e-con-inner\">\n\t\t<div class=\"elementor-element elementor-element-df605a3 e-con-full e-flex e-con e-child\" data-id=\"df605a3\" data-element_type=\"container\">\n\t\t\t\t<div class=\"elementor-element elementor-element-94021c1 elementor-widget elementor-widget-heading\" data-id=\"94021c1\" data-element_type=\"widget\" data-widget_type=\"heading.default\">\n\t\t\t\t<div class=\"elementor-widget-container\">\n\t\t\t\t\t<h3 class=\"elementor-heading-title elementor-size-default\">HVEM HAR BRUG FOR EN ETA?<\/h3>\t\t\t\t<\/div>\n\t\t\t\t<\/div>\n\t\t\t\t<div class=\"elementor-element elementor-element-ef2aa14 elementor-widget elementor-widget-text-editor\" data-id=\"ef2aa14\" data-element_type=\"widget\" data-widget_type=\"text-editor.default\">\n\t\t\t\t<div class=\"elementor-widget-container\">\n\t\t\t\t\t\t\t\t\t<p>ETA vil v\u00e6re p\u00e5kr\u00e6vet for <strong>borgere fra lande, der er fritaget for visumpligt<\/strong>, herunder:<\/p><ul><li><strong>EU-borgere<\/strong><\/li><li>Rejsende fra <strong>De Forenede Arabiske Emirater<\/strong>, <strong>Saudi-Arabien<\/strong>, <strong>Bahrain<\/strong>, <strong>Kuwait<\/strong>, <strong>Jordan<\/strong>, <strong>Oman<\/strong> (fra februar 2024)<\/li><li><strong>Qatarske statsborgere<\/strong> (fra november 2023)<\/li><\/ul><p>Denne tilladelse g\u00e6lder for turister, forretningsrejsende, studerende p\u00e5 korttidsophold og personer i transit.<\/p>\t\t\t\t\t\t\t\t<\/div>\n\t\t\t\t<\/div>\n\t\t\t\t<\/div>\n\t\t<div class=\"elementor-element elementor-element-ed346d2 e-con-full e-flex e-con e-child\" data-id=\"ed346d2\" data-element_type=\"container\">\n\t\t\t\t<div class=\"elementor-element elementor-element-ff8e7bf elementor-widget elementor-widget-heading\" data-id=\"ff8e7bf\" data-element_type=\"widget\" data-widget_type=\"heading.default\">\n\t\t\t\t<div class=\"elementor-widget-container\">\n\t\t\t\t\t<h3 class=\"elementor-heading-title elementor-size-default\">UNDTAGELSER:<\/h3>\t\t\t\t<\/div>\n\t\t\t\t<\/div>\n\t\t\t\t<div class=\"elementor-element elementor-element-77aee6c elementor-widget elementor-widget-text-editor\" data-id=\"77aee6c\" data-element_type=\"widget\" data-widget_type=\"text-editor.default\">\n\t\t\t\t<div class=\"elementor-widget-container\">\n\t\t\t\t\t\t\t\t\t<ul><li><strong>Britiske og irske statsborgere<\/strong> er fritaget for ETA-kravet.<\/li><li>Indehavere af langtidsvisum eller personer med fast opholdsstatus i Storbritannien beh\u00f8ver ikke en ETA.<\/li><\/ul>\t\t\t\t\t\t\t\t<\/div>\n\t\t\t\t<\/div>\n\t\t\t\t<\/div>\n\t\t\t\t\t<\/div>\n\t\t\t\t<\/div>\n\t\t<div class=\"elementor-element elementor-element-f447f70 e-flex e-con-boxed e-con e-parent\" data-id=\"f447f70\" data-element_type=\"container\">\n\t\t\t\t\t<div class=\"e-con-inner\">\n\t\t\t\t<div class=\"elementor-element elementor-element-ef5e263 elementor-widget-divider--view-line elementor-widget elementor-widget-divider\" data-id=\"ef5e263\" data-element_type=\"widget\" data-widget_type=\"divider.default\">\n\t\t\t\t<div class=\"elementor-widget-container\">\n\t\t\t\t\t\t\t<div class=\"elementor-divider\">\n\t\t\t<span class=\"elementor-divider-separator\">\n\t\t\t\t\t\t<\/span>\n\t\t<\/div>\n\t\t\t\t\t\t<\/div>\n\t\t\t\t<\/div>\n\t\t\t\t<div class=\"elementor-element elementor-element-7bd378c elementor-widget elementor-widget-heading\" data-id=\"7bd378c\" data-element_type=\"widget\" data-widget_type=\"heading.default\">\n\t\t\t\t<div class=\"elementor-widget-container\">\n\t\t\t\t\t<h3 class=\"elementor-heading-title elementor-size-default\">Typer af arbejdsvisum:<\/h3>\t\t\t\t<\/div>\n\t\t\t\t<\/div>\n\t\t\t\t\t<\/div>\n\t\t\t\t<\/div>\n\t\t<div class=\"elementor-element elementor-element-bf9a089 e-flex e-con-boxed e-con e-parent\" data-id=\"bf9a089\" data-element_type=\"container\">\n\t\t\t\t\t<div class=\"e-con-inner\">\n\t\t<div class=\"elementor-element elementor-element-9142cb4 e-con-full e-flex e-con e-child\" data-id=\"9142cb4\" data-element_type=\"container\">\n\t\t\t\t<div class=\"elementor-element elementor-element-a576fb1 elementor-widget elementor-widget-text-editor\" data-id=\"a576fb1\" data-element_type=\"widget\" data-widget_type=\"text-editor.default\">\n\t\t\t\t<div class=\"elementor-widget-container\">\n\t\t\t\t\t\t\t\t\t<ol><li><strong>Visum for fagl\u00e6rte arbejdere<\/strong>For arbejdstagere med et jobtilbud i Storbritannien, der opfylder kravene til f\u00e6rdigheder og minimumsl\u00f8n.<\/li><li><strong>Midlertidig arbejdstagervisum<\/strong>For s\u00e6sonarbejdere, frivillige eller dem, der deltager i kulturelle og religi\u00f8se udvekslingsprogrammer.<\/li><li><strong>Globalt talentvisum<\/strong>For h\u00f8jtuddannede personer inden for omr\u00e5der som videnskab, teknologi, kunst eller kultur.<\/li><\/ol><p>Hvert arbejdsvisum har specifikke dokumentationskrav, s\u00e5som bevis for et jobtilbud, tilstr\u00e6kkelige \u00f8konomiske midler eller opfyldelse af sprogkundskaber.<\/p>\t\t\t\t\t\t\t\t<\/div>\n\t\t\t\t<\/div>\n\t\t\t\t<\/div>\n\t\t<div class=\"elementor-element elementor-element-477602e e-con-full e-flex e-con e-child\" data-id=\"477602e\" data-element_type=\"container\">\n\t\t\t\t<div class=\"elementor-element elementor-element-36b237a elementor-widget elementor-widget-text-editor\" data-id=\"36b237a\" data-element_type=\"widget\" data-widget_type=\"text-editor.default\">\n\t\t\t\t<div class=\"elementor-widget-container\">\n\t\t\t\t\t\t\t\t\t<p>Hvis du planl\u00e6gger at arbejde i Storbritannien i lang tid, skal du bruge det relevante arbejdsvisum. ETA&#039;en d\u00e6kker kun kortvarige bes\u00f8g, s\u00e5som turisme- eller forretningsrejser, men tillader ikke langvarig besk\u00e6ftigelse. For at arbejde i Storbritannien skal du opfylde de specifikke betingelser for forskellige typer arbejdsvisa, s\u00e5som <strong>Visum for fagl\u00e6rte arbejdere<\/strong> eller den <strong>Midlertidig arbejdstagervisum<\/strong>.<\/p>\t\t\t\t\t\t\t\t<\/div>\n\t\t\t\t<\/div>\n\t\t\t\t<\/div>\n\t\t\t\t\t<\/div>\n\t\t\t\t<\/div>\n\t\t<div class=\"elementor-element elementor-element-7babe2f e-flex e-con-boxed e-con e-parent\" data-id=\"7babe2f\" data-element_type=\"container\">\n\t\t\t\t\t<div class=\"e-con-inner\">\n\t\t\t\t<div class=\"elementor-element elementor-element-f34bd57 elementor-widget-divider--view-line elementor-widget elementor-widget-divider\" data-id=\"f34bd57\" data-element_type=\"widget\" data-widget_type=\"divider.default\">\n\t\t\t\t<div class=\"elementor-widget-container\">\n\t\t\t\t\t\t\t<div class=\"elementor-divider\">\n\t\t\t<span class=\"elementor-divider-separator\">\n\t\t\t\t\t\t<\/span>\n\t\t<\/div>\n\t\t\t\t\t\t<\/div>\n\t\t\t\t<\/div>\n\t\t\t\t<div class=\"elementor-element elementor-element-fd547ce elementor-widget elementor-widget-heading\" data-id=\"fd547ce\" data-element_type=\"widget\" data-widget_type=\"heading.default\">\n\t\t\t\t<div class=\"elementor-widget-container\">\n\t\t\t\t\t<h3 class=\"elementor-heading-title elementor-size-default\">FAQ - Ofte stillede sp\u00f8rgsm\u00e5l<\/h3>\t\t\t\t<\/div>\n\t\t\t\t<\/div>\n\t\t\t\t<div class=\"elementor-element elementor-element-2773225 elementor-widget elementor-widget-text-editor\" data-id=\"2773225\" data-element_type=\"widget\" data-widget_type=\"text-editor.default\">\n\t\t\t\t<div class=\"elementor-widget-container\">\n\t\t\t\t\t\t\t\t\t<div data-id=\"019a625\" data-element_type=\"container\" data-settings=\"{&quot;content_width&quot;:&quot;boxed&quot;}\" data-core-v316-plus=\"true\"><div data-id=\"4776dd1\" data-element_type=\"widget\" data-widget_type=\"text-editor.default\"><h4><strong>1. Hvad er den britiske ETA, og hvem har brug for den?<\/strong><\/h4><p><strong>Den elektroniske rejsetilladelse (ETA) <\/strong><span style=\"font-size: 16px;\">er et system, der bliver indf\u00f8rt af Storbritannien i <\/span><strong style=\"font-size: 16px;\">april 2025<\/strong><span style=\"font-size: 16px;\">Det g\u00e6lder for borgere fra lande, der tidligere ikke havde brug for visum, s\u00e5som EU-lande, og d\u00e6kker kortvarige rejser (turisme, forretningsrejser, offentlig transport osv.).<\/span><\/p><h4><strong>2. Hvorn\u00e5r \u00e5bner man for ans\u00f8gninger om ETA, og hvor meget vil det koste?<\/strong><\/h4><p>Ans\u00f8gninger om ETA \u00e5bner om <strong>2024<\/strong>, med implementering i april 2025. Servicegebyret er <strong>\u00a316<\/strong>\u00a0pr. ans\u00f8gning.<\/p><h4><strong>3. Hvordan f\u00e5r jeg en forventet ankomsttid, og hvor lang tid tager det?<\/strong><\/h4><p>Ans\u00f8gninger vil blive indsendt online via den britiske regerings hjemmeside eller mobilapp. Processen involverer udfyldelse af grundl\u00e6ggende personlige oplysninger, besvarelse af sikkerhedssp\u00f8rgsm\u00e5l og betaling af gebyret. De fleste ans\u00f8gninger vil blive behandlet inden for <strong>48-72 timer<\/strong>.<\/p><h4><strong>4. Hvor l\u00e6nge er den forventede ankomstdato gyldig, og hvor mange gange kan jeg rejse med den?<\/strong><\/h4><p>ETA&#039;en er gyldig for <strong>2 \u00e5r<\/strong> eller indtil passet udl\u00f8ber, alt efter hvad der kommer f\u00f8rst. Det giver mulighed for <strong>flere poster<\/strong> til Storbritannien, hvor hvert bes\u00f8g varer h\u00f8jst <strong>6 m\u00e5neder<\/strong>.<\/p><h4><strong>5. Skal jeg udskrive min forventede ankomsttid?<\/strong><\/h4><p>Nej, din ETA er elektronisk og knyttet til dit pas. Du skal blot fremvise passet ved gr\u00e6nsen, s\u00e5 bliver din ETA automatisk bekr\u00e6ftet.<\/p><h4><strong>6. Hvad sker der, hvis min ETA-ans\u00f8gning bliver afvist?<\/strong><\/h4><p>Hvis din ETA-ans\u00f8gning bliver afvist, kan du ans\u00f8ge igen eller ans\u00f8ge om en anden visumtype, f.eks. <strong>Standardbes\u00f8gsvisum<\/strong>, hvilket kan indeb\u00e6re en mere detaljeret ans\u00f8gningsproces.<\/p><h4><strong>7. D\u00e6kker ETA-tilladelsen rejser til Irland eller Schengenlande?<\/strong><\/h4><p>Nej, ETA&#039;en er kun gyldig for rejser til Storbritannien, inklusive <strong>England, Skotland, Wales og Nordirland<\/strong>Separate adgangsbetingelser g\u00e6lder for <strong>Irland<\/strong> og <strong>Schengen<\/strong> lande.<\/p><h4><strong>8. Skal b\u00f8rn have deres egen forventede ankomsttid?<\/strong><\/h4><p>Ja, hver rejsende, inklusive b\u00f8rn, skal bruge deres egen forventede ankomsttid knyttet til deres pas.<\/p><h4><strong>9. Er der nogen undtagelser fra ETA-kravene?<\/strong><\/h4><p>Ja, <strong>Irske statsborgere<\/strong> og personer med langtidsvisa til arbejde, studier eller ophold i Storbritannien er fritaget for ETA-krav.<\/p><h4><strong>10. Hvad skal jeg g\u00f8re, hvis jeg har flere sp\u00f8rgsm\u00e5l?<\/strong><\/h4><p>Bes\u00f8g den officielle <strong>Den britiske regerings hjemmeside<\/strong> eller vores dedikerede FAQ-sektion for flere detaljer og opdateringer om ETA-systemet.<\/p><\/div><\/div>\t\t\t\t\t\t\t\t<\/div>\n\t\t\t\t<\/div>\n\t\t\t\t\t<\/div>\n\t\t\t\t<\/div>\n\t\t<div class=\"elementor-element elementor-element-bf91d7f e-flex e-con-boxed e-con e-parent\" data-id=\"bf91d7f\" data-element_type=\"container\">\n\t\t\t\t\t<div class=\"e-con-inner\">\n\t\t<div class=\"elementor-element elementor-element-9825c1d e-con-full e-flex e-con e-child\" data-id=\"9825c1d\" data-element_type=\"container\">\n\t\t\t\t<div class=\"elementor-element elementor-element-45210bd elementor-align-center elementor-list-item-link-full_width elementor-widget elementor-widget-icon-list\" data-id=\"45210bd\" data-element_type=\"widget\" data-widget_type=\"icon-list.default\">\n\t\t\t\t<div class=\"elementor-widget-container\">\n\t\t\t\t\t\t\t<ul class=\"elementor-icon-list-items\">\n\t\t\t\t\t\t\t<li class=\"elementor-icon-list-item\">\n\t\t\t\t\t\t\t\t\t\t<span class=\"elementor-icon-list-text\">Virksomhedens identifikationsnummer: 08392226<\/span>\n\t\t\t\t\t\t\t\t\t<\/li>\n\t\t\t\t\t\t\t\t<li class=\"elementor-icon-list-item\">\n\t\t\t\t\t\t\t\t\t\t<span class=\"elementor-icon-list-text\">VISA USA sro<\/span>\n\t\t\t\t\t\t\t\t\t<\/li>\n\t\t\t\t\t\t\t\t<li class=\"elementor-icon-list-item\">\n\t\t\t\t\t\t\t\t\t\t<span class=\"elementor-icon-list-text\">Sv. Cecha 750\/4, Bilovec 743 01, Tjekkiet<\/span>\n\t\t\t\t\t\t\t\t\t<\/li>\n\t\t\t\t\t\t<\/ul>\n\t\t\t\t\t\t<\/div>\n\t\t\t\t<\/div>\n\t\t\t\t<\/div>\n\t\t<div class=\"elementor-element elementor-element-c6703c3 e-con-full e-flex e-con e-child\" data-id=\"c6703c3\" data-element_type=\"container\">\n\t\t\t\t<div class=\"elementor-element elementor-element-79d431f elementor-widget elementor-widget-text-editor\" data-id=\"79d431f\" data-element_type=\"widget\" data-widget_type=\"text-editor.default\">\n\t\t\t\t<div class=\"elementor-widget-container\">\n\t\t\t\t\t\t\t\t\t<p style=\"text-align: center;\">Denne hjemmeside og vores virksomhed er p\u00e5 ingen m\u00e5de tilknyttet de britiske myndigheder og regering. Den officielle hjemmeside kan findes p\u00e5 www.gov.uk.<\/p>\t\t\t\t\t\t\t\t<\/div>\n\t\t\t\t<\/div>\n\t\t\t\t<\/div>\n\t\t\t\t\t<\/div>\n\t\t\t\t<\/div>\n\t\t\t\t<\/div>","protected":false},"excerpt":{"rendered":"<p>TRAVEL AUTHORIZATION ETA VISA TO UK FROM APRIL 2025 From April 2, 2025, the UK will introduce a new Electronic [&hellip;]<\/p>","protected":false},"author":1,"featured_media":0,"parent":0,"menu_order":0,"comment_status":"closed","ping_status":"closed","template":"","meta":{"site-sidebar-layout":"no-sidebar","site-content-layout":"","ast-site-content-layout":"full-width-container","site-content-style":"default","site-sidebar-style":"default","ast-global-header-display":"","ast-banner-title-visibility":"","ast-main-header-display":"","ast-hfb-above-header-display":"","ast-hfb-below-header-display":"","ast-hfb-mobile-header-display":"","site-post-title":"disabled","ast-breadcrumbs-content":"","ast-featured-img":"disabled","footer-sml-layout":"","theme-transparent-header-meta":"","adv-header-id-meta":"","stick-header-meta":"","header-above-stick-meta":"","header-main-stick-meta":"","header-below-stick-meta":"","astra-migrate-meta-layouts":"default","ast-page-background-enabled":"default","ast-page-background-meta":{"desktop":{"background-color":"var(--ast-global-color-5)","background-image":"","background-repeat":"repeat","background-position":"center center","background-size":"auto","background-attachment":"scroll","background-type":"","background-media":"","overlay-type":"","overlay-color":"","overlay-opacity":"","overlay-gradient":""},"tablet":{"background-color":"","background-image":"","background-repeat":"repeat","background-position":"center center","background-size":"auto","background-attachment":"scroll","background-type":"","background-media":"","overlay-type":"","overlay-color":"","overlay-opacity":"","overlay-gradient":""},"mobile":{"background-color":"","background-image":"","background-repeat":"repeat","background-position":"center center","background-size":"auto","background-attachment":"scroll","background-type":"","background-media":"","overlay-type":"","overlay-color":"","overlay-opacity":"","overlay-gradient":""}},"ast-content-background-meta":{"desktop":{"background-color":"var(--ast-global-color-4)","background-image":"","background-repeat":"repeat","background-position":"center center","background-size":"auto","background-attachment":"scroll","background-type":"","background-media":"","overlay-type":"","overlay-color":"","overlay-opacity":"","overlay-gradient":""},"tablet":{"background-color":"var(--ast-global-color-4)","background-image":"","background-repeat":"repeat","background-position":"center center","background-size":"auto","background-attachment":"scroll","background-type":"","background-media":"","overlay-type":"","overlay-color":"","overlay-opacity":"","overlay-gradient":""},"mobile":{"background-color":"var(--ast-global-color-4)","background-image":"","background-repeat":"repeat","background-position":"center center","background-size":"auto","background-attachment":"scroll","background-type":"","background-media":"","overlay-type":"","overlay-color":"","overlay-opacity":"","overlay-gradient":""}},"footnotes":""},"class_list":["post-41","page","type-page","status-publish","hentry"],"_links":{"self":[{"href":"https:\/\/applyesta.us\/dk\/wp-json\/wp\/v2\/pages\/41","targetHints":{"allow":["GET"]}}],"collection":[{"href":"https:\/\/applyesta.us\/dk\/wp-json\/wp\/v2\/pages"}],"about":[{"href":"https:\/\/applyesta.us\/dk\/wp-json\/wp\/v2\/types\/page"}],"author":[{"embeddable":true,"href":"https:\/\/applyesta.us\/dk\/wp-json\/wp\/v2\/users\/1"}],"replies":[{"embeddable":true,"href":"https:\/\/applyesta.us\/dk\/wp-json\/wp\/v2\/comments?post=41"}],"version-history":[{"count":4,"href":"https:\/\/applyesta.us\/dk\/wp-json\/wp\/v2\/pages\/41\/revisions"}],"predecessor-version":[{"id":46,"href":"https:\/\/applyesta.us\/dk\/wp-json\/wp\/v2\/pages\/41\/revisions\/46"}],"wp:attachment":[{"href":"https:\/\/applyesta.us\/dk\/wp-json\/wp\/v2\/media?parent=41"}],"curies":[{"name":"wp","href":"https:\/\/api.w.org\/{rel}","templated":true}]}}