{"id":10,"date":"2025-06-04T13:30:07","date_gmt":"2025-06-04T13:30:07","guid":{"rendered":"https:\/\/form.applyeta.uk\/?page_id=10"},"modified":"2025-06-04T20:17:47","modified_gmt":"2025-06-04T20:17:47","slug":"home","status":"publish","type":"page","link":"https:\/\/applyesta.us\/ch\/","title":{"rendered":"Heim"},"content":{"rendered":"<div data-elementor-type=\"wp-page\" data-elementor-id=\"10\" class=\"elementor elementor-10\" data-elementor-post-type=\"page\">\n\t\t\t\t<div class=\"elementor-element elementor-element-b305927 e-flex e-con-boxed e-con e-parent\" data-id=\"b305927\" data-element_type=\"container\">\n\t\t\t\t\t<div class=\"e-con-inner\">\n\t\t<div class=\"elementor-element elementor-element-9154e97 e-con-full e-flex e-con e-child\" data-id=\"9154e97\" data-element_type=\"container\">\n\t\t\t\t<div class=\"elementor-element elementor-element-5d52b4f elementor-widget elementor-widget-image\" data-id=\"5d52b4f\" data-element_type=\"widget\" data-widget_type=\"image.default\">\n\t\t\t\t<div class=\"elementor-widget-container\">\n\t\t\t\t\t\t\t\t\t\t\t\t\t\t\t<img fetchpriority=\"high\" decoding=\"async\" width=\"640\" height=\"408\" src=\"https:\/\/applyesta.us\/wp-content\/uploads\/2025\/06\/tower-bridge-980961_640-1.jpg\" class=\"attachment-large size-large wp-image-13\" alt=\"\" srcset=\"https:\/\/applyesta.us\/wp-content\/uploads\/2025\/06\/tower-bridge-980961_640-1.jpg 640w, https:\/\/applyesta.us\/wp-content\/uploads\/2025\/06\/tower-bridge-980961_640-1-300x191.jpg 300w\" sizes=\"(max-width: 640px) 100vw, 640px\" \/>\t\t\t\t\t\t\t\t\t\t\t\t\t\t\t<\/div>\n\t\t\t\t<\/div>\n\t\t\t\t<\/div>\n\t\t<div class=\"elementor-element elementor-element-35b765f e-con-full e-flex e-con e-child\" data-id=\"35b765f\" data-element_type=\"container\">\n\t\t\t\t<div class=\"elementor-element elementor-element-9eed95e elementor-widget elementor-widget-heading\" data-id=\"9eed95e\" data-element_type=\"widget\" data-widget_type=\"heading.default\">\n\t\t\t\t<div class=\"elementor-widget-container\">\n\t\t\t\t\t<h2 class=\"elementor-heading-title elementor-size-default\">REISEGENEHMIGUNG F\u00dcR EIN ETA-VISUM NACH GROSSBRITANNIEN AB APRIL 2025<\/h2>\t\t\t\t<\/div>\n\t\t\t\t<\/div>\n\t\t\t\t<div class=\"elementor-element elementor-element-f7ef9cb elementor-widget elementor-widget-text-editor\" data-id=\"f7ef9cb\" data-element_type=\"widget\" data-widget_type=\"text-editor.default\">\n\t\t\t\t<div class=\"elementor-widget-container\">\n\t\t\t\t\t\t\t\t\t<p style=\"text-align: left;\">Aus <strong>2. April 2025<\/strong>wird Gro\u00dfbritannien eine neue <strong>Elektronische Reisegenehmigung (ETA)<\/strong> Dies betrifft B\u00fcrger aus der <strong>europ\u00e4ische Union<\/strong> und mehrere andere L\u00e4nder, die bisher ohne Visum in das Vereinigte K\u00f6nigreich reisen konnten. Nach den neuen Regeln m\u00fcssen Reisende aus visumfreien L\u00e4ndern, einschlie\u00dflich EU-B\u00fcrgern, vor Kurzaufenthalten im Vereinigten K\u00f6nigreich eine ETA beantragen.<\/p>\t\t\t\t\t\t\t\t<\/div>\n\t\t\t\t<\/div>\n\t\t\t\t<\/div>\n\t\t\t\t\t<\/div>\n\t\t\t\t<\/div>\n\t\t<div class=\"elementor-element elementor-element-5f3a042 e-con-full e-flex e-con e-parent\" data-id=\"5f3a042\" data-element_type=\"container\">\n\t\t\t\t<div class=\"elementor-element elementor-element-b179dea elementor-widget elementor-widget-html\" data-id=\"b179dea\" data-element_type=\"widget\" data-widget_type=\"html.default\">\n\t\t\t\t<div class=\"elementor-widget-container\">\n\t\t\t\t\t<div style=\"border: 2px solid #f57c00; background-color: #fff3e0; padding: 25px; margin: 20px auto; border-left: 8px solid #e65100; font-family: Arial, sans-serif; border-radius: 8px; max-width: 800px; text-align: center;\">\r\n  <strong style=\"font-size: 18px; color: #d84315; display: block; margin-bottom: 10px;\">\u26a0\ufe0f Wichtiger Hinweis<\/strong>\r\n  <p style=\"font-size: 15px; color: #000; font-weight: bold; line-height: 1.7; margin: 0;\">\r\n    Diese Website dient ausschlie\u00dflich Informationszwecken und steht in keiner Verbindung zur britischen Regierung. <br>\r\n    <u>Sie k\u00f6nnen \u00fcber diese Site keine ETA (Electronic Travel Authorisation) beantragen.<\/u>\r\n    <br><br>\r\n    Um eine offizielle britische ETA zu beantragen, besuchen Sie bitte die offizielle Website der britischen Regierung: <br>\r\n    <a href=\"https:\/\/www.gov.uk\/eta\" target=\"_blank\" style=\"color: #c62828; text-decoration: underline; font-weight: bold;\">www.gov.uk\/eta<\/a>\r\n  <\/p>\r\n<\/div>\r\n\t\t\t\t<\/div>\n\t\t\t\t<\/div>\n\t\t\t\t<\/div>\n\t\t<div class=\"elementor-element elementor-element-0c146e9 e-flex e-con-boxed e-con e-parent\" data-id=\"0c146e9\" data-element_type=\"container\">\n\t\t\t\t\t<div class=\"e-con-inner\">\n\t\t<div class=\"elementor-element elementor-element-d9ae5a4 e-con-full e-flex e-con e-child\" data-id=\"d9ae5a4\" data-element_type=\"container\">\n\t\t\t\t<div class=\"elementor-element elementor-element-053781a elementor-widget elementor-widget-heading\" data-id=\"053781a\" data-element_type=\"widget\" data-widget_type=\"heading.default\">\n\t\t\t\t<div class=\"elementor-widget-container\">\n\t\t\t\t\t<h2 class=\"elementor-heading-title elementor-size-default\">Was bedeutet das f\u00fcr Reisende?<\/h2>\t\t\t\t<\/div>\n\t\t\t\t<\/div>\n\t\t\t\t<div class=\"elementor-element elementor-element-559d591 elementor-widget elementor-widget-text-editor\" data-id=\"559d591\" data-element_type=\"widget\" data-widget_type=\"text-editor.default\">\n\t\t\t\t<div class=\"elementor-widget-container\">\n\t\t\t\t\t\t\t\t\t<p>Bisher konnten EU-B\u00fcrger ohne Visum und ohne besondere Genehmigung in das Vereinigte K\u00f6nigreich einreisen und profitierten von der Freiz\u00fcgigkeit innerhalb der Europ\u00e4ischen Union. Nach dem Brexit verlor Gro\u00dfbritannien jedoch seine EU-Mitgliedschaft und f\u00fchrt schrittweise neue Einwanderungsregeln ein. Dies bedeutet, dass EU-B\u00fcrger ab April 2025 vor der Einreise nach Gro\u00dfbritannien eine Genehmigung einholen m\u00fcssen, \u00e4hnlich wie es derzeit f\u00fcr Reisende aus anderen Teilen der Welt erforderlich ist.<\/p><p>Diese Genehmigung ist Teil des elektronischen Reisegenehmigungssystems (ETA), das die britische Regierung schrittweise f\u00fcr Ausl\u00e4nder aus verschiedenen L\u00e4ndern einf\u00fchrt. Reisende m\u00fcssen die Genehmigung vor ihrer Reise beantragen. Dies erfordert das Ausf\u00fcllen eines Online-Antrags, die Zahlung einer Geb\u00fchr und m\u00f6glicherweise eine Sicherheitskontrolle.<\/p>\t\t\t\t\t\t\t\t<\/div>\n\t\t\t\t<\/div>\n\t\t\t\t<\/div>\n\t\t<div class=\"elementor-element elementor-element-492b943 e-con-full e-flex e-con e-child\" data-id=\"492b943\" data-element_type=\"container\">\n\t\t\t\t<div class=\"elementor-element elementor-element-d2ef239 elementor-widget elementor-widget-heading\" data-id=\"d2ef239\" data-element_type=\"widget\" data-widget_type=\"heading.default\">\n\t\t\t\t<div class=\"elementor-widget-container\">\n\t\t\t\t\t<h2 class=\"elementor-heading-title elementor-size-default\">REISEN NACH GROSSBRITANNIEN \u2013 WAS \u00c4NDERT SICH IM JAHR 2025?<\/h2>\t\t\t\t<\/div>\n\t\t\t\t<\/div>\n\t\t\t\t<div class=\"elementor-element elementor-element-aa05846 elementor-widget elementor-widget-text-editor\" data-id=\"aa05846\" data-element_type=\"widget\" data-widget_type=\"text-editor.default\">\n\t\t\t\t<div class=\"elementor-widget-container\">\n\t\t\t\t\t\t\t\t\t<div class=\"elementor-element elementor-element-e8a87ae elementor-widget elementor-widget-text-editor\" data-id=\"e8a87ae\" data-element_type=\"widget\" data-widget_type=\"text-editor.default\"><div class=\"elementor-widget-container\"><p>Bisher konnten EU-B\u00fcrger das Vereinigte K\u00f6nigreich ohne vorherige Reisegenehmigung besuchen. Im Rahmen der <strong>Die britische Einwanderungspolitik nach dem Brexit<\/strong>Ab April 2025 m\u00fcssen sie eine ETA beantragen, \u00e4hnlich dem System, das f\u00fcr Reisende aus vielen anderen L\u00e4ndern gilt. Diese Genehmigung ist f\u00fcr alle Reisenden, die zu touristischen, gesch\u00e4ftlichen, kurzfristigen Studien- oder Transitzwecken ins Land kommen, obligatorisch.<\/p><p><strong>Wie funktioniert ETA?<\/strong><\/p><ul><li><strong>Online-Bewerbung<\/strong>: Reisende m\u00fcssen vor Reiseantritt einen Online-Antrag einreichen. Der Vorgang umfasst das Ausf\u00fcllen eines Formulars, die Beantwortung von Sicherheitsfragen und die Zahlung einer geringen Geb\u00fchr.<\/li><li><strong>Bearbeitungszeit<\/strong>: Die meisten ETA-Anfragen werden innerhalb von 48 bis 72 Stunden bearbeitet.<\/li><li><strong>Sicherheitskontrolle<\/strong>: Es kann eine Sicherheits\u00fcberpr\u00fcfung durchgef\u00fchrt werden und in einigen F\u00e4llen kann die Bearbeitung der Antr\u00e4ge l\u00e4nger dauern.<\/li><\/ul><\/div><\/div>\t\t\t\t\t\t\t\t<\/div>\n\t\t\t\t<\/div>\n\t\t\t\t<\/div>\n\t\t\t\t\t<\/div>\n\t\t\t\t<\/div>\n\t\t<div class=\"elementor-element elementor-element-45e0ced e-flex e-con-boxed e-con e-parent\" data-id=\"45e0ced\" data-element_type=\"container\">\n\t\t\t\t\t<div class=\"e-con-inner\">\n\t\t<div class=\"elementor-element elementor-element-df605a3 e-con-full e-flex e-con e-child\" data-id=\"df605a3\" data-element_type=\"container\">\n\t\t\t\t<div class=\"elementor-element elementor-element-94021c1 elementor-widget elementor-widget-heading\" data-id=\"94021c1\" data-element_type=\"widget\" data-widget_type=\"heading.default\">\n\t\t\t\t<div class=\"elementor-widget-container\">\n\t\t\t\t\t<h3 class=\"elementor-heading-title elementor-size-default\">WER BRAUCHT EINE ETA?<\/h3>\t\t\t\t<\/div>\n\t\t\t\t<\/div>\n\t\t\t\t<div class=\"elementor-element elementor-element-ef2aa14 elementor-widget elementor-widget-text-editor\" data-id=\"ef2aa14\" data-element_type=\"widget\" data-widget_type=\"text-editor.default\">\n\t\t\t\t<div class=\"elementor-widget-container\">\n\t\t\t\t\t\t\t\t\t<p>ETA wird ben\u00f6tigt f\u00fcr <strong>B\u00fcrger aus visumfreien L\u00e4ndern<\/strong>, einschlie\u00dflich:<\/p><ul><li><strong>EU-B\u00fcrger<\/strong><\/li><li>Reisende aus der <strong>Vereinigte Arabische Emirate<\/strong>, <strong>Saudi-Arabien<\/strong>, <strong>Bahrain<\/strong>, <strong>Kuwait<\/strong>, <strong>Jordanien<\/strong>, <strong>Oman<\/strong> (ab Februar 2024)<\/li><li><strong>Katarischer Staatsb\u00fcrger<\/strong> (ab November 2023)<\/li><\/ul><p>Diese Genehmigung gilt f\u00fcr Touristen, Gesch\u00e4ftsreisende, Kurzzeitstudenten und Personen auf der Durchreise.<\/p>\t\t\t\t\t\t\t\t<\/div>\n\t\t\t\t<\/div>\n\t\t\t\t<\/div>\n\t\t<div class=\"elementor-element elementor-element-ed346d2 e-con-full e-flex e-con e-child\" data-id=\"ed346d2\" data-element_type=\"container\">\n\t\t\t\t<div class=\"elementor-element elementor-element-ff8e7bf elementor-widget elementor-widget-heading\" data-id=\"ff8e7bf\" data-element_type=\"widget\" data-widget_type=\"heading.default\">\n\t\t\t\t<div class=\"elementor-widget-container\">\n\t\t\t\t\t<h3 class=\"elementor-heading-title elementor-size-default\">AUSNAHMEN:<\/h3>\t\t\t\t<\/div>\n\t\t\t\t<\/div>\n\t\t\t\t<div class=\"elementor-element elementor-element-77aee6c elementor-widget elementor-widget-text-editor\" data-id=\"77aee6c\" data-element_type=\"widget\" data-widget_type=\"text-editor.default\">\n\t\t\t\t<div class=\"elementor-widget-container\">\n\t\t\t\t\t\t\t\t\t<ul><li><strong>Britische und irische Staatsb\u00fcrger<\/strong> sind von der ETA-Pflicht ausgenommen.<\/li><li>Inhaber eines Langzeitvisums oder Personen mit Niederlassungsstatus im Vereinigten K\u00f6nigreich ben\u00f6tigen keine ETA.<\/li><\/ul>\t\t\t\t\t\t\t\t<\/div>\n\t\t\t\t<\/div>\n\t\t\t\t<\/div>\n\t\t\t\t\t<\/div>\n\t\t\t\t<\/div>\n\t\t<div class=\"elementor-element elementor-element-f447f70 e-flex e-con-boxed e-con e-parent\" data-id=\"f447f70\" data-element_type=\"container\">\n\t\t\t\t\t<div class=\"e-con-inner\">\n\t\t\t\t<div class=\"elementor-element elementor-element-ef5e263 elementor-widget-divider--view-line elementor-widget elementor-widget-divider\" data-id=\"ef5e263\" data-element_type=\"widget\" data-widget_type=\"divider.default\">\n\t\t\t\t<div class=\"elementor-widget-container\">\n\t\t\t\t\t\t\t<div class=\"elementor-divider\">\n\t\t\t<span class=\"elementor-divider-separator\">\n\t\t\t\t\t\t<\/span>\n\t\t<\/div>\n\t\t\t\t\t\t<\/div>\n\t\t\t\t<\/div>\n\t\t\t\t<div class=\"elementor-element elementor-element-7bd378c elementor-widget elementor-widget-heading\" data-id=\"7bd378c\" data-element_type=\"widget\" data-widget_type=\"heading.default\">\n\t\t\t\t<div class=\"elementor-widget-container\">\n\t\t\t\t\t<h3 class=\"elementor-heading-title elementor-size-default\">Arten von Arbeitsvisa:<\/h3>\t\t\t\t<\/div>\n\t\t\t\t<\/div>\n\t\t\t\t\t<\/div>\n\t\t\t\t<\/div>\n\t\t<div class=\"elementor-element elementor-element-bf9a089 e-flex e-con-boxed e-con e-parent\" data-id=\"bf9a089\" data-element_type=\"container\">\n\t\t\t\t\t<div class=\"e-con-inner\">\n\t\t<div class=\"elementor-element elementor-element-9142cb4 e-con-full e-flex e-con e-child\" data-id=\"9142cb4\" data-element_type=\"container\">\n\t\t\t\t<div class=\"elementor-element elementor-element-a576fb1 elementor-widget elementor-widget-text-editor\" data-id=\"a576fb1\" data-element_type=\"widget\" data-widget_type=\"text-editor.default\">\n\t\t\t\t<div class=\"elementor-widget-container\">\n\t\t\t\t\t\t\t\t\t<ol><li><strong>Visum f\u00fcr Fachkr\u00e4fte<\/strong>: F\u00fcr Arbeitnehmer mit einem Stellenangebot im Vereinigten K\u00f6nigreich, die die Qualifikations- und Mindestgehaltsanforderungen erf\u00fcllen.<\/li><li><strong>Visum f\u00fcr befristete Arbeitnehmer<\/strong>: F\u00fcr Saisonarbeiter, Freiwillige oder Teilnehmer an kulturellen und religi\u00f6sen Austauschprogrammen.<\/li><li><strong>Global Talent Visa<\/strong>: F\u00fcr hochqualifizierte Personen in Bereichen wie Wissenschaft, Technologie, Kunst oder Kultur.<\/li><\/ol><p>F\u00fcr jedes Arbeitsvisum gelten bestimmte Dokumentationsanforderungen, beispielsweise der Nachweis eines Stellenangebots, ausreichender finanzieller Mittel oder der Erf\u00fcllung der Sprachkompetenzstandards.<\/p>\t\t\t\t\t\t\t\t<\/div>\n\t\t\t\t<\/div>\n\t\t\t\t<\/div>\n\t\t<div class=\"elementor-element elementor-element-477602e e-con-full e-flex e-con e-child\" data-id=\"477602e\" data-element_type=\"container\">\n\t\t\t\t<div class=\"elementor-element elementor-element-36b237a elementor-widget elementor-widget-text-editor\" data-id=\"36b237a\" data-element_type=\"widget\" data-widget_type=\"text-editor.default\">\n\t\t\t\t<div class=\"elementor-widget-container\">\n\t\t\t\t\t\t\t\t\t<p>Wenn Sie planen, langfristig im Vereinigten K\u00f6nigreich zu arbeiten, ben\u00f6tigen Sie ein entsprechendes Arbeitsvisum. Das ETA deckt nur kurzfristige Besuche, wie z. B. Tourismus- oder Gesch\u00e4ftsreisen, ab, erlaubt jedoch keine langfristige Besch\u00e4ftigung. Um im Vereinigten K\u00f6nigreich arbeiten zu k\u00f6nnen, m\u00fcssen Sie die spezifischen Voraussetzungen f\u00fcr verschiedene Arten von Arbeitsvisa erf\u00fcllen, wie z. B. das <strong>Visum f\u00fcr Fachkr\u00e4fte<\/strong> oder die <strong>Visum f\u00fcr befristete Arbeitnehmer<\/strong>.<\/p>\t\t\t\t\t\t\t\t<\/div>\n\t\t\t\t<\/div>\n\t\t\t\t<\/div>\n\t\t\t\t\t<\/div>\n\t\t\t\t<\/div>\n\t\t<div class=\"elementor-element elementor-element-7babe2f e-flex e-con-boxed e-con e-parent\" data-id=\"7babe2f\" data-element_type=\"container\">\n\t\t\t\t\t<div class=\"e-con-inner\">\n\t\t\t\t<div class=\"elementor-element elementor-element-f34bd57 elementor-widget-divider--view-line elementor-widget elementor-widget-divider\" data-id=\"f34bd57\" data-element_type=\"widget\" data-widget_type=\"divider.default\">\n\t\t\t\t<div class=\"elementor-widget-container\">\n\t\t\t\t\t\t\t<div class=\"elementor-divider\">\n\t\t\t<span class=\"elementor-divider-separator\">\n\t\t\t\t\t\t<\/span>\n\t\t<\/div>\n\t\t\t\t\t\t<\/div>\n\t\t\t\t<\/div>\n\t\t\t\t<div class=\"elementor-element elementor-element-fd547ce elementor-widget elementor-widget-heading\" data-id=\"fd547ce\" data-element_type=\"widget\" data-widget_type=\"heading.default\">\n\t\t\t\t<div class=\"elementor-widget-container\">\n\t\t\t\t\t<h3 class=\"elementor-heading-title elementor-size-default\">FAQ - H\u00e4ufig gestellte Fragen<\/h3>\t\t\t\t<\/div>\n\t\t\t\t<\/div>\n\t\t\t\t<div class=\"elementor-element elementor-element-2773225 elementor-widget elementor-widget-text-editor\" data-id=\"2773225\" data-element_type=\"widget\" data-widget_type=\"text-editor.default\">\n\t\t\t\t<div class=\"elementor-widget-container\">\n\t\t\t\t\t\t\t\t\t<div data-id=\"019a625\" data-element_type=\"container\" data-settings=\"{&quot;content_width&quot;:&quot;boxed&quot;}\" data-core-v316-plus=\"true\"><div data-id=\"4776dd1\" data-element_type=\"widget\" data-widget_type=\"text-editor.default\"><h4><strong>1. Was ist die britische ETA und wer braucht sie?<\/strong><\/h4><p><strong>Die elektronische Reisegenehmigung (ETA) <\/strong><span style=\"font-size: 16px;\">ist ein System, das von Gro\u00dfbritannien eingef\u00fchrt wird in <\/span><strong style=\"font-size: 16px;\">April 2025<\/strong><span style=\"font-size: 16px;\">Es gilt f\u00fcr B\u00fcrger aus L\u00e4ndern, die bisher kein Visum ben\u00f6tigten, wie etwa EU-Staaten, und deckt kurzfristige Reisen (Tourismus, Gesch\u00e4ftsreisen, Transit usw.) ab.<\/span><\/p><h4><strong>2. Ab wann k\u00f6nnen ETA-Antr\u00e4ge gestellt werden und wie viel kostet es?<\/strong><\/h4><p>Die Bewerbungen f\u00fcr ETA werden ge\u00f6ffnet in <strong>2024<\/strong>, mit Umsetzung im April 2025. Die Servicegeb\u00fchr betr\u00e4gt <strong>\u00a316<\/strong>\u00a0pro Anwendung.<\/p><h4><strong>3. Wie erhalte ich eine ETA und wie lange dauert es?<\/strong><\/h4><p>Antr\u00e4ge werden online \u00fcber die Website der britischen Regierung oder \u00fcber eine mobile App gestellt. Der Vorgang umfasst die Eingabe grundlegender pers\u00f6nlicher Daten, die Beantwortung von Sicherheitsfragen und die Zahlung der Geb\u00fchr. Die meisten Antr\u00e4ge werden innerhalb von <strong>48-72 Stunden<\/strong>.<\/p><h4><strong>4. Wie lange ist die ETA g\u00fcltig und wie oft kann ich damit reisen?<\/strong><\/h4><p>Die ETA ist g\u00fcltig f\u00fcr <strong>2 Jahre<\/strong> oder bis zum Ablauf des Reisepasses, je nachdem, was zuerst eintritt. Es erm\u00f6glicht <strong>mehrere Eintr\u00e4ge<\/strong> nach Gro\u00dfbritannien, wobei jeder Besuch maximal <strong>6 Monate<\/strong>.<\/p><h4><strong>5. Muss ich meine ETA ausdrucken?<\/strong><\/h4><p>Nein, die ETA ist elektronisch und an Ihren Reisepass gebunden. Zeigen Sie Ihren Reisepass einfach an der Grenze vor, und Ihre ETA wird automatisch \u00fcberpr\u00fcft.<\/p><h4><strong>6. Was passiert, wenn mein ETA-Antrag abgelehnt wird?<\/strong><\/h4><p>Wenn Ihr ETA-Antrag abgelehnt wird, k\u00f6nnen Sie einen neuen Antrag stellen oder ein anderes Visum beantragen, z. B. ein <strong>Standard-Besuchervisum<\/strong>, was m\u00f6glicherweise einen detaillierteren Bewerbungsprozess mit sich bringt.<\/p><h4><strong>7. Deckt die ETA Reisen nach Irland oder in Schengen-L\u00e4nder ab?<\/strong><\/h4><p>Nein, die ETA ist nur f\u00fcr Reisen nach Gro\u00dfbritannien g\u00fcltig, einschlie\u00dflich <strong>England, Schottland, Wales und Nordirland<\/strong>Es gelten gesonderte Teilnahmebedingungen f\u00fcr <strong>Irland<\/strong> Und <strong>Schengen<\/strong> L\u00e4nder.<\/p><h4><strong>8. Brauchen Kinder eine eigene ETA?<\/strong><\/h4><p>Ja, jeder Reisende, einschlie\u00dflich Kinder, ben\u00f6tigt eine eigene ETA, die mit seinem Reisepass verkn\u00fcpft ist.<\/p><h4><strong>9. Gibt es Ausnahmen von den ETA-Anforderungen?<\/strong><\/h4><p>Ja, <strong>Irische Staatsb\u00fcrger<\/strong> und Personen mit Langzeitvisa f\u00fcr Arbeit, Studium oder Aufenthalt im Vereinigten K\u00f6nigreich sind von den ETA-Anforderungen ausgenommen.<\/p><h4><strong>10. Was kann ich tun, wenn ich weitere Fragen habe?<\/strong><\/h4><p>Besuchen Sie die offizielle <strong>Website der britischen Regierung<\/strong> oder unseren speziellen FAQ-Bereich f\u00fcr weitere Details und Updates zum ETA-System.<\/p><\/div><\/div>\t\t\t\t\t\t\t\t<\/div>\n\t\t\t\t<\/div>\n\t\t\t\t\t<\/div>\n\t\t\t\t<\/div>\n\t\t<div class=\"elementor-element elementor-element-bf91d7f e-flex e-con-boxed e-con e-parent\" data-id=\"bf91d7f\" data-element_type=\"container\">\n\t\t\t\t\t<div class=\"e-con-inner\">\n\t\t<div class=\"elementor-element elementor-element-9825c1d e-con-full e-flex e-con e-child\" data-id=\"9825c1d\" data-element_type=\"container\">\n\t\t\t\t<div class=\"elementor-element elementor-element-45210bd elementor-align-center elementor-list-item-link-full_width elementor-widget elementor-widget-icon-list\" data-id=\"45210bd\" data-element_type=\"widget\" data-widget_type=\"icon-list.default\">\n\t\t\t\t<div class=\"elementor-widget-container\">\n\t\t\t\t\t\t\t<ul class=\"elementor-icon-list-items\">\n\t\t\t\t\t\t\t<li class=\"elementor-icon-list-item\">\n\t\t\t\t\t\t\t\t\t\t<span class=\"elementor-icon-list-text\">Unternehmensidentifikationsnummer: 08392226<\/span>\n\t\t\t\t\t\t\t\t\t<\/li>\n\t\t\t\t\t\t\t\t<li class=\"elementor-icon-list-item\">\n\t\t\t\t\t\t\t\t\t\t<span class=\"elementor-icon-list-text\">VISA USA sro<\/span>\n\t\t\t\t\t\t\t\t\t<\/li>\n\t\t\t\t\t\t\t\t<li class=\"elementor-icon-list-item\">\n\t\t\t\t\t\t\t\t\t\t<span class=\"elementor-icon-list-text\">Sv. Cecha 750\/4, Bilovec 743 01, Tschechien<\/span>\n\t\t\t\t\t\t\t\t\t<\/li>\n\t\t\t\t\t\t<\/ul>\n\t\t\t\t\t\t<\/div>\n\t\t\t\t<\/div>\n\t\t\t\t<\/div>\n\t\t<div class=\"elementor-element elementor-element-c6703c3 e-con-full e-flex e-con e-child\" data-id=\"c6703c3\" data-element_type=\"container\">\n\t\t\t\t<div class=\"elementor-element elementor-element-79d431f elementor-widget elementor-widget-text-editor\" data-id=\"79d431f\" data-element_type=\"widget\" data-widget_type=\"text-editor.default\">\n\t\t\t\t<div class=\"elementor-widget-container\">\n\t\t\t\t\t\t\t\t\t<p style=\"text-align: center;\">Diese Website und unser Unternehmen stehen in keiner Verbindung zu den britischen Beh\u00f6rden und der Regierung. Die offizielle Website finden Sie unter www.gov.uk.<\/p>\t\t\t\t\t\t\t\t<\/div>\n\t\t\t\t<\/div>\n\t\t\t\t<\/div>\n\t\t\t\t\t<\/div>\n\t\t\t\t<\/div>\n\t\t\t\t<\/div>","protected":false},"excerpt":{"rendered":"<p>TRAVEL AUTHORIZATION ETA VISA TO UK FROM APRIL 2025 From April 2, 2025, the UK will introduce a new Electronic [&hellip;]<\/p>","protected":false},"author":1,"featured_media":0,"parent":0,"menu_order":0,"comment_status":"closed","ping_status":"closed","template":"","meta":{"site-sidebar-layout":"no-sidebar","site-content-layout":"","ast-site-content-layout":"full-width-container","site-content-style":"default","site-sidebar-style":"default","ast-global-header-display":"","ast-banner-title-visibility":"","ast-main-header-display":"","ast-hfb-above-header-display":"","ast-hfb-below-header-display":"","ast-hfb-mobile-header-display":"","site-post-title":"disabled","ast-breadcrumbs-content":"","ast-featured-img":"disabled","footer-sml-layout":"","theme-transparent-header-meta":"","adv-header-id-meta":"","stick-header-meta":"","header-above-stick-meta":"","header-main-stick-meta":"","header-below-stick-meta":"","astra-migrate-meta-layouts":"default","ast-page-background-enabled":"default","ast-page-background-meta":{"desktop":{"background-color":"var(--ast-global-color-5)","background-image":"","background-repeat":"repeat","background-position":"center center","background-size":"auto","background-attachment":"scroll","background-type":"","background-media":"","overlay-type":"","overlay-color":"","overlay-opacity":"","overlay-gradient":""},"tablet":{"background-color":"","background-image":"","background-repeat":"repeat","background-position":"center center","background-size":"auto","background-attachment":"scroll","background-type":"","background-media":"","overlay-type":"","overlay-color":"","overlay-opacity":"","overlay-gradient":""},"mobile":{"background-color":"","background-image":"","background-repeat":"repeat","background-position":"center center","background-size":"auto","background-attachment":"scroll","background-type":"","background-media":"","overlay-type":"","overlay-color":"","overlay-opacity":"","overlay-gradient":""}},"ast-content-background-meta":{"desktop":{"background-color":"var(--ast-global-color-4)","background-image":"","background-repeat":"repeat","background-position":"center center","background-size":"auto","background-attachment":"scroll","background-type":"","background-media":"","overlay-type":"","overlay-color":"","overlay-opacity":"","overlay-gradient":""},"tablet":{"background-color":"var(--ast-global-color-4)","background-image":"","background-repeat":"repeat","background-position":"center center","background-size":"auto","background-attachment":"scroll","background-type":"","background-media":"","overlay-type":"","overlay-color":"","overlay-opacity":"","overlay-gradient":""},"mobile":{"background-color":"var(--ast-global-color-4)","background-image":"","background-repeat":"repeat","background-position":"center center","background-size":"auto","background-attachment":"scroll","background-type":"","background-media":"","overlay-type":"","overlay-color":"","overlay-opacity":"","overlay-gradient":""}},"footnotes":""},"class_list":["post-10","page","type-page","status-publish","hentry"],"_links":{"self":[{"href":"https:\/\/applyesta.us\/ch\/wp-json\/wp\/v2\/pages\/10","targetHints":{"allow":["GET"]}}],"collection":[{"href":"https:\/\/applyesta.us\/ch\/wp-json\/wp\/v2\/pages"}],"about":[{"href":"https:\/\/applyesta.us\/ch\/wp-json\/wp\/v2\/types\/page"}],"author":[{"embeddable":true,"href":"https:\/\/applyesta.us\/ch\/wp-json\/wp\/v2\/users\/1"}],"replies":[{"embeddable":true,"href":"https:\/\/applyesta.us\/ch\/wp-json\/wp\/v2\/comments?post=10"}],"version-history":[{"count":0,"href":"https:\/\/applyesta.us\/ch\/wp-json\/wp\/v2\/pages\/10\/revisions"}],"wp:attachment":[{"href":"https:\/\/applyesta.us\/ch\/wp-json\/wp\/v2\/media?parent=10"}],"curies":[{"name":"wp","href":"https:\/\/api.w.org\/{rel}","templated":true}]}}