{"id":10,"date":"2025-06-04T13:30:07","date_gmt":"2025-06-04T13:30:07","guid":{"rendered":"https:\/\/form.applyeta.uk\/?page_id=10"},"modified":"2025-06-04T20:17:47","modified_gmt":"2025-06-04T20:17:47","slug":"home","status":"publish","type":"page","link":"https:\/\/applyesta.us\/ad\/","title":{"rendered":"Inici"},"content":{"rendered":"<div data-elementor-type=\"wp-page\" data-elementor-id=\"10\" class=\"elementor elementor-10\" data-elementor-post-type=\"page\">\n\t\t\t\t<div class=\"elementor-element elementor-element-b305927 e-flex e-con-boxed e-con e-parent\" data-id=\"b305927\" data-element_type=\"container\">\n\t\t\t\t\t<div class=\"e-con-inner\">\n\t\t<div class=\"elementor-element elementor-element-9154e97 e-con-full e-flex e-con e-child\" data-id=\"9154e97\" data-element_type=\"container\">\n\t\t\t\t<div class=\"elementor-element elementor-element-5d52b4f elementor-widget elementor-widget-image\" data-id=\"5d52b4f\" data-element_type=\"widget\" data-widget_type=\"image.default\">\n\t\t\t\t<div class=\"elementor-widget-container\">\n\t\t\t\t\t\t\t\t\t\t\t\t\t\t\t<img fetchpriority=\"high\" decoding=\"async\" width=\"640\" height=\"408\" src=\"https:\/\/applyesta.us\/wp-content\/uploads\/2025\/06\/tower-bridge-980961_640-1.jpg\" class=\"attachment-large size-large wp-image-13\" alt=\"\" srcset=\"https:\/\/applyesta.us\/wp-content\/uploads\/2025\/06\/tower-bridge-980961_640-1.jpg 640w, https:\/\/applyesta.us\/wp-content\/uploads\/2025\/06\/tower-bridge-980961_640-1-300x191.jpg 300w\" sizes=\"(max-width: 640px) 100vw, 640px\" \/>\t\t\t\t\t\t\t\t\t\t\t\t\t\t\t<\/div>\n\t\t\t\t<\/div>\n\t\t\t\t<\/div>\n\t\t<div class=\"elementor-element elementor-element-35b765f e-con-full e-flex e-con e-child\" data-id=\"35b765f\" data-element_type=\"container\">\n\t\t\t\t<div class=\"elementor-element elementor-element-9eed95e elementor-widget elementor-widget-heading\" data-id=\"9eed95e\" data-element_type=\"widget\" data-widget_type=\"heading.default\">\n\t\t\t\t<div class=\"elementor-widget-container\">\n\t\t\t\t\t<h2 class=\"elementor-heading-title elementor-size-default\">AUTORITZACI\u00d3 DE VIATGE ETA VISA AL REGNE UNIT DES DE L&#039;ABRIL DE 2025<\/h2>\t\t\t\t<\/div>\n\t\t\t\t<\/div>\n\t\t\t\t<div class=\"elementor-element elementor-element-f7ef9cb elementor-widget elementor-widget-text-editor\" data-id=\"f7ef9cb\" data-element_type=\"widget\" data-widget_type=\"text-editor.default\">\n\t\t\t\t<div class=\"elementor-widget-container\">\n\t\t\t\t\t\t\t\t\t<p style=\"text-align: left;\">De <strong>2 d&#039;abril de 2025<\/strong>, el Regne Unit introduir\u00e0 un nou <strong>Autoritzaci\u00f3 electr\u00f2nica de viatge (ETA)<\/strong> sistema. Aix\u00f2 afectar\u00e0 els ciutadans del <strong>Uni\u00f3 Europea<\/strong> i diversos altres pa\u00efsos que, fins ara, han viatjat al Regne Unit sense necessitat de visat. Segons les noves normes, els viatgers de pa\u00efsos exempts de visat, inclosos els ciutadans de la UE, hauran de sol\u00b7licitar una ETA abans de visitar el Regne Unit per a estades curtes.<\/p>\t\t\t\t\t\t\t\t<\/div>\n\t\t\t\t<\/div>\n\t\t\t\t<\/div>\n\t\t\t\t\t<\/div>\n\t\t\t\t<\/div>\n\t\t<div class=\"elementor-element elementor-element-5f3a042 e-con-full e-flex e-con e-parent\" data-id=\"5f3a042\" data-element_type=\"container\">\n\t\t\t\t<div class=\"elementor-element elementor-element-b179dea elementor-widget elementor-widget-html\" data-id=\"b179dea\" data-element_type=\"widget\" data-widget_type=\"html.default\">\n\t\t\t\t<div class=\"elementor-widget-container\">\n\t\t\t\t\t<div style=\"border: 2px solid #f57c00; background-color: #fff3e0; padding: 25px; margin: 20px auto; border-left: 8px solid #e65100; font-family: Arial, sans-serif; border-radius: 8px; max-width: 800px; text-align: center;\">\r\n  <strong style=\"font-size: 18px; color: #d84315; display: block; margin-bottom: 10px;\">\u26a0\ufe0f Av\u00eds important<\/strong>\r\n  <p style=\"font-size: 15px; color: #000; font-weight: bold; line-height: 1.7; margin: 0;\">\r\n    Aquest lloc web nom\u00e9s t\u00e9 finalitats informatives i no est\u00e0 afiliat al govern del Regne Unit. <br>\r\n    <u>No podeu sol\u00b7licitar una ETA (Autoritzaci\u00f3 Electr\u00f2nica de Viatge) a trav\u00e9s d&#039;aquest lloc web.<\/u>\r\n    <br><br>\r\n    Per sol\u00b7licitar una ETA oficial del Regne Unit, visiteu el lloc web oficial del govern del Regne Unit: <br>\r\n    <a href=\"https:\/\/www.gov.uk\/eta\" target=\"_blank\" style=\"color: #c62828; text-decoration: underline; font-weight: bold;\">www.gov.uk\/eta<\/a>\r\n  <\/p>\r\n<\/div>\r\n\t\t\t\t<\/div>\n\t\t\t\t<\/div>\n\t\t\t\t<\/div>\n\t\t<div class=\"elementor-element elementor-element-0c146e9 e-flex e-con-boxed e-con e-parent\" data-id=\"0c146e9\" data-element_type=\"container\">\n\t\t\t\t\t<div class=\"e-con-inner\">\n\t\t<div class=\"elementor-element elementor-element-d9ae5a4 e-con-full e-flex e-con e-child\" data-id=\"d9ae5a4\" data-element_type=\"container\">\n\t\t\t\t<div class=\"elementor-element elementor-element-053781a elementor-widget elementor-widget-heading\" data-id=\"053781a\" data-element_type=\"widget\" data-widget_type=\"heading.default\">\n\t\t\t\t<div class=\"elementor-widget-container\">\n\t\t\t\t\t<h2 class=\"elementor-heading-title elementor-size-default\">Qu\u00e8 significa aix\u00f2 per als viatgers?<\/h2>\t\t\t\t<\/div>\n\t\t\t\t<\/div>\n\t\t\t\t<div class=\"elementor-element elementor-element-559d591 elementor-widget elementor-widget-text-editor\" data-id=\"559d591\" data-element_type=\"widget\" data-widget_type=\"text-editor.default\">\n\t\t\t\t<div class=\"elementor-widget-container\">\n\t\t\t\t\t\t\t\t\t<p>Fins ara, els ciutadans de la UE podien viatjar al Regne Unit sense visats i sense necessitat de cap perm\u00eds especial, beneficiant-se de la lliure circulaci\u00f3 de persones dins de la Uni\u00f3 Europea. Tanmateix, despr\u00e9s del Brexit, el Regne Unit va perdre la seva pertinen\u00e7a a la UE i est\u00e0 introduint gradualment noves normes migrat\u00f2ries. Aix\u00f2 significa que a partir de l&#039;abril del 2025, els ciutadans de la UE hauran d&#039;obtenir un perm\u00eds abans d&#039;entrar en territori brit\u00e0nic, de manera similar al proc\u00e9s que actualment s&#039;exigeix als viatgers d&#039;altres parts del m\u00f3n.<\/p><p>Aquest perm\u00eds formar\u00e0 part del sistema d&#039;autoritzaci\u00f3 electr\u00f2nica de viatge (ETA), que el govern del Regne Unit est\u00e0 implementant gradualment per a ciutadans estrangers de diversos pa\u00efsos. Els viatgers hauran de sol\u00b7licitar l&#039;autoritzaci\u00f3 abans del seu viatge, cosa que implicar\u00e0 completar una sol\u00b7licitud en l\u00ednia, pagar una taxa i possiblement passar per un control de seguretat.<\/p>\t\t\t\t\t\t\t\t<\/div>\n\t\t\t\t<\/div>\n\t\t\t\t<\/div>\n\t\t<div class=\"elementor-element elementor-element-492b943 e-con-full e-flex e-con e-child\" data-id=\"492b943\" data-element_type=\"container\">\n\t\t\t\t<div class=\"elementor-element elementor-element-d2ef239 elementor-widget elementor-widget-heading\" data-id=\"d2ef239\" data-element_type=\"widget\" data-widget_type=\"heading.default\">\n\t\t\t\t<div class=\"elementor-widget-container\">\n\t\t\t\t\t<h2 class=\"elementor-heading-title elementor-size-default\">VIATGE AL REGNE UNIT: QU\u00c8 CANVIA EL 2025?<\/h2>\t\t\t\t<\/div>\n\t\t\t\t<\/div>\n\t\t\t\t<div class=\"elementor-element elementor-element-aa05846 elementor-widget elementor-widget-text-editor\" data-id=\"aa05846\" data-element_type=\"widget\" data-widget_type=\"text-editor.default\">\n\t\t\t\t<div class=\"elementor-widget-container\">\n\t\t\t\t\t\t\t\t\t<div class=\"elementor-element elementor-element-e8a87ae elementor-widget elementor-widget-text-editor\" data-id=\"e8a87ae\" data-element_type=\"widget\" data-widget_type=\"text-editor.default\"><div class=\"elementor-widget-container\"><p>Fins ara, els ciutadans de la UE podien visitar el Regne Unit sense cap autoritzaci\u00f3 de viatge pr\u00e8via. Tanmateix, com a part de la <strong>La pol\u00edtica d&#039;immigraci\u00f3 del Regne Unit despr\u00e9s del Brexit<\/strong>, a partir de l&#039;abril del 2025, hauran de sol\u00b7licitar una ETA, similar al sistema vigent per als viatgers de molts altres pa\u00efsos. Aquesta autoritzaci\u00f3 ser\u00e0 obligat\u00f2ria per a aquells que visitin per turisme, negocis, estudis a curt termini o tr\u00e0nsit.<\/p><p><strong>Com funciona l&#039;ETA?<\/strong><\/p><ul><li><strong>Sol\u00b7licitud en l\u00ednia<\/strong>Els viatgers hauran de presentar una sol\u00b7licitud en l\u00ednia abans de viatjar. El proc\u00e9s inclour\u00e0 emplenar un formulari, respondre preguntes de seguretat i pagar una petita taxa.<\/li><li><strong>Temps de processament<\/strong>La majoria de les sol\u00b7licituds d&#039;hora d&#039;arribada prevista es processaran en un termini de 48 a 72 hores.<\/li><li><strong>Comprovaci\u00f3 de seguretat<\/strong>Es pot dur a terme una comprovaci\u00f3 de seguretat i, en alguns casos, les sol\u00b7licituds poden trigar m\u00e9s a processar-se.<\/li><\/ul><\/div><\/div>\t\t\t\t\t\t\t\t<\/div>\n\t\t\t\t<\/div>\n\t\t\t\t<\/div>\n\t\t\t\t\t<\/div>\n\t\t\t\t<\/div>\n\t\t<div class=\"elementor-element elementor-element-45e0ced e-flex e-con-boxed e-con e-parent\" data-id=\"45e0ced\" data-element_type=\"container\">\n\t\t\t\t\t<div class=\"e-con-inner\">\n\t\t<div class=\"elementor-element elementor-element-df605a3 e-con-full e-flex e-con e-child\" data-id=\"df605a3\" data-element_type=\"container\">\n\t\t\t\t<div class=\"elementor-element elementor-element-94021c1 elementor-widget elementor-widget-heading\" data-id=\"94021c1\" data-element_type=\"widget\" data-widget_type=\"heading.default\">\n\t\t\t\t<div class=\"elementor-widget-container\">\n\t\t\t\t\t<h3 class=\"elementor-heading-title elementor-size-default\">QUI NECESSITA UNA HORA D&#039;ARRIBADA?<\/h3>\t\t\t\t<\/div>\n\t\t\t\t<\/div>\n\t\t\t\t<div class=\"elementor-element elementor-element-ef2aa14 elementor-widget elementor-widget-text-editor\" data-id=\"ef2aa14\" data-element_type=\"widget\" data-widget_type=\"text-editor.default\">\n\t\t\t\t<div class=\"elementor-widget-container\">\n\t\t\t\t\t\t\t\t\t<p>Caldr\u00e0 una hora d&#039;espera estimada per a <strong>ciutadans de pa\u00efsos exempts de visat<\/strong>, incloent-hi:<\/p><ul><li><strong>ciutadans de la UE<\/strong><\/li><li>Viatgers de la <strong>Emirats \u00c0rabs Units<\/strong>, <strong>Ar\u00e0bia Saudita<\/strong>, <strong>Bahrain<\/strong>, <strong>Kuwait<\/strong>, <strong>Jord\u00e0nia<\/strong>, <strong>Oman<\/strong> (des del febrer de 2024)<\/li><li><strong>ciutadans de Qatar<\/strong> (des del novembre de 2023)<\/li><\/ul><p>Aquesta autoritzaci\u00f3 s&#039;aplicar\u00e0 a turistes, visitants de negocis, estudiants de curta durada i persones en tr\u00e0nsit.<\/p>\t\t\t\t\t\t\t\t<\/div>\n\t\t\t\t<\/div>\n\t\t\t\t<\/div>\n\t\t<div class=\"elementor-element elementor-element-ed346d2 e-con-full e-flex e-con e-child\" data-id=\"ed346d2\" data-element_type=\"container\">\n\t\t\t\t<div class=\"elementor-element elementor-element-ff8e7bf elementor-widget elementor-widget-heading\" data-id=\"ff8e7bf\" data-element_type=\"widget\" data-widget_type=\"heading.default\">\n\t\t\t\t<div class=\"elementor-widget-container\">\n\t\t\t\t\t<h3 class=\"elementor-heading-title elementor-size-default\">EXEMPCIONS:<\/h3>\t\t\t\t<\/div>\n\t\t\t\t<\/div>\n\t\t\t\t<div class=\"elementor-element elementor-element-77aee6c elementor-widget elementor-widget-text-editor\" data-id=\"77aee6c\" data-element_type=\"widget\" data-widget_type=\"text-editor.default\">\n\t\t\t\t<div class=\"elementor-widget-container\">\n\t\t\t\t\t\t\t\t\t<ul><li><strong>ciutadans brit\u00e0nics i irlandesos<\/strong> estan exempts del requisit d&#039;ETA.<\/li><li>Els titulars de visats de llarga durada o les persones amb estatus de resident establert al Regne Unit no necessiten una autoritzaci\u00f3 de resid\u00e8ncia estrangera (ETA).<\/li><\/ul>\t\t\t\t\t\t\t\t<\/div>\n\t\t\t\t<\/div>\n\t\t\t\t<\/div>\n\t\t\t\t\t<\/div>\n\t\t\t\t<\/div>\n\t\t<div class=\"elementor-element elementor-element-f447f70 e-flex e-con-boxed e-con e-parent\" data-id=\"f447f70\" data-element_type=\"container\">\n\t\t\t\t\t<div class=\"e-con-inner\">\n\t\t\t\t<div class=\"elementor-element elementor-element-ef5e263 elementor-widget-divider--view-line elementor-widget elementor-widget-divider\" data-id=\"ef5e263\" data-element_type=\"widget\" data-widget_type=\"divider.default\">\n\t\t\t\t<div class=\"elementor-widget-container\">\n\t\t\t\t\t\t\t<div class=\"elementor-divider\">\n\t\t\t<span class=\"elementor-divider-separator\">\n\t\t\t\t\t\t<\/span>\n\t\t<\/div>\n\t\t\t\t\t\t<\/div>\n\t\t\t\t<\/div>\n\t\t\t\t<div class=\"elementor-element elementor-element-7bd378c elementor-widget elementor-widget-heading\" data-id=\"7bd378c\" data-element_type=\"widget\" data-widget_type=\"heading.default\">\n\t\t\t\t<div class=\"elementor-widget-container\">\n\t\t\t\t\t<h3 class=\"elementor-heading-title elementor-size-default\">Tipus de visats de treball:<\/h3>\t\t\t\t<\/div>\n\t\t\t\t<\/div>\n\t\t\t\t\t<\/div>\n\t\t\t\t<\/div>\n\t\t<div class=\"elementor-element elementor-element-bf9a089 e-flex e-con-boxed e-con e-parent\" data-id=\"bf9a089\" data-element_type=\"container\">\n\t\t\t\t\t<div class=\"e-con-inner\">\n\t\t<div class=\"elementor-element elementor-element-9142cb4 e-con-full e-flex e-con e-child\" data-id=\"9142cb4\" data-element_type=\"container\">\n\t\t\t\t<div class=\"elementor-element elementor-element-a576fb1 elementor-widget elementor-widget-text-editor\" data-id=\"a576fb1\" data-element_type=\"widget\" data-widget_type=\"text-editor.default\">\n\t\t\t\t<div class=\"elementor-widget-container\">\n\t\t\t\t\t\t\t\t\t<ol><li><strong>Visat de treballador qualificat<\/strong>Per a treballadors amb una oferta de feina al Regne Unit que compleixin els requisits d&#039;habilitats i el salari m\u00ednim.<\/li><li><strong>Visa de treballador temporal<\/strong>Per a treballadors temporers, voluntaris o participants en programes d&#039;intercanvi cultural i religi\u00f3s.<\/li><li><strong>Visa de Talent Global<\/strong>Per a persones altament qualificades en camps com la ci\u00e8ncia, la tecnologia, les arts o la cultura.<\/li><\/ol><p>Cada visat de treball t\u00e9 requisits de documentaci\u00f3 espec\u00edfics, com ara prova d&#039;una oferta de treball, mitjans econ\u00f2mics suficients o el compliment dels est\u00e0ndards de compet\u00e8ncia ling\u00fc\u00edstica.<\/p>\t\t\t\t\t\t\t\t<\/div>\n\t\t\t\t<\/div>\n\t\t\t\t<\/div>\n\t\t<div class=\"elementor-element elementor-element-477602e e-con-full e-flex e-con e-child\" data-id=\"477602e\" data-element_type=\"container\">\n\t\t\t\t<div class=\"elementor-element elementor-element-36b237a elementor-widget elementor-widget-text-editor\" data-id=\"36b237a\" data-element_type=\"widget\" data-widget_type=\"text-editor.default\">\n\t\t\t\t<div class=\"elementor-widget-container\">\n\t\t\t\t\t\t\t\t\t<p>Si teniu previst treballar al Regne Unit a llarg termini, necessitareu el visat de treball adequat. L&#039;ETA nom\u00e9s cobreix visites a curt termini, com ara viatges de turisme o de negocis, per\u00f2 no permet l&#039;ocupaci\u00f3 a llarg termini. Per treballar al Regne Unit, heu de complir les condicions espec\u00edfiques per a diversos tipus de visats de treball, com ara el <strong>Visat de treballador qualificat<\/strong> o el <strong>Visa de treballador temporal<\/strong>.<\/p>\t\t\t\t\t\t\t\t<\/div>\n\t\t\t\t<\/div>\n\t\t\t\t<\/div>\n\t\t\t\t\t<\/div>\n\t\t\t\t<\/div>\n\t\t<div class=\"elementor-element elementor-element-7babe2f e-flex e-con-boxed e-con e-parent\" data-id=\"7babe2f\" data-element_type=\"container\">\n\t\t\t\t\t<div class=\"e-con-inner\">\n\t\t\t\t<div class=\"elementor-element elementor-element-f34bd57 elementor-widget-divider--view-line elementor-widget elementor-widget-divider\" data-id=\"f34bd57\" data-element_type=\"widget\" data-widget_type=\"divider.default\">\n\t\t\t\t<div class=\"elementor-widget-container\">\n\t\t\t\t\t\t\t<div class=\"elementor-divider\">\n\t\t\t<span class=\"elementor-divider-separator\">\n\t\t\t\t\t\t<\/span>\n\t\t<\/div>\n\t\t\t\t\t\t<\/div>\n\t\t\t\t<\/div>\n\t\t\t\t<div class=\"elementor-element elementor-element-fd547ce elementor-widget elementor-widget-heading\" data-id=\"fd547ce\" data-element_type=\"widget\" data-widget_type=\"heading.default\">\n\t\t\t\t<div class=\"elementor-widget-container\">\n\t\t\t\t\t<h3 class=\"elementor-heading-title elementor-size-default\">Preguntes freq\u00fcents<\/h3>\t\t\t\t<\/div>\n\t\t\t\t<\/div>\n\t\t\t\t<div class=\"elementor-element elementor-element-2773225 elementor-widget elementor-widget-text-editor\" data-id=\"2773225\" data-element_type=\"widget\" data-widget_type=\"text-editor.default\">\n\t\t\t\t<div class=\"elementor-widget-container\">\n\t\t\t\t\t\t\t\t\t<div data-id=\"019a625\" data-element_type=\"container\" data-settings=\"{&quot;content_width&quot;:&quot;boxed&quot;}\" data-core-v316-plus=\"true\"><div data-id=\"4776dd1\" data-element_type=\"widget\" data-widget_type=\"text-editor.default\"><h4><strong>1. Qu\u00e8 \u00e9s l&#039;ETA del Regne Unit i qui la necessita?<\/strong><\/h4><p><strong>L&#039;autoritzaci\u00f3 electr\u00f2nica de viatge (ETA) <\/strong><span style=\"font-size: 16px;\">\u00e9s un sistema que el Regne Unit est\u00e0 introduint el <\/span><strong style=\"font-size: 16px;\">Abril de 2025<\/strong><span style=\"font-size: 16px;\">S&#039;aplica als ciutadans de pa\u00efsos que abans no necessitaven visat, com ara els pa\u00efsos de la UE, i cobrir\u00e0 viatges de curta durada (turisme, negocis, tr\u00e0nsit, etc.).<\/span><\/p><h4><strong>2. Quan s&#039;obriran les sol\u00b7licituds d&#039;ETA i quant costar\u00e0?<\/strong><\/h4><p>Les sol\u00b7licituds per a l&#039;ETA s&#039;obriran en <strong>2024<\/strong>, amb implementaci\u00f3 a l&#039;abril de 2025. La tarifa del servei \u00e9s <strong>\u00a316<\/strong>\u00a0per aplicaci\u00f3.<\/p><h4><strong>3. Com puc obtenir l&#039;hora d&#039;arribada prevista i quant de temps triga?<\/strong><\/h4><p>Les sol\u00b7licituds es faran en l\u00ednia a trav\u00e9s del lloc web o l&#039;aplicaci\u00f3 m\u00f2bil del govern del Regne Unit. El proc\u00e9s consisteix a omplir informaci\u00f3 personal b\u00e0sica, respondre preguntes de seguretat i pagar la taxa. La majoria de les sol\u00b7licituds es processaran en un termini de <strong>48-72 hores<\/strong>.<\/p><h4><strong>4. Quant de temps \u00e9s v\u00e0lid l&#039;ETA i quantes vegades puc viatjar-hi?<\/strong><\/h4><p>L&#039;ETA \u00e9s v\u00e0lid per a <strong>2 anys<\/strong> o fins que caduqui el passaport, el que passi primer. Permet <strong>entrades m\u00faltiples<\/strong> al Regne Unit, amb una durada m\u00e0xima de cada visita <strong>6 mesos<\/strong>.<\/p><h4><strong>5. He d&#039;imprimir la meva hora estimada d&#039;arribada?<\/strong><\/h4><p>No, l&#039;hora d&#039;arribada estimada (ETA) \u00e9s electr\u00f2nica i est\u00e0 vinculada al vostre passaport. Nom\u00e9s cal que presenteu el passaport a la frontera i la vostra ETA es verificar\u00e0 autom\u00e0ticament.<\/p><h4><strong>6. Qu\u00e8 passa si la meva sol\u00b7licitud d&#039;ETA \u00e9s rebutjada?<\/strong><\/h4><p>Si la vostra sol\u00b7licitud d&#039;ETA \u00e9s rebutjada, podeu tornar a sol\u00b7licitar-la o sol\u00b7licitar un tipus de visat diferent, com ara un <strong>Visat de visitant est\u00e0ndard<\/strong>, que pot implicar un proc\u00e9s de sol\u00b7licitud m\u00e9s detallat.<\/p><h4><strong>7. L&#039;ETA cobrir\u00e0 els viatges a Irlanda o als pa\u00efsos de l&#039;espai Schengen?<\/strong><\/h4><p>No, l&#039;ETA nom\u00e9s \u00e9s v\u00e0lida per viatjar al Regne Unit, incloent-hi <strong>Anglaterra, Esc\u00f2cia, Gal\u00b7les i Irlanda del Nord<\/strong>S&#039;apliquen condicions d&#039;entrada separades per a <strong>Irlanda<\/strong> i <strong>Schengen<\/strong> pa\u00efsos.<\/p><h4><strong>8. Els infants necessitaran la seva pr\u00f2pia hora d&#039;arribada estimada?<\/strong><\/h4><p>S\u00ed, cada viatger, inclosos els nens, necessitar\u00e0 la seva pr\u00f2pia hora d&#039;arribada estimada (ETA) vinculada al seu passaport.<\/p><h4><strong>9. Hi ha alguna excepci\u00f3 als requisits d&#039;ETA?<\/strong><\/h4><p>S\u00ed, <strong>ciutadans irlandesos<\/strong> i les persones amb visats de llarga durada per treballar, estudiar o resid\u00e8ncia al Regne Unit estan exemptes dels requisits de l&#039;ETA.<\/p><h4><strong>10. Qu\u00e8 he de fer si tinc m\u00e9s preguntes<\/strong><\/h4><p>Visita l&#039;oficial <strong>Lloc web del govern del Regne Unit<\/strong> o la nostra secci\u00f3 de preguntes freq\u00fcents espec\u00edfica per obtenir m\u00e9s detalls i actualitzacions sobre el sistema ETA.<\/p><\/div><\/div>\t\t\t\t\t\t\t\t<\/div>\n\t\t\t\t<\/div>\n\t\t\t\t\t<\/div>\n\t\t\t\t<\/div>\n\t\t<div class=\"elementor-element elementor-element-bf91d7f e-flex e-con-boxed e-con e-parent\" data-id=\"bf91d7f\" data-element_type=\"container\">\n\t\t\t\t\t<div class=\"e-con-inner\">\n\t\t<div class=\"elementor-element elementor-element-9825c1d e-con-full e-flex e-con e-child\" data-id=\"9825c1d\" data-element_type=\"container\">\n\t\t\t\t<div class=\"elementor-element elementor-element-45210bd elementor-align-center elementor-list-item-link-full_width elementor-widget elementor-widget-icon-list\" data-id=\"45210bd\" data-element_type=\"widget\" data-widget_type=\"icon-list.default\">\n\t\t\t\t<div class=\"elementor-widget-container\">\n\t\t\t\t\t\t\t<ul class=\"elementor-icon-list-items\">\n\t\t\t\t\t\t\t<li class=\"elementor-icon-list-item\">\n\t\t\t\t\t\t\t\t\t\t<span class=\"elementor-icon-list-text\">N\u00famero d&#039;identificaci\u00f3 de l&#039;empresa: 08392226<\/span>\n\t\t\t\t\t\t\t\t\t<\/li>\n\t\t\t\t\t\t\t\t<li class=\"elementor-icon-list-item\">\n\t\t\t\t\t\t\t\t\t\t<span class=\"elementor-icon-list-text\">VISA USA sro<\/span>\n\t\t\t\t\t\t\t\t\t<\/li>\n\t\t\t\t\t\t\t\t<li class=\"elementor-icon-list-item\">\n\t\t\t\t\t\t\t\t\t\t<span class=\"elementor-icon-list-text\">Sv. Cecha 750\/4, Bilovec 743 01, Txeca<\/span>\n\t\t\t\t\t\t\t\t\t<\/li>\n\t\t\t\t\t\t<\/ul>\n\t\t\t\t\t\t<\/div>\n\t\t\t\t<\/div>\n\t\t\t\t<\/div>\n\t\t<div class=\"elementor-element elementor-element-c6703c3 e-con-full e-flex e-con e-child\" data-id=\"c6703c3\" data-element_type=\"container\">\n\t\t\t\t<div class=\"elementor-element elementor-element-79d431f elementor-widget elementor-widget-text-editor\" data-id=\"79d431f\" data-element_type=\"widget\" data-widget_type=\"text-editor.default\">\n\t\t\t\t<div class=\"elementor-widget-container\">\n\t\t\t\t\t\t\t\t\t<p style=\"text-align: center;\">Aquest lloc web i la nostra empresa no estan afiliats de cap manera amb les autoritats i el govern del Regne Unit. El lloc web oficial es pot trobar a www.gov.uk.<\/p>\t\t\t\t\t\t\t\t<\/div>\n\t\t\t\t<\/div>\n\t\t\t\t<\/div>\n\t\t\t\t\t<\/div>\n\t\t\t\t<\/div>\n\t\t\t\t<\/div>","protected":false},"excerpt":{"rendered":"<p>AUTORITZACI\u00d3 DE VIATGE ETA VISA AL REGNE UNIT A PARTIR DE L&#039;ABRIL DE 2025 A partir del 2 d&#039;abril de 2025, el Regne Unit introduir\u00e0 un nou visat electr\u00f2nic [\u2026]<\/p>","protected":false},"author":1,"featured_media":0,"parent":0,"menu_order":0,"comment_status":"closed","ping_status":"closed","template":"","meta":{"site-sidebar-layout":"no-sidebar","site-content-layout":"","ast-site-content-layout":"full-width-container","site-content-style":"default","site-sidebar-style":"default","ast-global-header-display":"","ast-banner-title-visibility":"","ast-main-header-display":"","ast-hfb-above-header-display":"","ast-hfb-below-header-display":"","ast-hfb-mobile-header-display":"","site-post-title":"disabled","ast-breadcrumbs-content":"","ast-featured-img":"disabled","footer-sml-layout":"","theme-transparent-header-meta":"","adv-header-id-meta":"","stick-header-meta":"","header-above-stick-meta":"","header-main-stick-meta":"","header-below-stick-meta":"","astra-migrate-meta-layouts":"default","ast-page-background-enabled":"default","ast-page-background-meta":{"desktop":{"background-color":"var(--ast-global-color-5)","background-image":"","background-repeat":"repeat","background-position":"center center","background-size":"auto","background-attachment":"scroll","background-type":"","background-media":"","overlay-type":"","overlay-color":"","overlay-opacity":"","overlay-gradient":""},"tablet":{"background-color":"","background-image":"","background-repeat":"repeat","background-position":"center center","background-size":"auto","background-attachment":"scroll","background-type":"","background-media":"","overlay-type":"","overlay-color":"","overlay-opacity":"","overlay-gradient":""},"mobile":{"background-color":"","background-image":"","background-repeat":"repeat","background-position":"center center","background-size":"auto","background-attachment":"scroll","background-type":"","background-media":"","overlay-type":"","overlay-color":"","overlay-opacity":"","overlay-gradient":""}},"ast-content-background-meta":{"desktop":{"background-color":"var(--ast-global-color-4)","background-image":"","background-repeat":"repeat","background-position":"center center","background-size":"auto","background-attachment":"scroll","background-type":"","background-media":"","overlay-type":"","overlay-color":"","overlay-opacity":"","overlay-gradient":""},"tablet":{"background-color":"var(--ast-global-color-4)","background-image":"","background-repeat":"repeat","background-position":"center center","background-size":"auto","background-attachment":"scroll","background-type":"","background-media":"","overlay-type":"","overlay-color":"","overlay-opacity":"","overlay-gradient":""},"mobile":{"background-color":"var(--ast-global-color-4)","background-image":"","background-repeat":"repeat","background-position":"center center","background-size":"auto","background-attachment":"scroll","background-type":"","background-media":"","overlay-type":"","overlay-color":"","overlay-opacity":"","overlay-gradient":""}},"footnotes":""},"class_list":["post-10","page","type-page","status-publish","hentry"],"_links":{"self":[{"href":"https:\/\/applyesta.us\/ad\/wp-json\/wp\/v2\/pages\/10","targetHints":{"allow":["GET"]}}],"collection":[{"href":"https:\/\/applyesta.us\/ad\/wp-json\/wp\/v2\/pages"}],"about":[{"href":"https:\/\/applyesta.us\/ad\/wp-json\/wp\/v2\/types\/page"}],"author":[{"embeddable":true,"href":"https:\/\/applyesta.us\/ad\/wp-json\/wp\/v2\/users\/1"}],"replies":[{"embeddable":true,"href":"https:\/\/applyesta.us\/ad\/wp-json\/wp\/v2\/comments?post=10"}],"version-history":[{"count":0,"href":"https:\/\/applyesta.us\/ad\/wp-json\/wp\/v2\/pages\/10\/revisions"}],"wp:attachment":[{"href":"https:\/\/applyesta.us\/ad\/wp-json\/wp\/v2\/media?parent=10"}],"curies":[{"name":"wp","href":"https:\/\/api.w.org\/{rel}","templated":true}]}}