{"id":10,"date":"2025-06-04T13:30:07","date_gmt":"2025-06-04T13:30:07","guid":{"rendered":"https:\/\/form.applyeta.uk\/?page_id=10"},"modified":"2025-06-04T20:17:47","modified_gmt":"2025-06-04T20:17:47","slug":"home","status":"publish","type":"page","link":"http:\/\/applyesta.us\/no\/","title":{"rendered":"Hjem"},"content":{"rendered":"<div data-elementor-type=\"wp-page\" data-elementor-id=\"10\" class=\"elementor elementor-10\" data-elementor-post-type=\"page\">\n\t\t\t\t<div class=\"elementor-element elementor-element-b305927 e-flex e-con-boxed e-con e-parent\" data-id=\"b305927\" data-element_type=\"container\">\n\t\t\t\t\t<div class=\"e-con-inner\">\n\t\t<div class=\"elementor-element elementor-element-9154e97 e-con-full e-flex e-con e-child\" data-id=\"9154e97\" data-element_type=\"container\">\n\t\t\t\t<div class=\"elementor-element elementor-element-5d52b4f elementor-widget elementor-widget-image\" data-id=\"5d52b4f\" data-element_type=\"widget\" data-widget_type=\"image.default\">\n\t\t\t\t<div class=\"elementor-widget-container\">\n\t\t\t\t\t\t\t\t\t\t\t\t\t\t\t<img fetchpriority=\"high\" decoding=\"async\" width=\"640\" height=\"408\" src=\"https:\/\/applyesta.us\/wp-content\/uploads\/2025\/06\/tower-bridge-980961_640-1.jpg\" class=\"attachment-large size-large wp-image-13\" alt=\"\" srcset=\"https:\/\/applyesta.us\/wp-content\/uploads\/2025\/06\/tower-bridge-980961_640-1.jpg 640w, https:\/\/applyesta.us\/wp-content\/uploads\/2025\/06\/tower-bridge-980961_640-1-300x191.jpg 300w\" sizes=\"(max-width: 640px) 100vw, 640px\" \/>\t\t\t\t\t\t\t\t\t\t\t\t\t\t\t<\/div>\n\t\t\t\t<\/div>\n\t\t\t\t<\/div>\n\t\t<div class=\"elementor-element elementor-element-35b765f e-con-full e-flex e-con e-child\" data-id=\"35b765f\" data-element_type=\"container\">\n\t\t\t\t<div class=\"elementor-element elementor-element-9eed95e elementor-widget elementor-widget-heading\" data-id=\"9eed95e\" data-element_type=\"widget\" data-widget_type=\"heading.default\">\n\t\t\t\t<div class=\"elementor-widget-container\">\n\t\t\t\t\t<h2 class=\"elementor-heading-title elementor-size-default\">REISETILLATELSE ETA-VISA TIL STORBRITANNIA FRA APRIL 2025<\/h2>\t\t\t\t<\/div>\n\t\t\t\t<\/div>\n\t\t\t\t<div class=\"elementor-element elementor-element-f7ef9cb elementor-widget elementor-widget-text-editor\" data-id=\"f7ef9cb\" data-element_type=\"widget\" data-widget_type=\"text-editor.default\">\n\t\t\t\t<div class=\"elementor-widget-container\">\n\t\t\t\t\t\t\t\t\t<p style=\"text-align: left;\">Fra <strong>2. april 2025<\/strong>, vil Storbritannia innf\u00f8re en ny <strong>Elektronisk reisetillatelse (ETA)<\/strong> systemet. Dette vil p\u00e5virke innbyggere fra <strong>Den europeiske union<\/strong> og flere andre land som frem til n\u00e5 har reist til Storbritannia uten \u00e5 trenge visum. I henhold til de nye reglene m\u00e5 reisende fra visumfrie land, inkludert EU-borgere, s\u00f8ke om et ETA-tillatelse f\u00f8r de bes\u00f8ker Storbritannia for korte opphold.<\/p>\t\t\t\t\t\t\t\t<\/div>\n\t\t\t\t<\/div>\n\t\t\t\t<\/div>\n\t\t\t\t\t<\/div>\n\t\t\t\t<\/div>\n\t\t<div class=\"elementor-element elementor-element-5f3a042 e-con-full e-flex e-con e-parent\" data-id=\"5f3a042\" data-element_type=\"container\">\n\t\t\t\t<div class=\"elementor-element elementor-element-b179dea elementor-widget elementor-widget-html\" data-id=\"b179dea\" data-element_type=\"widget\" data-widget_type=\"html.default\">\n\t\t\t\t<div class=\"elementor-widget-container\">\n\t\t\t\t\t<div style=\"border: 2px solid #f57c00; background-color: #fff3e0; padding: 25px; margin: 20px auto; border-left: 8px solid #e65100; font-family: Arial, sans-serif; border-radius: 8px; max-width: 800px; text-align: center;\">\r\n  <strong style=\"font-size: 18px; color: #d84315; display: block; margin-bottom: 10px;\">\u26a0\ufe0f Viktig melding<\/strong>\r\n  <p style=\"font-size: 15px; color: #000; font-weight: bold; line-height: 1.7; margin: 0;\">\r\n    Denne nettsiden er kun til informasjonsform\u00e5l og er ikke tilknyttet den britiske regjeringen. <br>\r\n    <u>Du kan ikke s\u00f8ke om elektronisk reisetillatelse (ETA) via dette nettstedet.<\/u>\r\n    <br><br>\r\n    For \u00e5 s\u00f8ke om et offisielt britisk ETA, kan du g\u00e5 til den offisielle nettsiden til den britiske regjeringen: <br>\r\n    <a href=\"https:\/\/www.gov.uk\/eta\" target=\"_blank\" style=\"color: #c62828; text-decoration: underline; font-weight: bold;\">www.gov.uk\/eta<\/a>\r\n  <\/p>\r\n<\/div>\r\n\t\t\t\t<\/div>\n\t\t\t\t<\/div>\n\t\t\t\t<\/div>\n\t\t<div class=\"elementor-element elementor-element-0c146e9 e-flex e-con-boxed e-con e-parent\" data-id=\"0c146e9\" data-element_type=\"container\">\n\t\t\t\t\t<div class=\"e-con-inner\">\n\t\t<div class=\"elementor-element elementor-element-d9ae5a4 e-con-full e-flex e-con e-child\" data-id=\"d9ae5a4\" data-element_type=\"container\">\n\t\t\t\t<div class=\"elementor-element elementor-element-053781a elementor-widget elementor-widget-heading\" data-id=\"053781a\" data-element_type=\"widget\" data-widget_type=\"heading.default\">\n\t\t\t\t<div class=\"elementor-widget-container\">\n\t\t\t\t\t<h2 class=\"elementor-heading-title elementor-size-default\">Hva betyr dette for reisende?<\/h2>\t\t\t\t<\/div>\n\t\t\t\t<\/div>\n\t\t\t\t<div class=\"elementor-element elementor-element-559d591 elementor-widget elementor-widget-text-editor\" data-id=\"559d591\" data-element_type=\"widget\" data-widget_type=\"text-editor.default\">\n\t\t\t\t<div class=\"elementor-widget-container\">\n\t\t\t\t\t\t\t\t\t<p>Frem til n\u00e5 kunne EU-borgere reise til Storbritannia uten visum og uten behov for spesiell tillatelse, og dermed dra nytte av den frie bevegelsen for personer innenfor EU. Etter Brexit mistet imidlertid Storbritannia sitt EU-medlemskap og innf\u00f8rer gradvis nye migrasjonsregler. Dette betyr at EU-borgere fra april 2025 m\u00e5 innhente tillatelse f\u00f8r de kan reise inn p\u00e5 britisk territorium, p\u00e5 samme m\u00e5te som i dag kreves for reisende fra andre deler av verden.<\/p><p>Denne tillatelsen vil v\u00e6re en del av systemet for elektronisk reisetillatelse (ETA), som den britiske regjeringen gradvis implementerer for utenlandske statsborgere fra ulike land. Reisende m\u00e5 s\u00f8ke om tillatelsen f\u00f8r reisen, noe som vil inneb\u00e6re \u00e5 fylle ut en netts\u00f8knad, betale et gebyr og muligens gjennomg\u00e5 en sikkerhetskontroll.<\/p>\t\t\t\t\t\t\t\t<\/div>\n\t\t\t\t<\/div>\n\t\t\t\t<\/div>\n\t\t<div class=\"elementor-element elementor-element-492b943 e-con-full e-flex e-con e-child\" data-id=\"492b943\" data-element_type=\"container\">\n\t\t\t\t<div class=\"elementor-element elementor-element-d2ef239 elementor-widget elementor-widget-heading\" data-id=\"d2ef239\" data-element_type=\"widget\" data-widget_type=\"heading.default\">\n\t\t\t\t<div class=\"elementor-widget-container\">\n\t\t\t\t\t<h2 class=\"elementor-heading-title elementor-size-default\">REISE TIL STORBRITANNIA \u2013 HVA ENDRES I 2025?<\/h2>\t\t\t\t<\/div>\n\t\t\t\t<\/div>\n\t\t\t\t<div class=\"elementor-element elementor-element-aa05846 elementor-widget elementor-widget-text-editor\" data-id=\"aa05846\" data-element_type=\"widget\" data-widget_type=\"text-editor.default\">\n\t\t\t\t<div class=\"elementor-widget-container\">\n\t\t\t\t\t\t\t\t\t<div class=\"elementor-element elementor-element-e8a87ae elementor-widget elementor-widget-text-editor\" data-id=\"e8a87ae\" data-element_type=\"widget\" data-widget_type=\"text-editor.default\"><div class=\"elementor-widget-container\"><p>Frem til n\u00e5 kunne EU-borgere bes\u00f8ke Storbritannia uten forh\u00e5ndsreisetillatelse. Men som en del av <strong>Storbritannias innvandringspolitikk etter Brexit<\/strong>Fra april 2025 m\u00e5 de s\u00f8ke om et ETA-tillatelsessystem, tilsvarende systemet som gjelder for reisende fra mange andre land. Denne autorisasjonen vil v\u00e6re obligatorisk for de som bes\u00f8ker landet i forbindelse med turisme, forretningsreiser, korttidsstudier eller kollektivtransport.<\/p><p><strong>Hvordan fungerer ETA?<\/strong><\/p><ul><li><strong>S\u00f8knad p\u00e5 nett<\/strong>Reisende m\u00e5 sende inn en s\u00f8knad p\u00e5 nett f\u00f8r de reiser. Prosessen vil inkludere \u00e5 fylle ut et skjema, svare p\u00e5 sikkerhetssp\u00f8rsm\u00e5l og betale et lite gebyr.<\/li><li><strong>Behandlingstid<\/strong>De fleste foresp\u00f8rsler om forventet ankomsttid vil bli behandlet innen 48 til 72 timer.<\/li><li><strong>Sikkerhetskontroll<\/strong>Det kan bli utf\u00f8rt en sikkerhetskontroll, og i noen tilfeller kan det ta lengre tid \u00e5 behandle s\u00f8knader.<\/li><\/ul><\/div><\/div>\t\t\t\t\t\t\t\t<\/div>\n\t\t\t\t<\/div>\n\t\t\t\t<\/div>\n\t\t\t\t\t<\/div>\n\t\t\t\t<\/div>\n\t\t<div class=\"elementor-element elementor-element-45e0ced e-flex e-con-boxed e-con e-parent\" data-id=\"45e0ced\" data-element_type=\"container\">\n\t\t\t\t\t<div class=\"e-con-inner\">\n\t\t<div class=\"elementor-element elementor-element-df605a3 e-con-full e-flex e-con e-child\" data-id=\"df605a3\" data-element_type=\"container\">\n\t\t\t\t<div class=\"elementor-element elementor-element-94021c1 elementor-widget elementor-widget-heading\" data-id=\"94021c1\" data-element_type=\"widget\" data-widget_type=\"heading.default\">\n\t\t\t\t<div class=\"elementor-widget-container\">\n\t\t\t\t\t<h3 class=\"elementor-heading-title elementor-size-default\">HVEM TRENGER EN ETA?<\/h3>\t\t\t\t<\/div>\n\t\t\t\t<\/div>\n\t\t\t\t<div class=\"elementor-element elementor-element-ef2aa14 elementor-widget elementor-widget-text-editor\" data-id=\"ef2aa14\" data-element_type=\"widget\" data-widget_type=\"text-editor.default\">\n\t\t\t\t<div class=\"elementor-widget-container\">\n\t\t\t\t\t\t\t\t\t<p>ETA vil v\u00e6re n\u00f8dvendig for <strong>borgere fra visumfrie land<\/strong>, inkludert:<\/p><ul><li><strong>EU-borgere<\/strong><\/li><li>Reisende fra <strong>De forente arabiske emirater<\/strong>, <strong>Saudi-Arabia<\/strong>, <strong>Bahrain<\/strong>, <strong>Kuwait<\/strong>, <strong>Jordan<\/strong>, <strong>Oman<\/strong> (fra februar 2024)<\/li><li><strong>Qatarske statsborgere<\/strong> (fra november 2023)<\/li><\/ul><p>Denne autorisasjonen vil gjelde for turister, forretningsreisende, korttidsstudenter og personer i transitt.<\/p>\t\t\t\t\t\t\t\t<\/div>\n\t\t\t\t<\/div>\n\t\t\t\t<\/div>\n\t\t<div class=\"elementor-element elementor-element-ed346d2 e-con-full e-flex e-con e-child\" data-id=\"ed346d2\" data-element_type=\"container\">\n\t\t\t\t<div class=\"elementor-element elementor-element-ff8e7bf elementor-widget elementor-widget-heading\" data-id=\"ff8e7bf\" data-element_type=\"widget\" data-widget_type=\"heading.default\">\n\t\t\t\t<div class=\"elementor-widget-container\">\n\t\t\t\t\t<h3 class=\"elementor-heading-title elementor-size-default\">UNNTAK:<\/h3>\t\t\t\t<\/div>\n\t\t\t\t<\/div>\n\t\t\t\t<div class=\"elementor-element elementor-element-77aee6c elementor-widget elementor-widget-text-editor\" data-id=\"77aee6c\" data-element_type=\"widget\" data-widget_type=\"text-editor.default\">\n\t\t\t\t<div class=\"elementor-widget-container\">\n\t\t\t\t\t\t\t\t\t<ul><li><strong>Britiske og irske statsborgere<\/strong> er unntatt fra ETA-kravet.<\/li><li>Innehavere av langtidsvisum eller personer med bosatt status i Storbritannia trenger ikke et ETA.<\/li><\/ul>\t\t\t\t\t\t\t\t<\/div>\n\t\t\t\t<\/div>\n\t\t\t\t<\/div>\n\t\t\t\t\t<\/div>\n\t\t\t\t<\/div>\n\t\t<div class=\"elementor-element elementor-element-f447f70 e-flex e-con-boxed e-con e-parent\" data-id=\"f447f70\" data-element_type=\"container\">\n\t\t\t\t\t<div class=\"e-con-inner\">\n\t\t\t\t<div class=\"elementor-element elementor-element-ef5e263 elementor-widget-divider--view-line elementor-widget elementor-widget-divider\" data-id=\"ef5e263\" data-element_type=\"widget\" data-widget_type=\"divider.default\">\n\t\t\t\t<div class=\"elementor-widget-container\">\n\t\t\t\t\t\t\t<div class=\"elementor-divider\">\n\t\t\t<span class=\"elementor-divider-separator\">\n\t\t\t\t\t\t<\/span>\n\t\t<\/div>\n\t\t\t\t\t\t<\/div>\n\t\t\t\t<\/div>\n\t\t\t\t<div class=\"elementor-element elementor-element-7bd378c elementor-widget elementor-widget-heading\" data-id=\"7bd378c\" data-element_type=\"widget\" data-widget_type=\"heading.default\">\n\t\t\t\t<div class=\"elementor-widget-container\">\n\t\t\t\t\t<h3 class=\"elementor-heading-title elementor-size-default\">Typer arbeidsvisum:<\/h3>\t\t\t\t<\/div>\n\t\t\t\t<\/div>\n\t\t\t\t\t<\/div>\n\t\t\t\t<\/div>\n\t\t<div class=\"elementor-element elementor-element-bf9a089 e-flex e-con-boxed e-con e-parent\" data-id=\"bf9a089\" data-element_type=\"container\">\n\t\t\t\t\t<div class=\"e-con-inner\">\n\t\t<div class=\"elementor-element elementor-element-9142cb4 e-con-full e-flex e-con e-child\" data-id=\"9142cb4\" data-element_type=\"container\">\n\t\t\t\t<div class=\"elementor-element elementor-element-a576fb1 elementor-widget elementor-widget-text-editor\" data-id=\"a576fb1\" data-element_type=\"widget\" data-widget_type=\"text-editor.default\">\n\t\t\t\t<div class=\"elementor-widget-container\">\n\t\t\t\t\t\t\t\t\t<ol><li><strong>Visum for fagl\u00e6rte arbeidere<\/strong>For arbeidstakere med jobbtilbud i Storbritannia som oppfyller kravene til ferdigheter og minimumsl\u00f8nn.<\/li><li><strong>Midlertidig arbeidstakervisum<\/strong>For sesongarbeidere, frivillige eller de som deltar i kulturelle og religi\u00f8se utvekslingsprogrammer.<\/li><li><strong>Globalt talentvisum<\/strong>For personer med h\u00f8y kompetanse innen felt som vitenskap, teknologi, kunst eller kultur.<\/li><\/ol><p>Hvert arbeidsvisum har spesifikke dokumentasjonskrav, for eksempel bevis p\u00e5 jobbtilbud, tilstrekkelige \u00f8konomiske midler eller oppfyllelse av spr\u00e5kkunnskapsstandarder.<\/p>\t\t\t\t\t\t\t\t<\/div>\n\t\t\t\t<\/div>\n\t\t\t\t<\/div>\n\t\t<div class=\"elementor-element elementor-element-477602e e-con-full e-flex e-con e-child\" data-id=\"477602e\" data-element_type=\"container\">\n\t\t\t\t<div class=\"elementor-element elementor-element-36b237a elementor-widget elementor-widget-text-editor\" data-id=\"36b237a\" data-element_type=\"widget\" data-widget_type=\"text-editor.default\">\n\t\t\t\t<div class=\"elementor-widget-container\">\n\t\t\t\t\t\t\t\t\t<p>Hvis du planlegger \u00e5 jobbe i Storbritannia p\u00e5 lang sikt, trenger du riktig arbeidsvisum. ETA-visumet dekker kun korttidsbes\u00f8k, for eksempel turisme eller forretningsreiser, men tillater ikke langtidsansettelse. For \u00e5 jobbe i Storbritannia m\u00e5 du oppfylle de spesifikke vilk\u00e5rene for ulike typer arbeidsvisum, for eksempel <strong>Visum for fagl\u00e6rte arbeidere<\/strong> eller den <strong>Midlertidig arbeidstakervisum<\/strong>.<\/p>\t\t\t\t\t\t\t\t<\/div>\n\t\t\t\t<\/div>\n\t\t\t\t<\/div>\n\t\t\t\t\t<\/div>\n\t\t\t\t<\/div>\n\t\t<div class=\"elementor-element elementor-element-7babe2f e-flex e-con-boxed e-con e-parent\" data-id=\"7babe2f\" data-element_type=\"container\">\n\t\t\t\t\t<div class=\"e-con-inner\">\n\t\t\t\t<div class=\"elementor-element elementor-element-f34bd57 elementor-widget-divider--view-line elementor-widget elementor-widget-divider\" data-id=\"f34bd57\" data-element_type=\"widget\" data-widget_type=\"divider.default\">\n\t\t\t\t<div class=\"elementor-widget-container\">\n\t\t\t\t\t\t\t<div class=\"elementor-divider\">\n\t\t\t<span class=\"elementor-divider-separator\">\n\t\t\t\t\t\t<\/span>\n\t\t<\/div>\n\t\t\t\t\t\t<\/div>\n\t\t\t\t<\/div>\n\t\t\t\t<div class=\"elementor-element elementor-element-fd547ce elementor-widget elementor-widget-heading\" data-id=\"fd547ce\" data-element_type=\"widget\" data-widget_type=\"heading.default\">\n\t\t\t\t<div class=\"elementor-widget-container\">\n\t\t\t\t\t<h3 class=\"elementor-heading-title elementor-size-default\">FAQ - Ofte stilte sp\u00f8rsm\u00e5l<\/h3>\t\t\t\t<\/div>\n\t\t\t\t<\/div>\n\t\t\t\t<div class=\"elementor-element elementor-element-2773225 elementor-widget elementor-widget-text-editor\" data-id=\"2773225\" data-element_type=\"widget\" data-widget_type=\"text-editor.default\">\n\t\t\t\t<div class=\"elementor-widget-container\">\n\t\t\t\t\t\t\t\t\t<div data-id=\"019a625\" data-element_type=\"container\" data-settings=\"{&quot;content_width&quot;:&quot;boxed&quot;}\" data-core-v316-plus=\"true\"><div data-id=\"4776dd1\" data-element_type=\"widget\" data-widget_type=\"text-editor.default\"><h4><strong>1. Hva er den britiske ETA-tillatelsen, og hvem trenger den?<\/strong><\/h4><p><strong>Den elektroniske reisetillatelsen (ETA) <\/strong><span style=\"font-size: 16px;\">er et system som blir introdusert av Storbritannia i <\/span><strong style=\"font-size: 16px;\">april 2025<\/strong><span style=\"font-size: 16px;\">Den gjelder for borgere fra land som tidligere ikke trengte visum, for eksempel EU-land, og vil dekke korttidsreiser (turisme, forretningsreiser, kollektivtransport osv.).<\/span><\/p><h4><strong>2. N\u00e5r vil ETA-s\u00f8knader v\u00e6re \u00e5pne, og hvor mye vil det koste?<\/strong><\/h4><p>S\u00f8knader om ETA \u00e5pner om <strong>2024<\/strong>, med implementering i april 2025. Servicegebyret er <strong>\u00a316<\/strong>\u00a0per s\u00f8knad.<\/p><h4><strong>3. Hvordan f\u00e5r jeg forventet ankomsttid, og hvor lang tid tar det?<\/strong><\/h4><p>S\u00f8knader vil bli sendt inn p\u00e5 nett via den britiske regjeringens nettsted eller mobilapp. Prosessen inneb\u00e6rer \u00e5 fylle ut grunnleggende personlig informasjon, svare p\u00e5 sikkerhetssp\u00f8rsm\u00e5l og betale gebyret. De fleste s\u00f8knader vil bli behandlet innen <strong>48\u201372 timer<\/strong>.<\/p><h4><strong>4. Hvor lenge er den forventede ankomsttiden gyldig, og hvor mange ganger kan jeg reise med den?<\/strong><\/h4><p>ETA-en er gyldig for <strong>2 \u00e5r<\/strong> eller til passet utl\u00f8per, avhengig av hva som inntreffer f\u00f8rst. Det gir rom for <strong>flere oppf\u00f8ringer<\/strong> til Storbritannia, med et bes\u00f8k som varer maksimalt <strong>6 m\u00e5neder<\/strong>.<\/p><h4><strong>5. M\u00e5 jeg skrive ut min forventede ankomsttid?<\/strong><\/h4><p>Nei, den forventede ankomsttiden er elektronisk og knyttet til passet ditt. Bare vis passet ved grensen, s\u00e5 blir den bekreftet automatisk.<\/p><h4><strong>6. Hva skjer hvis ETA-s\u00f8knaden min blir avvist?<\/strong><\/h4><p>Hvis ETA-s\u00f8knaden din blir avsl\u00e5tt, kan du s\u00f8ke p\u00e5 nytt eller s\u00f8ke om en annen visumtype, for eksempel et <strong>Standard bes\u00f8ksvisum<\/strong>, noe som kan inneb\u00e6re en mer detaljert s\u00f8knadsprosess.<\/p><h4><strong>7. Vil ETA-en dekke reiser til Irland eller Schengen-land?<\/strong><\/h4><p>Nei, ETA-en er kun gyldig for reiser til Storbritannia, inkludert <strong>England, Skottland, Wales og Nord-Irland<\/strong>Separate adgangsvilk\u00e5r gjelder for <strong>Irland<\/strong> og <strong>Schengen<\/strong> land.<\/p><h4><strong>8. Vil barn trenge sin egen forventede ankomsttid?<\/strong><\/h4><p>Ja, hver reisende, inkludert barn, trenger sin egen ankomsttid knyttet til passet sitt.<\/p><h4><strong>9. Finnes det noen unntak fra ETA-kravene?<\/strong><\/h4><p>Ja, <strong>Irske statsborgere<\/strong> og personer med langtidsvisum for arbeid, studier eller opphold i Storbritannia er unntatt fra ETA-krav.<\/p><h4><strong>10. Hva skal jeg gj\u00f8re hvis jeg har flere sp\u00f8rsm\u00e5l?<\/strong><\/h4><p>Bes\u00f8k den offisielle <strong>Den britiske regjeringens nettsted<\/strong> eller v\u00e5r dedikerte FAQ-seksjon for mer informasjon og oppdateringer om ETA-systemet.<\/p><\/div><\/div>\t\t\t\t\t\t\t\t<\/div>\n\t\t\t\t<\/div>\n\t\t\t\t\t<\/div>\n\t\t\t\t<\/div>\n\t\t<div class=\"elementor-element elementor-element-bf91d7f e-flex e-con-boxed e-con e-parent\" data-id=\"bf91d7f\" data-element_type=\"container\">\n\t\t\t\t\t<div class=\"e-con-inner\">\n\t\t<div class=\"elementor-element elementor-element-9825c1d e-con-full e-flex e-con e-child\" data-id=\"9825c1d\" data-element_type=\"container\">\n\t\t\t\t<div class=\"elementor-element elementor-element-45210bd elementor-align-center elementor-list-item-link-full_width elementor-widget elementor-widget-icon-list\" data-id=\"45210bd\" data-element_type=\"widget\" data-widget_type=\"icon-list.default\">\n\t\t\t\t<div class=\"elementor-widget-container\">\n\t\t\t\t\t\t\t<ul class=\"elementor-icon-list-items\">\n\t\t\t\t\t\t\t<li class=\"elementor-icon-list-item\">\n\t\t\t\t\t\t\t\t\t\t<span class=\"elementor-icon-list-text\">Firmaidentifikasjonsnummer: 08392226<\/span>\n\t\t\t\t\t\t\t\t\t<\/li>\n\t\t\t\t\t\t\t\t<li class=\"elementor-icon-list-item\">\n\t\t\t\t\t\t\t\t\t\t<span class=\"elementor-icon-list-text\">VISA USA sro<\/span>\n\t\t\t\t\t\t\t\t\t<\/li>\n\t\t\t\t\t\t\t\t<li class=\"elementor-icon-list-item\">\n\t\t\t\t\t\t\t\t\t\t<span class=\"elementor-icon-list-text\">Sv. Cecha 750\/4, Bilovec 743 01, Tsjekkia<\/span>\n\t\t\t\t\t\t\t\t\t<\/li>\n\t\t\t\t\t\t<\/ul>\n\t\t\t\t\t\t<\/div>\n\t\t\t\t<\/div>\n\t\t\t\t<\/div>\n\t\t<div class=\"elementor-element elementor-element-c6703c3 e-con-full e-flex e-con e-child\" data-id=\"c6703c3\" data-element_type=\"container\">\n\t\t\t\t<div class=\"elementor-element elementor-element-79d431f elementor-widget elementor-widget-text-editor\" data-id=\"79d431f\" data-element_type=\"widget\" data-widget_type=\"text-editor.default\">\n\t\t\t\t<div class=\"elementor-widget-container\">\n\t\t\t\t\t\t\t\t\t<p style=\"text-align: center;\">Denne nettsiden og v\u00e5rt selskap er ikke p\u00e5 noen m\u00e5te tilknyttet britiske myndigheter og regjeringen. Den offisielle nettsiden finner du p\u00e5 www.gov.uk.<\/p>\t\t\t\t\t\t\t\t<\/div>\n\t\t\t\t<\/div>\n\t\t\t\t<\/div>\n\t\t\t\t\t<\/div>\n\t\t\t\t<\/div>\n\t\t\t\t<\/div>","protected":false},"excerpt":{"rendered":"<p>REISETILLATELSE ETA-VISUM TIL STORBRITANNIA FRA APRIL 2025 Fra 2. april 2025 vil Storbritannia innf\u00f8re et nytt elektronisk [\u2026]<\/p>","protected":false},"author":1,"featured_media":0,"parent":0,"menu_order":0,"comment_status":"closed","ping_status":"closed","template":"","meta":{"site-sidebar-layout":"no-sidebar","site-content-layout":"","ast-site-content-layout":"full-width-container","site-content-style":"default","site-sidebar-style":"default","ast-global-header-display":"","ast-banner-title-visibility":"","ast-main-header-display":"","ast-hfb-above-header-display":"","ast-hfb-below-header-display":"","ast-hfb-mobile-header-display":"","site-post-title":"disabled","ast-breadcrumbs-content":"","ast-featured-img":"disabled","footer-sml-layout":"","theme-transparent-header-meta":"","adv-header-id-meta":"","stick-header-meta":"","header-above-stick-meta":"","header-main-stick-meta":"","header-below-stick-meta":"","astra-migrate-meta-layouts":"default","ast-page-background-enabled":"default","ast-page-background-meta":{"desktop":{"background-color":"var(--ast-global-color-5)","background-image":"","background-repeat":"repeat","background-position":"center center","background-size":"auto","background-attachment":"scroll","background-type":"","background-media":"","overlay-type":"","overlay-color":"","overlay-opacity":"","overlay-gradient":""},"tablet":{"background-color":"","background-image":"","background-repeat":"repeat","background-position":"center center","background-size":"auto","background-attachment":"scroll","background-type":"","background-media":"","overlay-type":"","overlay-color":"","overlay-opacity":"","overlay-gradient":""},"mobile":{"background-color":"","background-image":"","background-repeat":"repeat","background-position":"center center","background-size":"auto","background-attachment":"scroll","background-type":"","background-media":"","overlay-type":"","overlay-color":"","overlay-opacity":"","overlay-gradient":""}},"ast-content-background-meta":{"desktop":{"background-color":"var(--ast-global-color-4)","background-image":"","background-repeat":"repeat","background-position":"center center","background-size":"auto","background-attachment":"scroll","background-type":"","background-media":"","overlay-type":"","overlay-color":"","overlay-opacity":"","overlay-gradient":""},"tablet":{"background-color":"var(--ast-global-color-4)","background-image":"","background-repeat":"repeat","background-position":"center center","background-size":"auto","background-attachment":"scroll","background-type":"","background-media":"","overlay-type":"","overlay-color":"","overlay-opacity":"","overlay-gradient":""},"mobile":{"background-color":"var(--ast-global-color-4)","background-image":"","background-repeat":"repeat","background-position":"center center","background-size":"auto","background-attachment":"scroll","background-type":"","background-media":"","overlay-type":"","overlay-color":"","overlay-opacity":"","overlay-gradient":""}},"footnotes":""},"class_list":["post-10","page","type-page","status-publish","hentry"],"_links":{"self":[{"href":"http:\/\/applyesta.us\/no\/wp-json\/wp\/v2\/pages\/10","targetHints":{"allow":["GET"]}}],"collection":[{"href":"http:\/\/applyesta.us\/no\/wp-json\/wp\/v2\/pages"}],"about":[{"href":"http:\/\/applyesta.us\/no\/wp-json\/wp\/v2\/types\/page"}],"author":[{"embeddable":true,"href":"http:\/\/applyesta.us\/no\/wp-json\/wp\/v2\/users\/1"}],"replies":[{"embeddable":true,"href":"http:\/\/applyesta.us\/no\/wp-json\/wp\/v2\/comments?post=10"}],"version-history":[{"count":0,"href":"http:\/\/applyesta.us\/no\/wp-json\/wp\/v2\/pages\/10\/revisions"}],"wp:attachment":[{"href":"http:\/\/applyesta.us\/no\/wp-json\/wp\/v2\/media?parent=10"}],"curies":[{"name":"wp","href":"https:\/\/api.w.org\/{rel}","templated":true}]}}