{"id":41,"date":"2025-06-06T21:27:55","date_gmt":"2025-06-06T21:27:55","guid":{"rendered":"https:\/\/form.applyeta.uk\/?page_id=41"},"modified":"2025-06-06T21:28:40","modified_gmt":"2025-06-06T21:28:40","slug":"us","status":"publish","type":"page","link":"http:\/\/applyesta.us\/mc\/us\/","title":{"rendered":"NOUS"},"content":{"rendered":"<div data-elementor-type=\"wp-page\" data-elementor-id=\"41\" class=\"elementor elementor-41\" data-elementor-post-type=\"page\">\n\t\t\t\t<div class=\"elementor-element elementor-element-b305927 e-flex e-con-boxed e-con e-parent\" data-id=\"b305927\" data-element_type=\"container\">\n\t\t\t\t\t<div class=\"e-con-inner\">\n\t\t<div class=\"elementor-element elementor-element-9154e97 e-con-full e-flex e-con e-child\" data-id=\"9154e97\" data-element_type=\"container\">\n\t\t\t\t<div class=\"elementor-element elementor-element-5d52b4f elementor-widget elementor-widget-image\" data-id=\"5d52b4f\" data-element_type=\"widget\" data-widget_type=\"image.default\">\n\t\t\t\t<div class=\"elementor-widget-container\">\n\t\t\t\t\t\t\t\t\t\t\t\t\t\t\t<img fetchpriority=\"high\" decoding=\"async\" width=\"640\" height=\"408\" src=\"https:\/\/applyesta.us\/wp-content\/uploads\/2025\/06\/tower-bridge-980961_640-1.jpg\" class=\"attachment-large size-large wp-image-13\" alt=\"\" srcset=\"https:\/\/applyesta.us\/wp-content\/uploads\/2025\/06\/tower-bridge-980961_640-1.jpg 640w, https:\/\/applyesta.us\/wp-content\/uploads\/2025\/06\/tower-bridge-980961_640-1-300x191.jpg 300w\" sizes=\"(max-width: 640px) 100vw, 640px\" \/>\t\t\t\t\t\t\t\t\t\t\t\t\t\t\t<\/div>\n\t\t\t\t<\/div>\n\t\t\t\t<\/div>\n\t\t<div class=\"elementor-element elementor-element-35b765f e-con-full e-flex e-con e-child\" data-id=\"35b765f\" data-element_type=\"container\">\n\t\t\t\t<div class=\"elementor-element elementor-element-9eed95e elementor-widget elementor-widget-heading\" data-id=\"9eed95e\" data-element_type=\"widget\" data-widget_type=\"heading.default\">\n\t\t\t\t<div class=\"elementor-widget-container\">\n\t\t\t\t\t<h2 class=\"elementor-heading-title elementor-size-default\">AUTORISATION DE VOYAGE ETA VERS LE ROYAUME-UNI \u00c0 PARTIR D&#039;AVRIL 2025<\/h2>\t\t\t\t<\/div>\n\t\t\t\t<\/div>\n\t\t\t\t<div class=\"elementor-element elementor-element-f7ef9cb elementor-widget elementor-widget-text-editor\" data-id=\"f7ef9cb\" data-element_type=\"widget\" data-widget_type=\"text-editor.default\">\n\t\t\t\t<div class=\"elementor-widget-container\">\n\t\t\t\t\t\t\t\t\t<p style=\"text-align: left;\">Depuis <strong>2 avril 2025<\/strong>, le Royaume-Uni introduira un nouveau <strong>Autorisation de voyage \u00e9lectronique (ETA)<\/strong> syst\u00e8me. Cela affectera les citoyens de la <strong>Union europ\u00e9enne<\/strong> et plusieurs autres pays qui, jusqu&#039;\u00e0 pr\u00e9sent, se rendaient au Royaume-Uni sans visa. En vertu des nouvelles r\u00e8gles, les voyageurs en provenance de pays exempt\u00e9s de visa, y compris les ressortissants de l&#039;UE, devront demander une ETA avant de se rendre au Royaume-Uni pour un court s\u00e9jour.<\/p>\t\t\t\t\t\t\t\t<\/div>\n\t\t\t\t<\/div>\n\t\t\t\t<\/div>\n\t\t\t\t\t<\/div>\n\t\t\t\t<\/div>\n\t\t<div class=\"elementor-element elementor-element-5f3a042 e-con-full e-flex e-con e-parent\" data-id=\"5f3a042\" data-element_type=\"container\">\n\t\t\t\t<div class=\"elementor-element elementor-element-b179dea elementor-widget elementor-widget-html\" data-id=\"b179dea\" data-element_type=\"widget\" data-widget_type=\"html.default\">\n\t\t\t\t<div class=\"elementor-widget-container\">\n\t\t\t\t\t<div style=\"border: 2px solid #f57c00; background-color: #fff3e0; padding: 25px; margin: 20px auto; border-left: 8px solid #e65100; font-family: Arial, sans-serif; border-radius: 8px; max-width: 800px; text-align: center;\">\r\n  <strong style=\"font-size: 18px; color: #d84315; display: block; margin-bottom: 10px;\">\u26a0\ufe0f Avis important<\/strong>\r\n  <p style=\"font-size: 15px; color: #000; font-weight: bold; line-height: 1.7; margin: 0;\">\r\n    Ce site Web est fourni \u00e0 titre informatif uniquement et n&#039;est pas affili\u00e9 au gouvernement britannique. <br>\r\n    <u>Vous ne pouvez pas demander une ETA (autorisation de voyage \u00e9lectronique) via ce site.<\/u>\r\n    <br><br>\r\n    Pour demander un ETA officiel au Royaume-Uni, veuillez visiter le site Web officiel du gouvernement britannique\u00a0: <br>\r\n    <a href=\"https:\/\/www.gov.uk\/eta\" target=\"_blank\" style=\"color: #c62828; text-decoration: underline; font-weight: bold;\">www.gov.uk\/eta<\/a>\r\n  <\/p>\r\n<\/div>\r\n\t\t\t\t<\/div>\n\t\t\t\t<\/div>\n\t\t\t\t<\/div>\n\t\t<div class=\"elementor-element elementor-element-0c146e9 e-flex e-con-boxed e-con e-parent\" data-id=\"0c146e9\" data-element_type=\"container\">\n\t\t\t\t\t<div class=\"e-con-inner\">\n\t\t<div class=\"elementor-element elementor-element-d9ae5a4 e-con-full e-flex e-con e-child\" data-id=\"d9ae5a4\" data-element_type=\"container\">\n\t\t\t\t<div class=\"elementor-element elementor-element-053781a elementor-widget elementor-widget-heading\" data-id=\"053781a\" data-element_type=\"widget\" data-widget_type=\"heading.default\">\n\t\t\t\t<div class=\"elementor-widget-container\">\n\t\t\t\t\t<h2 class=\"elementor-heading-title elementor-size-default\">Qu\u2019est-ce que cela signifie pour les voyageurs ?<\/h2>\t\t\t\t<\/div>\n\t\t\t\t<\/div>\n\t\t\t\t<div class=\"elementor-element elementor-element-559d591 elementor-widget elementor-widget-text-editor\" data-id=\"559d591\" data-element_type=\"widget\" data-widget_type=\"text-editor.default\">\n\t\t\t\t<div class=\"elementor-widget-container\">\n\t\t\t\t\t\t\t\t\t<p>Jusqu&#039;\u00e0 pr\u00e9sent, les citoyens de l&#039;UE pouvaient se rendre au Royaume-Uni sans visa ni autorisation sp\u00e9ciale, b\u00e9n\u00e9ficiant ainsi de la libre circulation des personnes au sein de l&#039;Union europ\u00e9enne. Cependant, apr\u00e8s le Brexit, le Royaume-Uni a perdu son appartenance \u00e0 l&#039;UE et introduit progressivement de nouvelles r\u00e8gles migratoires. Ainsi, \u00e0 partir d&#039;avril 2025, les citoyens de l&#039;UE devront obtenir une autorisation avant d&#039;entrer sur le territoire britannique, \u00e0 l&#039;instar de la proc\u00e9dure actuellement requise pour les voyageurs en provenance d&#039;autres r\u00e9gions du monde.<\/p><p>Cette autorisation fera partie du syst\u00e8me d&#039;autorisation de voyage \u00e9lectronique (ETA), que le gouvernement britannique met progressivement en place pour les ressortissants \u00e9trangers de diff\u00e9rents pays. Les voyageurs devront demander cette autorisation avant leur voyage, ce qui impliquera de remplir une demande en ligne, de s&#039;acquitter de frais et, \u00e9ventuellement, de se soumettre \u00e0 un contr\u00f4le de s\u00e9curit\u00e9.<\/p>\t\t\t\t\t\t\t\t<\/div>\n\t\t\t\t<\/div>\n\t\t\t\t<\/div>\n\t\t<div class=\"elementor-element elementor-element-492b943 e-con-full e-flex e-con e-child\" data-id=\"492b943\" data-element_type=\"container\">\n\t\t\t\t<div class=\"elementor-element elementor-element-d2ef239 elementor-widget elementor-widget-heading\" data-id=\"d2ef239\" data-element_type=\"widget\" data-widget_type=\"heading.default\">\n\t\t\t\t<div class=\"elementor-widget-container\">\n\t\t\t\t\t<h2 class=\"elementor-heading-title elementor-size-default\">VOYAGES AU ROYAUME-UNI \u2013 QUELS CHANGEMENTS EN 2025\u00a0?<\/h2>\t\t\t\t<\/div>\n\t\t\t\t<\/div>\n\t\t\t\t<div class=\"elementor-element elementor-element-aa05846 elementor-widget elementor-widget-text-editor\" data-id=\"aa05846\" data-element_type=\"widget\" data-widget_type=\"text-editor.default\">\n\t\t\t\t<div class=\"elementor-widget-container\">\n\t\t\t\t\t\t\t\t\t<div class=\"elementor-element elementor-element-e8a87ae elementor-widget elementor-widget-text-editor\" data-id=\"e8a87ae\" data-element_type=\"widget\" data-widget_type=\"text-editor.default\"><div class=\"elementor-widget-container\"><p>Jusqu&#039;\u00e0 pr\u00e9sent, les citoyens de l&#039;UE pouvaient se rendre au Royaume-Uni sans autorisation de voyage pr\u00e9alable. Cependant, dans le cadre de la <strong>La politique d&#039;immigration du Royaume-Uni apr\u00e8s le Brexit<\/strong>\u00c0 partir d&#039;avril 2025, ils devront demander une AVE, similaire au syst\u00e8me en vigueur pour les voyageurs en provenance de nombreux autres pays. Cette autorisation sera obligatoire pour les personnes se rendant au pays \u00e0 des fins touristiques, professionnelles, d&#039;\u00e9tudes de courte dur\u00e9e ou de transit.<\/p><p><strong>Comment fonctionne l&#039;ETA ?<\/strong><\/p><ul><li><strong>Candidature en ligne<\/strong>Les voyageurs devront soumettre une demande en ligne avant leur d\u00e9part. La proc\u00e9dure comprendra le remplissage d&#039;un formulaire, la r\u00e9ponse \u00e0 des questions de s\u00e9curit\u00e9 et le paiement d&#039;une somme modique.<\/li><li><strong>D\u00e9lai de traitement<\/strong>:La plupart des demandes ETA seront trait\u00e9es dans un d\u00e9lai de 48 \u00e0 72 heures.<\/li><li><strong>Contr\u00f4le de s\u00e9curit\u00e9<\/strong>:Un contr\u00f4le de s\u00e9curit\u00e9 peut \u00eatre effectu\u00e9 et, dans certains cas, le traitement des demandes peut prendre plus de temps.<\/li><\/ul><\/div><\/div>\t\t\t\t\t\t\t\t<\/div>\n\t\t\t\t<\/div>\n\t\t\t\t<\/div>\n\t\t\t\t\t<\/div>\n\t\t\t\t<\/div>\n\t\t<div class=\"elementor-element elementor-element-45e0ced e-flex e-con-boxed e-con e-parent\" data-id=\"45e0ced\" data-element_type=\"container\">\n\t\t\t\t\t<div class=\"e-con-inner\">\n\t\t<div class=\"elementor-element elementor-element-df605a3 e-con-full e-flex e-con e-child\" data-id=\"df605a3\" data-element_type=\"container\">\n\t\t\t\t<div class=\"elementor-element elementor-element-94021c1 elementor-widget elementor-widget-heading\" data-id=\"94021c1\" data-element_type=\"widget\" data-widget_type=\"heading.default\">\n\t\t\t\t<div class=\"elementor-widget-container\">\n\t\t\t\t\t<h3 class=\"elementor-heading-title elementor-size-default\">QUI A BESOIN D&#039;UNE ETA ?<\/h3>\t\t\t\t<\/div>\n\t\t\t\t<\/div>\n\t\t\t\t<div class=\"elementor-element elementor-element-ef2aa14 elementor-widget elementor-widget-text-editor\" data-id=\"ef2aa14\" data-element_type=\"widget\" data-widget_type=\"text-editor.default\">\n\t\t\t\t<div class=\"elementor-widget-container\">\n\t\t\t\t\t\t\t\t\t<p>L&#039;ETA sera requise pour <strong>citoyens de pays exempt\u00e9s de visa<\/strong>, y compris:<\/p><ul><li><strong>ressortissants de l&#039;UE<\/strong><\/li><li>Les voyageurs de la <strong>\u00c9mirats arabes unis<\/strong>, <strong>Arabie Saoudite<\/strong>, <strong>Bahre\u00efn<\/strong>, <strong>Koweit<\/strong>, <strong>Jordanie<\/strong>, <strong>Oman<\/strong> (\u00e0 partir de f\u00e9vrier 2024)<\/li><li><strong>citoyens qataris<\/strong> (\u00e0 partir de novembre 2023)<\/li><\/ul><p>Cette autorisation s\u2019appliquera aux touristes, aux visiteurs d\u2019affaires, aux \u00e9tudiants de courte dur\u00e9e et aux personnes en transit.<\/p>\t\t\t\t\t\t\t\t<\/div>\n\t\t\t\t<\/div>\n\t\t\t\t<\/div>\n\t\t<div class=\"elementor-element elementor-element-ed346d2 e-con-full e-flex e-con e-child\" data-id=\"ed346d2\" data-element_type=\"container\">\n\t\t\t\t<div class=\"elementor-element elementor-element-ff8e7bf elementor-widget elementor-widget-heading\" data-id=\"ff8e7bf\" data-element_type=\"widget\" data-widget_type=\"heading.default\">\n\t\t\t\t<div class=\"elementor-widget-container\">\n\t\t\t\t\t<h3 class=\"elementor-heading-title elementor-size-default\">EXEMPTIONS :<\/h3>\t\t\t\t<\/div>\n\t\t\t\t<\/div>\n\t\t\t\t<div class=\"elementor-element elementor-element-77aee6c elementor-widget elementor-widget-text-editor\" data-id=\"77aee6c\" data-element_type=\"widget\" data-widget_type=\"text-editor.default\">\n\t\t\t\t<div class=\"elementor-widget-container\">\n\t\t\t\t\t\t\t\t\t<ul><li><strong>citoyens britanniques et irlandais<\/strong> sont exempt\u00e9s de l\u2019obligation d\u2019ETA.<\/li><li>Les titulaires d&#039;un visa de longue dur\u00e9e ou les personnes ayant un statut \u00e9tabli au Royaume-Uni n&#039;ont pas besoin d&#039;un ETA.<\/li><\/ul>\t\t\t\t\t\t\t\t<\/div>\n\t\t\t\t<\/div>\n\t\t\t\t<\/div>\n\t\t\t\t\t<\/div>\n\t\t\t\t<\/div>\n\t\t<div class=\"elementor-element elementor-element-f447f70 e-flex e-con-boxed e-con e-parent\" data-id=\"f447f70\" data-element_type=\"container\">\n\t\t\t\t\t<div class=\"e-con-inner\">\n\t\t\t\t<div class=\"elementor-element elementor-element-ef5e263 elementor-widget-divider--view-line elementor-widget elementor-widget-divider\" data-id=\"ef5e263\" data-element_type=\"widget\" data-widget_type=\"divider.default\">\n\t\t\t\t<div class=\"elementor-widget-container\">\n\t\t\t\t\t\t\t<div class=\"elementor-divider\">\n\t\t\t<span class=\"elementor-divider-separator\">\n\t\t\t\t\t\t<\/span>\n\t\t<\/div>\n\t\t\t\t\t\t<\/div>\n\t\t\t\t<\/div>\n\t\t\t\t<div class=\"elementor-element elementor-element-7bd378c elementor-widget elementor-widget-heading\" data-id=\"7bd378c\" data-element_type=\"widget\" data-widget_type=\"heading.default\">\n\t\t\t\t<div class=\"elementor-widget-container\">\n\t\t\t\t\t<h3 class=\"elementor-heading-title elementor-size-default\">Types de visas de travail :<\/h3>\t\t\t\t<\/div>\n\t\t\t\t<\/div>\n\t\t\t\t\t<\/div>\n\t\t\t\t<\/div>\n\t\t<div class=\"elementor-element elementor-element-bf9a089 e-flex e-con-boxed e-con e-parent\" data-id=\"bf9a089\" data-element_type=\"container\">\n\t\t\t\t\t<div class=\"e-con-inner\">\n\t\t<div class=\"elementor-element elementor-element-9142cb4 e-con-full e-flex e-con e-child\" data-id=\"9142cb4\" data-element_type=\"container\">\n\t\t\t\t<div class=\"elementor-element elementor-element-a576fb1 elementor-widget elementor-widget-text-editor\" data-id=\"a576fb1\" data-element_type=\"widget\" data-widget_type=\"text-editor.default\">\n\t\t\t\t<div class=\"elementor-widget-container\">\n\t\t\t\t\t\t\t\t\t<ol><li><strong>Visa de travailleur qualifi\u00e9<\/strong>:Pour les travailleurs disposant d&#039;une offre d&#039;emploi au Royaume-Uni qui r\u00e9pondent aux exigences de comp\u00e9tences et de salaire minimum.<\/li><li><strong>Visa de travailleur temporaire<\/strong>:Pour les travailleurs saisonniers, les b\u00e9n\u00e9voles ou ceux qui participent \u00e0 des programmes d&#039;\u00e9changes culturels et religieux.<\/li><li><strong>Visa pour les talents mondiaux<\/strong>:Pour les personnes hautement qualifi\u00e9es dans des domaines tels que la science, la technologie, les arts ou la culture.<\/li><\/ol><p>Chaque visa de travail a des exigences sp\u00e9cifiques en mati\u00e8re de documentation, telles que la preuve d&#039;une offre d&#039;emploi, des moyens financiers suffisants ou le respect des normes de comp\u00e9tence linguistique.<\/p>\t\t\t\t\t\t\t\t<\/div>\n\t\t\t\t<\/div>\n\t\t\t\t<\/div>\n\t\t<div class=\"elementor-element elementor-element-477602e e-con-full e-flex e-con e-child\" data-id=\"477602e\" data-element_type=\"container\">\n\t\t\t\t<div class=\"elementor-element elementor-element-36b237a elementor-widget elementor-widget-text-editor\" data-id=\"36b237a\" data-element_type=\"widget\" data-widget_type=\"text-editor.default\">\n\t\t\t\t<div class=\"elementor-widget-container\">\n\t\t\t\t\t\t\t\t\t<p>Si vous envisagez de travailler au Royaume-Uni \u00e0 long terme, vous aurez besoin d&#039;un visa de travail appropri\u00e9. L&#039;ETA ne couvre que les s\u00e9jours de courte dur\u00e9e, comme les voyages touristiques ou d&#039;affaires, et ne permet pas un emploi \u00e0 long terme. Pour travailler au Royaume-Uni, vous devez remplir les conditions sp\u00e9cifiques de diff\u00e9rents types de visas de travail, comme le <strong>Visa de travailleur qualifi\u00e9<\/strong> ou le <strong>Visa de travailleur temporaire<\/strong>.<\/p>\t\t\t\t\t\t\t\t<\/div>\n\t\t\t\t<\/div>\n\t\t\t\t<\/div>\n\t\t\t\t\t<\/div>\n\t\t\t\t<\/div>\n\t\t<div class=\"elementor-element elementor-element-7babe2f e-flex e-con-boxed e-con e-parent\" data-id=\"7babe2f\" data-element_type=\"container\">\n\t\t\t\t\t<div class=\"e-con-inner\">\n\t\t\t\t<div class=\"elementor-element elementor-element-f34bd57 elementor-widget-divider--view-line elementor-widget elementor-widget-divider\" data-id=\"f34bd57\" data-element_type=\"widget\" data-widget_type=\"divider.default\">\n\t\t\t\t<div class=\"elementor-widget-container\">\n\t\t\t\t\t\t\t<div class=\"elementor-divider\">\n\t\t\t<span class=\"elementor-divider-separator\">\n\t\t\t\t\t\t<\/span>\n\t\t<\/div>\n\t\t\t\t\t\t<\/div>\n\t\t\t\t<\/div>\n\t\t\t\t<div class=\"elementor-element elementor-element-fd547ce elementor-widget elementor-widget-heading\" data-id=\"fd547ce\" data-element_type=\"widget\" data-widget_type=\"heading.default\">\n\t\t\t\t<div class=\"elementor-widget-container\">\n\t\t\t\t\t<h3 class=\"elementor-heading-title elementor-size-default\">FAQ - Foire aux questions<\/h3>\t\t\t\t<\/div>\n\t\t\t\t<\/div>\n\t\t\t\t<div class=\"elementor-element elementor-element-2773225 elementor-widget elementor-widget-text-editor\" data-id=\"2773225\" data-element_type=\"widget\" data-widget_type=\"text-editor.default\">\n\t\t\t\t<div class=\"elementor-widget-container\">\n\t\t\t\t\t\t\t\t\t<div data-id=\"019a625\" data-element_type=\"container\" data-settings=\"{&quot;content_width&quot;:&quot;boxed&quot;}\" data-core-v316-plus=\"true\"><div data-id=\"4776dd1\" data-element_type=\"widget\" data-widget_type=\"text-editor.default\"><h4><strong>1. Qu&#039;est-ce que l&#039;ETA britannique et qui en a besoin ?<\/strong><\/h4><p><strong>L&#039;autorisation de voyage \u00e9lectronique (ETA) <\/strong><span style=\"font-size: 16px;\">est un syst\u00e8me introduit par le Royaume-Uni en <\/span><strong style=\"font-size: 16px;\">Avril 2025<\/strong><span style=\"font-size: 16px;\">Elle s&#039;applique aux citoyens de pays qui n&#039;avaient auparavant pas besoin de visa, comme les pays de l&#039;UE, et couvrira les voyages de courte dur\u00e9e (tourisme, affaires, transit, etc.).<\/span><\/p><h4><strong>2. Quand les demandes d&#039;ETA seront-elles ouvertes et combien cela co\u00fbtera-t-il ?<\/strong><\/h4><p>Les candidatures pour l&#039;ETA ouvriront dans <strong>2024<\/strong>, avec mise en \u0153uvre en avril 2025. Les frais de service sont <strong>\u00a316<\/strong>\u00a0par application.<\/p><h4><strong>3. Comment puis-je obtenir l&#039;ETA et combien de temps cela prend-il ?<\/strong><\/h4><p>Les demandes se font en ligne via le site web du gouvernement britannique ou l&#039;application mobile. La proc\u00e9dure consiste \u00e0 renseigner des informations personnelles de base, \u00e0 r\u00e9pondre \u00e0 des questions de s\u00e9curit\u00e9 et \u00e0 payer les frais. La plupart des demandes seront trait\u00e9es dans les <strong>48 \u00e0 72 heures<\/strong>.<\/p><h4><strong>4. Quelle est la dur\u00e9e de validit\u00e9 de l&#039;ETA et combien de fois puis-je voyager avec ?<\/strong><\/h4><p>L&#039;ETA est valable pour <strong>2 ans<\/strong> ou jusqu&#039;\u00e0 l&#039;expiration du passeport, selon la premi\u00e8re \u00e9ventualit\u00e9. Il permet <strong>entr\u00e9es multiples<\/strong> au Royaume-Uni, chaque visite durant au maximum <strong>6 mois<\/strong>.<\/p><h4><strong>5. Dois-je imprimer mon ETA ?<\/strong><\/h4><p>Non, l&#039;ETA est \u00e9lectronique et li\u00e9e \u00e0 votre passeport. Pr\u00e9sentez simplement votre passeport \u00e0 la fronti\u00e8re et votre ETA sera v\u00e9rifi\u00e9e automatiquement.<\/p><h4><strong>6. Que se passe-t-il si ma demande d&#039;ETA est rejet\u00e9e ?<\/strong><\/h4><p>Si votre demande d&#039;ETA est rejet\u00e9e, vous pouvez pr\u00e9senter une nouvelle demande ou demander un autre type de visa, tel qu&#039;un <strong>Visa de visiteur standard<\/strong>, ce qui peut impliquer un processus de demande plus d\u00e9taill\u00e9.<\/p><h4><strong>7. L&#039;ETA couvrira-t-il les voyages vers l&#039;Irlande ou les pays Schengen ?<\/strong><\/h4><p>Non, l&#039;ETA n&#039;est valable que pour les voyages au Royaume-Uni, y compris <strong>Angleterre, \u00c9cosse, Pays de Galles et Irlande du Nord<\/strong>Des conditions d&#039;entr\u00e9e distinctes s&#039;appliquent pour <strong>Irlande<\/strong> et <strong>Schengen<\/strong> pays.<\/p><h4><strong>8. Les enfants auront-ils besoin de leur propre ETA ?<\/strong><\/h4><p>Oui, chaque voyageur, y compris les enfants, aura besoin de son propre ETA li\u00e9 \u00e0 son passeport.<\/p><h4><strong>9. Existe-t-il des exceptions aux exigences de l\u2019ETA ?<\/strong><\/h4><p>Oui, <strong>citoyens irlandais<\/strong> et les personnes titulaires de visas de longue dur\u00e9e pour travailler, \u00e9tudier ou r\u00e9sider au Royaume-Uni sont exempt\u00e9es des exigences ETA.<\/p><h4><strong>10. Que dois-je faire si j&#039;ai d&#039;autres questions<\/strong><\/h4><p>Visitez le site officiel <strong>Site Web du gouvernement britannique<\/strong> ou notre section FAQ d\u00e9di\u00e9e pour plus de d\u00e9tails et de mises \u00e0 jour sur le syst\u00e8me ETA.<\/p><\/div><\/div>\t\t\t\t\t\t\t\t<\/div>\n\t\t\t\t<\/div>\n\t\t\t\t\t<\/div>\n\t\t\t\t<\/div>\n\t\t<div class=\"elementor-element elementor-element-bf91d7f e-flex e-con-boxed e-con e-parent\" data-id=\"bf91d7f\" data-element_type=\"container\">\n\t\t\t\t\t<div class=\"e-con-inner\">\n\t\t<div class=\"elementor-element elementor-element-9825c1d e-con-full e-flex e-con e-child\" data-id=\"9825c1d\" data-element_type=\"container\">\n\t\t\t\t<div class=\"elementor-element elementor-element-45210bd elementor-align-center elementor-list-item-link-full_width elementor-widget elementor-widget-icon-list\" data-id=\"45210bd\" data-element_type=\"widget\" data-widget_type=\"icon-list.default\">\n\t\t\t\t<div class=\"elementor-widget-container\">\n\t\t\t\t\t\t\t<ul class=\"elementor-icon-list-items\">\n\t\t\t\t\t\t\t<li class=\"elementor-icon-list-item\">\n\t\t\t\t\t\t\t\t\t\t<span class=\"elementor-icon-list-text\">Num\u00e9ro d&#039;identification de l&#039;entreprise : 08392226<\/span>\n\t\t\t\t\t\t\t\t\t<\/li>\n\t\t\t\t\t\t\t\t<li class=\"elementor-icon-list-item\">\n\t\t\t\t\t\t\t\t\t\t<span class=\"elementor-icon-list-text\">VISA USA sro<\/span>\n\t\t\t\t\t\t\t\t\t<\/li>\n\t\t\t\t\t\t\t\t<li class=\"elementor-icon-list-item\">\n\t\t\t\t\t\t\t\t\t\t<span class=\"elementor-icon-list-text\">Sv. Cecha 750\/4, Bilovec 743 01, Tch\u00e9quie<\/span>\n\t\t\t\t\t\t\t\t\t<\/li>\n\t\t\t\t\t\t<\/ul>\n\t\t\t\t\t\t<\/div>\n\t\t\t\t<\/div>\n\t\t\t\t<\/div>\n\t\t<div class=\"elementor-element elementor-element-c6703c3 e-con-full e-flex e-con e-child\" data-id=\"c6703c3\" data-element_type=\"container\">\n\t\t\t\t<div class=\"elementor-element elementor-element-79d431f elementor-widget elementor-widget-text-editor\" data-id=\"79d431f\" data-element_type=\"widget\" data-widget_type=\"text-editor.default\">\n\t\t\t\t<div class=\"elementor-widget-container\">\n\t\t\t\t\t\t\t\t\t<p style=\"text-align: center;\">Ce site web et notre entreprise ne sont en aucun cas affili\u00e9s aux autorit\u00e9s et au gouvernement britanniques. Le site web officiel est disponible \u00e0 l&#039;adresse www.gov.uk.<\/p>\t\t\t\t\t\t\t\t<\/div>\n\t\t\t\t<\/div>\n\t\t\t\t<\/div>\n\t\t\t\t\t<\/div>\n\t\t\t\t<\/div>\n\t\t\t\t<\/div>","protected":false},"excerpt":{"rendered":"<p>AUTORISATION DE VOYAGE VISA ETA AU ROYAUME-UNI \u00c0 PARTIR D&#039;AVRIL 2025 \u00c0 partir du 2 avril 2025, le Royaume-Uni introduira un nouveau visa \u00e9lectronique [\u2026]<\/p>","protected":false},"author":1,"featured_media":0,"parent":0,"menu_order":0,"comment_status":"closed","ping_status":"closed","template":"","meta":{"site-sidebar-layout":"no-sidebar","site-content-layout":"","ast-site-content-layout":"full-width-container","site-content-style":"default","site-sidebar-style":"default","ast-global-header-display":"","ast-banner-title-visibility":"","ast-main-header-display":"","ast-hfb-above-header-display":"","ast-hfb-below-header-display":"","ast-hfb-mobile-header-display":"","site-post-title":"disabled","ast-breadcrumbs-content":"","ast-featured-img":"disabled","footer-sml-layout":"","theme-transparent-header-meta":"","adv-header-id-meta":"","stick-header-meta":"","header-above-stick-meta":"","header-main-stick-meta":"","header-below-stick-meta":"","astra-migrate-meta-layouts":"default","ast-page-background-enabled":"default","ast-page-background-meta":{"desktop":{"background-color":"var(--ast-global-color-5)","background-image":"","background-repeat":"repeat","background-position":"center center","background-size":"auto","background-attachment":"scroll","background-type":"","background-media":"","overlay-type":"","overlay-color":"","overlay-opacity":"","overlay-gradient":""},"tablet":{"background-color":"","background-image":"","background-repeat":"repeat","background-position":"center center","background-size":"auto","background-attachment":"scroll","background-type":"","background-media":"","overlay-type":"","overlay-color":"","overlay-opacity":"","overlay-gradient":""},"mobile":{"background-color":"","background-image":"","background-repeat":"repeat","background-position":"center center","background-size":"auto","background-attachment":"scroll","background-type":"","background-media":"","overlay-type":"","overlay-color":"","overlay-opacity":"","overlay-gradient":""}},"ast-content-background-meta":{"desktop":{"background-color":"var(--ast-global-color-4)","background-image":"","background-repeat":"repeat","background-position":"center center","background-size":"auto","background-attachment":"scroll","background-type":"","background-media":"","overlay-type":"","overlay-color":"","overlay-opacity":"","overlay-gradient":""},"tablet":{"background-color":"var(--ast-global-color-4)","background-image":"","background-repeat":"repeat","background-position":"center center","background-size":"auto","background-attachment":"scroll","background-type":"","background-media":"","overlay-type":"","overlay-color":"","overlay-opacity":"","overlay-gradient":""},"mobile":{"background-color":"var(--ast-global-color-4)","background-image":"","background-repeat":"repeat","background-position":"center center","background-size":"auto","background-attachment":"scroll","background-type":"","background-media":"","overlay-type":"","overlay-color":"","overlay-opacity":"","overlay-gradient":""}},"footnotes":""},"class_list":["post-41","page","type-page","status-publish","hentry"],"_links":{"self":[{"href":"http:\/\/applyesta.us\/mc\/wp-json\/wp\/v2\/pages\/41","targetHints":{"allow":["GET"]}}],"collection":[{"href":"http:\/\/applyesta.us\/mc\/wp-json\/wp\/v2\/pages"}],"about":[{"href":"http:\/\/applyesta.us\/mc\/wp-json\/wp\/v2\/types\/page"}],"author":[{"embeddable":true,"href":"http:\/\/applyesta.us\/mc\/wp-json\/wp\/v2\/users\/1"}],"replies":[{"embeddable":true,"href":"http:\/\/applyesta.us\/mc\/wp-json\/wp\/v2\/comments?post=41"}],"version-history":[{"count":4,"href":"http:\/\/applyesta.us\/mc\/wp-json\/wp\/v2\/pages\/41\/revisions"}],"predecessor-version":[{"id":46,"href":"http:\/\/applyesta.us\/mc\/wp-json\/wp\/v2\/pages\/41\/revisions\/46"}],"wp:attachment":[{"href":"http:\/\/applyesta.us\/mc\/wp-json\/wp\/v2\/media?parent=41"}],"curies":[{"name":"wp","href":"https:\/\/api.w.org\/{rel}","templated":true}]}}