{"id":10,"date":"2025-06-04T13:30:07","date_gmt":"2025-06-04T13:30:07","guid":{"rendered":"https:\/\/form.applyeta.uk\/?page_id=10"},"modified":"2025-06-04T20:17:47","modified_gmt":"2025-06-04T20:17:47","slug":"home","status":"publish","type":"page","link":"http:\/\/applyesta.us\/lt\/","title":{"rendered":"Prad\u017eia"},"content":{"rendered":"<div data-elementor-type=\"wp-page\" data-elementor-id=\"10\" class=\"elementor elementor-10\" data-elementor-post-type=\"page\">\n\t\t\t\t<div class=\"elementor-element elementor-element-b305927 e-flex e-con-boxed e-con e-parent\" data-id=\"b305927\" data-element_type=\"container\">\n\t\t\t\t\t<div class=\"e-con-inner\">\n\t\t<div class=\"elementor-element elementor-element-9154e97 e-con-full e-flex e-con e-child\" data-id=\"9154e97\" data-element_type=\"container\">\n\t\t\t\t<div class=\"elementor-element elementor-element-5d52b4f elementor-widget elementor-widget-image\" data-id=\"5d52b4f\" data-element_type=\"widget\" data-widget_type=\"image.default\">\n\t\t\t\t<div class=\"elementor-widget-container\">\n\t\t\t\t\t\t\t\t\t\t\t\t\t\t\t<img fetchpriority=\"high\" decoding=\"async\" width=\"640\" height=\"408\" src=\"https:\/\/applyesta.us\/wp-content\/uploads\/2025\/06\/tower-bridge-980961_640-1.jpg\" class=\"attachment-large size-large wp-image-13\" alt=\"\" srcset=\"https:\/\/applyesta.us\/wp-content\/uploads\/2025\/06\/tower-bridge-980961_640-1.jpg 640w, https:\/\/applyesta.us\/wp-content\/uploads\/2025\/06\/tower-bridge-980961_640-1-300x191.jpg 300w\" sizes=\"(max-width: 640px) 100vw, 640px\" \/>\t\t\t\t\t\t\t\t\t\t\t\t\t\t\t<\/div>\n\t\t\t\t<\/div>\n\t\t\t\t<\/div>\n\t\t<div class=\"elementor-element elementor-element-35b765f e-con-full e-flex e-con e-child\" data-id=\"35b765f\" data-element_type=\"container\">\n\t\t\t\t<div class=\"elementor-element elementor-element-9eed95e elementor-widget elementor-widget-heading\" data-id=\"9eed95e\" data-element_type=\"widget\" data-widget_type=\"heading.default\">\n\t\t\t\t<div class=\"elementor-widget-container\">\n\t\t\t\t\t<h2 class=\"elementor-heading-title elementor-size-default\">KELION\u0116S LEIDIMAS IR ETA VIZA \u012e JK NUO 2025 M. BALAND\u017dIO M\u0116N.<\/h2>\t\t\t\t<\/div>\n\t\t\t\t<\/div>\n\t\t\t\t<div class=\"elementor-element elementor-element-f7ef9cb elementor-widget elementor-widget-text-editor\" data-id=\"f7ef9cb\" data-element_type=\"widget\" data-widget_type=\"text-editor.default\">\n\t\t\t\t<div class=\"elementor-widget-container\">\n\t\t\t\t\t\t\t\t\t<p style=\"text-align: left;\">I\u0161 <strong>2025 m. baland\u017eio 2 d.<\/strong>Jungtin\u0117 Karalyst\u0117 \u012fves nauj\u0105 <strong>Elektroninis kelion\u0117s leidimas (ETA)<\/strong> sistema. Tai paveiks pilie\u010dius nuo <strong>Europos S\u0105junga<\/strong> ir kelios kitos \u0161alys, kurios iki \u0161iol keliavo \u012f JK be vizos. Pagal nauj\u0105sias taisykles keliautojai i\u0161 \u0161ali\u0173, kurioms netaikomas viz\u0173 reikalavimas, \u012fskaitant ES pilie\u010dius, prie\u0161 apsilankydami JK trumpalaikiam buvimui tur\u0117s kreiptis d\u0117l ETA.<\/p>\t\t\t\t\t\t\t\t<\/div>\n\t\t\t\t<\/div>\n\t\t\t\t<\/div>\n\t\t\t\t\t<\/div>\n\t\t\t\t<\/div>\n\t\t<div class=\"elementor-element elementor-element-5f3a042 e-con-full e-flex e-con e-parent\" data-id=\"5f3a042\" data-element_type=\"container\">\n\t\t\t\t<div class=\"elementor-element elementor-element-b179dea elementor-widget elementor-widget-html\" data-id=\"b179dea\" data-element_type=\"widget\" data-widget_type=\"html.default\">\n\t\t\t\t<div class=\"elementor-widget-container\">\n\t\t\t\t\t<div style=\"border: 2px solid #f57c00; background-color: #fff3e0; padding: 25px; margin: 20px auto; border-left: 8px solid #e65100; font-family: Arial, sans-serif; border-radius: 8px; max-width: 800px; text-align: center;\">\r\n  <strong style=\"font-size: 18px; color: #d84315; display: block; margin-bottom: 10px;\">\u26a0\ufe0f Svarbus prane\u0161imas<\/strong>\r\n  <p style=\"font-size: 15px; color: #000; font-weight: bold; line-height: 1.7; margin: 0;\">\r\n    \u0160i svetain\u0117 skirta tik informaciniams tikslams ir n\u0117ra susijusi su JK vyriausybe. <br>\r\n    <u>Per \u0161i\u0105 svetain\u0119 negalite kreiptis d\u0117l ETA (elektroninio kelion\u0117s leidimo).<\/u>\r\n    <br><br>\r\n    Nor\u0117dami pateikti pra\u0161ym\u0105 gauti oficial\u0173 JK ETA, apsilankykite oficialioje JK vyriausyb\u0117s svetain\u0117je: <br>\r\n    <a href=\"https:\/\/www.gov.uk\/eta\" target=\"_blank\" style=\"color: #c62828; text-decoration: underline; font-weight: bold;\">www.gov.uk\/eta<\/a>\r\n  <\/p>\r\n<\/div>\r\n\t\t\t\t<\/div>\n\t\t\t\t<\/div>\n\t\t\t\t<\/div>\n\t\t<div class=\"elementor-element elementor-element-0c146e9 e-flex e-con-boxed e-con e-parent\" data-id=\"0c146e9\" data-element_type=\"container\">\n\t\t\t\t\t<div class=\"e-con-inner\">\n\t\t<div class=\"elementor-element elementor-element-d9ae5a4 e-con-full e-flex e-con e-child\" data-id=\"d9ae5a4\" data-element_type=\"container\">\n\t\t\t\t<div class=\"elementor-element elementor-element-053781a elementor-widget elementor-widget-heading\" data-id=\"053781a\" data-element_type=\"widget\" data-widget_type=\"heading.default\">\n\t\t\t\t<div class=\"elementor-widget-container\">\n\t\t\t\t\t<h2 class=\"elementor-heading-title elementor-size-default\">K\u0105 tai rei\u0161kia keliautojams?<\/h2>\t\t\t\t<\/div>\n\t\t\t\t<\/div>\n\t\t\t\t<div class=\"elementor-element elementor-element-559d591 elementor-widget elementor-widget-text-editor\" data-id=\"559d591\" data-element_type=\"widget\" data-widget_type=\"text-editor.default\">\n\t\t\t\t<div class=\"elementor-widget-container\">\n\t\t\t\t\t\t\t\t\t<p>Iki \u0161iol ES pilie\u010diai gal\u0117jo keliauti \u012f Jungtin\u0119 Karalyst\u0119 be viz\u0173 ir be jokio specialaus leidimo, pasinaudodami laisvu \u017emoni\u0173 jud\u0117jimu Europos S\u0105jungoje. Ta\u010diau po \u201eBrexit\u201c JK prarado naryst\u0119 ES ir palaipsniui \u012fveda naujas migracijos taisykles. Tai rei\u0161kia, kad nuo 2025 m. baland\u017eio m\u0117n. ES pilie\u010diai tur\u0117s gauti leidim\u0105 prie\u0161 atvykdami \u012f Britanijos teritorij\u0105, pana\u0161iai kaip \u0161iuo metu keliautojams i\u0161 kit\u0173 pasaulio \u0161ali\u0173.<\/p><p>\u0160is leidimas bus elektroninio kelioni\u0173 leidimo (ETA) sistemos, kuri\u0105 JK vyriausyb\u0117 palaipsniui diegia u\u017esienio pilie\u010diams i\u0161 \u012fvairi\u0173 \u0161ali\u0173, dalis. Keliautojai tur\u0117s kreiptis d\u0117l leidimo prie\u0161 kelion\u0119, u\u017epildydami internetin\u0119 parai\u0161k\u0105, sumok\u0117dami mokest\u012f ir galb\u016bt atlikdami saugumo patikr\u0105.<\/p>\t\t\t\t\t\t\t\t<\/div>\n\t\t\t\t<\/div>\n\t\t\t\t<\/div>\n\t\t<div class=\"elementor-element elementor-element-492b943 e-con-full e-flex e-con e-child\" data-id=\"492b943\" data-element_type=\"container\">\n\t\t\t\t<div class=\"elementor-element elementor-element-d2ef239 elementor-widget elementor-widget-heading\" data-id=\"d2ef239\" data-element_type=\"widget\" data-widget_type=\"heading.default\">\n\t\t\t\t<div class=\"elementor-widget-container\">\n\t\t\t\t\t<h2 class=\"elementor-heading-title elementor-size-default\">KELION\u0116S \u012e JUNGTIN\u0118 KARALYST\u0118 \u2013 KAS PASIKEIS 2025 M.?<\/h2>\t\t\t\t<\/div>\n\t\t\t\t<\/div>\n\t\t\t\t<div class=\"elementor-element elementor-element-aa05846 elementor-widget elementor-widget-text-editor\" data-id=\"aa05846\" data-element_type=\"widget\" data-widget_type=\"text-editor.default\">\n\t\t\t\t<div class=\"elementor-widget-container\">\n\t\t\t\t\t\t\t\t\t<div class=\"elementor-element elementor-element-e8a87ae elementor-widget elementor-widget-text-editor\" data-id=\"e8a87ae\" data-element_type=\"widget\" data-widget_type=\"text-editor.default\"><div class=\"elementor-widget-container\"><p>Iki \u0161iol ES pilie\u010diai gal\u0117jo lankytis JK be i\u0161ankstinio kelion\u0117s leidimo. Ta\u010diau, kaip dalis <strong>JK imigracijos politika po \u201eBrexit\u201c<\/strong>nuo 2025 m. baland\u017eio m\u0117n. jiems reik\u0117s kreiptis d\u0117l ETA, pana\u0161iai kaip sistema, taikoma keliautojams i\u0161 daugelio kit\u0173 \u0161ali\u0173. \u0160is leidimas bus privalomas tiems, kurie atvyksta turizmo, verslo, trumpalaiki\u0173 studij\u0173 ar tranzito tikslais.<\/p><p><strong>Kaip veikia ETA?<\/strong><\/p><ul><li><strong>Internetin\u0117 parai\u0161ka<\/strong>Keliautojai prie\u0161 kelion\u0119 tur\u0117s pateikti parai\u0161k\u0105 internetu. Procesas apims formos u\u017epildym\u0105, atsakymus \u012f saugumo klausimus ir nedidelio mokes\u010dio sumok\u0117jim\u0105.<\/li><li><strong>Apdorojimo laikas<\/strong>Dauguma ETA u\u017eklaus\u0173 bus apdorotos per 48\u201372 valandas.<\/li><li><strong>Saugumo patikra<\/strong>Gali b\u016bti atliktas saugumo patikrinimas, o kai kuriais atvejais parai\u0161k\u0173 nagrin\u0117jimas gali u\u017etrukti ilgiau.<\/li><\/ul><\/div><\/div>\t\t\t\t\t\t\t\t<\/div>\n\t\t\t\t<\/div>\n\t\t\t\t<\/div>\n\t\t\t\t\t<\/div>\n\t\t\t\t<\/div>\n\t\t<div class=\"elementor-element elementor-element-45e0ced e-flex e-con-boxed e-con e-parent\" data-id=\"45e0ced\" data-element_type=\"container\">\n\t\t\t\t\t<div class=\"e-con-inner\">\n\t\t<div class=\"elementor-element elementor-element-df605a3 e-con-full e-flex e-con e-child\" data-id=\"df605a3\" data-element_type=\"container\">\n\t\t\t\t<div class=\"elementor-element elementor-element-94021c1 elementor-widget elementor-widget-heading\" data-id=\"94021c1\" data-element_type=\"widget\" data-widget_type=\"heading.default\">\n\t\t\t\t<div class=\"elementor-widget-container\">\n\t\t\t\t\t<h3 class=\"elementor-heading-title elementor-size-default\">KAM REIKIA ETA?<\/h3>\t\t\t\t<\/div>\n\t\t\t\t<\/div>\n\t\t\t\t<div class=\"elementor-element elementor-element-ef2aa14 elementor-widget elementor-widget-text-editor\" data-id=\"ef2aa14\" data-element_type=\"widget\" data-widget_type=\"text-editor.default\">\n\t\t\t\t<div class=\"elementor-widget-container\">\n\t\t\t\t\t\t\t\t\t<p>Bus reikalingas numatomas atvykimo laikas <strong>pilie\u010diai i\u0161 \u0161ali\u0173, kurioms netaikomas viz\u0173 reikalavimas<\/strong>, \u012fskaitant:<\/p><ul><li><strong>ES pilie\u010diai<\/strong><\/li><li>Keliautojai i\u0161 <strong>Jungtiniai Arab\u0173 Emyratai<\/strong>, <strong>Saudo Arabija<\/strong>, <strong>Bahreinas<\/strong>, <strong>Kuveitas<\/strong>, <strong>Jordanija<\/strong>, <strong>Omanas<\/strong> (nuo 2024 m. vasario m\u0117n.)<\/li><li><strong>Kataro pilie\u010diai<\/strong> (nuo 2023 m. lapkri\u010dio m\u0117n.)<\/li><\/ul><p>\u0160is leidimas bus taikomas turistams, verslo lankytojams, trumpalaikiams studentams ir tranzitu vykstantiems asmenims.<\/p>\t\t\t\t\t\t\t\t<\/div>\n\t\t\t\t<\/div>\n\t\t\t\t<\/div>\n\t\t<div class=\"elementor-element elementor-element-ed346d2 e-con-full e-flex e-con e-child\" data-id=\"ed346d2\" data-element_type=\"container\">\n\t\t\t\t<div class=\"elementor-element elementor-element-ff8e7bf elementor-widget elementor-widget-heading\" data-id=\"ff8e7bf\" data-element_type=\"widget\" data-widget_type=\"heading.default\">\n\t\t\t\t<div class=\"elementor-widget-container\">\n\t\t\t\t\t<h3 class=\"elementor-heading-title elementor-size-default\">I\u0160IMTYS:<\/h3>\t\t\t\t<\/div>\n\t\t\t\t<\/div>\n\t\t\t\t<div class=\"elementor-element elementor-element-77aee6c elementor-widget elementor-widget-text-editor\" data-id=\"77aee6c\" data-element_type=\"widget\" data-widget_type=\"text-editor.default\">\n\t\t\t\t<div class=\"elementor-widget-container\">\n\t\t\t\t\t\t\t\t\t<ul><li><strong>Britanijos ir Airijos pilie\u010diai<\/strong> atleid\u017eiami nuo ETA reikalavimo.<\/li><li>Ilgalaiki\u0173 viz\u0173 tur\u0117tojams arba asmenims, turintiems nuolatinio gyventojo status\u0105 JK, ETA nereikia.<\/li><\/ul>\t\t\t\t\t\t\t\t<\/div>\n\t\t\t\t<\/div>\n\t\t\t\t<\/div>\n\t\t\t\t\t<\/div>\n\t\t\t\t<\/div>\n\t\t<div class=\"elementor-element elementor-element-f447f70 e-flex e-con-boxed e-con e-parent\" data-id=\"f447f70\" data-element_type=\"container\">\n\t\t\t\t\t<div class=\"e-con-inner\">\n\t\t\t\t<div class=\"elementor-element elementor-element-ef5e263 elementor-widget-divider--view-line elementor-widget elementor-widget-divider\" data-id=\"ef5e263\" data-element_type=\"widget\" data-widget_type=\"divider.default\">\n\t\t\t\t<div class=\"elementor-widget-container\">\n\t\t\t\t\t\t\t<div class=\"elementor-divider\">\n\t\t\t<span class=\"elementor-divider-separator\">\n\t\t\t\t\t\t<\/span>\n\t\t<\/div>\n\t\t\t\t\t\t<\/div>\n\t\t\t\t<\/div>\n\t\t\t\t<div class=\"elementor-element elementor-element-7bd378c elementor-widget elementor-widget-heading\" data-id=\"7bd378c\" data-element_type=\"widget\" data-widget_type=\"heading.default\">\n\t\t\t\t<div class=\"elementor-widget-container\">\n\t\t\t\t\t<h3 class=\"elementor-heading-title elementor-size-default\">Darbo viz\u0173 tipai:<\/h3>\t\t\t\t<\/div>\n\t\t\t\t<\/div>\n\t\t\t\t\t<\/div>\n\t\t\t\t<\/div>\n\t\t<div class=\"elementor-element elementor-element-bf9a089 e-flex e-con-boxed e-con e-parent\" data-id=\"bf9a089\" data-element_type=\"container\">\n\t\t\t\t\t<div class=\"e-con-inner\">\n\t\t<div class=\"elementor-element elementor-element-9142cb4 e-con-full e-flex e-con e-child\" data-id=\"9142cb4\" data-element_type=\"container\">\n\t\t\t\t<div class=\"elementor-element elementor-element-a576fb1 elementor-widget elementor-widget-text-editor\" data-id=\"a576fb1\" data-element_type=\"widget\" data-widget_type=\"text-editor.default\">\n\t\t\t\t<div class=\"elementor-widget-container\">\n\t\t\t\t\t\t\t\t\t<ol><li><strong>Kvalifikuoto darbuotojo viza<\/strong>Darbuotojams, turintiems darbo pasi\u016blym\u0105 JK ir atitinkantiems \u012fg\u016bd\u017ei\u0173 bei minimalaus atlyginimo reikalavimus.<\/li><li><strong>Laikinojo darbuotojo viza<\/strong>Sezoniniams darbuotojams, savanoriams arba kult\u016brini\u0173 ir religini\u0173 main\u0173 program\u0173 dalyviams.<\/li><li><strong>Pasaulin\u0117 talent\u0173 viza<\/strong>Auk\u0161tos kvalifikacijos asmenims tokiose srityse kaip mokslas, technologijos, menas ar kult\u016bra.<\/li><\/ol><p>Kiekvienai darbo vizai keliami konkret\u016bs dokument\u0173 reikalavimai, pavyzd\u017eiui, darbo pasi\u016blymo \u012frodymas, pakankamos finansin\u0117s priemon\u0117s arba kalbos mok\u0117jimo standart\u0173 atitikimas.<\/p>\t\t\t\t\t\t\t\t<\/div>\n\t\t\t\t<\/div>\n\t\t\t\t<\/div>\n\t\t<div class=\"elementor-element elementor-element-477602e e-con-full e-flex e-con e-child\" data-id=\"477602e\" data-element_type=\"container\">\n\t\t\t\t<div class=\"elementor-element elementor-element-36b237a elementor-widget elementor-widget-text-editor\" data-id=\"36b237a\" data-element_type=\"widget\" data-widget_type=\"text-editor.default\">\n\t\t\t\t<div class=\"elementor-widget-container\">\n\t\t\t\t\t\t\t\t\t<p>Jei planuojate dirbti Jungtin\u0117je Karalyst\u0117je ilg\u0105 laik\u0105, jums reik\u0117s atitinkamos darbo vizos. ETA galioja tik trumpalaikiams vizitams, pavyzd\u017eiui, turistin\u0117ms ar verslo kelion\u0117ms, bet neleid\u017eia dirbti ilg\u0105 laik\u0105. Nor\u0117dami dirbti JK, turite atitikti konkre\u010dias \u012fvairi\u0173 tip\u0173 darbo viz\u0173 s\u0105lygas, pvz., <strong>Kvalifikuoto darbuotojo viza<\/strong> arba <strong>Laikinojo darbuotojo viza<\/strong>.<\/p>\t\t\t\t\t\t\t\t<\/div>\n\t\t\t\t<\/div>\n\t\t\t\t<\/div>\n\t\t\t\t\t<\/div>\n\t\t\t\t<\/div>\n\t\t<div class=\"elementor-element elementor-element-7babe2f e-flex e-con-boxed e-con e-parent\" data-id=\"7babe2f\" data-element_type=\"container\">\n\t\t\t\t\t<div class=\"e-con-inner\">\n\t\t\t\t<div class=\"elementor-element elementor-element-f34bd57 elementor-widget-divider--view-line elementor-widget elementor-widget-divider\" data-id=\"f34bd57\" data-element_type=\"widget\" data-widget_type=\"divider.default\">\n\t\t\t\t<div class=\"elementor-widget-container\">\n\t\t\t\t\t\t\t<div class=\"elementor-divider\">\n\t\t\t<span class=\"elementor-divider-separator\">\n\t\t\t\t\t\t<\/span>\n\t\t<\/div>\n\t\t\t\t\t\t<\/div>\n\t\t\t\t<\/div>\n\t\t\t\t<div class=\"elementor-element elementor-element-fd547ce elementor-widget elementor-widget-heading\" data-id=\"fd547ce\" data-element_type=\"widget\" data-widget_type=\"heading.default\">\n\t\t\t\t<div class=\"elementor-widget-container\">\n\t\t\t\t\t<h3 class=\"elementor-heading-title elementor-size-default\">DUK \u2013 Da\u017enai u\u017eduodami klausimai<\/h3>\t\t\t\t<\/div>\n\t\t\t\t<\/div>\n\t\t\t\t<div class=\"elementor-element elementor-element-2773225 elementor-widget elementor-widget-text-editor\" data-id=\"2773225\" data-element_type=\"widget\" data-widget_type=\"text-editor.default\">\n\t\t\t\t<div class=\"elementor-widget-container\">\n\t\t\t\t\t\t\t\t\t<div data-id=\"019a625\" data-element_type=\"container\" data-settings=\"{&quot;content_width&quot;:&quot;boxed&quot;}\" data-core-v316-plus=\"true\"><div data-id=\"4776dd1\" data-element_type=\"widget\" data-widget_type=\"text-editor.default\"><h4><strong>1. Kas yra JK ETA ir kam jo reikia?<\/strong><\/h4><p><strong>Elektroninis kelion\u0117s leidimas (ETA) <\/strong><span style=\"font-size: 16px;\">yra sistema, kuri\u0105 Jungtin\u0117 Karalyst\u0117 diegia m. <\/span><strong style=\"font-size: 16px;\">2025 m. balandis<\/strong><span style=\"font-size: 16px;\">Jis taikomas \u0161ali\u0173, kurioms anks\u010diau vizos nereik\u0117jo, pavyzd\u017eiui, ES \u0161ali\u0173, pilie\u010diams ir apims trumpalaikes keliones (turizm\u0105, versl\u0105, tranzit\u0105 ir kt.).<\/span><\/p><h4><strong>2. Kada bus galima prad\u0117ti teikti ETA parai\u0161kas ir kiek tai kainuos?<\/strong><\/h4><p>ETA parai\u0161k\u0173 teikimas prasid\u0117s <strong>2024<\/strong>, \u012fgyvendinimas numatytas 2025 m. baland\u017eio m\u0117n. Paslaugos mokestis yra <strong>\u00a316<\/strong>\u00a0vienai parai\u0161kai.<\/p><h4><strong>3. Kaip gauti atvykimo laik\u0105 ir kiek laiko tai u\u017etrunka?<\/strong><\/h4><p>Parai\u0161kos bus teikiamos internetu per JK vyriausyb\u0117s svetain\u0119 arba mobili\u0105j\u0105 program\u0117l\u0119. Procesas apima pagrindin\u0117s asmenin\u0117s informacijos u\u017epildym\u0105, atsakymus \u012f saugumo klausimus ir mokes\u010dio sumok\u0117jim\u0105. Dauguma parai\u0161k\u0173 bus apdorotos per <strong>48\u201372 valandos<\/strong>.<\/p><h4><strong>4. Kiek laiko galioja ETA ir kiek kart\u0173 galiu juo keliauti?<\/strong><\/h4><p>ETA galioja <strong>2 metai<\/strong> arba iki paso galiojimo pabaigos, atsi\u017evelgiant \u012f tai, kas \u012fvyksta anks\u010diau. Tai leid\u017eia <strong>keli \u012fra\u0161ai<\/strong> \u012f JK, kiekvieno vizito trukm\u0117 \u2013 ne daugiau kaip <strong>6 m\u0117nesi\u0173<\/strong>.<\/p><h4><strong>5. Ar man reikia atsispausdinti savo numatom\u0105 atvykimo laik\u0105?<\/strong><\/h4><p>Ne, ETA yra elektroninis ir susietas su j\u016bs\u0173 pasu. Tiesiog pateikite pas\u0105 pasienyje, ir j\u016bs\u0173 ETA bus patikrintas automati\u0161kai.<\/p><h4><strong>6. Kas nutinka, jei mano ETA parai\u0161ka atmetama?<\/strong><\/h4><p>Jei j\u016bs\u0173 ETA pra\u0161ymas atmetamas, galite pateikti pakartotin\u012f pra\u0161ym\u0105 arba kreiptis d\u0117l kitos r\u016b\u0161ies vizos, pvz. <strong>Standartin\u0117 lankytojo viza<\/strong>, o tai gali apimti i\u0161samesn\u012f parai\u0161k\u0173 teikimo proces\u0105.<\/p><h4><strong>7. Ar ETA galios kelion\u0117ms \u012f Airij\u0105 ar kitas \u0160engeno \u0161alis?<\/strong><\/h4><p>Ne, ETA galioja tik kelion\u0117ms \u012f JK, \u012fskaitant <strong>Anglija, \u0160kotija, Velsas ir \u0160iaur\u0117s Airija<\/strong>Taikomos atskiros atvykimo s\u0105lygos. <strong>Airija<\/strong> ir <strong>\u0160engenas<\/strong> \u0161alys.<\/p><h4><strong>8. Ar vaikams reik\u0117s savo ETA?<\/strong><\/h4><p>Taip, kiekvienam keliautojui, \u012fskaitant vaikus, reik\u0117s savo ETA, susieto su jo pasu.<\/p><h4><strong>9. Ar yra koki\u0173 nors ETA reikalavim\u0173 i\u0161im\u010di\u0173?<\/strong><\/h4><p>Taip, <strong>Airijos pilie\u010diai<\/strong> ir asmenims, turintiems ilgalaikes vizas darbui, studijoms ar gyvenimui JK, ETA reikalavimai netaikomi.<\/p><h4><strong>10. K\u0105 daryti, jei turiu daugiau klausim\u0173<\/strong><\/h4><p>Apsilankykite pas oficial\u0173 <strong>JK vyriausyb\u0117s svetain\u0117<\/strong> arba m\u016bs\u0173 specialiame DUK skyriuje rasite daugiau informacijos ir atnaujinim\u0173 apie ETA sistem\u0105.<\/p><\/div><\/div>\t\t\t\t\t\t\t\t<\/div>\n\t\t\t\t<\/div>\n\t\t\t\t\t<\/div>\n\t\t\t\t<\/div>\n\t\t<div class=\"elementor-element elementor-element-bf91d7f e-flex e-con-boxed e-con e-parent\" data-id=\"bf91d7f\" data-element_type=\"container\">\n\t\t\t\t\t<div class=\"e-con-inner\">\n\t\t<div class=\"elementor-element elementor-element-9825c1d e-con-full e-flex e-con e-child\" data-id=\"9825c1d\" data-element_type=\"container\">\n\t\t\t\t<div class=\"elementor-element elementor-element-45210bd elementor-align-center elementor-list-item-link-full_width elementor-widget elementor-widget-icon-list\" data-id=\"45210bd\" data-element_type=\"widget\" data-widget_type=\"icon-list.default\">\n\t\t\t\t<div class=\"elementor-widget-container\">\n\t\t\t\t\t\t\t<ul class=\"elementor-icon-list-items\">\n\t\t\t\t\t\t\t<li class=\"elementor-icon-list-item\">\n\t\t\t\t\t\t\t\t\t\t<span class=\"elementor-icon-list-text\">\u012emon\u0117s identifikacinis numeris: 08392226<\/span>\n\t\t\t\t\t\t\t\t\t<\/li>\n\t\t\t\t\t\t\t\t<li class=\"elementor-icon-list-item\">\n\t\t\t\t\t\t\t\t\t\t<span class=\"elementor-icon-list-text\">VISA USA sro<\/span>\n\t\t\t\t\t\t\t\t\t<\/li>\n\t\t\t\t\t\t\t\t<li class=\"elementor-icon-list-item\">\n\t\t\t\t\t\t\t\t\t\t<span class=\"elementor-icon-list-text\">\u0160v. Cecha 750\/4, Bilovec 743 01, \u010cekija<\/span>\n\t\t\t\t\t\t\t\t\t<\/li>\n\t\t\t\t\t\t<\/ul>\n\t\t\t\t\t\t<\/div>\n\t\t\t\t<\/div>\n\t\t\t\t<\/div>\n\t\t<div class=\"elementor-element elementor-element-c6703c3 e-con-full e-flex e-con e-child\" data-id=\"c6703c3\" data-element_type=\"container\">\n\t\t\t\t<div class=\"elementor-element elementor-element-79d431f elementor-widget elementor-widget-text-editor\" data-id=\"79d431f\" data-element_type=\"widget\" data-widget_type=\"text-editor.default\">\n\t\t\t\t<div class=\"elementor-widget-container\">\n\t\t\t\t\t\t\t\t\t<p style=\"text-align: center;\">\u0160i svetain\u0117 ir m\u016bs\u0173 \u012fmon\u0117 jokiu b\u016bdu n\u0117ra susijusios su JK vald\u017eios institucijomis ir vyriausybe. Oficiali\u0105 svetain\u0119 galite rasti adresu www.gov.uk.<\/p>\t\t\t\t\t\t\t\t<\/div>\n\t\t\t\t<\/div>\n\t\t\t\t<\/div>\n\t\t\t\t\t<\/div>\n\t\t\t\t<\/div>\n\t\t\t\t<\/div>","protected":false},"excerpt":{"rendered":"<p>TRAVEL AUTHORIZATION ETA VISA TO UK FROM APRIL 2025 From April 2, 2025, the UK will introduce a new Electronic [&hellip;]<\/p>","protected":false},"author":1,"featured_media":0,"parent":0,"menu_order":0,"comment_status":"closed","ping_status":"closed","template":"","meta":{"site-sidebar-layout":"no-sidebar","site-content-layout":"","ast-site-content-layout":"full-width-container","site-content-style":"default","site-sidebar-style":"default","ast-global-header-display":"","ast-banner-title-visibility":"","ast-main-header-display":"","ast-hfb-above-header-display":"","ast-hfb-below-header-display":"","ast-hfb-mobile-header-display":"","site-post-title":"disabled","ast-breadcrumbs-content":"","ast-featured-img":"disabled","footer-sml-layout":"","theme-transparent-header-meta":"","adv-header-id-meta":"","stick-header-meta":"","header-above-stick-meta":"","header-main-stick-meta":"","header-below-stick-meta":"","astra-migrate-meta-layouts":"default","ast-page-background-enabled":"default","ast-page-background-meta":{"desktop":{"background-color":"var(--ast-global-color-5)","background-image":"","background-repeat":"repeat","background-position":"center center","background-size":"auto","background-attachment":"scroll","background-type":"","background-media":"","overlay-type":"","overlay-color":"","overlay-opacity":"","overlay-gradient":""},"tablet":{"background-color":"","background-image":"","background-repeat":"repeat","background-position":"center center","background-size":"auto","background-attachment":"scroll","background-type":"","background-media":"","overlay-type":"","overlay-color":"","overlay-opacity":"","overlay-gradient":""},"mobile":{"background-color":"","background-image":"","background-repeat":"repeat","background-position":"center center","background-size":"auto","background-attachment":"scroll","background-type":"","background-media":"","overlay-type":"","overlay-color":"","overlay-opacity":"","overlay-gradient":""}},"ast-content-background-meta":{"desktop":{"background-color":"var(--ast-global-color-4)","background-image":"","background-repeat":"repeat","background-position":"center center","background-size":"auto","background-attachment":"scroll","background-type":"","background-media":"","overlay-type":"","overlay-color":"","overlay-opacity":"","overlay-gradient":""},"tablet":{"background-color":"var(--ast-global-color-4)","background-image":"","background-repeat":"repeat","background-position":"center center","background-size":"auto","background-attachment":"scroll","background-type":"","background-media":"","overlay-type":"","overlay-color":"","overlay-opacity":"","overlay-gradient":""},"mobile":{"background-color":"var(--ast-global-color-4)","background-image":"","background-repeat":"repeat","background-position":"center center","background-size":"auto","background-attachment":"scroll","background-type":"","background-media":"","overlay-type":"","overlay-color":"","overlay-opacity":"","overlay-gradient":""}},"footnotes":""},"class_list":["post-10","page","type-page","status-publish","hentry"],"_links":{"self":[{"href":"http:\/\/applyesta.us\/lt\/wp-json\/wp\/v2\/pages\/10","targetHints":{"allow":["GET"]}}],"collection":[{"href":"http:\/\/applyesta.us\/lt\/wp-json\/wp\/v2\/pages"}],"about":[{"href":"http:\/\/applyesta.us\/lt\/wp-json\/wp\/v2\/types\/page"}],"author":[{"embeddable":true,"href":"http:\/\/applyesta.us\/lt\/wp-json\/wp\/v2\/users\/1"}],"replies":[{"embeddable":true,"href":"http:\/\/applyesta.us\/lt\/wp-json\/wp\/v2\/comments?post=10"}],"version-history":[{"count":0,"href":"http:\/\/applyesta.us\/lt\/wp-json\/wp\/v2\/pages\/10\/revisions"}],"wp:attachment":[{"href":"http:\/\/applyesta.us\/lt\/wp-json\/wp\/v2\/media?parent=10"}],"curies":[{"name":"wp","href":"https:\/\/api.w.org\/{rel}","templated":true}]}}