{"id":41,"date":"2025-06-06T21:27:55","date_gmt":"2025-06-06T21:27:55","guid":{"rendered":"https:\/\/form.applyeta.uk\/?page_id=41"},"modified":"2025-06-06T21:28:40","modified_gmt":"2025-06-06T21:28:40","slug":"us","status":"publish","type":"page","link":"http:\/\/applyesta.us\/hr\/us\/","title":{"rendered":"NAS"},"content":{"rendered":"<div data-elementor-type=\"wp-page\" data-elementor-id=\"41\" class=\"elementor elementor-41\" data-elementor-post-type=\"page\">\n\t\t\t\t<div class=\"elementor-element elementor-element-b305927 e-flex e-con-boxed e-con e-parent\" data-id=\"b305927\" data-element_type=\"container\">\n\t\t\t\t\t<div class=\"e-con-inner\">\n\t\t<div class=\"elementor-element elementor-element-9154e97 e-con-full e-flex e-con e-child\" data-id=\"9154e97\" data-element_type=\"container\">\n\t\t\t\t<div class=\"elementor-element elementor-element-5d52b4f elementor-widget elementor-widget-image\" data-id=\"5d52b4f\" data-element_type=\"widget\" data-widget_type=\"image.default\">\n\t\t\t\t<div class=\"elementor-widget-container\">\n\t\t\t\t\t\t\t\t\t\t\t\t\t\t\t<img fetchpriority=\"high\" decoding=\"async\" width=\"640\" height=\"408\" src=\"https:\/\/applyesta.us\/wp-content\/uploads\/2025\/06\/tower-bridge-980961_640-1.jpg\" class=\"attachment-large size-large wp-image-13\" alt=\"\" srcset=\"https:\/\/applyesta.us\/wp-content\/uploads\/2025\/06\/tower-bridge-980961_640-1.jpg 640w, https:\/\/applyesta.us\/wp-content\/uploads\/2025\/06\/tower-bridge-980961_640-1-300x191.jpg 300w\" sizes=\"(max-width: 640px) 100vw, 640px\" \/>\t\t\t\t\t\t\t\t\t\t\t\t\t\t\t<\/div>\n\t\t\t\t<\/div>\n\t\t\t\t<\/div>\n\t\t<div class=\"elementor-element elementor-element-35b765f e-con-full e-flex e-con e-child\" data-id=\"35b765f\" data-element_type=\"container\">\n\t\t\t\t<div class=\"elementor-element elementor-element-9eed95e elementor-widget elementor-widget-heading\" data-id=\"9eed95e\" data-element_type=\"widget\" data-widget_type=\"heading.default\">\n\t\t\t\t<div class=\"elementor-widget-container\">\n\t\t\t\t\t<h2 class=\"elementor-heading-title elementor-size-default\">PUTNA OVLA\u0160TENJE ETA VIZA ZA UK OD TRAVNJA 2025.<\/h2>\t\t\t\t<\/div>\n\t\t\t\t<\/div>\n\t\t\t\t<div class=\"elementor-element elementor-element-f7ef9cb elementor-widget elementor-widget-text-editor\" data-id=\"f7ef9cb\" data-element_type=\"widget\" data-widget_type=\"text-editor.default\">\n\t\t\t\t<div class=\"elementor-widget-container\">\n\t\t\t\t\t\t\t\t\t<p style=\"text-align: left;\">Iz <strong>2. travnja 2025.<\/strong>, UK \u0107e uvesti novi <strong>Elektroni\u010dko odobrenje putovanja (ETA)<\/strong> sustav. To \u0107e utjecati na gra\u0111ane iz <strong>Europska unija<\/strong> i nekoliko drugih zemalja koje su do sada putovale u UK bez potrebe za vizom. Prema novim pravilima, putnici iz zemalja oslobo\u0111enih vize, uklju\u010duju\u0107i dr\u017eavljane EU-a, morat \u0107e podnijeti zahtjev za ETA prije posjeta UK-u za kra\u0107i boravak.<\/p>\t\t\t\t\t\t\t\t<\/div>\n\t\t\t\t<\/div>\n\t\t\t\t<\/div>\n\t\t\t\t\t<\/div>\n\t\t\t\t<\/div>\n\t\t<div class=\"elementor-element elementor-element-5f3a042 e-con-full e-flex e-con e-parent\" data-id=\"5f3a042\" data-element_type=\"container\">\n\t\t\t\t<div class=\"elementor-element elementor-element-b179dea elementor-widget elementor-widget-html\" data-id=\"b179dea\" data-element_type=\"widget\" data-widget_type=\"html.default\">\n\t\t\t\t<div class=\"elementor-widget-container\">\n\t\t\t\t\t<div style=\"border: 2px solid #f57c00; background-color: #fff3e0; padding: 25px; margin: 20px auto; border-left: 8px solid #e65100; font-family: Arial, sans-serif; border-radius: 8px; max-width: 800px; text-align: center;\">\r\n  <strong style=\"font-size: 18px; color: #d84315; display: block; margin-bottom: 10px;\">\u26a0\ufe0f Va\u017ena obavijest<\/strong>\r\n  <p style=\"font-size: 15px; color: #000; font-weight: bold; line-height: 1.7; margin: 0;\">\r\n    Ova web stranica je samo u informativne svrhe i nije povezana s vladom Ujedinjenog Kraljevstva. <br>\r\n    <u>Ne mo\u017eete podnijeti zahtjev za ETA (elektroni\u010dka putna dozvola) putem ove stranice.<\/u>\r\n    <br><br>\r\n    Za podno\u0161enje zahtjeva za slu\u017ebenu UK ETA posjetite slu\u017ebenu web stranicu vlade Ujedinjenog Kraljevstva: <br>\r\n    <a href=\"https:\/\/www.gov.uk\/eta\" target=\"_blank\" style=\"color: #c62828; text-decoration: underline; font-weight: bold;\">www.gov.uk\/eta<\/a>\r\n  <\/p>\r\n<\/div>\r\n\t\t\t\t<\/div>\n\t\t\t\t<\/div>\n\t\t\t\t<\/div>\n\t\t<div class=\"elementor-element elementor-element-0c146e9 e-flex e-con-boxed e-con e-parent\" data-id=\"0c146e9\" data-element_type=\"container\">\n\t\t\t\t\t<div class=\"e-con-inner\">\n\t\t<div class=\"elementor-element elementor-element-d9ae5a4 e-con-full e-flex e-con e-child\" data-id=\"d9ae5a4\" data-element_type=\"container\">\n\t\t\t\t<div class=\"elementor-element elementor-element-053781a elementor-widget elementor-widget-heading\" data-id=\"053781a\" data-element_type=\"widget\" data-widget_type=\"heading.default\">\n\t\t\t\t<div class=\"elementor-widget-container\">\n\t\t\t\t\t<h2 class=\"elementor-heading-title elementor-size-default\">\u0160to ovo zna\u010di za putnike?<\/h2>\t\t\t\t<\/div>\n\t\t\t\t<\/div>\n\t\t\t\t<div class=\"elementor-element elementor-element-559d591 elementor-widget elementor-widget-text-editor\" data-id=\"559d591\" data-element_type=\"widget\" data-widget_type=\"text-editor.default\">\n\t\t\t\t<div class=\"elementor-widget-container\">\n\t\t\t\t\t\t\t\t\t<p>Do sada su gra\u0111ani EU mogli putovati u Ujedinjeno Kraljevstvo bez viza i bez potrebe za bilo kakvom posebnom dozvolom, koriste\u0107i se slobodnom kretanjem ljudi unutar Europske unije. Me\u0111utim, nakon Brexita, UK je izgubio \u010dlanstvo u EU i postupno uvodi nova migracijska pravila. To zna\u010di da \u0107e od travnja 2025. gra\u0111ani EU morati dobiti dozvolu prije ulaska na britanski teritorij, sli\u010dno postupku koji je trenutno potreban za putnike iz drugih dijelova svijeta.<\/p><p>Ova dozvola bit \u0107e dio sustava elektroni\u010dke autorizacije putovanja (ETA), koji britanska vlada postupno uvodi za strane dr\u017eavljane iz raznih zemalja. Putnici \u0107e morati podnijeti zahtjev za autorizaciju prije putovanja, \u0161to \u0107e uklju\u010divati ispunjavanje online prijave, pla\u0107anje naknade i eventualno prolazak sigurnosne provjere.<\/p>\t\t\t\t\t\t\t\t<\/div>\n\t\t\t\t<\/div>\n\t\t\t\t<\/div>\n\t\t<div class=\"elementor-element elementor-element-492b943 e-con-full e-flex e-con e-child\" data-id=\"492b943\" data-element_type=\"container\">\n\t\t\t\t<div class=\"elementor-element elementor-element-d2ef239 elementor-widget elementor-widget-heading\" data-id=\"d2ef239\" data-element_type=\"widget\" data-widget_type=\"heading.default\">\n\t\t\t\t<div class=\"elementor-widget-container\">\n\t\t\t\t\t<h2 class=\"elementor-heading-title elementor-size-default\">PUTOVANJE U UK \u2013 \u0160TO SE MIJENJA U 2025. GODINI?<\/h2>\t\t\t\t<\/div>\n\t\t\t\t<\/div>\n\t\t\t\t<div class=\"elementor-element elementor-element-aa05846 elementor-widget elementor-widget-text-editor\" data-id=\"aa05846\" data-element_type=\"widget\" data-widget_type=\"text-editor.default\">\n\t\t\t\t<div class=\"elementor-widget-container\">\n\t\t\t\t\t\t\t\t\t<div class=\"elementor-element elementor-element-e8a87ae elementor-widget elementor-widget-text-editor\" data-id=\"e8a87ae\" data-element_type=\"widget\" data-widget_type=\"text-editor.default\"><div class=\"elementor-widget-container\"><p>Do sada su gra\u0111ani EU mogli posjetiti Ujedinjeno Kraljevstvo bez ikakvog prethodnog odobrenja za putovanje. Me\u0111utim, kao dio <strong>Imigracijska politika Ujedinjenog Kraljevstva nakon Brexita<\/strong>Od travnja 2025. morat \u0107e podnijeti zahtjev za ETA, sli\u010dno sustavu koji je na snazi za putnike iz mnogih drugih zemalja. Ovo odobrenje bit \u0107e obavezno za one koji dolaze u turisti\u010dke, poslovne svrhe, za kratkoro\u010dni studij ili u tranzitne svrhe.<\/p><p><strong>Kako funkcionira ETA?<\/strong><\/p><ul><li><strong>Online prijava<\/strong>Putnici \u0107e morati podnijeti online prijavu prije putovanja. Postupak \u0107e uklju\u010divati ispunjavanje obrasca, odgovaranje na sigurnosna pitanja i pla\u0107anje male naknade.<\/li><li><strong>Vrijeme obrade<\/strong>Ve\u0107ina zahtjeva za predvi\u0111eno vrijeme dolaska bit \u0107e obra\u0111ena u roku od 48 do 72 sata.<\/li><li><strong>Sigurnosna provjera<\/strong>Mo\u017ee se provesti sigurnosna provjera, a u nekim slu\u010dajevima obrada prijava mo\u017ee potrajati dulje.<\/li><\/ul><\/div><\/div>\t\t\t\t\t\t\t\t<\/div>\n\t\t\t\t<\/div>\n\t\t\t\t<\/div>\n\t\t\t\t\t<\/div>\n\t\t\t\t<\/div>\n\t\t<div class=\"elementor-element elementor-element-45e0ced e-flex e-con-boxed e-con e-parent\" data-id=\"45e0ced\" data-element_type=\"container\">\n\t\t\t\t\t<div class=\"e-con-inner\">\n\t\t<div class=\"elementor-element elementor-element-df605a3 e-con-full e-flex e-con e-child\" data-id=\"df605a3\" data-element_type=\"container\">\n\t\t\t\t<div class=\"elementor-element elementor-element-94021c1 elementor-widget elementor-widget-heading\" data-id=\"94021c1\" data-element_type=\"widget\" data-widget_type=\"heading.default\">\n\t\t\t\t<div class=\"elementor-widget-container\">\n\t\t\t\t\t<h3 class=\"elementor-heading-title elementor-size-default\">TKO TREBA ETA?<\/h3>\t\t\t\t<\/div>\n\t\t\t\t<\/div>\n\t\t\t\t<div class=\"elementor-element elementor-element-ef2aa14 elementor-widget elementor-widget-text-editor\" data-id=\"ef2aa14\" data-element_type=\"widget\" data-widget_type=\"text-editor.default\">\n\t\t\t\t<div class=\"elementor-widget-container\">\n\t\t\t\t\t\t\t\t\t<p>ETA \u0107e biti potreban za <strong>dr\u017eavljani zemalja bez viza<\/strong>, uklju\u010duju\u0107i:<\/p><ul><li><strong>Dr\u017eavljani EU-a<\/strong><\/li><li>Putnici iz <strong>Ujedinjeni Arapski Emirati<\/strong>, <strong>Saudijska Arabija<\/strong>, <strong>Bahrein<\/strong>, <strong>Kuvajt<\/strong>, <strong>Jordan<\/strong>, <strong>Oman<\/strong> (od velja\u010de 2024.)<\/li><li><strong>Gra\u0111ani Katara<\/strong> (od studenog 2023.)<\/li><\/ul><p>Ovo ovla\u0161tenje odnosit \u0107e se na turiste, poslovne posjetitelje, kratkoro\u010dne studente i osobe u tranzitu.<\/p>\t\t\t\t\t\t\t\t<\/div>\n\t\t\t\t<\/div>\n\t\t\t\t<\/div>\n\t\t<div class=\"elementor-element elementor-element-ed346d2 e-con-full e-flex e-con e-child\" data-id=\"ed346d2\" data-element_type=\"container\">\n\t\t\t\t<div class=\"elementor-element elementor-element-ff8e7bf elementor-widget elementor-widget-heading\" data-id=\"ff8e7bf\" data-element_type=\"widget\" data-widget_type=\"heading.default\">\n\t\t\t\t<div class=\"elementor-widget-container\">\n\t\t\t\t\t<h3 class=\"elementor-heading-title elementor-size-default\">IZUZE\u0106A:<\/h3>\t\t\t\t<\/div>\n\t\t\t\t<\/div>\n\t\t\t\t<div class=\"elementor-element elementor-element-77aee6c elementor-widget elementor-widget-text-editor\" data-id=\"77aee6c\" data-element_type=\"widget\" data-widget_type=\"text-editor.default\">\n\t\t\t\t<div class=\"elementor-widget-container\">\n\t\t\t\t\t\t\t\t\t<ul><li><strong>Britanski i irski gra\u0111ani<\/strong> izuzeti su od zahtjeva ETA-e.<\/li><li>Nositelji dugoro\u010dnih viza ili osobe sa statusom stalnog boravka u Ujedinjenom Kraljevstvu ne trebaju ETA.<\/li><\/ul>\t\t\t\t\t\t\t\t<\/div>\n\t\t\t\t<\/div>\n\t\t\t\t<\/div>\n\t\t\t\t\t<\/div>\n\t\t\t\t<\/div>\n\t\t<div class=\"elementor-element elementor-element-f447f70 e-flex e-con-boxed e-con e-parent\" data-id=\"f447f70\" data-element_type=\"container\">\n\t\t\t\t\t<div class=\"e-con-inner\">\n\t\t\t\t<div class=\"elementor-element elementor-element-ef5e263 elementor-widget-divider--view-line elementor-widget elementor-widget-divider\" data-id=\"ef5e263\" data-element_type=\"widget\" data-widget_type=\"divider.default\">\n\t\t\t\t<div class=\"elementor-widget-container\">\n\t\t\t\t\t\t\t<div class=\"elementor-divider\">\n\t\t\t<span class=\"elementor-divider-separator\">\n\t\t\t\t\t\t<\/span>\n\t\t<\/div>\n\t\t\t\t\t\t<\/div>\n\t\t\t\t<\/div>\n\t\t\t\t<div class=\"elementor-element elementor-element-7bd378c elementor-widget elementor-widget-heading\" data-id=\"7bd378c\" data-element_type=\"widget\" data-widget_type=\"heading.default\">\n\t\t\t\t<div class=\"elementor-widget-container\">\n\t\t\t\t\t<h3 class=\"elementor-heading-title elementor-size-default\">Vrste radnih viza:<\/h3>\t\t\t\t<\/div>\n\t\t\t\t<\/div>\n\t\t\t\t\t<\/div>\n\t\t\t\t<\/div>\n\t\t<div class=\"elementor-element elementor-element-bf9a089 e-flex e-con-boxed e-con e-parent\" data-id=\"bf9a089\" data-element_type=\"container\">\n\t\t\t\t\t<div class=\"e-con-inner\">\n\t\t<div class=\"elementor-element elementor-element-9142cb4 e-con-full e-flex e-con e-child\" data-id=\"9142cb4\" data-element_type=\"container\">\n\t\t\t\t<div class=\"elementor-element elementor-element-a576fb1 elementor-widget elementor-widget-text-editor\" data-id=\"a576fb1\" data-element_type=\"widget\" data-widget_type=\"text-editor.default\">\n\t\t\t\t<div class=\"elementor-widget-container\">\n\t\t\t\t\t\t\t\t\t<ol><li><strong>Viza za kvalificirane radnike<\/strong>Za radnike s ponudom za posao u Ujedinjenom Kraljevstvu koji ispunjavaju uvjete u pogledu vje\u0161tina i minimalne pla\u0107e.<\/li><li><strong>Viza za privremeni rad<\/strong>Za sezonske radnike, volontere ili one u programima kulturne i vjerske razmjene.<\/li><li><strong>Globalna viza za talente<\/strong>Za visokokvalificirane pojedince u podru\u010djima poput znanosti, tehnologije, umjetnosti ili kulture.<\/li><\/ol><p>Svaka radna viza ima specifi\u010dne zahtjeve za dokumentaciju, kao \u0161to su dokaz o ponudi za posao, dovoljna financijska sredstva ili ispunjavanje standarda jezi\u010dne pismenosti.<\/p>\t\t\t\t\t\t\t\t<\/div>\n\t\t\t\t<\/div>\n\t\t\t\t<\/div>\n\t\t<div class=\"elementor-element elementor-element-477602e e-con-full e-flex e-con e-child\" data-id=\"477602e\" data-element_type=\"container\">\n\t\t\t\t<div class=\"elementor-element elementor-element-36b237a elementor-widget elementor-widget-text-editor\" data-id=\"36b237a\" data-element_type=\"widget\" data-widget_type=\"text-editor.default\">\n\t\t\t\t<div class=\"elementor-widget-container\">\n\t\t\t\t\t\t\t\t\t<p>Ako planirate dugoro\u010dno raditi u Ujedinjenom Kraljevstvu, trebat \u0107e vam odgovaraju\u0107a radna viza. ETA pokriva samo kratkoro\u010dne posjete, poput turizma ili poslovnih putovanja, ali ne dopu\u0161ta dugoro\u010dno zapo\u0161ljavanje. Da biste radili u Ujedinjenom Kraljevstvu, morate ispunjavati posebne uvjete za razli\u010dite vrste radnih viza, kao \u0161to su <strong>Viza za kvalificirane radnike<\/strong> ili <strong>Viza za privremeni rad<\/strong>.<\/p>\t\t\t\t\t\t\t\t<\/div>\n\t\t\t\t<\/div>\n\t\t\t\t<\/div>\n\t\t\t\t\t<\/div>\n\t\t\t\t<\/div>\n\t\t<div class=\"elementor-element elementor-element-7babe2f e-flex e-con-boxed e-con e-parent\" data-id=\"7babe2f\" data-element_type=\"container\">\n\t\t\t\t\t<div class=\"e-con-inner\">\n\t\t\t\t<div class=\"elementor-element elementor-element-f34bd57 elementor-widget-divider--view-line elementor-widget elementor-widget-divider\" data-id=\"f34bd57\" data-element_type=\"widget\" data-widget_type=\"divider.default\">\n\t\t\t\t<div class=\"elementor-widget-container\">\n\t\t\t\t\t\t\t<div class=\"elementor-divider\">\n\t\t\t<span class=\"elementor-divider-separator\">\n\t\t\t\t\t\t<\/span>\n\t\t<\/div>\n\t\t\t\t\t\t<\/div>\n\t\t\t\t<\/div>\n\t\t\t\t<div class=\"elementor-element elementor-element-fd547ce elementor-widget elementor-widget-heading\" data-id=\"fd547ce\" data-element_type=\"widget\" data-widget_type=\"heading.default\">\n\t\t\t\t<div class=\"elementor-widget-container\">\n\t\t\t\t\t<h3 class=\"elementor-heading-title elementor-size-default\">\u010cPP - \u010cesto postavljana pitanja<\/h3>\t\t\t\t<\/div>\n\t\t\t\t<\/div>\n\t\t\t\t<div class=\"elementor-element elementor-element-2773225 elementor-widget elementor-widget-text-editor\" data-id=\"2773225\" data-element_type=\"widget\" data-widget_type=\"text-editor.default\">\n\t\t\t\t<div class=\"elementor-widget-container\">\n\t\t\t\t\t\t\t\t\t<div data-id=\"019a625\" data-element_type=\"container\" data-settings=\"{&quot;content_width&quot;:&quot;boxed&quot;}\" data-core-v316-plus=\"true\"><div data-id=\"4776dd1\" data-element_type=\"widget\" data-widget_type=\"text-editor.default\"><h4><strong>1. \u0160to je UK ETA i kome je potrebna?<\/strong><\/h4><p><strong>Elektroni\u010dko odobrenje putovanja (ETA) <\/strong><span style=\"font-size: 16px;\">je sustav koji uvodi Velika Britanija <\/span><strong style=\"font-size: 16px;\">Travanj 2025.<\/strong><span style=\"font-size: 16px;\">Odnosi se na gra\u0111ane zemalja kojima prije nije bila potrebna viza, poput zemalja EU-a, i pokrivat \u0107e kratkoro\u010dna putovanja (turizam, poslovanje, tranzit itd.).<\/span><\/p><h4><strong>2. Kada \u0107e biti otvoreni zahtjevi za ETA i koliko \u0107e to ko\u0161tati?<\/strong><\/h4><p>Prijave za ETA bit \u0107e otvorene za <strong>2024<\/strong>, s implementacijom u travnju 2025. Naknada za uslugu iznosi <strong>\u00a316<\/strong>\u00a0po aplikaciji.<\/p><h4><strong>3. Kako mogu dobiti ETA i koliko dugo traje?<\/strong><\/h4><p>Prijave \u0107e se podnijeti online putem web stranice ili mobilne aplikacije britanske vlade. Postupak uklju\u010duje ispunjavanje osnovnih osobnih podataka, odgovaranje na sigurnosna pitanja i pla\u0107anje naknade. Ve\u0107ina prijava bit \u0107e obra\u0111ena u roku od <strong>48-72 sata<\/strong>.<\/p><h4><strong>4. Koliko dugo vrijedi ETA i koliko puta mogu putovati s njim?<\/strong><\/h4><p>ETA vrijedi za <strong>2 godine<\/strong> ili do isteka putovnice, \u0161to god nastupi prije. Omogu\u0107uje <strong>vi\u0161e unosa<\/strong> u Ujedinjeno Kraljevstvo, s tim da svaki posjet traje maksimalno <strong>6 mjeseci<\/strong>.<\/p><h4><strong>5. Trebam li ispisati svoje predvi\u0111eno vrijeme dolaska?<\/strong><\/h4><p>Ne, ETA je elektroni\u010dki i povezan s va\u0161om putovnicom. Jednostavno predo\u010dite putovnicu na granici i va\u0161 ETA \u0107e se automatski provjeriti.<\/p><h4><strong>6. \u0160to se doga\u0111a ako moj zahtjev za ETA bude odbijen?<\/strong><\/h4><p>Ako vam zahtjev za ETA bude odbijen, mo\u017eete ponovno podnijeti zahtjev ili podnijeti zahtjev za drugu vrstu vize, kao \u0161to je <strong>Standardna posjetiteljska viza<\/strong>, \u0161to mo\u017ee uklju\u010divati detaljniji postupak prijave.<\/p><h4><strong>7. Ho\u0107e li ETA pokrivati putovanja u Irsku ili zemlje Schengena?<\/strong><\/h4><p>Ne, ETA vrijedi samo za putovanja u Ujedinjeno Kraljevstvo, uklju\u010duju\u0107i <strong>Engleska, \u0160kotska, Wales i Sjeverna Irska<\/strong>Primjenjuju se posebni uvjeti ulaska za <strong>Irska<\/strong> i <strong>Schengen<\/strong> zemlje.<\/p><h4><strong>8. Ho\u0107e li djeci trebati vlastiti ETA?<\/strong><\/h4><p>Da, svaki putnik, uklju\u010duju\u0107i djecu, trebat \u0107e vlastito predvi\u0111eno vrijeme dolaska povezano s putovnicom.<\/p><h4><strong>9. Postoje li iznimke od zahtjeva ETA-e?<\/strong><\/h4><p>Da, <strong>Irski gra\u0111ani<\/strong> a osobe s dugoro\u010dnim vizama za rad, studiranje ili boravak u Ujedinjenom Kraljevstvu izuzete su od zahtjeva za ETA.<\/p><h4><strong>10. \u0160to trebam u\u010diniti ako imam jo\u0161 pitanja<\/strong><\/h4><p>Posjetite slu\u017ebenu stranicu <strong>Web stranica britanske vlade<\/strong> ili na\u0161 poseban odjeljak s \u010desto postavljanim pitanjima za vi\u0161e detalja i a\u017euriranja o ETA sustavu.<\/p><\/div><\/div>\t\t\t\t\t\t\t\t<\/div>\n\t\t\t\t<\/div>\n\t\t\t\t\t<\/div>\n\t\t\t\t<\/div>\n\t\t<div class=\"elementor-element elementor-element-bf91d7f e-flex e-con-boxed e-con e-parent\" data-id=\"bf91d7f\" data-element_type=\"container\">\n\t\t\t\t\t<div class=\"e-con-inner\">\n\t\t<div class=\"elementor-element elementor-element-9825c1d e-con-full e-flex e-con e-child\" data-id=\"9825c1d\" data-element_type=\"container\">\n\t\t\t\t<div class=\"elementor-element elementor-element-45210bd elementor-align-center elementor-list-item-link-full_width elementor-widget elementor-widget-icon-list\" data-id=\"45210bd\" data-element_type=\"widget\" data-widget_type=\"icon-list.default\">\n\t\t\t\t<div class=\"elementor-widget-container\">\n\t\t\t\t\t\t\t<ul class=\"elementor-icon-list-items\">\n\t\t\t\t\t\t\t<li class=\"elementor-icon-list-item\">\n\t\t\t\t\t\t\t\t\t\t<span class=\"elementor-icon-list-text\">Mati\u010dni broj tvrtke: 08392226<\/span>\n\t\t\t\t\t\t\t\t\t<\/li>\n\t\t\t\t\t\t\t\t<li class=\"elementor-icon-list-item\">\n\t\t\t\t\t\t\t\t\t\t<span class=\"elementor-icon-list-text\">VISA USA d.o.o.<\/span>\n\t\t\t\t\t\t\t\t\t<\/li>\n\t\t\t\t\t\t\t\t<li class=\"elementor-icon-list-item\">\n\t\t\t\t\t\t\t\t\t\t<span class=\"elementor-icon-list-text\">Sv. Cecha 750\/4, Bilovec 743 01, \u010ce\u0161ka<\/span>\n\t\t\t\t\t\t\t\t\t<\/li>\n\t\t\t\t\t\t<\/ul>\n\t\t\t\t\t\t<\/div>\n\t\t\t\t<\/div>\n\t\t\t\t<\/div>\n\t\t<div class=\"elementor-element elementor-element-c6703c3 e-con-full e-flex e-con e-child\" data-id=\"c6703c3\" data-element_type=\"container\">\n\t\t\t\t<div class=\"elementor-element elementor-element-79d431f elementor-widget elementor-widget-text-editor\" data-id=\"79d431f\" data-element_type=\"widget\" data-widget_type=\"text-editor.default\">\n\t\t\t\t<div class=\"elementor-widget-container\">\n\t\t\t\t\t\t\t\t\t<p style=\"text-align: center;\">Ova web stranica i na\u0161a tvrtka ni na koji na\u010din nisu povezane s vlastima i vladom Ujedinjenog Kraljevstva. Slu\u017ebena web stranica nalazi se na www.gov.uk.<\/p>\t\t\t\t\t\t\t\t<\/div>\n\t\t\t\t<\/div>\n\t\t\t\t<\/div>\n\t\t\t\t\t<\/div>\n\t\t\t\t<\/div>\n\t\t\t\t<\/div>","protected":false},"excerpt":{"rendered":"<p>PUTNA ODOBRENJE ETA VIZA ZA UK OD TRAVNJA 2025. Od 2. travnja 2025. UK \u0107e uvesti novi elektroni\u010dki [\u2026]<\/p>","protected":false},"author":1,"featured_media":0,"parent":0,"menu_order":0,"comment_status":"closed","ping_status":"closed","template":"","meta":{"site-sidebar-layout":"no-sidebar","site-content-layout":"","ast-site-content-layout":"full-width-container","site-content-style":"default","site-sidebar-style":"default","ast-global-header-display":"","ast-banner-title-visibility":"","ast-main-header-display":"","ast-hfb-above-header-display":"","ast-hfb-below-header-display":"","ast-hfb-mobile-header-display":"","site-post-title":"disabled","ast-breadcrumbs-content":"","ast-featured-img":"disabled","footer-sml-layout":"","theme-transparent-header-meta":"","adv-header-id-meta":"","stick-header-meta":"","header-above-stick-meta":"","header-main-stick-meta":"","header-below-stick-meta":"","astra-migrate-meta-layouts":"default","ast-page-background-enabled":"default","ast-page-background-meta":{"desktop":{"background-color":"var(--ast-global-color-5)","background-image":"","background-repeat":"repeat","background-position":"center center","background-size":"auto","background-attachment":"scroll","background-type":"","background-media":"","overlay-type":"","overlay-color":"","overlay-opacity":"","overlay-gradient":""},"tablet":{"background-color":"","background-image":"","background-repeat":"repeat","background-position":"center center","background-size":"auto","background-attachment":"scroll","background-type":"","background-media":"","overlay-type":"","overlay-color":"","overlay-opacity":"","overlay-gradient":""},"mobile":{"background-color":"","background-image":"","background-repeat":"repeat","background-position":"center center","background-size":"auto","background-attachment":"scroll","background-type":"","background-media":"","overlay-type":"","overlay-color":"","overlay-opacity":"","overlay-gradient":""}},"ast-content-background-meta":{"desktop":{"background-color":"var(--ast-global-color-4)","background-image":"","background-repeat":"repeat","background-position":"center center","background-size":"auto","background-attachment":"scroll","background-type":"","background-media":"","overlay-type":"","overlay-color":"","overlay-opacity":"","overlay-gradient":""},"tablet":{"background-color":"var(--ast-global-color-4)","background-image":"","background-repeat":"repeat","background-position":"center center","background-size":"auto","background-attachment":"scroll","background-type":"","background-media":"","overlay-type":"","overlay-color":"","overlay-opacity":"","overlay-gradient":""},"mobile":{"background-color":"var(--ast-global-color-4)","background-image":"","background-repeat":"repeat","background-position":"center center","background-size":"auto","background-attachment":"scroll","background-type":"","background-media":"","overlay-type":"","overlay-color":"","overlay-opacity":"","overlay-gradient":""}},"footnotes":""},"class_list":["post-41","page","type-page","status-publish","hentry"],"_links":{"self":[{"href":"http:\/\/applyesta.us\/hr\/wp-json\/wp\/v2\/pages\/41","targetHints":{"allow":["GET"]}}],"collection":[{"href":"http:\/\/applyesta.us\/hr\/wp-json\/wp\/v2\/pages"}],"about":[{"href":"http:\/\/applyesta.us\/hr\/wp-json\/wp\/v2\/types\/page"}],"author":[{"embeddable":true,"href":"http:\/\/applyesta.us\/hr\/wp-json\/wp\/v2\/users\/1"}],"replies":[{"embeddable":true,"href":"http:\/\/applyesta.us\/hr\/wp-json\/wp\/v2\/comments?post=41"}],"version-history":[{"count":4,"href":"http:\/\/applyesta.us\/hr\/wp-json\/wp\/v2\/pages\/41\/revisions"}],"predecessor-version":[{"id":46,"href":"http:\/\/applyesta.us\/hr\/wp-json\/wp\/v2\/pages\/41\/revisions\/46"}],"wp:attachment":[{"href":"http:\/\/applyesta.us\/hr\/wp-json\/wp\/v2\/media?parent=41"}],"curies":[{"name":"wp","href":"https:\/\/api.w.org\/{rel}","templated":true}]}}