{"id":41,"date":"2025-06-06T21:27:55","date_gmt":"2025-06-06T21:27:55","guid":{"rendered":"https:\/\/form.applyeta.uk\/?page_id=41"},"modified":"2025-06-06T21:28:40","modified_gmt":"2025-06-06T21:28:40","slug":"us","status":"publish","type":"page","link":"http:\/\/applyesta.us\/es\/us\/","title":{"rendered":"A NOSOTROS"},"content":{"rendered":"<div data-elementor-type=\"wp-page\" data-elementor-id=\"41\" class=\"elementor elementor-41\" data-elementor-post-type=\"page\">\n\t\t\t\t<div class=\"elementor-element elementor-element-b305927 e-flex e-con-boxed e-con e-parent\" data-id=\"b305927\" data-element_type=\"container\">\n\t\t\t\t\t<div class=\"e-con-inner\">\n\t\t<div class=\"elementor-element elementor-element-9154e97 e-con-full e-flex e-con e-child\" data-id=\"9154e97\" data-element_type=\"container\">\n\t\t\t\t<div class=\"elementor-element elementor-element-5d52b4f elementor-widget elementor-widget-image\" data-id=\"5d52b4f\" data-element_type=\"widget\" data-widget_type=\"image.default\">\n\t\t\t\t<div class=\"elementor-widget-container\">\n\t\t\t\t\t\t\t\t\t\t\t\t\t\t\t<img fetchpriority=\"high\" decoding=\"async\" width=\"640\" height=\"408\" src=\"https:\/\/applyesta.us\/wp-content\/uploads\/2025\/06\/tower-bridge-980961_640-1.jpg\" class=\"attachment-large size-large wp-image-13\" alt=\"\" srcset=\"https:\/\/applyesta.us\/wp-content\/uploads\/2025\/06\/tower-bridge-980961_640-1.jpg 640w, https:\/\/applyesta.us\/wp-content\/uploads\/2025\/06\/tower-bridge-980961_640-1-300x191.jpg 300w\" sizes=\"(max-width: 640px) 100vw, 640px\" \/>\t\t\t\t\t\t\t\t\t\t\t\t\t\t\t<\/div>\n\t\t\t\t<\/div>\n\t\t\t\t<\/div>\n\t\t<div class=\"elementor-element elementor-element-35b765f e-con-full e-flex e-con e-child\" data-id=\"35b765f\" data-element_type=\"container\">\n\t\t\t\t<div class=\"elementor-element elementor-element-9eed95e elementor-widget elementor-widget-heading\" data-id=\"9eed95e\" data-element_type=\"widget\" data-widget_type=\"heading.default\">\n\t\t\t\t<div class=\"elementor-widget-container\">\n\t\t\t\t\t<h2 class=\"elementor-heading-title elementor-size-default\">AUTORIZACI\u00d3N DE VIAJE ETA VISA AL REINO UNIDO DESDE ABRIL DE 2025<\/h2>\t\t\t\t<\/div>\n\t\t\t\t<\/div>\n\t\t\t\t<div class=\"elementor-element elementor-element-f7ef9cb elementor-widget elementor-widget-text-editor\" data-id=\"f7ef9cb\" data-element_type=\"widget\" data-widget_type=\"text-editor.default\">\n\t\t\t\t<div class=\"elementor-widget-container\">\n\t\t\t\t\t\t\t\t\t<p style=\"text-align: left;\">De <strong>2 de abril de 2025<\/strong>El Reino Unido introducir\u00e1 una nueva <strong>Autorizaci\u00f3n electr\u00f3nica de viaje (ETA)<\/strong> sistema. Esto afectar\u00e1 a los ciudadanos de la <strong>uni\u00f3n Europea<\/strong> y varios otros pa\u00edses que, hasta ahora, han viajado al Reino Unido sin necesidad de visado. Seg\u00fan las nuevas normas, los viajeros procedentes de pa\u00edses exentos de visado, incluidos los ciudadanos de la UE, deber\u00e1n solicitar una autorizaci\u00f3n de viaje electr\u00f3nica (ETA) antes de visitar el Reino Unido para estancias cortas.<\/p>\t\t\t\t\t\t\t\t<\/div>\n\t\t\t\t<\/div>\n\t\t\t\t<\/div>\n\t\t\t\t\t<\/div>\n\t\t\t\t<\/div>\n\t\t<div class=\"elementor-element elementor-element-5f3a042 e-con-full e-flex e-con e-parent\" data-id=\"5f3a042\" data-element_type=\"container\">\n\t\t\t\t<div class=\"elementor-element elementor-element-b179dea elementor-widget elementor-widget-html\" data-id=\"b179dea\" data-element_type=\"widget\" data-widget_type=\"html.default\">\n\t\t\t\t<div class=\"elementor-widget-container\">\n\t\t\t\t\t<div style=\"border: 2px solid #f57c00; background-color: #fff3e0; padding: 25px; margin: 20px auto; border-left: 8px solid #e65100; font-family: Arial, sans-serif; border-radius: 8px; max-width: 800px; text-align: center;\">\r\n  <strong style=\"font-size: 18px; color: #d84315; display: block; margin-bottom: 10px;\">\u26a0\ufe0f Aviso importante<\/strong>\r\n  <p style=\"font-size: 15px; color: #000; font-weight: bold; line-height: 1.7; margin: 0;\">\r\n    Este sitio web es s\u00f3lo para fines informativos y no est\u00e1 afiliado con el gobierno del Reino Unido. <br>\r\n    <u>No se puede solicitar una ETA (Autorizaci\u00f3n Electr\u00f3nica de Viaje) a trav\u00e9s de este sitio.<\/u>\r\n    <br><br>\r\n    Para solicitar una ETA oficial del Reino Unido, visite el sitio web oficial del gobierno del Reino Unido: <br>\r\n    <a href=\"https:\/\/www.gov.uk\/eta\" target=\"_blank\" style=\"color: #c62828; text-decoration: underline; font-weight: bold;\">www.gov.uk\/eta<\/a>\r\n  <\/p>\r\n<\/div>\r\n\t\t\t\t<\/div>\n\t\t\t\t<\/div>\n\t\t\t\t<\/div>\n\t\t<div class=\"elementor-element elementor-element-0c146e9 e-flex e-con-boxed e-con e-parent\" data-id=\"0c146e9\" data-element_type=\"container\">\n\t\t\t\t\t<div class=\"e-con-inner\">\n\t\t<div class=\"elementor-element elementor-element-d9ae5a4 e-con-full e-flex e-con e-child\" data-id=\"d9ae5a4\" data-element_type=\"container\">\n\t\t\t\t<div class=\"elementor-element elementor-element-053781a elementor-widget elementor-widget-heading\" data-id=\"053781a\" data-element_type=\"widget\" data-widget_type=\"heading.default\">\n\t\t\t\t<div class=\"elementor-widget-container\">\n\t\t\t\t\t<h2 class=\"elementor-heading-title elementor-size-default\">\u00bfQu\u00e9 significa esto para los viajeros?<\/h2>\t\t\t\t<\/div>\n\t\t\t\t<\/div>\n\t\t\t\t<div class=\"elementor-element elementor-element-559d591 elementor-widget elementor-widget-text-editor\" data-id=\"559d591\" data-element_type=\"widget\" data-widget_type=\"text-editor.default\">\n\t\t\t\t<div class=\"elementor-widget-container\">\n\t\t\t\t\t\t\t\t\t<p>Hasta ahora, los ciudadanos de la UE pod\u00edan viajar al Reino Unido sin visado ni necesidad de ning\u00fan permiso especial, benefici\u00e1ndose de la libre circulaci\u00f3n de personas dentro de la Uni\u00f3n Europea. Sin embargo, tras el Brexit, el Reino Unido perdi\u00f3 su pertenencia a la UE y est\u00e1 introduciendo gradualmente nuevas normas migratorias. Esto significa que, a partir de abril de 2025, los ciudadanos de la UE deber\u00e1n obtener un permiso antes de entrar en territorio brit\u00e1nico, un proceso similar al que se exige actualmente a los viajeros de otras partes del mundo.<\/p><p>Este permiso formar\u00e1 parte del sistema de Autorizaci\u00f3n Electr\u00f3nica de Viaje (ETA), que el gobierno del Reino Unido est\u00e1 implementando gradualmente para extranjeros de diversos pa\u00edses. Los viajeros deber\u00e1n solicitar la autorizaci\u00f3n antes de su viaje, lo que implica completar una solicitud en l\u00ednea, pagar una tasa y posiblemente pasar un control de seguridad.<\/p>\t\t\t\t\t\t\t\t<\/div>\n\t\t\t\t<\/div>\n\t\t\t\t<\/div>\n\t\t<div class=\"elementor-element elementor-element-492b943 e-con-full e-flex e-con e-child\" data-id=\"492b943\" data-element_type=\"container\">\n\t\t\t\t<div class=\"elementor-element elementor-element-d2ef239 elementor-widget elementor-widget-heading\" data-id=\"d2ef239\" data-element_type=\"widget\" data-widget_type=\"heading.default\">\n\t\t\t\t<div class=\"elementor-widget-container\">\n\t\t\t\t\t<h2 class=\"elementor-heading-title elementor-size-default\">VIAJAR AL REINO UNIDO: \u00bfQU\u00c9 CAMBIAR\u00c1 EN 2025?<\/h2>\t\t\t\t<\/div>\n\t\t\t\t<\/div>\n\t\t\t\t<div class=\"elementor-element elementor-element-aa05846 elementor-widget elementor-widget-text-editor\" data-id=\"aa05846\" data-element_type=\"widget\" data-widget_type=\"text-editor.default\">\n\t\t\t\t<div class=\"elementor-widget-container\">\n\t\t\t\t\t\t\t\t\t<div class=\"elementor-element elementor-element-e8a87ae elementor-widget elementor-widget-text-editor\" data-id=\"e8a87ae\" data-element_type=\"widget\" data-widget_type=\"text-editor.default\"><div class=\"elementor-widget-container\"><p>Hasta ahora, los ciudadanos de la UE pod\u00edan visitar el Reino Unido sin necesidad de autorizaci\u00f3n previa de viaje. Sin embargo, como parte de la <strong>La pol\u00edtica de inmigraci\u00f3n del Reino Unido tras el Brexit<\/strong>A partir de abril de 2025, deber\u00e1n solicitar una autorizaci\u00f3n electr\u00f3nica de viaje (ETA), similar al sistema vigente para viajeros de muchos otros pa\u00edses. Esta autorizaci\u00f3n ser\u00e1 obligatoria para quienes visiten el pa\u00eds por motivos de turismo, negocios, estudios de corta duraci\u00f3n o tr\u00e1nsito.<\/p><p><strong>\u00bfC\u00f3mo funciona la ETA?<\/strong><\/p><ul><li><strong>Solicitud en l\u00ednea<\/strong>Los viajeros deber\u00e1n presentar una solicitud en l\u00ednea antes de viajar. El proceso incluye completar un formulario, responder preguntas de seguridad y pagar una peque\u00f1a tarifa.<\/li><li><strong>Tiempo de procesamiento<\/strong>La mayor\u00eda de las solicitudes de ETA se procesar\u00e1n en un plazo de 48 a 72 horas.<\/li><li><strong>Control de seguridad<\/strong>Es posible que se realice una verificaci\u00f3n de seguridad y, en algunos casos, las solicitudes pueden tardar m\u00e1s en procesarse.<\/li><\/ul><\/div><\/div>\t\t\t\t\t\t\t\t<\/div>\n\t\t\t\t<\/div>\n\t\t\t\t<\/div>\n\t\t\t\t\t<\/div>\n\t\t\t\t<\/div>\n\t\t<div class=\"elementor-element elementor-element-45e0ced e-flex e-con-boxed e-con e-parent\" data-id=\"45e0ced\" data-element_type=\"container\">\n\t\t\t\t\t<div class=\"e-con-inner\">\n\t\t<div class=\"elementor-element elementor-element-df605a3 e-con-full e-flex e-con e-child\" data-id=\"df605a3\" data-element_type=\"container\">\n\t\t\t\t<div class=\"elementor-element elementor-element-94021c1 elementor-widget elementor-widget-heading\" data-id=\"94021c1\" data-element_type=\"widget\" data-widget_type=\"heading.default\">\n\t\t\t\t<div class=\"elementor-widget-container\">\n\t\t\t\t\t<h3 class=\"elementor-heading-title elementor-size-default\">\u00bfQUI\u00c9N NECESITA UN ETA?<\/h3>\t\t\t\t<\/div>\n\t\t\t\t<\/div>\n\t\t\t\t<div class=\"elementor-element elementor-element-ef2aa14 elementor-widget elementor-widget-text-editor\" data-id=\"ef2aa14\" data-element_type=\"widget\" data-widget_type=\"text-editor.default\">\n\t\t\t\t<div class=\"elementor-widget-container\">\n\t\t\t\t\t\t\t\t\t<p>Se requerir\u00e1 ETA para <strong>ciudadanos de pa\u00edses exentos de visa<\/strong>, incluido:<\/p><ul><li><strong>ciudadanos de la UE<\/strong><\/li><li>Viajeros de la <strong>Emiratos \u00c1rabes Unidos<\/strong>, <strong>Arabia Saudita<\/strong>, <strong>Bar\u00e9in<\/strong>, <strong>Kuwait<\/strong>, <strong>Jord\u00e1n<\/strong>, <strong>Om\u00e1n<\/strong> (a partir de febrero de 2024)<\/li><li><strong>ciudadanos qatar\u00edes<\/strong> (a partir de noviembre de 2023)<\/li><\/ul><p>Esta autorizaci\u00f3n se aplicar\u00e1 a turistas, visitantes de negocios, estudiantes de corto plazo y personas en tr\u00e1nsito.<\/p>\t\t\t\t\t\t\t\t<\/div>\n\t\t\t\t<\/div>\n\t\t\t\t<\/div>\n\t\t<div class=\"elementor-element elementor-element-ed346d2 e-con-full e-flex e-con e-child\" data-id=\"ed346d2\" data-element_type=\"container\">\n\t\t\t\t<div class=\"elementor-element elementor-element-ff8e7bf elementor-widget elementor-widget-heading\" data-id=\"ff8e7bf\" data-element_type=\"widget\" data-widget_type=\"heading.default\">\n\t\t\t\t<div class=\"elementor-widget-container\">\n\t\t\t\t\t<h3 class=\"elementor-heading-title elementor-size-default\">EXENCIONES:<\/h3>\t\t\t\t<\/div>\n\t\t\t\t<\/div>\n\t\t\t\t<div class=\"elementor-element elementor-element-77aee6c elementor-widget elementor-widget-text-editor\" data-id=\"77aee6c\" data-element_type=\"widget\" data-widget_type=\"text-editor.default\">\n\t\t\t\t<div class=\"elementor-widget-container\">\n\t\t\t\t\t\t\t\t\t<ul><li><strong>ciudadanos brit\u00e1nicos e irlandeses<\/strong> est\u00e1n exentos del requisito de ETA.<\/li><li>Los titulares de visas de largo plazo o personas con estatus establecido en el Reino Unido no necesitan una ETA.<\/li><\/ul>\t\t\t\t\t\t\t\t<\/div>\n\t\t\t\t<\/div>\n\t\t\t\t<\/div>\n\t\t\t\t\t<\/div>\n\t\t\t\t<\/div>\n\t\t<div class=\"elementor-element elementor-element-f447f70 e-flex e-con-boxed e-con e-parent\" data-id=\"f447f70\" data-element_type=\"container\">\n\t\t\t\t\t<div class=\"e-con-inner\">\n\t\t\t\t<div class=\"elementor-element elementor-element-ef5e263 elementor-widget-divider--view-line elementor-widget elementor-widget-divider\" data-id=\"ef5e263\" data-element_type=\"widget\" data-widget_type=\"divider.default\">\n\t\t\t\t<div class=\"elementor-widget-container\">\n\t\t\t\t\t\t\t<div class=\"elementor-divider\">\n\t\t\t<span class=\"elementor-divider-separator\">\n\t\t\t\t\t\t<\/span>\n\t\t<\/div>\n\t\t\t\t\t\t<\/div>\n\t\t\t\t<\/div>\n\t\t\t\t<div class=\"elementor-element elementor-element-7bd378c elementor-widget elementor-widget-heading\" data-id=\"7bd378c\" data-element_type=\"widget\" data-widget_type=\"heading.default\">\n\t\t\t\t<div class=\"elementor-widget-container\">\n\t\t\t\t\t<h3 class=\"elementor-heading-title elementor-size-default\">Tipos de visas de trabajo:<\/h3>\t\t\t\t<\/div>\n\t\t\t\t<\/div>\n\t\t\t\t\t<\/div>\n\t\t\t\t<\/div>\n\t\t<div class=\"elementor-element elementor-element-bf9a089 e-flex e-con-boxed e-con e-parent\" data-id=\"bf9a089\" data-element_type=\"container\">\n\t\t\t\t\t<div class=\"e-con-inner\">\n\t\t<div class=\"elementor-element elementor-element-9142cb4 e-con-full e-flex e-con e-child\" data-id=\"9142cb4\" data-element_type=\"container\">\n\t\t\t\t<div class=\"elementor-element elementor-element-a576fb1 elementor-widget elementor-widget-text-editor\" data-id=\"a576fb1\" data-element_type=\"widget\" data-widget_type=\"text-editor.default\">\n\t\t\t\t<div class=\"elementor-widget-container\">\n\t\t\t\t\t\t\t\t\t<ol><li><strong>Visa de trabajador calificado<\/strong>:Para trabajadores con una oferta de trabajo en el Reino Unido que cumplan con los requisitos de habilidades y salario m\u00ednimo.<\/li><li><strong>Visa de trabajador temporal<\/strong>:Para trabajadores temporales, voluntarios o aquellos que participan en programas de intercambio cultural y religioso.<\/li><li><strong>Visa de talento global<\/strong>:Para personas altamente calificadas en campos como ciencia, tecnolog\u00eda, artes o cultura.<\/li><\/ol><p>Cada visa de trabajo tiene requisitos de documentaci\u00f3n espec\u00edficos, como prueba de una oferta de trabajo, medios financieros suficientes o cumplir con los est\u00e1ndares de competencia ling\u00fc\u00edstica.<\/p>\t\t\t\t\t\t\t\t<\/div>\n\t\t\t\t<\/div>\n\t\t\t\t<\/div>\n\t\t<div class=\"elementor-element elementor-element-477602e e-con-full e-flex e-con e-child\" data-id=\"477602e\" data-element_type=\"container\">\n\t\t\t\t<div class=\"elementor-element elementor-element-36b237a elementor-widget elementor-widget-text-editor\" data-id=\"36b237a\" data-element_type=\"widget\" data-widget_type=\"text-editor.default\">\n\t\t\t\t<div class=\"elementor-widget-container\">\n\t\t\t\t\t\t\t\t\t<p>Si planea trabajar en el Reino Unido a largo plazo, necesitar\u00e1 el visado de trabajo correspondiente. La ETA solo cubre visitas de corta duraci\u00f3n, como viajes de turismo o de negocios, pero no permite el empleo a largo plazo. Para trabajar en el Reino Unido, debe cumplir con los requisitos espec\u00edficos de los distintos tipos de visados de trabajo, como el <strong>Visa de trabajador calificado<\/strong> o el <strong>Visa de trabajador temporal<\/strong>.<\/p>\t\t\t\t\t\t\t\t<\/div>\n\t\t\t\t<\/div>\n\t\t\t\t<\/div>\n\t\t\t\t\t<\/div>\n\t\t\t\t<\/div>\n\t\t<div class=\"elementor-element elementor-element-7babe2f e-flex e-con-boxed e-con e-parent\" data-id=\"7babe2f\" data-element_type=\"container\">\n\t\t\t\t\t<div class=\"e-con-inner\">\n\t\t\t\t<div class=\"elementor-element elementor-element-f34bd57 elementor-widget-divider--view-line elementor-widget elementor-widget-divider\" data-id=\"f34bd57\" data-element_type=\"widget\" data-widget_type=\"divider.default\">\n\t\t\t\t<div class=\"elementor-widget-container\">\n\t\t\t\t\t\t\t<div class=\"elementor-divider\">\n\t\t\t<span class=\"elementor-divider-separator\">\n\t\t\t\t\t\t<\/span>\n\t\t<\/div>\n\t\t\t\t\t\t<\/div>\n\t\t\t\t<\/div>\n\t\t\t\t<div class=\"elementor-element elementor-element-fd547ce elementor-widget elementor-widget-heading\" data-id=\"fd547ce\" data-element_type=\"widget\" data-widget_type=\"heading.default\">\n\t\t\t\t<div class=\"elementor-widget-container\">\n\t\t\t\t\t<h3 class=\"elementor-heading-title elementor-size-default\">FAQ - Preguntas frecuentes<\/h3>\t\t\t\t<\/div>\n\t\t\t\t<\/div>\n\t\t\t\t<div class=\"elementor-element elementor-element-2773225 elementor-widget elementor-widget-text-editor\" data-id=\"2773225\" data-element_type=\"widget\" data-widget_type=\"text-editor.default\">\n\t\t\t\t<div class=\"elementor-widget-container\">\n\t\t\t\t\t\t\t\t\t<div data-id=\"019a625\" data-element_type=\"container\" data-settings=\"{&quot;content_width&quot;:&quot;boxed&quot;}\" data-core-v316-plus=\"true\"><div data-id=\"4776dd1\" data-element_type=\"widget\" data-widget_type=\"text-editor.default\"><h4><strong>1. \u00bfQu\u00e9 es la ETA del Reino Unido y qui\u00e9n la necesita?<\/strong><\/h4><p><strong>La Autorizaci\u00f3n Electr\u00f3nica de Viaje (ETA) <\/strong><span style=\"font-size: 16px;\">Es un sistema que se est\u00e1 introduciendo en el Reino Unido. <\/span><strong style=\"font-size: 16px;\">Abril de 2025<\/strong><span style=\"font-size: 16px;\">Se aplica a ciudadanos de pa\u00edses que antes no necesitaban visado, como los pa\u00edses de la UE, y cubrir\u00e1 viajes de corta duraci\u00f3n (turismo, negocios, tr\u00e1nsito, etc.).<\/span><\/p><h4><strong>2. \u00bfCu\u00e1ndo se abrir\u00e1n las solicitudes de ETA y cu\u00e1nto costar\u00e1n?<\/strong><\/h4><p>Las solicitudes para la ETA se abrir\u00e1n en <strong>2024<\/strong>, con implementaci\u00f3n en abril de 2025. La tarifa del servicio es <strong>\u00a316<\/strong>\u00a0por aplicaci\u00f3n.<\/p><h4><strong>3. \u00bfC\u00f3mo obtengo la ETA y cu\u00e1nto tiempo tarda?<\/strong><\/h4><p>Las solicitudes se realizar\u00e1n en l\u00ednea a trav\u00e9s del sitio web o la aplicaci\u00f3n m\u00f3vil del gobierno del Reino Unido. El proceso implica completar informaci\u00f3n personal b\u00e1sica, responder preguntas de seguridad y pagar la tarifa. La mayor\u00eda de las solicitudes se procesar\u00e1n en un plazo de... <strong>48-72 horas<\/strong>.<\/p><h4><strong>4. \u00bfCu\u00e1nto tiempo es v\u00e1lida la ETA y cu\u00e1ntas veces puedo viajar con ella?<\/strong><\/h4><p>La ETA es v\u00e1lida por <strong>2 a\u00f1os<\/strong> o hasta que caduque el pasaporte, lo que ocurra primero. Permite <strong>m\u00faltiples entradas<\/strong> al Reino Unido, y cada visita durar\u00e1 un m\u00e1ximo de <strong>6 meses<\/strong>.<\/p><h4><strong>5. \u00bfNecesito imprimir mi ETA?<\/strong><\/h4><p>No, la ETA es electr\u00f3nica y est\u00e1 vinculada a su pasaporte. Simplemente presente su pasaporte en la frontera y su ETA se verificar\u00e1 autom\u00e1ticamente.<\/p><h4><strong>6. \u00bfQu\u00e9 sucede si mi solicitud de ETA es rechazada?<\/strong><\/h4><p>Si su solicitud de ETA es rechazada, puede volver a presentar la solicitud o solicitar un tipo de visa diferente, como una <strong>Visa de visitante est\u00e1ndar<\/strong>, lo que puede implicar un proceso de solicitud m\u00e1s detallado.<\/p><h4><strong>7. \u00bfLa ETA cubrir\u00e1 los viajes a Irlanda o a los pa\u00edses Schengen?<\/strong><\/h4><p>No, la ETA es v\u00e1lida \u00fanicamente para viajar al Reino Unido, incluido <strong>Inglaterra, Escocia, Gales e Irlanda del Norte<\/strong>Se aplican condiciones de entrada separadas para <strong>Irlanda<\/strong> y <strong>Schengen<\/strong> pa\u00edses.<\/p><h4><strong>8. \u00bfLos ni\u00f1os necesitar\u00e1n su propia ETA?<\/strong><\/h4><p>S\u00ed, cada viajero, incluidos los ni\u00f1os, necesitar\u00e1 su propia ETA vinculada a su pasaporte.<\/p><h4><strong>9. \u00bfExisten excepciones a los requisitos de la ETA?<\/strong><\/h4><p>S\u00ed, <strong>ciudadanos irlandeses<\/strong> y las personas con visas de largo plazo para trabajar, estudiar o residir en el Reino Unido est\u00e1n exentas de los requisitos de ETA.<\/p><h4><strong>10. \u00bfQu\u00e9 debo hacer si tengo m\u00e1s preguntas?<\/strong><\/h4><p>Visita la p\u00e1gina oficial <strong>Sitio web del gobierno del Reino Unido<\/strong> o nuestra secci\u00f3n de preguntas frecuentes para obtener m\u00e1s detalles y actualizaciones sobre el sistema ETA.<\/p><\/div><\/div>\t\t\t\t\t\t\t\t<\/div>\n\t\t\t\t<\/div>\n\t\t\t\t\t<\/div>\n\t\t\t\t<\/div>\n\t\t<div class=\"elementor-element elementor-element-bf91d7f e-flex e-con-boxed e-con e-parent\" data-id=\"bf91d7f\" data-element_type=\"container\">\n\t\t\t\t\t<div class=\"e-con-inner\">\n\t\t<div class=\"elementor-element elementor-element-9825c1d e-con-full e-flex e-con e-child\" data-id=\"9825c1d\" data-element_type=\"container\">\n\t\t\t\t<div class=\"elementor-element elementor-element-45210bd elementor-align-center elementor-list-item-link-full_width elementor-widget elementor-widget-icon-list\" data-id=\"45210bd\" data-element_type=\"widget\" data-widget_type=\"icon-list.default\">\n\t\t\t\t<div class=\"elementor-widget-container\">\n\t\t\t\t\t\t\t<ul class=\"elementor-icon-list-items\">\n\t\t\t\t\t\t\t<li class=\"elementor-icon-list-item\">\n\t\t\t\t\t\t\t\t\t\t<span class=\"elementor-icon-list-text\">N\u00famero de identificaci\u00f3n de la empresa: 08392226<\/span>\n\t\t\t\t\t\t\t\t\t<\/li>\n\t\t\t\t\t\t\t\t<li class=\"elementor-icon-list-item\">\n\t\t\t\t\t\t\t\t\t\t<span class=\"elementor-icon-list-text\">VISA USA sro<\/span>\n\t\t\t\t\t\t\t\t\t<\/li>\n\t\t\t\t\t\t\t\t<li class=\"elementor-icon-list-item\">\n\t\t\t\t\t\t\t\t\t\t<span class=\"elementor-icon-list-text\">sv. Cecha 750\/4, Bilovec 743 01, Chequia<\/span>\n\t\t\t\t\t\t\t\t\t<\/li>\n\t\t\t\t\t\t<\/ul>\n\t\t\t\t\t\t<\/div>\n\t\t\t\t<\/div>\n\t\t\t\t<\/div>\n\t\t<div class=\"elementor-element elementor-element-c6703c3 e-con-full e-flex e-con e-child\" data-id=\"c6703c3\" data-element_type=\"container\">\n\t\t\t\t<div class=\"elementor-element elementor-element-79d431f elementor-widget elementor-widget-text-editor\" data-id=\"79d431f\" data-element_type=\"widget\" data-widget_type=\"text-editor.default\">\n\t\t\t\t<div class=\"elementor-widget-container\">\n\t\t\t\t\t\t\t\t\t<p style=\"text-align: center;\">Este sitio web y nuestra empresa no tienen ninguna relaci\u00f3n con las autoridades ni el gobierno del Reino Unido. El sitio web oficial se encuentra en www.gov.uk.<\/p>\t\t\t\t\t\t\t\t<\/div>\n\t\t\t\t<\/div>\n\t\t\t\t<\/div>\n\t\t\t\t\t<\/div>\n\t\t\t\t<\/div>\n\t\t\t\t<\/div>","protected":false},"excerpt":{"rendered":"<p>TRAVEL AUTHORIZATION ETA VISA TO UK FROM APRIL 2025 From April 2, 2025, the UK will introduce a new Electronic [&hellip;]<\/p>","protected":false},"author":1,"featured_media":0,"parent":0,"menu_order":0,"comment_status":"closed","ping_status":"closed","template":"","meta":{"site-sidebar-layout":"no-sidebar","site-content-layout":"","ast-site-content-layout":"full-width-container","site-content-style":"default","site-sidebar-style":"default","ast-global-header-display":"","ast-banner-title-visibility":"","ast-main-header-display":"","ast-hfb-above-header-display":"","ast-hfb-below-header-display":"","ast-hfb-mobile-header-display":"","site-post-title":"disabled","ast-breadcrumbs-content":"","ast-featured-img":"disabled","footer-sml-layout":"","theme-transparent-header-meta":"","adv-header-id-meta":"","stick-header-meta":"","header-above-stick-meta":"","header-main-stick-meta":"","header-below-stick-meta":"","astra-migrate-meta-layouts":"default","ast-page-background-enabled":"default","ast-page-background-meta":{"desktop":{"background-color":"var(--ast-global-color-5)","background-image":"","background-repeat":"repeat","background-position":"center center","background-size":"auto","background-attachment":"scroll","background-type":"","background-media":"","overlay-type":"","overlay-color":"","overlay-opacity":"","overlay-gradient":""},"tablet":{"background-color":"","background-image":"","background-repeat":"repeat","background-position":"center center","background-size":"auto","background-attachment":"scroll","background-type":"","background-media":"","overlay-type":"","overlay-color":"","overlay-opacity":"","overlay-gradient":""},"mobile":{"background-color":"","background-image":"","background-repeat":"repeat","background-position":"center center","background-size":"auto","background-attachment":"scroll","background-type":"","background-media":"","overlay-type":"","overlay-color":"","overlay-opacity":"","overlay-gradient":""}},"ast-content-background-meta":{"desktop":{"background-color":"var(--ast-global-color-4)","background-image":"","background-repeat":"repeat","background-position":"center center","background-size":"auto","background-attachment":"scroll","background-type":"","background-media":"","overlay-type":"","overlay-color":"","overlay-opacity":"","overlay-gradient":""},"tablet":{"background-color":"var(--ast-global-color-4)","background-image":"","background-repeat":"repeat","background-position":"center center","background-size":"auto","background-attachment":"scroll","background-type":"","background-media":"","overlay-type":"","overlay-color":"","overlay-opacity":"","overlay-gradient":""},"mobile":{"background-color":"var(--ast-global-color-4)","background-image":"","background-repeat":"repeat","background-position":"center center","background-size":"auto","background-attachment":"scroll","background-type":"","background-media":"","overlay-type":"","overlay-color":"","overlay-opacity":"","overlay-gradient":""}},"footnotes":""},"class_list":["post-41","page","type-page","status-publish","hentry"],"_links":{"self":[{"href":"http:\/\/applyesta.us\/es\/wp-json\/wp\/v2\/pages\/41","targetHints":{"allow":["GET"]}}],"collection":[{"href":"http:\/\/applyesta.us\/es\/wp-json\/wp\/v2\/pages"}],"about":[{"href":"http:\/\/applyesta.us\/es\/wp-json\/wp\/v2\/types\/page"}],"author":[{"embeddable":true,"href":"http:\/\/applyesta.us\/es\/wp-json\/wp\/v2\/users\/1"}],"replies":[{"embeddable":true,"href":"http:\/\/applyesta.us\/es\/wp-json\/wp\/v2\/comments?post=41"}],"version-history":[{"count":4,"href":"http:\/\/applyesta.us\/es\/wp-json\/wp\/v2\/pages\/41\/revisions"}],"predecessor-version":[{"id":46,"href":"http:\/\/applyesta.us\/es\/wp-json\/wp\/v2\/pages\/41\/revisions\/46"}],"wp:attachment":[{"href":"http:\/\/applyesta.us\/es\/wp-json\/wp\/v2\/media?parent=41"}],"curies":[{"name":"wp","href":"https:\/\/api.w.org\/{rel}","templated":true}]}}