{"id":41,"date":"2025-06-06T21:27:55","date_gmt":"2025-06-06T21:27:55","guid":{"rendered":"https:\/\/form.applyeta.uk\/?page_id=41"},"modified":"2025-06-06T21:28:40","modified_gmt":"2025-06-06T21:28:40","slug":"us","status":"publish","type":"page","link":"http:\/\/applyesta.us\/ee\/us\/","title":{"rendered":"USA"},"content":{"rendered":"<div data-elementor-type=\"wp-page\" data-elementor-id=\"41\" class=\"elementor elementor-41\" data-elementor-post-type=\"page\">\n\t\t\t\t<div class=\"elementor-element elementor-element-b305927 e-flex e-con-boxed e-con e-parent\" data-id=\"b305927\" data-element_type=\"container\">\n\t\t\t\t\t<div class=\"e-con-inner\">\n\t\t<div class=\"elementor-element elementor-element-9154e97 e-con-full e-flex e-con e-child\" data-id=\"9154e97\" data-element_type=\"container\">\n\t\t\t\t<div class=\"elementor-element elementor-element-5d52b4f elementor-widget elementor-widget-image\" data-id=\"5d52b4f\" data-element_type=\"widget\" data-widget_type=\"image.default\">\n\t\t\t\t<div class=\"elementor-widget-container\">\n\t\t\t\t\t\t\t\t\t\t\t\t\t\t\t<img fetchpriority=\"high\" decoding=\"async\" width=\"640\" height=\"408\" src=\"https:\/\/applyesta.us\/wp-content\/uploads\/2025\/06\/tower-bridge-980961_640-1.jpg\" class=\"attachment-large size-large wp-image-13\" alt=\"\" srcset=\"https:\/\/applyesta.us\/wp-content\/uploads\/2025\/06\/tower-bridge-980961_640-1.jpg 640w, https:\/\/applyesta.us\/wp-content\/uploads\/2025\/06\/tower-bridge-980961_640-1-300x191.jpg 300w\" sizes=\"(max-width: 640px) 100vw, 640px\" \/>\t\t\t\t\t\t\t\t\t\t\t\t\t\t\t<\/div>\n\t\t\t\t<\/div>\n\t\t\t\t<\/div>\n\t\t<div class=\"elementor-element elementor-element-35b765f e-con-full e-flex e-con e-child\" data-id=\"35b765f\" data-element_type=\"container\">\n\t\t\t\t<div class=\"elementor-element elementor-element-9eed95e elementor-widget elementor-widget-heading\" data-id=\"9eed95e\" data-element_type=\"widget\" data-widget_type=\"heading.default\">\n\t\t\t\t<div class=\"elementor-widget-container\">\n\t\t\t\t\t<h2 class=\"elementor-heading-title elementor-size-default\">REISILOA JA ETA-VIISA \u00dcHENDKUNINGRIIGISSE ALATES APRILLIST 2025<\/h2>\t\t\t\t<\/div>\n\t\t\t\t<\/div>\n\t\t\t\t<div class=\"elementor-element elementor-element-f7ef9cb elementor-widget elementor-widget-text-editor\" data-id=\"f7ef9cb\" data-element_type=\"widget\" data-widget_type=\"text-editor.default\">\n\t\t\t\t<div class=\"elementor-widget-container\">\n\t\t\t\t\t\t\t\t\t<p style=\"text-align: left;\">Alates <strong>2. aprill 2025<\/strong>, kehtestab \u00dchendkuningriik uue <strong>Elektrooniline reisiluba (ETA)<\/strong> s\u00fcsteem. See m\u00f5jutab kodanikke alates <strong>Euroopa Liit<\/strong> ja mitmed teised riigid, kes on seni \u00dchendkuningriiki viisata reisinud. Uute eeskirjade kohaselt peavad viisavabade riikide reisijad, sealhulgas ELi kodanikud, enne \u00dchendkuningriigi l\u00fchiajalist k\u00fclastamist taotlema ETA-d.<\/p>\t\t\t\t\t\t\t\t<\/div>\n\t\t\t\t<\/div>\n\t\t\t\t<\/div>\n\t\t\t\t\t<\/div>\n\t\t\t\t<\/div>\n\t\t<div class=\"elementor-element elementor-element-5f3a042 e-con-full e-flex e-con e-parent\" data-id=\"5f3a042\" data-element_type=\"container\">\n\t\t\t\t<div class=\"elementor-element elementor-element-b179dea elementor-widget elementor-widget-html\" data-id=\"b179dea\" data-element_type=\"widget\" data-widget_type=\"html.default\">\n\t\t\t\t<div class=\"elementor-widget-container\">\n\t\t\t\t\t<div style=\"border: 2px solid #f57c00; background-color: #fff3e0; padding: 25px; margin: 20px auto; border-left: 8px solid #e65100; font-family: Arial, sans-serif; border-radius: 8px; max-width: 800px; text-align: center;\">\r\n  <strong style=\"font-size: 18px; color: #d84315; display: block; margin-bottom: 10px;\">\u26a0\ufe0f Oluline teade<\/strong>\r\n  <p style=\"font-size: 15px; color: #000; font-weight: bold; line-height: 1.7; margin: 0;\">\r\n    See veebisait on ainult informatiivsel eesm\u00e4rgil ja ei ole seotud \u00dchendkuningriigi valitsusega. <br>\r\n    <u>Selle saidi kaudu ei saa taotleda elektroonilist reisiluba (ETA).<\/u>\r\n    <br><br>\r\n    Ametliku \u00dchendkuningriigi ETA taotlemiseks k\u00fclastage palun \u00dchendkuningriigi valitsuse ametlikku veebisaiti: <br>\r\n    <a href=\"https:\/\/www.gov.uk\/eta\" target=\"_blank\" style=\"color: #c62828; text-decoration: underline; font-weight: bold;\">www.gov.uk\/eta<\/a>\r\n  <\/p>\r\n<\/div>\r\n\t\t\t\t<\/div>\n\t\t\t\t<\/div>\n\t\t\t\t<\/div>\n\t\t<div class=\"elementor-element elementor-element-0c146e9 e-flex e-con-boxed e-con e-parent\" data-id=\"0c146e9\" data-element_type=\"container\">\n\t\t\t\t\t<div class=\"e-con-inner\">\n\t\t<div class=\"elementor-element elementor-element-d9ae5a4 e-con-full e-flex e-con e-child\" data-id=\"d9ae5a4\" data-element_type=\"container\">\n\t\t\t\t<div class=\"elementor-element elementor-element-053781a elementor-widget elementor-widget-heading\" data-id=\"053781a\" data-element_type=\"widget\" data-widget_type=\"heading.default\">\n\t\t\t\t<div class=\"elementor-widget-container\">\n\t\t\t\t\t<h2 class=\"elementor-heading-title elementor-size-default\">Mida see reisijate jaoks t\u00e4hendab?<\/h2>\t\t\t\t<\/div>\n\t\t\t\t<\/div>\n\t\t\t\t<div class=\"elementor-element elementor-element-559d591 elementor-widget elementor-widget-text-editor\" data-id=\"559d591\" data-element_type=\"widget\" data-widget_type=\"text-editor.default\">\n\t\t\t\t<div class=\"elementor-widget-container\">\n\t\t\t\t\t\t\t\t\t<p>Seni said ELi kodanikud \u00dchendkuningriiki reisida ilma viisata ja ilma igasuguse eriloata, kasutades \u00e4ra inimeste vaba liikumist Euroopa Liidus. P\u00e4rast Brexitit kaotas \u00dchendkuningriik aga oma ELi liikmelisuse ja kehtestab j\u00e4rk-j\u00e4rgult uusi r\u00e4ndeeeskirju. See t\u00e4hendab, et alates 2025. aasta aprillist peavad ELi kodanikud enne Suurbritannia territooriumile sisenemist taotlema loa, sarnaselt protsessile, mida praegu n\u00f5utakse reisijatelt mujalt maailmast.<\/p><p>See luba on osa elektroonilise reisiloa (ETA) s\u00fcsteemist, mida \u00dchendkuningriigi valitsus j\u00e4rk-j\u00e4rgult erinevate riikide kodanikele rakendab. Reisijad peavad enne reisi loa taotlema, mis h\u00f5lmab veebip\u00f5hise taotluse t\u00e4itmist, tasu maksmist ja v\u00f5imalikku turvakontrolli l\u00e4bimist.<\/p>\t\t\t\t\t\t\t\t<\/div>\n\t\t\t\t<\/div>\n\t\t\t\t<\/div>\n\t\t<div class=\"elementor-element elementor-element-492b943 e-con-full e-flex e-con e-child\" data-id=\"492b943\" data-element_type=\"container\">\n\t\t\t\t<div class=\"elementor-element elementor-element-d2ef239 elementor-widget elementor-widget-heading\" data-id=\"d2ef239\" data-element_type=\"widget\" data-widget_type=\"heading.default\">\n\t\t\t\t<div class=\"elementor-widget-container\">\n\t\t\t\t\t<h2 class=\"elementor-heading-title elementor-size-default\">REIS \u00dcHENDKUNINGRIIKI \u2013 MIS MUUTUB 2025. AASTAL?<\/h2>\t\t\t\t<\/div>\n\t\t\t\t<\/div>\n\t\t\t\t<div class=\"elementor-element elementor-element-aa05846 elementor-widget elementor-widget-text-editor\" data-id=\"aa05846\" data-element_type=\"widget\" data-widget_type=\"text-editor.default\">\n\t\t\t\t<div class=\"elementor-widget-container\">\n\t\t\t\t\t\t\t\t\t<div class=\"elementor-element elementor-element-e8a87ae elementor-widget elementor-widget-text-editor\" data-id=\"e8a87ae\" data-element_type=\"widget\" data-widget_type=\"text-editor.default\"><div class=\"elementor-widget-container\"><p>Seni said ELi kodanikud \u00dchendkuningriiki k\u00fclastada ilma eelneva reisiloata. Kuid osana <strong>\u00dchendkuningriigi Brexiti-j\u00e4rgne immigratsioonipoliitika<\/strong>alates 2025. aasta aprillist peavad nad taotlema ETA-d, mis sarnaneb paljude teiste riikide reisijatele kehtiva s\u00fcsteemiga. See luba on kohustuslik neile, kes k\u00fclastavad riiki turismi, \u00e4ri, l\u00fchiajalise \u00f5ppimise v\u00f5i transiidi eesm\u00e4rgil.<\/p><p><strong>Kuidas ETA t\u00f6\u00f6tab?<\/strong><\/p><ul><li><strong>Veebip\u00f5hine avaldus<\/strong>Reisijad peavad enne reisi esitama veebis taotluse. Protsess h\u00f5lmab vormi t\u00e4itmist, turvak\u00fcsimustele vastamist ja v\u00e4ikese tasu maksmist.<\/li><li><strong>T\u00f6\u00f6tlemisaeg<\/strong>Enamikku ETA taotlusi t\u00f6\u00f6deldakse 48\u201372 tunni jooksul.<\/li><li><strong>Turvakontroll<\/strong>V\u00f5idakse l\u00e4bi viia turvakontroll ja m\u00f5nel juhul v\u00f5ib taotluste t\u00f6\u00f6tlemine v\u00f5tta kauem aega.<\/li><\/ul><\/div><\/div>\t\t\t\t\t\t\t\t<\/div>\n\t\t\t\t<\/div>\n\t\t\t\t<\/div>\n\t\t\t\t\t<\/div>\n\t\t\t\t<\/div>\n\t\t<div class=\"elementor-element elementor-element-45e0ced e-flex e-con-boxed e-con e-parent\" data-id=\"45e0ced\" data-element_type=\"container\">\n\t\t\t\t\t<div class=\"e-con-inner\">\n\t\t<div class=\"elementor-element elementor-element-df605a3 e-con-full e-flex e-con e-child\" data-id=\"df605a3\" data-element_type=\"container\">\n\t\t\t\t<div class=\"elementor-element elementor-element-94021c1 elementor-widget elementor-widget-heading\" data-id=\"94021c1\" data-element_type=\"widget\" data-widget_type=\"heading.default\">\n\t\t\t\t<div class=\"elementor-widget-container\">\n\t\t\t\t\t<h3 class=\"elementor-heading-title elementor-size-default\">KES VAJAB ETA-d?<\/h3>\t\t\t\t<\/div>\n\t\t\t\t<\/div>\n\t\t\t\t<div class=\"elementor-element elementor-element-ef2aa14 elementor-widget elementor-widget-text-editor\" data-id=\"ef2aa14\" data-element_type=\"widget\" data-widget_type=\"text-editor.default\">\n\t\t\t\t<div class=\"elementor-widget-container\">\n\t\t\t\t\t\t\t\t\t<p>Eeldatav saabumisaeg on vajalik j\u00e4rgmise jaoks: <strong>viisavabade riikide kodanikud<\/strong>, sealhulgas:<\/p><ul><li><strong>ELi kodanikud<\/strong><\/li><li>Reisijad alates <strong>Araabia \u00dchendemiraadid<\/strong>, <strong>Saudi Araabia<\/strong>, <strong>Bahrein<\/strong>, <strong>Kuveit<\/strong>, <strong>Jordaania<\/strong>, <strong>Omaan<\/strong> (alates veebruarist 2024)<\/li><li><strong>Katari kodanikud<\/strong> (alates novembrist 2023)<\/li><\/ul><p>See luba kehtib turistidele, \u00e4rireisijatele, l\u00fchiajaliselt riigis viibivatele \u00fcli\u00f5pilastele ja transiidireisijatele.<\/p>\t\t\t\t\t\t\t\t<\/div>\n\t\t\t\t<\/div>\n\t\t\t\t<\/div>\n\t\t<div class=\"elementor-element elementor-element-ed346d2 e-con-full e-flex e-con e-child\" data-id=\"ed346d2\" data-element_type=\"container\">\n\t\t\t\t<div class=\"elementor-element elementor-element-ff8e7bf elementor-widget elementor-widget-heading\" data-id=\"ff8e7bf\" data-element_type=\"widget\" data-widget_type=\"heading.default\">\n\t\t\t\t<div class=\"elementor-widget-container\">\n\t\t\t\t\t<h3 class=\"elementor-heading-title elementor-size-default\">ERANDID:<\/h3>\t\t\t\t<\/div>\n\t\t\t\t<\/div>\n\t\t\t\t<div class=\"elementor-element elementor-element-77aee6c elementor-widget elementor-widget-text-editor\" data-id=\"77aee6c\" data-element_type=\"widget\" data-widget_type=\"text-editor.default\">\n\t\t\t\t<div class=\"elementor-widget-container\">\n\t\t\t\t\t\t\t\t\t<ul><li><strong>Briti ja Iiri kodanikud<\/strong> on ETA n\u00f5udest vabastatud.<\/li><li>Pikaajalise viisa omanikud v\u00f5i \u00dchendkuningriigis alalise elamisloaga isikud ei vaja ETA-d.<\/li><\/ul>\t\t\t\t\t\t\t\t<\/div>\n\t\t\t\t<\/div>\n\t\t\t\t<\/div>\n\t\t\t\t\t<\/div>\n\t\t\t\t<\/div>\n\t\t<div class=\"elementor-element elementor-element-f447f70 e-flex e-con-boxed e-con e-parent\" data-id=\"f447f70\" data-element_type=\"container\">\n\t\t\t\t\t<div class=\"e-con-inner\">\n\t\t\t\t<div class=\"elementor-element elementor-element-ef5e263 elementor-widget-divider--view-line elementor-widget elementor-widget-divider\" data-id=\"ef5e263\" data-element_type=\"widget\" data-widget_type=\"divider.default\">\n\t\t\t\t<div class=\"elementor-widget-container\">\n\t\t\t\t\t\t\t<div class=\"elementor-divider\">\n\t\t\t<span class=\"elementor-divider-separator\">\n\t\t\t\t\t\t<\/span>\n\t\t<\/div>\n\t\t\t\t\t\t<\/div>\n\t\t\t\t<\/div>\n\t\t\t\t<div class=\"elementor-element elementor-element-7bd378c elementor-widget elementor-widget-heading\" data-id=\"7bd378c\" data-element_type=\"widget\" data-widget_type=\"heading.default\">\n\t\t\t\t<div class=\"elementor-widget-container\">\n\t\t\t\t\t<h3 class=\"elementor-heading-title elementor-size-default\">T\u00f6\u00f6viisade t\u00fc\u00fcbid:<\/h3>\t\t\t\t<\/div>\n\t\t\t\t<\/div>\n\t\t\t\t\t<\/div>\n\t\t\t\t<\/div>\n\t\t<div class=\"elementor-element elementor-element-bf9a089 e-flex e-con-boxed e-con e-parent\" data-id=\"bf9a089\" data-element_type=\"container\">\n\t\t\t\t\t<div class=\"e-con-inner\">\n\t\t<div class=\"elementor-element elementor-element-9142cb4 e-con-full e-flex e-con e-child\" data-id=\"9142cb4\" data-element_type=\"container\">\n\t\t\t\t<div class=\"elementor-element elementor-element-a576fb1 elementor-widget elementor-widget-text-editor\" data-id=\"a576fb1\" data-element_type=\"widget\" data-widget_type=\"text-editor.default\">\n\t\t\t\t<div class=\"elementor-widget-container\">\n\t\t\t\t\t\t\t\t\t<ol><li><strong>Oskust\u00f6\u00f6lise viisa<\/strong>T\u00f6\u00f6tajatele, kellel on \u00dchendkuningriigis t\u00f6\u00f6pakkumine ning kes vastavad oskuste ja miinimumpalga n\u00f5uetele.<\/li><li><strong>Ajutise t\u00f6\u00f6taja viisa<\/strong>Hooajat\u00f6\u00f6tajatele, vabatahtlikele v\u00f5i kultuuri- ja usuvahetusprogrammides osalejatele.<\/li><li><strong>Globaalse talendi viisa<\/strong>K\u00f5rgelt kvalifitseeritud inimestele sellistes valdkondades nagu teadus, tehnoloogia, kunst v\u00f5i kultuur.<\/li><\/ol><p>Igal t\u00f6\u00f6viisal on spetsiifilised dokumendin\u00f5uded, n\u00e4iteks t\u00f6\u00f6pakkumise t\u00f5end, piisavad rahalised vahendid v\u00f5i keeleoskuse standarditele vastavus.<\/p>\t\t\t\t\t\t\t\t<\/div>\n\t\t\t\t<\/div>\n\t\t\t\t<\/div>\n\t\t<div class=\"elementor-element elementor-element-477602e e-con-full e-flex e-con e-child\" data-id=\"477602e\" data-element_type=\"container\">\n\t\t\t\t<div class=\"elementor-element elementor-element-36b237a elementor-widget elementor-widget-text-editor\" data-id=\"36b237a\" data-element_type=\"widget\" data-widget_type=\"text-editor.default\">\n\t\t\t\t<div class=\"elementor-widget-container\">\n\t\t\t\t\t\t\t\t\t<p>Kui plaanite \u00dchendkuningriigis pikaajalist t\u00f6\u00f6d teha, vajate sobivat t\u00f6\u00f6viisat. ETA katab ainult l\u00fchiajalisi k\u00fclastusi, n\u00e4iteks turismi- v\u00f5i \u00e4rireise, kuid ei v\u00f5imalda pikaajalist t\u00f6\u00f6tamist. \u00dchendkuningriigis t\u00f6\u00f6tamiseks peate vastama erinevat t\u00fc\u00fcpi t\u00f6\u00f6viisade eritingimustele, n\u00e4iteks <strong>Oskust\u00f6\u00f6lise viisa<\/strong> v\u00f5i <strong>Ajutise t\u00f6\u00f6taja viisa<\/strong>.<\/p>\t\t\t\t\t\t\t\t<\/div>\n\t\t\t\t<\/div>\n\t\t\t\t<\/div>\n\t\t\t\t\t<\/div>\n\t\t\t\t<\/div>\n\t\t<div class=\"elementor-element elementor-element-7babe2f e-flex e-con-boxed e-con e-parent\" data-id=\"7babe2f\" data-element_type=\"container\">\n\t\t\t\t\t<div class=\"e-con-inner\">\n\t\t\t\t<div class=\"elementor-element elementor-element-f34bd57 elementor-widget-divider--view-line elementor-widget elementor-widget-divider\" data-id=\"f34bd57\" data-element_type=\"widget\" data-widget_type=\"divider.default\">\n\t\t\t\t<div class=\"elementor-widget-container\">\n\t\t\t\t\t\t\t<div class=\"elementor-divider\">\n\t\t\t<span class=\"elementor-divider-separator\">\n\t\t\t\t\t\t<\/span>\n\t\t<\/div>\n\t\t\t\t\t\t<\/div>\n\t\t\t\t<\/div>\n\t\t\t\t<div class=\"elementor-element elementor-element-fd547ce elementor-widget elementor-widget-heading\" data-id=\"fd547ce\" data-element_type=\"widget\" data-widget_type=\"heading.default\">\n\t\t\t\t<div class=\"elementor-widget-container\">\n\t\t\t\t\t<h3 class=\"elementor-heading-title elementor-size-default\">KKK - Korduma kippuvad k\u00fcsimused<\/h3>\t\t\t\t<\/div>\n\t\t\t\t<\/div>\n\t\t\t\t<div class=\"elementor-element elementor-element-2773225 elementor-widget elementor-widget-text-editor\" data-id=\"2773225\" data-element_type=\"widget\" data-widget_type=\"text-editor.default\">\n\t\t\t\t<div class=\"elementor-widget-container\">\n\t\t\t\t\t\t\t\t\t<div data-id=\"019a625\" data-element_type=\"container\" data-settings=\"{&quot;content_width&quot;:&quot;boxed&quot;}\" data-core-v316-plus=\"true\"><div data-id=\"4776dd1\" data-element_type=\"widget\" data-widget_type=\"text-editor.default\"><h4><strong>1. Mis on \u00dchendkuningriigi ETA ja kes seda vajab?<\/strong><\/h4><p><strong>Elektrooniline reisiluba (ETA) <\/strong><span style=\"font-size: 16px;\">on s\u00fcsteem, mille \u00dchendkuningriik v\u00f5tab kasutusele aastal <\/span><strong style=\"font-size: 16px;\">Aprill 2025<\/strong><span style=\"font-size: 16px;\">See kehtib nende riikide kodanike kohta, kes varem viisat ei vajanud, n\u00e4iteks ELi riikide kodanike kohta, ja h\u00f5lmab l\u00fchiajalisi reise (turism, \u00e4ri, transiit jne).<\/span><\/p><h4><strong>2. Millal avatakse ETA taotlused ja kui palju see maksma l\u00e4heb?<\/strong><\/h4><p>ETA taotluste vastuv\u00f5tt algab <strong>2024<\/strong>, rakendamisega aprillis 2025. Teenustasu on <strong>\u00a316<\/strong>\u00a0taotluse kohta.<\/p><h4><strong>3. Kuidas ma saan ETA-d ja kui kaua see aega v\u00f5tab?<\/strong><\/h4><p>Avaldused esitatakse veebis \u00dchendkuningriigi valitsuse veebisaidi v\u00f5i mobiilirakenduse kaudu. Protsess h\u00f5lmab p\u00f5hilise isikuandmete sisestamist, turvak\u00fcsimustele vastamist ja tasu maksmist. Enamik avaldusi t\u00f6\u00f6deldakse aja jooksul <strong>48\u201372 tundi<\/strong>.<\/p><h4><strong>4. Kui kaua kehtib ETA ja mitu korda ma saan sellega reisida?<\/strong><\/h4><p>ETA kehtib <strong>2 aastat<\/strong> v\u00f5i kuni passi kehtivusaja l\u00f5puni, olenevalt sellest, kumb saabub varem. See v\u00f5imaldab <strong>mitu kirjet<\/strong> \u00dchendkuningriiki, kusjuures iga k\u00fclastus kestab maksimaalselt <strong>6 kuud<\/strong>.<\/p><h4><strong>5. Kas ma pean oma saabumisloa v\u00e4lja printima?<\/strong><\/h4><p>Ei, ETA on elektrooniline ja seotud teie passiga. Esitage lihtsalt pass piiril ja teie ETA kontrollitakse automaatselt.<\/p><h4><strong>6. Mis juhtub, kui minu ETA taotlus l\u00fckatakse tagasi?<\/strong><\/h4><p>Kui teie ETA taotlus l\u00fckatakse tagasi, v\u00f5ite taotleda uut viisat v\u00f5i teist t\u00fc\u00fcpi viisat, n\u00e4iteks <strong>Standardne k\u00fclastajaviisa<\/strong>, mis v\u00f5ib h\u00f5lmata \u00fcksikasjalikumat kandideerimisprotsessi.<\/p><h4><strong>7. Kas ETA katab reisimise Iirimaale v\u00f5i Schengeni riikidesse?<\/strong><\/h4><p>Ei, ETA kehtib ainult \u00dchendkuningriiki reisimiseks, sealhulgas <strong>Inglismaa, \u0160otimaa, Wales ja P\u00f5hja-Iirimaa<\/strong>Kehtivad eraldi sisenemistingimused <strong>Iirimaa<\/strong> ja <strong>Schengen<\/strong> riigid.<\/p><h4><strong>8. Kas lapsed vajavad omaenda viisat\/loa?<\/strong><\/h4><p>Jah, iga reisija, sealhulgas lapsed, vajab oma passiga seotud isiklikku saabumisluba.<\/p><h4><strong>9. Kas ETA n\u00f5uete osas on mingeid erandeid?<\/strong><\/h4><p>Jah, <strong>Iiri kodanikud<\/strong> ja isikud, kellel on pikaajaline viisa \u00dchendkuningriigis t\u00f6\u00f6tamiseks, \u00f5ppimiseks v\u00f5i elamiseks, on ETA n\u00f5uetest vabastatud.<\/p><h4><strong>10. Mida peaksin tegema, kui mul on veel k\u00fcsimusi?<\/strong><\/h4><p>K\u00fclastage ametlikku <strong>\u00dchendkuningriigi valitsuse veebisait<\/strong> v\u00f5i meie spetsiaalsest KKK jaotisest lisateabe ja ETA s\u00fcsteemi v\u00e4rskenduste saamiseks.<\/p><\/div><\/div>\t\t\t\t\t\t\t\t<\/div>\n\t\t\t\t<\/div>\n\t\t\t\t\t<\/div>\n\t\t\t\t<\/div>\n\t\t<div class=\"elementor-element elementor-element-bf91d7f e-flex e-con-boxed e-con e-parent\" data-id=\"bf91d7f\" data-element_type=\"container\">\n\t\t\t\t\t<div class=\"e-con-inner\">\n\t\t<div class=\"elementor-element elementor-element-9825c1d e-con-full e-flex e-con e-child\" data-id=\"9825c1d\" data-element_type=\"container\">\n\t\t\t\t<div class=\"elementor-element elementor-element-45210bd elementor-align-center elementor-list-item-link-full_width elementor-widget elementor-widget-icon-list\" data-id=\"45210bd\" data-element_type=\"widget\" data-widget_type=\"icon-list.default\">\n\t\t\t\t<div class=\"elementor-widget-container\">\n\t\t\t\t\t\t\t<ul class=\"elementor-icon-list-items\">\n\t\t\t\t\t\t\t<li class=\"elementor-icon-list-item\">\n\t\t\t\t\t\t\t\t\t\t<span class=\"elementor-icon-list-text\">Ettev\u00f5tte registreerimisnumber: 08392226<\/span>\n\t\t\t\t\t\t\t\t\t<\/li>\n\t\t\t\t\t\t\t\t<li class=\"elementor-icon-list-item\">\n\t\t\t\t\t\t\t\t\t\t<span class=\"elementor-icon-list-text\">VISA USA O\u00dc<\/span>\n\t\t\t\t\t\t\t\t\t<\/li>\n\t\t\t\t\t\t\t\t<li class=\"elementor-icon-list-item\">\n\t\t\t\t\t\t\t\t\t\t<span class=\"elementor-icon-list-text\">Sv. Cecha 750\/4, Bilovec 743 01, T\u0161ehhi<\/span>\n\t\t\t\t\t\t\t\t\t<\/li>\n\t\t\t\t\t\t<\/ul>\n\t\t\t\t\t\t<\/div>\n\t\t\t\t<\/div>\n\t\t\t\t<\/div>\n\t\t<div class=\"elementor-element elementor-element-c6703c3 e-con-full e-flex e-con e-child\" data-id=\"c6703c3\" data-element_type=\"container\">\n\t\t\t\t<div class=\"elementor-element elementor-element-79d431f elementor-widget elementor-widget-text-editor\" data-id=\"79d431f\" data-element_type=\"widget\" data-widget_type=\"text-editor.default\">\n\t\t\t\t<div class=\"elementor-widget-container\">\n\t\t\t\t\t\t\t\t\t<p style=\"text-align: center;\">See veebisait ja meie ettev\u00f5te ei ole mingil viisil seotud \u00dchendkuningriigi ametiv\u00f5imude ja valitsusega. Ametliku veebisaidi leiate aadressilt www.gov.uk.<\/p>\t\t\t\t\t\t\t\t<\/div>\n\t\t\t\t<\/div>\n\t\t\t\t<\/div>\n\t\t\t\t\t<\/div>\n\t\t\t\t<\/div>\n\t\t\t\t<\/div>","protected":false},"excerpt":{"rendered":"<p>TRAVEL AUTHORIZATION ETA VISA TO UK FROM APRIL 2025 From April 2, 2025, the UK will introduce a new Electronic [&hellip;]<\/p>","protected":false},"author":1,"featured_media":0,"parent":0,"menu_order":0,"comment_status":"closed","ping_status":"closed","template":"","meta":{"site-sidebar-layout":"no-sidebar","site-content-layout":"","ast-site-content-layout":"full-width-container","site-content-style":"default","site-sidebar-style":"default","ast-global-header-display":"","ast-banner-title-visibility":"","ast-main-header-display":"","ast-hfb-above-header-display":"","ast-hfb-below-header-display":"","ast-hfb-mobile-header-display":"","site-post-title":"disabled","ast-breadcrumbs-content":"","ast-featured-img":"disabled","footer-sml-layout":"","theme-transparent-header-meta":"","adv-header-id-meta":"","stick-header-meta":"","header-above-stick-meta":"","header-main-stick-meta":"","header-below-stick-meta":"","astra-migrate-meta-layouts":"default","ast-page-background-enabled":"default","ast-page-background-meta":{"desktop":{"background-color":"var(--ast-global-color-5)","background-image":"","background-repeat":"repeat","background-position":"center center","background-size":"auto","background-attachment":"scroll","background-type":"","background-media":"","overlay-type":"","overlay-color":"","overlay-opacity":"","overlay-gradient":""},"tablet":{"background-color":"","background-image":"","background-repeat":"repeat","background-position":"center center","background-size":"auto","background-attachment":"scroll","background-type":"","background-media":"","overlay-type":"","overlay-color":"","overlay-opacity":"","overlay-gradient":""},"mobile":{"background-color":"","background-image":"","background-repeat":"repeat","background-position":"center center","background-size":"auto","background-attachment":"scroll","background-type":"","background-media":"","overlay-type":"","overlay-color":"","overlay-opacity":"","overlay-gradient":""}},"ast-content-background-meta":{"desktop":{"background-color":"var(--ast-global-color-4)","background-image":"","background-repeat":"repeat","background-position":"center center","background-size":"auto","background-attachment":"scroll","background-type":"","background-media":"","overlay-type":"","overlay-color":"","overlay-opacity":"","overlay-gradient":""},"tablet":{"background-color":"var(--ast-global-color-4)","background-image":"","background-repeat":"repeat","background-position":"center center","background-size":"auto","background-attachment":"scroll","background-type":"","background-media":"","overlay-type":"","overlay-color":"","overlay-opacity":"","overlay-gradient":""},"mobile":{"background-color":"var(--ast-global-color-4)","background-image":"","background-repeat":"repeat","background-position":"center center","background-size":"auto","background-attachment":"scroll","background-type":"","background-media":"","overlay-type":"","overlay-color":"","overlay-opacity":"","overlay-gradient":""}},"footnotes":""},"class_list":["post-41","page","type-page","status-publish","hentry"],"_links":{"self":[{"href":"http:\/\/applyesta.us\/ee\/wp-json\/wp\/v2\/pages\/41","targetHints":{"allow":["GET"]}}],"collection":[{"href":"http:\/\/applyesta.us\/ee\/wp-json\/wp\/v2\/pages"}],"about":[{"href":"http:\/\/applyesta.us\/ee\/wp-json\/wp\/v2\/types\/page"}],"author":[{"embeddable":true,"href":"http:\/\/applyesta.us\/ee\/wp-json\/wp\/v2\/users\/1"}],"replies":[{"embeddable":true,"href":"http:\/\/applyesta.us\/ee\/wp-json\/wp\/v2\/comments?post=41"}],"version-history":[{"count":4,"href":"http:\/\/applyesta.us\/ee\/wp-json\/wp\/v2\/pages\/41\/revisions"}],"predecessor-version":[{"id":46,"href":"http:\/\/applyesta.us\/ee\/wp-json\/wp\/v2\/pages\/41\/revisions\/46"}],"wp:attachment":[{"href":"http:\/\/applyesta.us\/ee\/wp-json\/wp\/v2\/media?parent=41"}],"curies":[{"name":"wp","href":"https:\/\/api.w.org\/{rel}","templated":true}]}}